{"id":2744,"date":"2024-05-29T10:51:29","date_gmt":"2024-05-29T13:51:29","guid":{"rendered":"https:\/\/bbacomex.com.br\/?post_type=product&#038;p=2744"},"modified":"2025-07-17T15:42:54","modified_gmt":"2025-07-17T18:42:54","slug":"filme-de-pvc-encolhivel","status":"publish","type":"product","link":"https:\/\/bbacomex.com.br\/en\/product\/filme-de-pvc-encolhivel\/","title":{"rendered":"Shrink PVC Film"},"content":{"rendered":"<div class=\"elementor-element elementor-element-3db3e01 elementor-widget__width-initial elementor-widget elementor-widget-text-editor\" data-id=\"3db3e01\" data-element_type=\"widget\" data-widget_type=\"text-editor.default\">\n<div class=\"elementor-widget-container\">\n<div class=\"elementor-element elementor-element-659d9ae elementor-widget__width-initial elementor-widget elementor-widget-text-editor\" data-id=\"659d9ae\" data-element_type=\"widget\" data-widget_type=\"text-editor.default\">\n<div class=\"elementor-widget-container\">\n<p><strong>Filme de PVC Encolh\u00edvel BBA Comex \u2013 Prote\u00e7\u00e3o e Apresenta\u00e7\u00e3o com Efici\u00eancia Termoencolh\u00edvel<\/strong><\/p>\n<p>The\u00a0<strong>Filme de PVC Encolh\u00edvel BBA Comex<\/strong>\u00a0\u00e9 a escolha ideal para quem busca\u00a0<strong>prote\u00e7\u00e3o total, apar\u00eancia impec\u00e1vel e versatilidade de aplica\u00e7\u00e3o<\/strong>. Produzido com\u00a0<strong>mono ou bi-orienta\u00e7\u00e3o<\/strong>, esse filme se adapta perfeitamente a embalagens\u00a0<strong>unit\u00e1rias ou agrupadas<\/strong>, garantindo que os produtos permane\u00e7am\u00a0<strong>unidos, protegidos e livres de interfer\u00eancias externas<\/strong>, como umidade, poeira ou manuseio indevido.<\/p>\n<p><strong>Vantagens do Filme PVC Encolh\u00edvel<\/strong><\/p>\n<ul>\n<li><strong>Barreira contra o ambiente externo<\/strong>: protege o conte\u00fado contra agentes que possam alterar suas caracter\u00edsticas originais<\/li>\n<li><strong>Fixa\u00e7\u00e3o firme e organizada<\/strong>: mant\u00e9m produtos agrupados com seguran\u00e7a e estabilidade<\/li>\n<li><strong>Alta transpar\u00eancia e brilho<\/strong>: valoriza a apresenta\u00e7\u00e3o visual do produto no ponto de venda<\/li>\n<li><strong>Aplica\u00e7\u00e3o pr\u00e1tica e segura<\/strong>: ideal para uso com t\u00faneis de encolhimento ou seladoras autom\u00e1ticas e manuais<\/li>\n<li><strong>Vers\u00e1til para diversos segmentos<\/strong>: adapt\u00e1vel a diferentes formatos e tipos de embalagem<\/li>\n<\/ul>\n<p><strong>Aplica\u00e7\u00f5es mais comuns<\/strong><\/p>\n<p>O Filme de PVC Encolh\u00edvel \u00e9 amplamente utilizado em diversos setores, como:<\/p>\n<ul>\n<li><strong>Revistas, livros e material editorial<\/strong><\/li>\n<li><strong>Brinquedos e jogos infantis<\/strong><\/li>\n<li><strong>Embalagens aliment\u00edcias, bomboni\u00e8res e snacks<\/strong><\/li>\n<li><strong>Produtos de higiene pessoal, cosm\u00e9ticos e beleza<\/strong><\/li>\n<\/ul>\n<p><strong>Kits promocionais e brindes personalizados<\/strong><\/p>\n<\/div>\n<\/div>\n<div class=\"elementor-element elementor-element-2bbd1c7 elementor-widget__width-initial elementor-widget elementor-widget-text-editor\" data-id=\"2bbd1c7\" data-element_type=\"widget\" data-widget_type=\"text-editor.default\">\n<div class=\"elementor-widget-container\">\n<p>&nbsp;<\/p>\n<\/div>\n<\/div>\n<\/div>\n<\/div>","protected":false},"excerpt":{"rendered":"<p><strong>V\u00eddeo:<\/strong><br \/>\n<iframe title=\"YouTube video player\" src=\"https:\/\/www.youtube.com\/embed\/6ZWmodIjslM?si=6oe6HsNk3XvJrN3m\" width=\"560\" height=\"315\" frameborder=\"0\" allowfullscreen=\"allowfullscreen\"><\/iframe><\/p>","protected":false},"featured_media":621,"template":"","meta":{"_acf_changed":false},"product_brand":[],"product_cat":[81,77],"product_tag":[],"class_list":{"0":"post-2744","1":"product","2":"type-product","3":"status-publish","4":"has-post-thumbnail","6":"product_cat-linha-pvc","7":"product_cat-sem-categoria","9":"first","10":"instock","11":"shipping-taxable","12":"product-type-simple"},"acf":[],"yoast_head":"<!-- This site is optimized with the Yoast SEO Premium plugin v24.5 (Yoast SEO v27.2) - https:\/\/yoast.com\/product\/yoast-seo-premium-wordpress\/ -->\n<title>Filme de PVC Encolh\u00edvel \u2013 Efici\u00eancia Termoencolh\u00edvel<\/title>\n<meta name=\"description\" content=\"O Filme de PVC Encolh\u00edvel BBA Comex \u00e9 a escolha ideal para quem busca prote\u00e7\u00e3o total, apar\u00eancia impec\u00e1vel e versatilidade de aplica\u00e7\u00e3o.\" \/>\n<meta name=\"robots\" content=\"index, follow, max-snippet:-1, max-image-preview:large, max-video-preview:-1\" \/>\n<link rel=\"canonical\" href=\"https:\/\/bbacomex.com.br\/en\/product\/filme-de-pvc-encolhivel\/\" \/>\n<meta property=\"og:locale\" content=\"en_US\" \/>\n<meta property=\"og:type\" content=\"article\" \/>\n<meta property=\"og:title\" content=\"Filme de PVC Encolh\u00edvel\" \/>\n<meta property=\"og:description\" content=\"O Filme de PVC Encolh\u00edvel BBA Comex \u00e9 a escolha ideal para quem busca prote\u00e7\u00e3o total, apar\u00eancia impec\u00e1vel e versatilidade de aplica\u00e7\u00e3o.\" \/>\n<meta property=\"og:url\" content=\"https:\/\/bbacomex.com.br\/en\/product\/filme-de-pvc-encolhivel\/\" \/>\n<meta property=\"og:site_name\" content=\"BBA Comex\" \/>\n<meta property=\"article:publisher\" content=\"https:\/\/www.facebook.com\/bbacomexoficial\" \/>\n<meta property=\"article:modified_time\" content=\"2025-07-17T18:42:54+00:00\" \/>\n<meta property=\"og:image\" content=\"https:\/\/bbacomex.com.br\/wp-content\/uploads\/2024\/03\/filme-de-pvc-encolhivel-01-500x375-1.jpg\" \/>\n\t<meta property=\"og:image:width\" content=\"500\" \/>\n\t<meta property=\"og:image:height\" content=\"375\" \/>\n\t<meta property=\"og:image:type\" content=\"image\/jpeg\" \/>\n<meta name=\"twitter:card\" content=\"summary_large_image\" \/>\n<meta name=\"twitter:label1\" content=\"Price\" \/>\n\t<meta name=\"twitter:data1\" content=\"\" \/>\n\t<meta name=\"twitter:label2\" content=\"Availability\" \/>\n\t<meta name=\"twitter:data2\" content=\"In stock\" \/>\n<script type=\"application\/ld+json\" class=\"yoast-schema-graph\">{\"@context\":\"https:\/\/schema.org\",\"@graph\":[{\"@type\":\"WebPage\",\"@id\":\"https:\/\/bbacomex.com.br\/produto\/filme-de-pvc-encolhivel\/\",\"url\":\"https:\/\/bbacomex.com.br\/produto\/filme-de-pvc-encolhivel\/\",\"name\":\"Filme de PVC Encolh\u00edvel \u2013 Efici\u00eancia Termoencolh\u00edvel\",\"isPartOf\":{\"@id\":\"https:\/\/bbacomex.com.br\/#website\"},\"primaryImageOfPage\":{\"@id\":\"https:\/\/bbacomex.com.br\/produto\/filme-de-pvc-encolhivel\/#primaryimage\"},\"image\":{\"@id\":\"https:\/\/bbacomex.com.br\/produto\/filme-de-pvc-encolhivel\/#primaryimage\"},\"thumbnailUrl\":\"https:\/\/bbacomex.com.br\/wp-content\/uploads\/2024\/03\/filme-de-pvc-encolhivel-01-500x375-1.jpg\",\"datePublished\":\"2024-05-29T13:51:29+00:00\",\"dateModified\":\"2025-07-17T18:42:54+00:00\",\"description\":\"O Filme de PVC Encolh\u00edvel BBA Comex \u00e9 a escolha ideal para quem busca prote\u00e7\u00e3o total, apar\u00eancia impec\u00e1vel e versatilidade de aplica\u00e7\u00e3o.\",\"breadcrumb\":{\"@id\":\"https:\/\/bbacomex.com.br\/produto\/filme-de-pvc-encolhivel\/#breadcrumb\"},\"inLanguage\":\"en-US\",\"potentialAction\":[{\"@type\":\"ReadAction\",\"target\":[\"https:\/\/bbacomex.com.br\/produto\/filme-de-pvc-encolhivel\/\"]}]},{\"@type\":\"ImageObject\",\"inLanguage\":\"en-US\",\"@id\":\"https:\/\/bbacomex.com.br\/produto\/filme-de-pvc-encolhivel\/#primaryimage\",\"url\":\"https:\/\/bbacomex.com.br\/wp-content\/uploads\/2024\/03\/filme-de-pvc-encolhivel-01-500x375-1.jpg\",\"contentUrl\":\"https:\/\/bbacomex.com.br\/wp-content\/uploads\/2024\/03\/filme-de-pvc-encolhivel-01-500x375-1.jpg\",\"width\":500,\"height\":375},{\"@type\":\"BreadcrumbList\",\"@id\":\"https:\/\/bbacomex.com.br\/produto\/filme-de-pvc-encolhivel\/#breadcrumb\",\"itemListElement\":[{\"@type\":\"ListItem\",\"position\":1,\"name\":\"In\u00edcio\",\"item\":\"https:\/\/bbacomex.com.br\/\"},{\"@type\":\"ListItem\",\"position\":2,\"name\":\"Produtos\",\"item\":\"https:\/\/bbacomex.com.br\/loja\/\"},{\"@type\":\"ListItem\",\"position\":3,\"name\":\"Filme de PVC Encolh\u00edvel\"}]},{\"@type\":\"WebSite\",\"@id\":\"https:\/\/bbacomex.com.br\/#website\",\"url\":\"https:\/\/bbacomex.com.br\/\",\"name\":\"BBA Comex\",\"description\":\"\",\"publisher\":{\"@id\":\"https:\/\/bbacomex.com.br\/#organization\"},\"potentialAction\":[{\"@type\":\"SearchAction\",\"target\":{\"@type\":\"EntryPoint\",\"urlTemplate\":\"https:\/\/bbacomex.com.br\/?s={search_term_string}\"},\"query-input\":{\"@type\":\"PropertyValueSpecification\",\"valueRequired\":true,\"valueName\":\"search_term_string\"}}],\"inLanguage\":\"en-US\"},{\"@type\":\"Organization\",\"@id\":\"https:\/\/bbacomex.com.br\/#organization\",\"name\":\"BBA Comex\",\"url\":\"https:\/\/bbacomex.com.br\/\",\"logo\":{\"@type\":\"ImageObject\",\"inLanguage\":\"en-US\",\"@id\":\"https:\/\/bbacomex.com.br\/#\/schema\/logo\/image\/\",\"url\":\"https:\/\/bbacomex.com.br\/wp-content\/uploads\/2024\/03\/Logo_Rodape.png\",\"contentUrl\":\"https:\/\/bbacomex.com.br\/wp-content\/uploads\/2024\/03\/Logo_Rodape.png\",\"width\":350,\"height\":160,\"caption\":\"BBA Comex\"},\"image\":{\"@id\":\"https:\/\/bbacomex.com.br\/#\/schema\/logo\/image\/\"},\"sameAs\":[\"https:\/\/www.facebook.com\/bbacomexoficial\",\"https:\/\/www.instagram.com\/bbacomex\/\",\"https:\/\/www.linkedin.com\/company\/bba-comex\/\"]}]}<\/script>\n<meta property=\"product:price:currency\" content=\"BRL\" \/>\n<meta property=\"og:availability\" content=\"instock\" \/>\n<meta property=\"product:availability\" content=\"instock\" \/>\n<meta property=\"product:condition\" content=\"new\" \/>\n<!-- \/ Yoast SEO Premium plugin. -->","yoast_head_json":{"title":"Filme de PVC Encolh\u00edvel \u2013 Efici\u00eancia Termoencolh\u00edvel","description":"O Filme de PVC Encolh\u00edvel BBA Comex \u00e9 a escolha ideal para quem busca prote\u00e7\u00e3o total, apar\u00eancia impec\u00e1vel e versatilidade de aplica\u00e7\u00e3o.","robots":{"index":"index","follow":"follow","max-snippet":"max-snippet:-1","max-image-preview":"max-image-preview:large","max-video-preview":"max-video-preview:-1"},"canonical":"https:\/\/bbacomex.com.br\/en\/product\/filme-de-pvc-encolhivel\/","og_locale":"en_US","og_type":"article","og_title":"Filme de PVC Encolh\u00edvel","og_description":"O Filme de PVC Encolh\u00edvel BBA Comex \u00e9 a escolha ideal para quem busca prote\u00e7\u00e3o total, apar\u00eancia impec\u00e1vel e versatilidade de aplica\u00e7\u00e3o.","og_url":"https:\/\/bbacomex.com.br\/en\/product\/filme-de-pvc-encolhivel\/","og_site_name":"BBA Comex","article_publisher":"https:\/\/www.facebook.com\/bbacomexoficial","article_modified_time":"2025-07-17T18:42:54+00:00","og_image":[{"width":500,"height":375,"url":"https:\/\/bbacomex.com.br\/wp-content\/uploads\/2024\/03\/filme-de-pvc-encolhivel-01-500x375-1.jpg","type":"image\/jpeg"}],"twitter_card":"summary_large_image","twitter_misc":{"Price":"","Availability":"In stock"},"schema":{"@context":"https:\/\/schema.org","@graph":[{"@type":"WebPage","@id":"https:\/\/bbacomex.com.br\/produto\/filme-de-pvc-encolhivel\/","url":"https:\/\/bbacomex.com.br\/produto\/filme-de-pvc-encolhivel\/","name":"Filme de PVC Encolh\u00edvel \u2013 Efici\u00eancia Termoencolh\u00edvel","isPartOf":{"@id":"https:\/\/bbacomex.com.br\/#website"},"primaryImageOfPage":{"@id":"https:\/\/bbacomex.com.br\/produto\/filme-de-pvc-encolhivel\/#primaryimage"},"image":{"@id":"https:\/\/bbacomex.com.br\/produto\/filme-de-pvc-encolhivel\/#primaryimage"},"thumbnailUrl":"https:\/\/bbacomex.com.br\/wp-content\/uploads\/2024\/03\/filme-de-pvc-encolhivel-01-500x375-1.jpg","datePublished":"2024-05-29T13:51:29+00:00","dateModified":"2025-07-17T18:42:54+00:00","description":"O Filme de PVC Encolh\u00edvel BBA Comex \u00e9 a escolha ideal para quem busca prote\u00e7\u00e3o total, apar\u00eancia impec\u00e1vel e versatilidade de aplica\u00e7\u00e3o.","breadcrumb":{"@id":"https:\/\/bbacomex.com.br\/produto\/filme-de-pvc-encolhivel\/#breadcrumb"},"inLanguage":"en-US","potentialAction":[{"@type":"ReadAction","target":["https:\/\/bbacomex.com.br\/produto\/filme-de-pvc-encolhivel\/"]}]},{"@type":"ImageObject","inLanguage":"en-US","@id":"https:\/\/bbacomex.com.br\/produto\/filme-de-pvc-encolhivel\/#primaryimage","url":"https:\/\/bbacomex.com.br\/wp-content\/uploads\/2024\/03\/filme-de-pvc-encolhivel-01-500x375-1.jpg","contentUrl":"https:\/\/bbacomex.com.br\/wp-content\/uploads\/2024\/03\/filme-de-pvc-encolhivel-01-500x375-1.jpg","width":500,"height":375},{"@type":"BreadcrumbList","@id":"https:\/\/bbacomex.com.br\/produto\/filme-de-pvc-encolhivel\/#breadcrumb","itemListElement":[{"@type":"ListItem","position":1,"name":"In\u00edcio","item":"https:\/\/bbacomex.com.br\/"},{"@type":"ListItem","position":2,"name":"Produtos","item":"https:\/\/bbacomex.com.br\/loja\/"},{"@type":"ListItem","position":3,"name":"Filme de PVC Encolh\u00edvel"}]},{"@type":"WebSite","@id":"https:\/\/bbacomex.com.br\/#website","url":"https:\/\/bbacomex.com.br\/","name":"BBA Comex","description":"","publisher":{"@id":"https:\/\/bbacomex.com.br\/#organization"},"potentialAction":[{"@type":"SearchAction","target":{"@type":"EntryPoint","urlTemplate":"https:\/\/bbacomex.com.br\/?s={search_term_string}"},"query-input":{"@type":"PropertyValueSpecification","valueRequired":true,"valueName":"search_term_string"}}],"inLanguage":"en-US"},{"@type":"Organization","@id":"https:\/\/bbacomex.com.br\/#organization","name":"BBA Comex","url":"https:\/\/bbacomex.com.br\/","logo":{"@type":"ImageObject","inLanguage":"en-US","@id":"https:\/\/bbacomex.com.br\/#\/schema\/logo\/image\/","url":"https:\/\/bbacomex.com.br\/wp-content\/uploads\/2024\/03\/Logo_Rodape.png","contentUrl":"https:\/\/bbacomex.com.br\/wp-content\/uploads\/2024\/03\/Logo_Rodape.png","width":350,"height":160,"caption":"BBA Comex"},"image":{"@id":"https:\/\/bbacomex.com.br\/#\/schema\/logo\/image\/"},"sameAs":["https:\/\/www.facebook.com\/bbacomexoficial","https:\/\/www.instagram.com\/bbacomex\/","https:\/\/www.linkedin.com\/company\/bba-comex\/"]}]},"product_price_currency":"BRL","og_availability":"instock","product_availability":"instock","product_condition":"new"},"_links":{"self":[{"href":"https:\/\/bbacomex.com.br\/en\/wp-json\/wp\/v2\/product\/2744","targetHints":{"allow":["GET"]}}],"collection":[{"href":"https:\/\/bbacomex.com.br\/en\/wp-json\/wp\/v2\/product"}],"about":[{"href":"https:\/\/bbacomex.com.br\/en\/wp-json\/wp\/v2\/types\/product"}],"wp:featuredmedia":[{"embeddable":true,"href":"https:\/\/bbacomex.com.br\/en\/wp-json\/wp\/v2\/media\/621"}],"wp:attachment":[{"href":"https:\/\/bbacomex.com.br\/en\/wp-json\/wp\/v2\/media?parent=2744"}],"wp:term":[{"taxonomy":"product_brand","embeddable":true,"href":"https:\/\/bbacomex.com.br\/en\/wp-json\/wp\/v2\/product_brand?post=2744"},{"taxonomy":"product_cat","embeddable":true,"href":"https:\/\/bbacomex.com.br\/en\/wp-json\/wp\/v2\/product_cat?post=2744"},{"taxonomy":"product_tag","embeddable":true,"href":"https:\/\/bbacomex.com.br\/en\/wp-json\/wp\/v2\/product_tag?post=2744"}],"curies":[{"name":"wp","href":"https:\/\/api.w.org\/{rel}","templated":true}]}}