{"id":2760,"date":"2024-05-29T12:47:42","date_gmt":"2024-05-29T15:47:42","guid":{"rendered":"https:\/\/bbacomex.com.br\/?post_type=product&#038;p=2760"},"modified":"2025-07-17T16:06:30","modified_gmt":"2025-07-17T19:06:30","slug":"fita-de-arquear-pet","status":"publish","type":"product","link":"https:\/\/bbacomex.com.br\/en\/product\/fita-de-arquear-pet\/","title":{"rendered":"PET Strapping Tape"},"content":{"rendered":"<div class=\"elementor-element elementor-element-3db3e01 elementor-widget__width-initial elementor-widget elementor-widget-text-editor\" data-id=\"3db3e01\" data-element_type=\"widget\" data-widget_type=\"text-editor.default\">\n<div class=\"elementor-widget-container\">\n<div class=\"elementor-element elementor-element-5bfbfe5 elementor-widget__width-initial elementor-widget elementor-widget-text-editor\" data-id=\"5bfbfe5\" data-element_type=\"widget\" data-widget_type=\"text-editor.default\">\n<div class=\"elementor-widget-container\">\n<div class=\"elementor-element elementor-element-f50db4f elementor-widget__width-initial elementor-widget elementor-widget-text-editor\" data-id=\"f50db4f\" data-element_type=\"widget\" data-widget_type=\"text-editor.default\">\n<div class=\"elementor-widget-container\">\n<div class=\"elementor-element elementor-element-3db3e01 elementor-widget__width-initial elementor-widget elementor-widget-text-editor\" data-id=\"3db3e01\" data-element_type=\"widget\" data-widget_type=\"text-editor.default\">\n<div class=\"elementor-widget-container\">\n<div class=\"elementor-element elementor-element-5bfbfe5 elementor-widget__width-initial elementor-widget elementor-widget-text-editor\" data-id=\"5bfbfe5\" data-element_type=\"widget\" data-widget_type=\"text-editor.default\">\n<div class=\"elementor-widget-container\">\n<div class=\"elementor-element elementor-element-f50db4f elementor-widget__width-initial elementor-widget elementor-widget-text-editor\" data-id=\"f50db4f\" data-element_type=\"widget\" data-widget_type=\"text-editor.default\">\n<div class=\"elementor-widget-container\">\n<p>The\u00a0<strong>Fita de Arquear PET da BBA Comex<\/strong>\u00a0\u00e9 a solu\u00e7\u00e3o ideal para\u00a0<strong>arquea\u00e7\u00f5es que exigem alta resist\u00eancia, excelente capacidade de tens\u00e3o e absor\u00e7\u00e3o de impacto<\/strong>. Produzida em\u00a0<strong>polietileno tereftalato (PET)<\/strong>, essa fita oferece\u00a0<strong>desempenho superior com \u00f3timo custo-benef\u00edcio<\/strong>, sendo amplamente utilizada em aplica\u00e7\u00f5es industriais que demandam seguran\u00e7a e efici\u00eancia no fechamento de volumes e paletes.<\/p>\n<p><strong>Principais Vantagens da Fita PET BBA Comex<\/strong><\/p>\n<ul>\n<li><strong>Alta resist\u00eancia \u00e0 tra\u00e7\u00e3o<\/strong>: ideal para arquea\u00e7\u00f5es robustas e exigentes<\/li>\n<li><strong>Maior absor\u00e7\u00e3o de impacto<\/strong>: n\u00e3o rompe facilmente sob choques ou vibra\u00e7\u00f5es<\/li>\n<li><strong>At\u00e9 5 vezes mais leve que a cinta de a\u00e7o<\/strong>: facilita o manuseio e reduz custos log\u00edsticos<\/li>\n<li><strong>Mais econ\u00f4mica e segura<\/strong>: menor custo operacional e menos riscos de acidentes em compara\u00e7\u00e3o \u00e0 cinta met\u00e1lica<\/li>\n<li><strong>Uso manual ou automatizado<\/strong>: compat\u00edvel com\u00a0<strong>m\u00e1quinas aplicadoras, tensionadores e seladores manuais<\/strong><\/li>\n<\/ul>\n<p><strong>Aplica\u00e7\u00f5es indicadas<\/strong><\/p>\n<ul>\n<li>Arquea\u00e7\u00e3o de paletes e fardos pesados<\/li>\n<li>Ind\u00fastrias de bebidas, cer\u00e2mica, papel e celulose<\/li>\n<li>Centros de distribui\u00e7\u00e3o e armazenagem<\/li>\n<li>Substitui\u00e7\u00e3o da fita de a\u00e7o em processos industriais com maior seguran\u00e7a e flexibilidade<\/li>\n<\/ul>\n<p>\ud83d\udce6\u00a0<strong>Ganhe resist\u00eancia, leveza e seguran\u00e7a com a Fita de Arquear PET da BBA Comex \u2014 uma escolha inteligente para quem busca performance e economia no transporte e armazenamento de cargas pesadas.<\/strong><\/p>\n<\/div>\n<\/div>\n<\/div>\n<\/div>\n<\/div>\n<\/div>\n<\/div>\n<\/div>\n<\/div>\n<\/div>\n<\/div>\n<\/div>","protected":false},"excerpt":{"rendered":"<p>A\u00a0Fita de Arquear PET da BBA Comex\u00a0\u00e9 a solu\u00e7\u00e3o ideal para\u00a0arquea\u00e7\u00f5es que exigem alta resist\u00eancia, excelente capacidade de tens\u00e3o e absor\u00e7\u00e3o de impacto. Produzida em\u00a0polietileno tereftalato (PET), essa fita oferece\u00a0desempenho superior com \u00f3timo custo-benef\u00edcio, sendo amplamente utilizada em aplica\u00e7\u00f5es industriais que demandam seguran\u00e7a e efici\u00eancia no fechamento de volumes e paletes. Principais Vantagens da Fita [&hellip;]<\/p>","protected":false},"featured_media":2629,"template":"","meta":{"_acf_changed":false},"product_brand":[],"product_cat":[83,77],"product_tag":[],"class_list":{"0":"post-2760","1":"product","2":"type-product","3":"status-publish","4":"has-post-thumbnail","6":"product_cat-fita-de-arquear","7":"product_cat-sem-categoria","9":"first","10":"instock","11":"shipping-taxable","12":"product-type-simple"},"acf":[],"yoast_head":"<!-- This site is optimized with the Yoast SEO Premium plugin v24.5 (Yoast SEO v27.2) - https:\/\/yoast.com\/product\/yoast-seo-premium-wordpress\/ -->\n<title>Fita de Arquear PET<\/title>\n<meta name=\"description\" content=\"A\u00a0Fita de Arquear PET da BBA Comex\u00a0\u00e9 a solu\u00e7\u00e3o ideal para\u00a0arquea\u00e7\u00f5es que exigem alta resist\u00eancia, excelente capacidade de tens\u00e3o e absor\u00e7\u00e3o de impacto.\" \/>\n<meta name=\"robots\" content=\"index, follow, max-snippet:-1, max-image-preview:large, max-video-preview:-1\" \/>\n<link rel=\"canonical\" href=\"https:\/\/bbacomex.com.br\/en\/product\/fita-de-arquear-pet\/\" \/>\n<meta property=\"og:locale\" content=\"en_US\" \/>\n<meta property=\"og:type\" content=\"article\" \/>\n<meta property=\"og:title\" content=\"Fita de Arquear PET\" \/>\n<meta property=\"og:description\" content=\"A\u00a0Fita de Arquear PET da BBA Comex\u00a0\u00e9 a solu\u00e7\u00e3o ideal para\u00a0arquea\u00e7\u00f5es que exigem alta resist\u00eancia, excelente capacidade de tens\u00e3o e absor\u00e7\u00e3o de impacto.\" \/>\n<meta property=\"og:url\" content=\"https:\/\/bbacomex.com.br\/en\/product\/fita-de-arquear-pet\/\" \/>\n<meta property=\"og:site_name\" content=\"BBA Comex\" \/>\n<meta property=\"article:publisher\" content=\"https:\/\/www.facebook.com\/bbacomexoficial\" \/>\n<meta property=\"article:modified_time\" content=\"2025-07-17T19:06:30+00:00\" \/>\n<meta property=\"og:image\" content=\"https:\/\/bbacomex.com.br\/wp-content\/uploads\/2024\/05\/Fita-de-Arquear.png\" \/>\n\t<meta property=\"og:image:width\" content=\"266\" \/>\n\t<meta property=\"og:image:height\" content=\"266\" \/>\n\t<meta property=\"og:image:type\" content=\"image\/png\" \/>\n<meta name=\"twitter:card\" content=\"summary_large_image\" \/>\n<meta name=\"twitter:label1\" content=\"Price\" \/>\n\t<meta name=\"twitter:data1\" content=\"\" \/>\n\t<meta name=\"twitter:label2\" content=\"Availability\" \/>\n\t<meta name=\"twitter:data2\" content=\"In stock\" \/>\n<script type=\"application\/ld+json\" class=\"yoast-schema-graph\">{\"@context\":\"https:\/\/schema.org\",\"@graph\":[{\"@type\":\"WebPage\",\"@id\":\"https:\/\/bbacomex.com.br\/produto\/fita-de-arquear-pet\/\",\"url\":\"https:\/\/bbacomex.com.br\/produto\/fita-de-arquear-pet\/\",\"name\":\"Fita de Arquear PET\",\"isPartOf\":{\"@id\":\"https:\/\/bbacomex.com.br\/#website\"},\"primaryImageOfPage\":{\"@id\":\"https:\/\/bbacomex.com.br\/produto\/fita-de-arquear-pet\/#primaryimage\"},\"image\":{\"@id\":\"https:\/\/bbacomex.com.br\/produto\/fita-de-arquear-pet\/#primaryimage\"},\"thumbnailUrl\":\"https:\/\/bbacomex.com.br\/wp-content\/uploads\/2024\/05\/Fita-de-Arquear.png\",\"datePublished\":\"2024-05-29T15:47:42+00:00\",\"dateModified\":\"2025-07-17T19:06:30+00:00\",\"description\":\"A\u00a0Fita de Arquear PET da BBA Comex\u00a0\u00e9 a solu\u00e7\u00e3o ideal para\u00a0arquea\u00e7\u00f5es que exigem alta resist\u00eancia, excelente capacidade de tens\u00e3o e absor\u00e7\u00e3o de impacto.\",\"breadcrumb\":{\"@id\":\"https:\/\/bbacomex.com.br\/produto\/fita-de-arquear-pet\/#breadcrumb\"},\"inLanguage\":\"en-US\",\"potentialAction\":[{\"@type\":\"ReadAction\",\"target\":[\"https:\/\/bbacomex.com.br\/produto\/fita-de-arquear-pet\/\"]}]},{\"@type\":\"ImageObject\",\"inLanguage\":\"en-US\",\"@id\":\"https:\/\/bbacomex.com.br\/produto\/fita-de-arquear-pet\/#primaryimage\",\"url\":\"https:\/\/bbacomex.com.br\/wp-content\/uploads\/2024\/05\/Fita-de-Arquear.png\",\"contentUrl\":\"https:\/\/bbacomex.com.br\/wp-content\/uploads\/2024\/05\/Fita-de-Arquear.png\",\"width\":266,\"height\":266},{\"@type\":\"BreadcrumbList\",\"@id\":\"https:\/\/bbacomex.com.br\/produto\/fita-de-arquear-pet\/#breadcrumb\",\"itemListElement\":[{\"@type\":\"ListItem\",\"position\":1,\"name\":\"In\u00edcio\",\"item\":\"https:\/\/bbacomex.com.br\/\"},{\"@type\":\"ListItem\",\"position\":2,\"name\":\"Produtos\",\"item\":\"https:\/\/bbacomex.com.br\/loja\/\"},{\"@type\":\"ListItem\",\"position\":3,\"name\":\"Fita de Arquear PET\"}]},{\"@type\":\"WebSite\",\"@id\":\"https:\/\/bbacomex.com.br\/#website\",\"url\":\"https:\/\/bbacomex.com.br\/\",\"name\":\"BBA Comex\",\"description\":\"\",\"publisher\":{\"@id\":\"https:\/\/bbacomex.com.br\/#organization\"},\"potentialAction\":[{\"@type\":\"SearchAction\",\"target\":{\"@type\":\"EntryPoint\",\"urlTemplate\":\"https:\/\/bbacomex.com.br\/?s={search_term_string}\"},\"query-input\":{\"@type\":\"PropertyValueSpecification\",\"valueRequired\":true,\"valueName\":\"search_term_string\"}}],\"inLanguage\":\"en-US\"},{\"@type\":\"Organization\",\"@id\":\"https:\/\/bbacomex.com.br\/#organization\",\"name\":\"BBA Comex\",\"url\":\"https:\/\/bbacomex.com.br\/\",\"logo\":{\"@type\":\"ImageObject\",\"inLanguage\":\"en-US\",\"@id\":\"https:\/\/bbacomex.com.br\/#\/schema\/logo\/image\/\",\"url\":\"https:\/\/bbacomex.com.br\/wp-content\/uploads\/2024\/03\/Logo_Rodape.png\",\"contentUrl\":\"https:\/\/bbacomex.com.br\/wp-content\/uploads\/2024\/03\/Logo_Rodape.png\",\"width\":350,\"height\":160,\"caption\":\"BBA Comex\"},\"image\":{\"@id\":\"https:\/\/bbacomex.com.br\/#\/schema\/logo\/image\/\"},\"sameAs\":[\"https:\/\/www.facebook.com\/bbacomexoficial\",\"https:\/\/www.instagram.com\/bbacomex\/\",\"https:\/\/www.linkedin.com\/company\/bba-comex\/\"]}]}<\/script>\n<meta property=\"product:price:currency\" content=\"BRL\" \/>\n<meta property=\"og:availability\" content=\"instock\" \/>\n<meta property=\"product:availability\" content=\"instock\" \/>\n<meta property=\"product:condition\" content=\"new\" \/>\n<!-- \/ Yoast SEO Premium plugin. -->","yoast_head_json":{"title":"Fita de Arquear PET","description":"A\u00a0Fita de Arquear PET da BBA Comex\u00a0\u00e9 a solu\u00e7\u00e3o ideal para\u00a0arquea\u00e7\u00f5es que exigem alta resist\u00eancia, excelente capacidade de tens\u00e3o e absor\u00e7\u00e3o de impacto.","robots":{"index":"index","follow":"follow","max-snippet":"max-snippet:-1","max-image-preview":"max-image-preview:large","max-video-preview":"max-video-preview:-1"},"canonical":"https:\/\/bbacomex.com.br\/en\/product\/fita-de-arquear-pet\/","og_locale":"en_US","og_type":"article","og_title":"Fita de Arquear PET","og_description":"A\u00a0Fita de Arquear PET da BBA Comex\u00a0\u00e9 a solu\u00e7\u00e3o ideal para\u00a0arquea\u00e7\u00f5es que exigem alta resist\u00eancia, excelente capacidade de tens\u00e3o e absor\u00e7\u00e3o de impacto.","og_url":"https:\/\/bbacomex.com.br\/en\/product\/fita-de-arquear-pet\/","og_site_name":"BBA Comex","article_publisher":"https:\/\/www.facebook.com\/bbacomexoficial","article_modified_time":"2025-07-17T19:06:30+00:00","og_image":[{"width":266,"height":266,"url":"https:\/\/bbacomex.com.br\/wp-content\/uploads\/2024\/05\/Fita-de-Arquear.png","type":"image\/png"}],"twitter_card":"summary_large_image","twitter_misc":{"Price":"","Availability":"In stock"},"schema":{"@context":"https:\/\/schema.org","@graph":[{"@type":"WebPage","@id":"https:\/\/bbacomex.com.br\/produto\/fita-de-arquear-pet\/","url":"https:\/\/bbacomex.com.br\/produto\/fita-de-arquear-pet\/","name":"Fita de Arquear PET","isPartOf":{"@id":"https:\/\/bbacomex.com.br\/#website"},"primaryImageOfPage":{"@id":"https:\/\/bbacomex.com.br\/produto\/fita-de-arquear-pet\/#primaryimage"},"image":{"@id":"https:\/\/bbacomex.com.br\/produto\/fita-de-arquear-pet\/#primaryimage"},"thumbnailUrl":"https:\/\/bbacomex.com.br\/wp-content\/uploads\/2024\/05\/Fita-de-Arquear.png","datePublished":"2024-05-29T15:47:42+00:00","dateModified":"2025-07-17T19:06:30+00:00","description":"A\u00a0Fita de Arquear PET da BBA Comex\u00a0\u00e9 a solu\u00e7\u00e3o ideal para\u00a0arquea\u00e7\u00f5es que exigem alta resist\u00eancia, excelente capacidade de tens\u00e3o e absor\u00e7\u00e3o de impacto.","breadcrumb":{"@id":"https:\/\/bbacomex.com.br\/produto\/fita-de-arquear-pet\/#breadcrumb"},"inLanguage":"en-US","potentialAction":[{"@type":"ReadAction","target":["https:\/\/bbacomex.com.br\/produto\/fita-de-arquear-pet\/"]}]},{"@type":"ImageObject","inLanguage":"en-US","@id":"https:\/\/bbacomex.com.br\/produto\/fita-de-arquear-pet\/#primaryimage","url":"https:\/\/bbacomex.com.br\/wp-content\/uploads\/2024\/05\/Fita-de-Arquear.png","contentUrl":"https:\/\/bbacomex.com.br\/wp-content\/uploads\/2024\/05\/Fita-de-Arquear.png","width":266,"height":266},{"@type":"BreadcrumbList","@id":"https:\/\/bbacomex.com.br\/produto\/fita-de-arquear-pet\/#breadcrumb","itemListElement":[{"@type":"ListItem","position":1,"name":"In\u00edcio","item":"https:\/\/bbacomex.com.br\/"},{"@type":"ListItem","position":2,"name":"Produtos","item":"https:\/\/bbacomex.com.br\/loja\/"},{"@type":"ListItem","position":3,"name":"Fita de Arquear PET"}]},{"@type":"WebSite","@id":"https:\/\/bbacomex.com.br\/#website","url":"https:\/\/bbacomex.com.br\/","name":"BBA Comex","description":"","publisher":{"@id":"https:\/\/bbacomex.com.br\/#organization"},"potentialAction":[{"@type":"SearchAction","target":{"@type":"EntryPoint","urlTemplate":"https:\/\/bbacomex.com.br\/?s={search_term_string}"},"query-input":{"@type":"PropertyValueSpecification","valueRequired":true,"valueName":"search_term_string"}}],"inLanguage":"en-US"},{"@type":"Organization","@id":"https:\/\/bbacomex.com.br\/#organization","name":"BBA Comex","url":"https:\/\/bbacomex.com.br\/","logo":{"@type":"ImageObject","inLanguage":"en-US","@id":"https:\/\/bbacomex.com.br\/#\/schema\/logo\/image\/","url":"https:\/\/bbacomex.com.br\/wp-content\/uploads\/2024\/03\/Logo_Rodape.png","contentUrl":"https:\/\/bbacomex.com.br\/wp-content\/uploads\/2024\/03\/Logo_Rodape.png","width":350,"height":160,"caption":"BBA Comex"},"image":{"@id":"https:\/\/bbacomex.com.br\/#\/schema\/logo\/image\/"},"sameAs":["https:\/\/www.facebook.com\/bbacomexoficial","https:\/\/www.instagram.com\/bbacomex\/","https:\/\/www.linkedin.com\/company\/bba-comex\/"]}]},"product_price_currency":"BRL","og_availability":"instock","product_availability":"instock","product_condition":"new"},"_links":{"self":[{"href":"https:\/\/bbacomex.com.br\/en\/wp-json\/wp\/v2\/product\/2760","targetHints":{"allow":["GET"]}}],"collection":[{"href":"https:\/\/bbacomex.com.br\/en\/wp-json\/wp\/v2\/product"}],"about":[{"href":"https:\/\/bbacomex.com.br\/en\/wp-json\/wp\/v2\/types\/product"}],"wp:featuredmedia":[{"embeddable":true,"href":"https:\/\/bbacomex.com.br\/en\/wp-json\/wp\/v2\/media\/2629"}],"wp:attachment":[{"href":"https:\/\/bbacomex.com.br\/en\/wp-json\/wp\/v2\/media?parent=2760"}],"wp:term":[{"taxonomy":"product_brand","embeddable":true,"href":"https:\/\/bbacomex.com.br\/en\/wp-json\/wp\/v2\/product_brand?post=2760"},{"taxonomy":"product_cat","embeddable":true,"href":"https:\/\/bbacomex.com.br\/en\/wp-json\/wp\/v2\/product_cat?post=2760"},{"taxonomy":"product_tag","embeddable":true,"href":"https:\/\/bbacomex.com.br\/en\/wp-json\/wp\/v2\/product_tag?post=2760"}],"curies":[{"name":"wp","href":"https:\/\/api.w.org\/{rel}","templated":true}]}}