{"id":2762,"date":"2024-05-29T12:48:33","date_gmt":"2024-05-29T15:48:33","guid":{"rendered":"https:\/\/bbacomex.com.br\/?post_type=product&#038;p=2762"},"modified":"2025-07-17T16:07:50","modified_gmt":"2025-07-17T19:07:50","slug":"filme-poliester-pet","status":"publish","type":"product","link":"https:\/\/bbacomex.com.br\/en\/product\/filme-poliester-pet\/","title":{"rendered":"Polyester Film (PET)"},"content":{"rendered":"<div class=\"elementor-element elementor-element-3db3e01 elementor-widget__width-initial elementor-widget elementor-widget-text-editor\" data-id=\"3db3e01\" data-element_type=\"widget\" data-widget_type=\"text-editor.default\">\n<div class=\"elementor-widget-container\">\n<div class=\"elementor-element elementor-element-5bfbfe5 elementor-widget__width-initial elementor-widget elementor-widget-text-editor\" data-id=\"5bfbfe5\" data-element_type=\"widget\" data-widget_type=\"text-editor.default\">\n<div class=\"elementor-widget-container\">\n<div class=\"elementor-element elementor-element-f50db4f elementor-widget__width-initial elementor-widget elementor-widget-text-editor\" data-id=\"f50db4f\" data-element_type=\"widget\" data-widget_type=\"text-editor.default\">\n<div class=\"elementor-widget-container\">\n<div class=\"elementor-element elementor-element-3db3e01 elementor-widget__width-initial elementor-widget elementor-widget-text-editor\" data-id=\"3db3e01\" data-element_type=\"widget\" data-widget_type=\"text-editor.default\">\n<div class=\"elementor-widget-container\">\n<div class=\"elementor-element elementor-element-5bfbfe5 elementor-widget__width-initial elementor-widget elementor-widget-text-editor\" data-id=\"5bfbfe5\" data-element_type=\"widget\" data-widget_type=\"text-editor.default\">\n<div class=\"elementor-widget-container\">\n<div class=\"elementor-element elementor-element-f50db4f elementor-widget__width-initial elementor-widget elementor-widget-text-editor\" data-id=\"f50db4f\" data-element_type=\"widget\" data-widget_type=\"text-editor.default\">\n<div class=\"elementor-widget-container\">\n<p>The\u00a0<strong>Filme de Poli\u00e9ster (PET) BBA Comex<\/strong>\u00a0\u00e9 amplamente utilizado em\u00a0<strong>processos de lamina\u00e7\u00e3o e montagem de estruturas complexas<\/strong>, gra\u00e7as \u00e0 sua\u00a0<strong>excelente estabilidade t\u00e9rmica e mec\u00e2nica<\/strong>, al\u00e9m de proporcionar\u00a0<strong>prote\u00e7\u00e3o e integridade ao produto final<\/strong>.<\/p>\n<p>Fabricado em\u00a0<strong>diversas espessuras e larguras personalizadas<\/strong>, o PET da BBA Comex \u00e9 ideal para atender\u00a0<strong>projetos espec\u00edficos<\/strong>\u00a0e necessidades t\u00e9cnicas de diferentes segmentos industriais.<\/p>\n<p><strong>Principais Vantagens do Filme PET BBA Comex<\/strong><\/p>\n<ul>\n<li><strong>Transpar\u00eancia cristalina<\/strong>: ideal para aplica\u00e7\u00f5es que exigem alta visibilidade do conte\u00fado<\/li>\n<li><strong>Estabilidade t\u00e9rmica e mec\u00e2nica<\/strong>: suporta temperaturas elevadas e processos industriais exigentes<\/li>\n<li><strong>Barreira eficiente contra gases, vapor d\u2019\u00e1gua e odores<\/strong>: prolonga a vida \u00fatil e qualidade do produto embalado<\/li>\n<li><strong>Desempenho superior em convers\u00e3o<\/strong>: perfeito para\u00a0<strong>lamina\u00e7\u00e3o e metaliza\u00e7\u00e3o<\/strong><\/li>\n<li><strong>Tratamento especial<\/strong>: dispon\u00edvel com\u00a0<strong>tratamento corona ou primer na face plana<\/strong>, garantindo maior ader\u00eancia a tintas e adesivos<\/li>\n<li><strong>Personaliza\u00e7\u00e3o sob medida<\/strong>: dispon\u00edvel em\u00a0<strong>espessuras variadas<\/strong>\u00a0e\u00a0<strong>larguras especiais<\/strong>, conforme a necessidade do cliente<\/li>\n<\/ul>\n<p><strong>Aplica\u00e7\u00f5es mais comuns<\/strong><\/p>\n<ul>\n<li>Embalagens aliment\u00edcias e farmac\u00eauticas<\/li>\n<li>Etiquetas, r\u00f3tulos e filmes protetores<\/li>\n<li>Estruturas laminadas flex\u00edveis<\/li>\n<li>Impress\u00e3o gr\u00e1fica, metaliza\u00e7\u00e3o e acabamento premium<\/li>\n<\/ul>\n<p><strong>Garanta mais desempenho, qualidade e durabilidade com o Filme Poli\u00e9ster BBA Comex \u2014 a escolha certa para processos t\u00e9cnicos que exigem precis\u00e3o e confiabilidade.<\/strong><\/p>\n<\/div>\n<\/div>\n<\/div>\n<\/div>\n<\/div>\n<\/div>\n<\/div>\n<\/div>\n<\/div>\n<\/div>\n<\/div>\n<\/div>","protected":false},"excerpt":{"rendered":"<p>O\u00a0Filme de Poli\u00e9ster (PET) BBA Comex\u00a0\u00e9 amplamente utilizado em\u00a0processos de lamina\u00e7\u00e3o e montagem de estruturas complexas, gra\u00e7as \u00e0 sua\u00a0excelente estabilidade t\u00e9rmica e mec\u00e2nica, al\u00e9m de proporcionar\u00a0prote\u00e7\u00e3o e integridade ao produto final. Fabricado em\u00a0diversas espessuras e larguras personalizadas, o PET da BBA Comex \u00e9 ideal para atender\u00a0projetos espec\u00edficos\u00a0e necessidades t\u00e9cnicas de diferentes segmentos industriais. Principais Vantagens [&hellip;]<\/p>","protected":false},"featured_media":700,"template":"","meta":{"_acf_changed":false},"product_brand":[],"product_cat":[84,77],"product_tag":[],"class_list":{"0":"post-2762","1":"product","2":"type-product","3":"status-publish","4":"has-post-thumbnail","6":"product_cat-linha-poliester","7":"product_cat-sem-categoria","9":"first","10":"instock","11":"shipping-taxable","12":"product-type-simple"},"acf":[],"yoast_head":"<!-- This site is optimized with the Yoast SEO Premium plugin v24.5 (Yoast SEO v27.2) - https:\/\/yoast.com\/product\/yoast-seo-premium-wordpress\/ -->\n<title>Filme Poli\u00e9ster (PET)<\/title>\n<meta name=\"description\" content=\"O\u00a0Filme de Poli\u00e9ster (PET)\u00a0\u00e9 amplamente utilizado em\u00a0processos de lamina\u00e7\u00e3o e montagem de estruturas complexas, gra\u00e7as \u00e0 sua\u00a0excelente estabilidade t\u00e9rmica e mec\u00e2nica, al\u00e9m de proporcionar\u00a0prote\u00e7\u00e3o.\" \/>\n<meta name=\"robots\" content=\"index, follow, max-snippet:-1, max-image-preview:large, max-video-preview:-1\" \/>\n<link rel=\"canonical\" href=\"https:\/\/bbacomex.com.br\/en\/product\/filme-poliester-pet\/\" \/>\n<meta property=\"og:locale\" content=\"en_US\" \/>\n<meta property=\"og:type\" content=\"article\" \/>\n<meta property=\"og:title\" content=\"Filme Poli\u00e9ster (PET)\" \/>\n<meta property=\"og:description\" content=\"O\u00a0Filme de Poli\u00e9ster (PET)\u00a0\u00e9 amplamente utilizado em\u00a0processos de lamina\u00e7\u00e3o e montagem de estruturas complexas, gra\u00e7as \u00e0 sua\u00a0excelente estabilidade t\u00e9rmica e mec\u00e2nica, al\u00e9m de proporcionar\u00a0prote\u00e7\u00e3o.\" \/>\n<meta property=\"og:url\" content=\"https:\/\/bbacomex.com.br\/en\/product\/filme-poliester-pet\/\" \/>\n<meta property=\"og:site_name\" content=\"BBA Comex\" \/>\n<meta property=\"article:publisher\" content=\"https:\/\/www.facebook.com\/bbacomexoficial\" \/>\n<meta property=\"article:modified_time\" content=\"2025-07-17T19:07:50+00:00\" \/>\n<meta property=\"og:image\" content=\"https:\/\/bbacomex.com.br\/wp-content\/uploads\/2024\/03\/filme-poliester-03-500x375-1.jpg\" \/>\n\t<meta property=\"og:image:width\" content=\"500\" \/>\n\t<meta property=\"og:image:height\" content=\"375\" \/>\n\t<meta property=\"og:image:type\" content=\"image\/jpeg\" \/>\n<meta name=\"twitter:card\" content=\"summary_large_image\" \/>\n<meta name=\"twitter:label1\" content=\"Price\" \/>\n\t<meta name=\"twitter:data1\" content=\"\" \/>\n\t<meta name=\"twitter:label2\" content=\"Availability\" \/>\n\t<meta name=\"twitter:data2\" content=\"In stock\" \/>\n<script type=\"application\/ld+json\" class=\"yoast-schema-graph\">{\"@context\":\"https:\/\/schema.org\",\"@graph\":[{\"@type\":\"WebPage\",\"@id\":\"https:\/\/bbacomex.com.br\/produto\/filme-poliester-pet\/\",\"url\":\"https:\/\/bbacomex.com.br\/produto\/filme-poliester-pet\/\",\"name\":\"Filme Poli\u00e9ster (PET)\",\"isPartOf\":{\"@id\":\"https:\/\/bbacomex.com.br\/#website\"},\"primaryImageOfPage\":{\"@id\":\"https:\/\/bbacomex.com.br\/produto\/filme-poliester-pet\/#primaryimage\"},\"image\":{\"@id\":\"https:\/\/bbacomex.com.br\/produto\/filme-poliester-pet\/#primaryimage\"},\"thumbnailUrl\":\"https:\/\/bbacomex.com.br\/wp-content\/uploads\/2024\/03\/filme-poliester-03-500x375-1.jpg\",\"datePublished\":\"2024-05-29T15:48:33+00:00\",\"dateModified\":\"2025-07-17T19:07:50+00:00\",\"description\":\"O\u00a0Filme de Poli\u00e9ster (PET)\u00a0\u00e9 amplamente utilizado em\u00a0processos de lamina\u00e7\u00e3o e montagem de estruturas complexas, gra\u00e7as \u00e0 sua\u00a0excelente estabilidade t\u00e9rmica e mec\u00e2nica, al\u00e9m de proporcionar\u00a0prote\u00e7\u00e3o.\",\"breadcrumb\":{\"@id\":\"https:\/\/bbacomex.com.br\/produto\/filme-poliester-pet\/#breadcrumb\"},\"inLanguage\":\"en-US\",\"potentialAction\":[{\"@type\":\"ReadAction\",\"target\":[\"https:\/\/bbacomex.com.br\/produto\/filme-poliester-pet\/\"]}]},{\"@type\":\"ImageObject\",\"inLanguage\":\"en-US\",\"@id\":\"https:\/\/bbacomex.com.br\/produto\/filme-poliester-pet\/#primaryimage\",\"url\":\"https:\/\/bbacomex.com.br\/wp-content\/uploads\/2024\/03\/filme-poliester-03-500x375-1.jpg\",\"contentUrl\":\"https:\/\/bbacomex.com.br\/wp-content\/uploads\/2024\/03\/filme-poliester-03-500x375-1.jpg\",\"width\":500,\"height\":375},{\"@type\":\"BreadcrumbList\",\"@id\":\"https:\/\/bbacomex.com.br\/produto\/filme-poliester-pet\/#breadcrumb\",\"itemListElement\":[{\"@type\":\"ListItem\",\"position\":1,\"name\":\"In\u00edcio\",\"item\":\"https:\/\/bbacomex.com.br\/\"},{\"@type\":\"ListItem\",\"position\":2,\"name\":\"Produtos\",\"item\":\"https:\/\/bbacomex.com.br\/loja\/\"},{\"@type\":\"ListItem\",\"position\":3,\"name\":\"Filme Poli\u00e9ster (PET)\"}]},{\"@type\":\"WebSite\",\"@id\":\"https:\/\/bbacomex.com.br\/#website\",\"url\":\"https:\/\/bbacomex.com.br\/\",\"name\":\"BBA Comex\",\"description\":\"\",\"publisher\":{\"@id\":\"https:\/\/bbacomex.com.br\/#organization\"},\"potentialAction\":[{\"@type\":\"SearchAction\",\"target\":{\"@type\":\"EntryPoint\",\"urlTemplate\":\"https:\/\/bbacomex.com.br\/?s={search_term_string}\"},\"query-input\":{\"@type\":\"PropertyValueSpecification\",\"valueRequired\":true,\"valueName\":\"search_term_string\"}}],\"inLanguage\":\"en-US\"},{\"@type\":\"Organization\",\"@id\":\"https:\/\/bbacomex.com.br\/#organization\",\"name\":\"BBA Comex\",\"url\":\"https:\/\/bbacomex.com.br\/\",\"logo\":{\"@type\":\"ImageObject\",\"inLanguage\":\"en-US\",\"@id\":\"https:\/\/bbacomex.com.br\/#\/schema\/logo\/image\/\",\"url\":\"https:\/\/bbacomex.com.br\/wp-content\/uploads\/2024\/03\/Logo_Rodape.png\",\"contentUrl\":\"https:\/\/bbacomex.com.br\/wp-content\/uploads\/2024\/03\/Logo_Rodape.png\",\"width\":350,\"height\":160,\"caption\":\"BBA Comex\"},\"image\":{\"@id\":\"https:\/\/bbacomex.com.br\/#\/schema\/logo\/image\/\"},\"sameAs\":[\"https:\/\/www.facebook.com\/bbacomexoficial\",\"https:\/\/www.instagram.com\/bbacomex\/\",\"https:\/\/www.linkedin.com\/company\/bba-comex\/\"]}]}<\/script>\n<meta property=\"product:price:currency\" content=\"BRL\" \/>\n<meta property=\"og:availability\" content=\"instock\" \/>\n<meta property=\"product:availability\" content=\"instock\" \/>\n<meta property=\"product:condition\" content=\"new\" \/>\n<!-- \/ Yoast SEO Premium plugin. -->","yoast_head_json":{"title":"Filme Poli\u00e9ster (PET)","description":"O\u00a0Filme de Poli\u00e9ster (PET)\u00a0\u00e9 amplamente utilizado em\u00a0processos de lamina\u00e7\u00e3o e montagem de estruturas complexas, gra\u00e7as \u00e0 sua\u00a0excelente estabilidade t\u00e9rmica e mec\u00e2nica, al\u00e9m de proporcionar\u00a0prote\u00e7\u00e3o.","robots":{"index":"index","follow":"follow","max-snippet":"max-snippet:-1","max-image-preview":"max-image-preview:large","max-video-preview":"max-video-preview:-1"},"canonical":"https:\/\/bbacomex.com.br\/en\/product\/filme-poliester-pet\/","og_locale":"en_US","og_type":"article","og_title":"Filme Poli\u00e9ster (PET)","og_description":"O\u00a0Filme de Poli\u00e9ster (PET)\u00a0\u00e9 amplamente utilizado em\u00a0processos de lamina\u00e7\u00e3o e montagem de estruturas complexas, gra\u00e7as \u00e0 sua\u00a0excelente estabilidade t\u00e9rmica e mec\u00e2nica, al\u00e9m de proporcionar\u00a0prote\u00e7\u00e3o.","og_url":"https:\/\/bbacomex.com.br\/en\/product\/filme-poliester-pet\/","og_site_name":"BBA Comex","article_publisher":"https:\/\/www.facebook.com\/bbacomexoficial","article_modified_time":"2025-07-17T19:07:50+00:00","og_image":[{"width":500,"height":375,"url":"https:\/\/bbacomex.com.br\/wp-content\/uploads\/2024\/03\/filme-poliester-03-500x375-1.jpg","type":"image\/jpeg"}],"twitter_card":"summary_large_image","twitter_misc":{"Price":"","Availability":"In stock"},"schema":{"@context":"https:\/\/schema.org","@graph":[{"@type":"WebPage","@id":"https:\/\/bbacomex.com.br\/produto\/filme-poliester-pet\/","url":"https:\/\/bbacomex.com.br\/produto\/filme-poliester-pet\/","name":"Filme Poli\u00e9ster (PET)","isPartOf":{"@id":"https:\/\/bbacomex.com.br\/#website"},"primaryImageOfPage":{"@id":"https:\/\/bbacomex.com.br\/produto\/filme-poliester-pet\/#primaryimage"},"image":{"@id":"https:\/\/bbacomex.com.br\/produto\/filme-poliester-pet\/#primaryimage"},"thumbnailUrl":"https:\/\/bbacomex.com.br\/wp-content\/uploads\/2024\/03\/filme-poliester-03-500x375-1.jpg","datePublished":"2024-05-29T15:48:33+00:00","dateModified":"2025-07-17T19:07:50+00:00","description":"O\u00a0Filme de Poli\u00e9ster (PET)\u00a0\u00e9 amplamente utilizado em\u00a0processos de lamina\u00e7\u00e3o e montagem de estruturas complexas, gra\u00e7as \u00e0 sua\u00a0excelente estabilidade t\u00e9rmica e mec\u00e2nica, al\u00e9m de proporcionar\u00a0prote\u00e7\u00e3o.","breadcrumb":{"@id":"https:\/\/bbacomex.com.br\/produto\/filme-poliester-pet\/#breadcrumb"},"inLanguage":"en-US","potentialAction":[{"@type":"ReadAction","target":["https:\/\/bbacomex.com.br\/produto\/filme-poliester-pet\/"]}]},{"@type":"ImageObject","inLanguage":"en-US","@id":"https:\/\/bbacomex.com.br\/produto\/filme-poliester-pet\/#primaryimage","url":"https:\/\/bbacomex.com.br\/wp-content\/uploads\/2024\/03\/filme-poliester-03-500x375-1.jpg","contentUrl":"https:\/\/bbacomex.com.br\/wp-content\/uploads\/2024\/03\/filme-poliester-03-500x375-1.jpg","width":500,"height":375},{"@type":"BreadcrumbList","@id":"https:\/\/bbacomex.com.br\/produto\/filme-poliester-pet\/#breadcrumb","itemListElement":[{"@type":"ListItem","position":1,"name":"In\u00edcio","item":"https:\/\/bbacomex.com.br\/"},{"@type":"ListItem","position":2,"name":"Produtos","item":"https:\/\/bbacomex.com.br\/loja\/"},{"@type":"ListItem","position":3,"name":"Filme Poli\u00e9ster (PET)"}]},{"@type":"WebSite","@id":"https:\/\/bbacomex.com.br\/#website","url":"https:\/\/bbacomex.com.br\/","name":"BBA Comex","description":"","publisher":{"@id":"https:\/\/bbacomex.com.br\/#organization"},"potentialAction":[{"@type":"SearchAction","target":{"@type":"EntryPoint","urlTemplate":"https:\/\/bbacomex.com.br\/?s={search_term_string}"},"query-input":{"@type":"PropertyValueSpecification","valueRequired":true,"valueName":"search_term_string"}}],"inLanguage":"en-US"},{"@type":"Organization","@id":"https:\/\/bbacomex.com.br\/#organization","name":"BBA Comex","url":"https:\/\/bbacomex.com.br\/","logo":{"@type":"ImageObject","inLanguage":"en-US","@id":"https:\/\/bbacomex.com.br\/#\/schema\/logo\/image\/","url":"https:\/\/bbacomex.com.br\/wp-content\/uploads\/2024\/03\/Logo_Rodape.png","contentUrl":"https:\/\/bbacomex.com.br\/wp-content\/uploads\/2024\/03\/Logo_Rodape.png","width":350,"height":160,"caption":"BBA Comex"},"image":{"@id":"https:\/\/bbacomex.com.br\/#\/schema\/logo\/image\/"},"sameAs":["https:\/\/www.facebook.com\/bbacomexoficial","https:\/\/www.instagram.com\/bbacomex\/","https:\/\/www.linkedin.com\/company\/bba-comex\/"]}]},"product_price_currency":"BRL","og_availability":"instock","product_availability":"instock","product_condition":"new"},"_links":{"self":[{"href":"https:\/\/bbacomex.com.br\/en\/wp-json\/wp\/v2\/product\/2762","targetHints":{"allow":["GET"]}}],"collection":[{"href":"https:\/\/bbacomex.com.br\/en\/wp-json\/wp\/v2\/product"}],"about":[{"href":"https:\/\/bbacomex.com.br\/en\/wp-json\/wp\/v2\/types\/product"}],"wp:featuredmedia":[{"embeddable":true,"href":"https:\/\/bbacomex.com.br\/en\/wp-json\/wp\/v2\/media\/700"}],"wp:attachment":[{"href":"https:\/\/bbacomex.com.br\/en\/wp-json\/wp\/v2\/media?parent=2762"}],"wp:term":[{"taxonomy":"product_brand","embeddable":true,"href":"https:\/\/bbacomex.com.br\/en\/wp-json\/wp\/v2\/product_brand?post=2762"},{"taxonomy":"product_cat","embeddable":true,"href":"https:\/\/bbacomex.com.br\/en\/wp-json\/wp\/v2\/product_cat?post=2762"},{"taxonomy":"product_tag","embeddable":true,"href":"https:\/\/bbacomex.com.br\/en\/wp-json\/wp\/v2\/product_tag?post=2762"}],"curies":[{"name":"wp","href":"https:\/\/api.w.org\/{rel}","templated":true}]}}