{"id":2767,"date":"2024-05-29T16:07:34","date_gmt":"2024-05-29T19:07:34","guid":{"rendered":"https:\/\/bbacomex.com.br\/?post_type=product&#038;p=2767"},"modified":"2025-07-17T16:21:50","modified_gmt":"2025-07-17T19:21:50","slug":"seladora-conjugada-em-l","status":"publish","type":"product","link":"https:\/\/bbacomex.com.br\/en\/product\/seladora-conjugada-em-l\/","title":{"rendered":"Conjugated L-Sealer"},"content":{"rendered":"<div class=\"elementor-element elementor-element-3db3e01 elementor-widget__width-initial elementor-widget elementor-widget-text-editor\" data-id=\"3db3e01\" data-element_type=\"widget\" data-widget_type=\"text-editor.default\">\n<div class=\"elementor-widget-container\">\n<div class=\"elementor-element elementor-element-5bfbfe5 elementor-widget__width-initial elementor-widget elementor-widget-text-editor\" data-id=\"5bfbfe5\" data-element_type=\"widget\" data-widget_type=\"text-editor.default\">\n<div class=\"elementor-widget-container\">\n<div class=\"elementor-element elementor-element-f50db4f elementor-widget__width-initial elementor-widget elementor-widget-text-editor\" data-id=\"f50db4f\" data-element_type=\"widget\" data-widget_type=\"text-editor.default\">\n<div class=\"elementor-widget-container\">\n<div class=\"elementor-element elementor-element-3db3e01 elementor-widget__width-initial elementor-widget elementor-widget-text-editor\" data-id=\"3db3e01\" data-element_type=\"widget\" data-widget_type=\"text-editor.default\">\n<div class=\"elementor-widget-container\">\n<div class=\"elementor-element elementor-element-5bfbfe5 elementor-widget__width-initial elementor-widget elementor-widget-text-editor\" data-id=\"5bfbfe5\" data-element_type=\"widget\" data-widget_type=\"text-editor.default\">\n<div class=\"elementor-widget-container\">\n<div class=\"elementor-element elementor-element-f50db4f elementor-widget__width-initial elementor-widget elementor-widget-text-editor\" data-id=\"f50db4f\" data-element_type=\"widget\" data-widget_type=\"text-editor.default\">\n<div class=\"elementor-widget-container\">\n<div class=\"elementor-element elementor-element-7e3edc1 elementor-widget__width-initial elementor-widget elementor-widget-text-editor\" data-id=\"7e3edc1\" data-element_type=\"widget\" data-widget_type=\"text-editor.default\">\n<div class=\"elementor-widget-container\">\n<p>The\u00a0<strong>Seladora Conjugada em L BBA Comex<\/strong>\u00a0\u00e9 a escolha ideal para\u00a0<strong>empresas que buscam efici\u00eancia e acabamento profissional<\/strong>\u00a0em seus processos de embalagem. Projetada para\u00a0<strong>selar e termoencolher em um \u00fanico movimento<\/strong>, ela molda o filme de forma exata ao produto, garantindo uma embalagem firme, protegida e com excelente apresenta\u00e7\u00e3o.<\/p>\n<p><strong>Principais Vantagens da Seladora Conjugada em L<\/strong><\/p>\n<ul>\n<li>Painel de controle simples e intuitivo<\/li>\n<li>Ajuste preciso de temperatura\u00a0para diferentes tipos de filme<\/li>\n<li>Selagem horizontal e vertical simult\u00e2nea<\/li>\n<li>C\u00e2mara com tampa de acr\u00edlico: mais seguran\u00e7a e visualiza\u00e7\u00e3o do processo<\/li>\n<li>Selagem e encolhimento no mesmo ciclo: maior agilidade e produtividade<\/li>\n<li>Excelente custo-benef\u00edcio\u00a0para pequenas e m\u00e9dias produ\u00e7\u00f5es<\/li>\n<li>Personaliza\u00e7\u00e3o sob medida:\u00a0mesa de trabalho fabricada conforme sua necessidade<\/li>\n<\/ul>\n<p>&nbsp;<\/p>\n<p><strong>Ideal para embalar com perfei\u00e7\u00e3o produtos como:<\/strong><\/p>\n<ul>\n<li style=\"list-style-type: none;\">\n<ul>\n<li>Pizzas prontas<\/li>\n<li>Caixas de ovos<\/li>\n<li>Doces e itens aliment\u00edcios<\/li>\n<li>Caixas em geral<\/li>\n<li>Autope\u00e7as e componentes industriais<\/li>\n<li>CDs, m\u00eddias e acess\u00f3rios eletr\u00f4nicos<\/li>\n<li>Brinquedos e utilidades<\/li>\n<li>Materiais escolares e papelaria<\/li>\n<\/ul>\n<\/li>\n<\/ul>\n<p>&nbsp;<\/p>\n<p><strong>Compat\u00edvel com filmes termoencolh\u00edveis como:<\/strong><\/p>\n<ul>\n<li>Poliolef\u00ednico (POF)<\/li>\n<li>PVC Encolh\u00edvel<\/li>\n<li>Polietileno em alguns processos<\/li>\n<\/ul>\n<p>&nbsp;<\/p>\n<p>\ud83d\udce6\u00a0<strong>Ganhe produtividade, agilidade e acabamento profissional com a Seladora Conjugada em L BBA Comex \u2014 ideal para quem busca unir qualidade, praticidade e economia no processo de embalagem.<\/strong><\/p>\n<\/div>\n<\/div>\n<\/div>\n<\/div>\n<\/div>\n<\/div>\n<\/div>\n<\/div>\n<\/div>\n<\/div>\n<\/div>\n<\/div>\n<\/div>\n<\/div>","protected":false},"excerpt":{"rendered":"<p>&nbsp;<\/p>\n<p><strong>FABRICAMOS O TAMANHO DA MESA DE ACORDO COM SUA NECESSIDADE<\/strong><\/p>\n<div style=\"max-width: 600px; margin: 40px auto; font-family: Arial, sans-serif; border: 2px solid #0044cc; border-radius: 10px; overflow: hidden;\">\n<div style=\"background-color: #0044cc; color: white; padding: 10px 20px; font-size: 20px; font-weight: bold;\">Seladora Conjugada 40&#215;40<\/div>\n<div style=\"background-color: #eaf0ff; padding: 10px 20px; font-size: 14px; font-weight: bold;\">Dados T\u00e9cnicos<\/div>\n<table style=\"width: 100%; border-collapse: collapse; font-size: 14px;\">\n<tbody>\n<tr>\n<td style=\"padding: 10px; border-bottom: 1px solid #ddd;\">Dimens\u00f5es da M\u00e1quina (C x L x A)<\/td>\n<td style=\"padding: 10px; border-bottom: 1px solid #ddd;\">1100 x 860 x 1150 mm<\/td>\n<\/tr>\n<tr>\n<td style=\"padding: 10px; border-bottom: 1px solid #ddd;\">Tamanho M\u00e1x. da Embalagem (C x L x A)<\/td>\n<td style=\"padding: 10px; border-bottom: 1px solid #ddd;\">350 x 350 x 100 mm<\/td>\n<\/tr>\n<tr>\n<td style=\"padding: 10px; border-bottom: 1px solid #ddd;\">Produ\u00e7\u00e3o<\/td>\n<td style=\"padding: 10px; border-bottom: 1px solid #ddd;\">At\u00e9 4 pcs\/min<\/td>\n<\/tr>\n<tr>\n<td style=\"padding: 10px; border-bottom: 1px solid #ddd;\">Pot\u00eancia<\/td>\n<td style=\"padding: 10px; border-bottom: 1px solid #ddd;\">2.4 kW<\/td>\n<\/tr>\n<tr>\n<td style=\"padding: 10px; border-bottom: 1px solid #ddd;\">Tamanho M\u00e1x. do Filme<\/td>\n<td style=\"padding: 10px; border-bottom: 1px solid #ddd;\">400 mm<\/td>\n<\/tr>\n<tr>\n<td style=\"padding: 10px; border-bottom: 1px solid #ddd;\">Tens\u00e3o<\/td>\n<td style=\"padding: 10px; border-bottom: 1px solid #ddd;\">220v monof\u00e1sico<\/td>\n<\/tr>\n<tr>\n<td style=\"padding: 10px; border-bottom: 1px solid #ddd;\">Press\u00e3o de Ar<\/td>\n<td style=\"padding: 10px; border-bottom: 1px solid #ddd;\">N\u00e3o<\/td>\n<\/tr>\n<tr>\n<td style=\"padding: 10px;\">Peso<\/td>\n<td style=\"padding: 10px;\">50 kg<\/td>\n<\/tr>\n<\/tbody>\n<\/table>\n<\/div>\n<div style=\"max-width: 600px; margin: 40px auto; font-family: Arial, sans-serif; border: 2px solid #0044cc; border-radius: 10px; overflow: hidden;\">\n<div style=\"background-color: #0044cc; color: white; padding: 10px 20px; font-size: 20px; font-weight: bold;\">Seladora Conjugada 50&#215;50<\/div>\n<div style=\"background-color: #eaf0ff; padding: 10px 20px; font-size: 14px; font-weight: bold;\">Dados T\u00e9cnicos<\/div>\n<table style=\"width: 100%; border-collapse: collapse; font-size: 14px;\">\n<tbody>\n<tr>\n<td style=\"padding: 10px; border-bottom: 1px solid #ddd;\">Dimens\u00f5es da M\u00e1quina (C x L x A)<\/td>\n<td style=\"padding: 10px; border-bottom: 1px solid #ddd;\">1300 x 860 x 1100 mm<\/td>\n<\/tr>\n<tr>\n<td style=\"padding: 10px; border-bottom: 1px solid #ddd;\">Tamanho M\u00e1x. da Embalagem (C x L x A)<\/td>\n<td style=\"padding: 10px; border-bottom: 1px solid #ddd;\">450 x 450 x 150 mm<\/td>\n<\/tr>\n<tr>\n<td style=\"padding: 10px; border-bottom: 1px solid #ddd;\">Produ\u00e7\u00e3o<\/td>\n<td style=\"padding: 10px; border-bottom: 1px solid #ddd;\">At\u00e9 4 pcs\/min<\/td>\n<\/tr>\n<tr>\n<td style=\"padding: 10px; border-bottom: 1px solid #ddd;\">Pot\u00eancia<\/td>\n<td style=\"padding: 10px; border-bottom: 1px solid #ddd;\">3.2 kW<\/td>\n<\/tr>\n<tr>\n<td style=\"padding: 10px; border-bottom: 1px solid #ddd;\">Tamanho M\u00e1x. do Filme<\/td>\n<td style=\"padding: 10px; border-bottom: 1px solid #ddd;\">500 mm<\/td>\n<\/tr>\n<tr>\n<td style=\"padding: 10px; border-bottom: 1px solid #ddd;\">Tens\u00e3o<\/td>\n<td style=\"padding: 10px; border-bottom: 1px solid #ddd;\">220v monof\u00e1sico<\/td>\n<\/tr>\n<tr>\n<td style=\"padding: 10px; border-bottom: 1px solid #ddd;\">Press\u00e3o de Ar<\/td>\n<td style=\"padding: 10px; border-bottom: 1px solid #ddd;\">N\u00e3o<\/td>\n<\/tr>\n<tr>\n<td style=\"padding: 10px;\">Peso<\/td>\n<td style=\"padding: 10px;\">70 kg<\/td>\n<\/tr>\n<\/tbody>\n<\/table>\n<\/div>\n<div style=\"max-width: 600px; margin: 40px auto; font-family: Arial, sans-serif; border: 2px solid #0044cc; border-radius: 10px; overflow: hidden;\">\n<div style=\"background-color: #0044cc; color: white; padding: 10px 20px; font-size: 20px; font-weight: bold;\">Seladora Conjugada 70&#215;70<\/div>\n<div style=\"background-color: #eaf0ff; padding: 10px 20px; font-size: 14px; font-weight: bold;\">Dados T\u00e9cnicos<\/div>\n<table style=\"width: 100%; border-collapse: collapse; font-size: 14px;\">\n<tbody>\n<tr>\n<td style=\"padding: 10px; border-bottom: 1px solid #ddd;\">Dimens\u00f5es da M\u00e1quina (C x L x A)<\/td>\n<td style=\"padding: 10px; border-bottom: 1px solid #ddd;\">1750 x 1150 x 1150 mm<\/td>\n<\/tr>\n<tr>\n<td style=\"padding: 10px; border-bottom: 1px solid #ddd;\">Tamanho M\u00e1x. da Embalagem (C x L x A)<\/td>\n<td style=\"padding: 10px; border-bottom: 1px solid #ddd;\">650 x 650 x 150 mm<\/td>\n<\/tr>\n<tr>\n<td style=\"padding: 10px; border-bottom: 1px solid #ddd;\">Produ\u00e7\u00e3o<\/td>\n<td style=\"padding: 10px; border-bottom: 1px solid #ddd;\">At\u00e9 4 pcs\/min<\/td>\n<\/tr>\n<tr>\n<td style=\"padding: 10px; border-bottom: 1px solid #ddd;\">Pot\u00eancia<\/td>\n<td style=\"padding: 10px; border-bottom: 1px solid #ddd;\">4.0 kW<\/td>\n<\/tr>\n<tr>\n<td style=\"padding: 10px; border-bottom: 1px solid #ddd;\">Tamanho M\u00e1x. do Filme<\/td>\n<td style=\"padding: 10px; border-bottom: 1px solid #ddd;\">700 mm<\/td>\n<\/tr>\n<tr>\n<td style=\"padding: 10px; border-bottom: 1px solid #ddd;\">Tens\u00e3o<\/td>\n<td style=\"padding: 10px; border-bottom: 1px solid #ddd;\">220v monof\u00e1sico<\/td>\n<\/tr>\n<tr>\n<td style=\"padding: 10px; border-bottom: 1px solid #ddd;\">Press\u00e3o de Ar<\/td>\n<td style=\"padding: 10px; border-bottom: 1px solid #ddd;\">N\u00e3o<\/td>\n<\/tr>\n<tr>\n<td style=\"padding: 10px;\">Peso<\/td>\n<td style=\"padding: 10px;\">90 kg<\/td>\n<\/tr>\n<\/tbody>\n<\/table>\n<\/div>","protected":false},"featured_media":3390,"template":"","meta":{"_acf_changed":false},"product_brand":[],"product_cat":[86,77],"product_tag":[],"class_list":{"0":"post-2767","1":"product","2":"type-product","3":"status-publish","4":"has-post-thumbnail","6":"product_cat-seladoras-manuais-e-semi-auto","7":"product_cat-sem-categoria","9":"first","10":"instock","11":"shipping-taxable","12":"product-type-simple"},"acf":[],"yoast_head":"<!-- This site is optimized with the Yoast SEO Premium plugin v24.5 (Yoast SEO v27.2) - https:\/\/yoast.com\/product\/yoast-seo-premium-wordpress\/ -->\n<title>Seladora Conjugada em L<\/title>\n<meta name=\"description\" content=\"A\u00a0Seladora Conjugada em L BBA Comex\u00a0\u00e9 a escolha ideal para\u00a0empresas que buscam efici\u00eancia e acabamento profissional\u00a0em seus processos de embalagem.\" \/>\n<meta name=\"robots\" content=\"index, follow, max-snippet:-1, max-image-preview:large, max-video-preview:-1\" \/>\n<link rel=\"canonical\" href=\"https:\/\/bbacomex.com.br\/en\/product\/seladora-conjugada-em-l\/\" \/>\n<meta property=\"og:locale\" content=\"en_US\" \/>\n<meta property=\"og:type\" content=\"article\" \/>\n<meta property=\"og:title\" content=\"Seladora Conjugada em L\" \/>\n<meta property=\"og:description\" content=\"A\u00a0Seladora Conjugada em L BBA Comex\u00a0\u00e9 a escolha ideal para\u00a0empresas que buscam efici\u00eancia e acabamento profissional\u00a0em seus processos de embalagem.\" \/>\n<meta property=\"og:url\" content=\"https:\/\/bbacomex.com.br\/en\/product\/seladora-conjugada-em-l\/\" \/>\n<meta property=\"og:site_name\" content=\"BBA Comex\" \/>\n<meta property=\"article:publisher\" content=\"https:\/\/www.facebook.com\/bbacomexoficial\" \/>\n<meta property=\"article:modified_time\" content=\"2025-07-17T19:21:50+00:00\" \/>\n<meta property=\"og:image\" content=\"https:\/\/bbacomex.com.br\/wp-content\/uploads\/2024\/05\/Seladora-Conjugada-3-scaled.jpg\" \/>\n\t<meta property=\"og:image:width\" content=\"2560\" \/>\n\t<meta property=\"og:image:height\" content=\"1707\" \/>\n\t<meta property=\"og:image:type\" content=\"image\/jpeg\" \/>\n<meta name=\"twitter:card\" content=\"summary_large_image\" \/>\n<meta name=\"twitter:label1\" content=\"Price\" \/>\n\t<meta name=\"twitter:data1\" content=\"\" \/>\n\t<meta name=\"twitter:label2\" content=\"Availability\" \/>\n\t<meta name=\"twitter:data2\" content=\"In stock\" \/>\n<script type=\"application\/ld+json\" class=\"yoast-schema-graph\">{\"@context\":\"https:\/\/schema.org\",\"@graph\":[{\"@type\":\"WebPage\",\"@id\":\"https:\/\/bbacomex.com.br\/produto\/seladora-conjugada-em-l\/\",\"url\":\"https:\/\/bbacomex.com.br\/produto\/seladora-conjugada-em-l\/\",\"name\":\"Seladora Conjugada em L\",\"isPartOf\":{\"@id\":\"https:\/\/bbacomex.com.br\/#website\"},\"primaryImageOfPage\":{\"@id\":\"https:\/\/bbacomex.com.br\/produto\/seladora-conjugada-em-l\/#primaryimage\"},\"image\":{\"@id\":\"https:\/\/bbacomex.com.br\/produto\/seladora-conjugada-em-l\/#primaryimage\"},\"thumbnailUrl\":\"https:\/\/bbacomex.com.br\/wp-content\/uploads\/2024\/05\/Seladora-Conjugada-3-scaled.jpg\",\"datePublished\":\"2024-05-29T19:07:34+00:00\",\"dateModified\":\"2025-07-17T19:21:50+00:00\",\"description\":\"A\u00a0Seladora Conjugada em L BBA Comex\u00a0\u00e9 a escolha ideal para\u00a0empresas que buscam efici\u00eancia e acabamento profissional\u00a0em seus processos de embalagem.\",\"breadcrumb\":{\"@id\":\"https:\/\/bbacomex.com.br\/produto\/seladora-conjugada-em-l\/#breadcrumb\"},\"inLanguage\":\"en-US\",\"potentialAction\":[{\"@type\":\"ReadAction\",\"target\":[\"https:\/\/bbacomex.com.br\/produto\/seladora-conjugada-em-l\/\"]}]},{\"@type\":\"ImageObject\",\"inLanguage\":\"en-US\",\"@id\":\"https:\/\/bbacomex.com.br\/produto\/seladora-conjugada-em-l\/#primaryimage\",\"url\":\"https:\/\/bbacomex.com.br\/wp-content\/uploads\/2024\/05\/Seladora-Conjugada-3-scaled.jpg\",\"contentUrl\":\"https:\/\/bbacomex.com.br\/wp-content\/uploads\/2024\/05\/Seladora-Conjugada-3-scaled.jpg\",\"width\":2560,\"height\":1707},{\"@type\":\"BreadcrumbList\",\"@id\":\"https:\/\/bbacomex.com.br\/produto\/seladora-conjugada-em-l\/#breadcrumb\",\"itemListElement\":[{\"@type\":\"ListItem\",\"position\":1,\"name\":\"In\u00edcio\",\"item\":\"https:\/\/bbacomex.com.br\/\"},{\"@type\":\"ListItem\",\"position\":2,\"name\":\"Produtos\",\"item\":\"https:\/\/bbacomex.com.br\/loja\/\"},{\"@type\":\"ListItem\",\"position\":3,\"name\":\"Seladora Conjugada em L\"}]},{\"@type\":\"WebSite\",\"@id\":\"https:\/\/bbacomex.com.br\/#website\",\"url\":\"https:\/\/bbacomex.com.br\/\",\"name\":\"BBA Comex\",\"description\":\"\",\"publisher\":{\"@id\":\"https:\/\/bbacomex.com.br\/#organization\"},\"potentialAction\":[{\"@type\":\"SearchAction\",\"target\":{\"@type\":\"EntryPoint\",\"urlTemplate\":\"https:\/\/bbacomex.com.br\/?s={search_term_string}\"},\"query-input\":{\"@type\":\"PropertyValueSpecification\",\"valueRequired\":true,\"valueName\":\"search_term_string\"}}],\"inLanguage\":\"en-US\"},{\"@type\":\"Organization\",\"@id\":\"https:\/\/bbacomex.com.br\/#organization\",\"name\":\"BBA Comex\",\"url\":\"https:\/\/bbacomex.com.br\/\",\"logo\":{\"@type\":\"ImageObject\",\"inLanguage\":\"en-US\",\"@id\":\"https:\/\/bbacomex.com.br\/#\/schema\/logo\/image\/\",\"url\":\"https:\/\/bbacomex.com.br\/wp-content\/uploads\/2024\/03\/Logo_Rodape.png\",\"contentUrl\":\"https:\/\/bbacomex.com.br\/wp-content\/uploads\/2024\/03\/Logo_Rodape.png\",\"width\":350,\"height\":160,\"caption\":\"BBA Comex\"},\"image\":{\"@id\":\"https:\/\/bbacomex.com.br\/#\/schema\/logo\/image\/\"},\"sameAs\":[\"https:\/\/www.facebook.com\/bbacomexoficial\",\"https:\/\/www.instagram.com\/bbacomex\/\",\"https:\/\/www.linkedin.com\/company\/bba-comex\/\"]}]}<\/script>\n<meta property=\"product:price:currency\" content=\"BRL\" \/>\n<meta property=\"og:availability\" content=\"instock\" \/>\n<meta property=\"product:availability\" content=\"instock\" \/>\n<meta property=\"product:condition\" content=\"new\" \/>\n<!-- \/ Yoast SEO Premium plugin. -->","yoast_head_json":{"title":"Seladora Conjugada em L","description":"A\u00a0Seladora Conjugada em L BBA Comex\u00a0\u00e9 a escolha ideal para\u00a0empresas que buscam efici\u00eancia e acabamento profissional\u00a0em seus processos de embalagem.","robots":{"index":"index","follow":"follow","max-snippet":"max-snippet:-1","max-image-preview":"max-image-preview:large","max-video-preview":"max-video-preview:-1"},"canonical":"https:\/\/bbacomex.com.br\/en\/product\/seladora-conjugada-em-l\/","og_locale":"en_US","og_type":"article","og_title":"Seladora Conjugada em L","og_description":"A\u00a0Seladora Conjugada em L BBA Comex\u00a0\u00e9 a escolha ideal para\u00a0empresas que buscam efici\u00eancia e acabamento profissional\u00a0em seus processos de embalagem.","og_url":"https:\/\/bbacomex.com.br\/en\/product\/seladora-conjugada-em-l\/","og_site_name":"BBA Comex","article_publisher":"https:\/\/www.facebook.com\/bbacomexoficial","article_modified_time":"2025-07-17T19:21:50+00:00","og_image":[{"width":2560,"height":1707,"url":"https:\/\/bbacomex.com.br\/wp-content\/uploads\/2024\/05\/Seladora-Conjugada-3-scaled.jpg","type":"image\/jpeg"}],"twitter_card":"summary_large_image","twitter_misc":{"Price":"","Availability":"In stock"},"schema":{"@context":"https:\/\/schema.org","@graph":[{"@type":"WebPage","@id":"https:\/\/bbacomex.com.br\/produto\/seladora-conjugada-em-l\/","url":"https:\/\/bbacomex.com.br\/produto\/seladora-conjugada-em-l\/","name":"Seladora Conjugada em L","isPartOf":{"@id":"https:\/\/bbacomex.com.br\/#website"},"primaryImageOfPage":{"@id":"https:\/\/bbacomex.com.br\/produto\/seladora-conjugada-em-l\/#primaryimage"},"image":{"@id":"https:\/\/bbacomex.com.br\/produto\/seladora-conjugada-em-l\/#primaryimage"},"thumbnailUrl":"https:\/\/bbacomex.com.br\/wp-content\/uploads\/2024\/05\/Seladora-Conjugada-3-scaled.jpg","datePublished":"2024-05-29T19:07:34+00:00","dateModified":"2025-07-17T19:21:50+00:00","description":"A\u00a0Seladora Conjugada em L BBA Comex\u00a0\u00e9 a escolha ideal para\u00a0empresas que buscam efici\u00eancia e acabamento profissional\u00a0em seus processos de embalagem.","breadcrumb":{"@id":"https:\/\/bbacomex.com.br\/produto\/seladora-conjugada-em-l\/#breadcrumb"},"inLanguage":"en-US","potentialAction":[{"@type":"ReadAction","target":["https:\/\/bbacomex.com.br\/produto\/seladora-conjugada-em-l\/"]}]},{"@type":"ImageObject","inLanguage":"en-US","@id":"https:\/\/bbacomex.com.br\/produto\/seladora-conjugada-em-l\/#primaryimage","url":"https:\/\/bbacomex.com.br\/wp-content\/uploads\/2024\/05\/Seladora-Conjugada-3-scaled.jpg","contentUrl":"https:\/\/bbacomex.com.br\/wp-content\/uploads\/2024\/05\/Seladora-Conjugada-3-scaled.jpg","width":2560,"height":1707},{"@type":"BreadcrumbList","@id":"https:\/\/bbacomex.com.br\/produto\/seladora-conjugada-em-l\/#breadcrumb","itemListElement":[{"@type":"ListItem","position":1,"name":"In\u00edcio","item":"https:\/\/bbacomex.com.br\/"},{"@type":"ListItem","position":2,"name":"Produtos","item":"https:\/\/bbacomex.com.br\/loja\/"},{"@type":"ListItem","position":3,"name":"Seladora Conjugada em L"}]},{"@type":"WebSite","@id":"https:\/\/bbacomex.com.br\/#website","url":"https:\/\/bbacomex.com.br\/","name":"BBA Comex","description":"","publisher":{"@id":"https:\/\/bbacomex.com.br\/#organization"},"potentialAction":[{"@type":"SearchAction","target":{"@type":"EntryPoint","urlTemplate":"https:\/\/bbacomex.com.br\/?s={search_term_string}"},"query-input":{"@type":"PropertyValueSpecification","valueRequired":true,"valueName":"search_term_string"}}],"inLanguage":"en-US"},{"@type":"Organization","@id":"https:\/\/bbacomex.com.br\/#organization","name":"BBA Comex","url":"https:\/\/bbacomex.com.br\/","logo":{"@type":"ImageObject","inLanguage":"en-US","@id":"https:\/\/bbacomex.com.br\/#\/schema\/logo\/image\/","url":"https:\/\/bbacomex.com.br\/wp-content\/uploads\/2024\/03\/Logo_Rodape.png","contentUrl":"https:\/\/bbacomex.com.br\/wp-content\/uploads\/2024\/03\/Logo_Rodape.png","width":350,"height":160,"caption":"BBA Comex"},"image":{"@id":"https:\/\/bbacomex.com.br\/#\/schema\/logo\/image\/"},"sameAs":["https:\/\/www.facebook.com\/bbacomexoficial","https:\/\/www.instagram.com\/bbacomex\/","https:\/\/www.linkedin.com\/company\/bba-comex\/"]}]},"product_price_currency":"BRL","og_availability":"instock","product_availability":"instock","product_condition":"new"},"_links":{"self":[{"href":"https:\/\/bbacomex.com.br\/en\/wp-json\/wp\/v2\/product\/2767","targetHints":{"allow":["GET"]}}],"collection":[{"href":"https:\/\/bbacomex.com.br\/en\/wp-json\/wp\/v2\/product"}],"about":[{"href":"https:\/\/bbacomex.com.br\/en\/wp-json\/wp\/v2\/types\/product"}],"wp:featuredmedia":[{"embeddable":true,"href":"https:\/\/bbacomex.com.br\/en\/wp-json\/wp\/v2\/media\/3390"}],"wp:attachment":[{"href":"https:\/\/bbacomex.com.br\/en\/wp-json\/wp\/v2\/media?parent=2767"}],"wp:term":[{"taxonomy":"product_brand","embeddable":true,"href":"https:\/\/bbacomex.com.br\/en\/wp-json\/wp\/v2\/product_brand?post=2767"},{"taxonomy":"product_cat","embeddable":true,"href":"https:\/\/bbacomex.com.br\/en\/wp-json\/wp\/v2\/product_cat?post=2767"},{"taxonomy":"product_tag","embeddable":true,"href":"https:\/\/bbacomex.com.br\/en\/wp-json\/wp\/v2\/product_tag?post=2767"}],"curies":[{"name":"wp","href":"https:\/\/api.w.org\/{rel}","templated":true}]}}