{"id":2770,"date":"2024-05-29T16:32:05","date_gmt":"2024-05-29T19:32:05","guid":{"rendered":"https:\/\/bbacomex.com.br\/?post_type=product&#038;p=2770"},"modified":"2025-07-17T16:33:34","modified_gmt":"2025-07-17T19:33:34","slug":"seladora-economica-com-tunel-economico","status":"publish","type":"product","link":"https:\/\/bbacomex.com.br\/en\/product\/seladora-economica-com-tunel-economico\/","title":{"rendered":"Seladora Econ\u00f4mica com T\u00fanel Econ\u00f4mico"},"content":{"rendered":"<div class=\"elementor-element elementor-element-3db3e01 elementor-widget__width-initial elementor-widget elementor-widget-text-editor\" data-id=\"3db3e01\" data-element_type=\"widget\" data-widget_type=\"text-editor.default\">\n<div class=\"elementor-widget-container\">\n<div class=\"elementor-element elementor-element-5bfbfe5 elementor-widget__width-initial elementor-widget elementor-widget-text-editor\" data-id=\"5bfbfe5\" data-element_type=\"widget\" data-widget_type=\"text-editor.default\">\n<div class=\"elementor-widget-container\">\n<div class=\"elementor-element elementor-element-f50db4f elementor-widget__width-initial elementor-widget elementor-widget-text-editor\" data-id=\"f50db4f\" data-element_type=\"widget\" data-widget_type=\"text-editor.default\">\n<div class=\"elementor-widget-container\">\n<div class=\"elementor-element elementor-element-3db3e01 elementor-widget__width-initial elementor-widget elementor-widget-text-editor\" data-id=\"3db3e01\" data-element_type=\"widget\" data-widget_type=\"text-editor.default\">\n<div class=\"elementor-widget-container\">\n<div class=\"elementor-element elementor-element-5bfbfe5 elementor-widget__width-initial elementor-widget elementor-widget-text-editor\" data-id=\"5bfbfe5\" data-element_type=\"widget\" data-widget_type=\"text-editor.default\">\n<div class=\"elementor-widget-container\">\n<div class=\"elementor-element elementor-element-f50db4f elementor-widget__width-initial elementor-widget elementor-widget-text-editor\" data-id=\"f50db4f\" data-element_type=\"widget\" data-widget_type=\"text-editor.default\">\n<div class=\"elementor-widget-container\">\n<div class=\"elementor-element elementor-element-7e3edc1 elementor-widget__width-initial elementor-widget elementor-widget-text-editor\" data-id=\"7e3edc1\" data-element_type=\"widget\" data-widget_type=\"text-editor.default\">\n<div class=\"elementor-widget-container\">\n<p>The\u00a0<strong>Seladora Econ\u00f4mica com T\u00fanel Econ\u00f4mico da BBA Comex<\/strong>\u00a0\u00e9 a solu\u00e7\u00e3o ideal para\u00a0<strong>embalagens termoencolh\u00edveis com alta efici\u00eancia, controle operacional e \u00f3timo custo-benef\u00edcio<\/strong>. Indicada para opera\u00e7\u00f5es de pequeno a m\u00e9dio porte, ela une\u00a0<strong>robustez estrutural, seguran\u00e7a no processo e acabamento profissional<\/strong>, atendendo diferentes segmentos industriais.<\/p>\n<p><strong>Seladora Econ\u00f4mica \u2013 Praticidade e Produtividade no Selamento<\/strong><\/p>\n<p>Constru\u00edda em\u00a0<strong>a\u00e7o carbono com pintura industrial<\/strong>, a seladora incorpora recursos que facilitam a opera\u00e7\u00e3o, a regulagem e a manuten\u00e7\u00e3o. Com\u00a0<strong>selagem em L acionada por cilindro pneum\u00e1tico<\/strong>\u00a0e\u00a0<strong>barras de n\u00edquel cromo revestidas com teflon<\/strong>, ela realiza selagens precisas com velocidade e seguran\u00e7a.<\/p>\n<p><strong>Destaques t\u00e9cnicos:<\/strong><\/p>\n<ul>\n<li>Acionamento pneum\u00e1tico est\u00e1vel e silencioso<\/li>\n<li>Tr\u00eas temporizadores: tempo da esteira, selagem e modo autom\u00e1tico<\/li>\n<li>Regulagem de altura da esteira de sa\u00edda por volante<\/li>\n<li>Produ\u00e7\u00e3o m\u00e9dia de\u00a0<strong>8 a 12 embalagens por minuto<\/strong><\/li>\n<li>Selagem horizontal e vertical em um \u00fanico movimento<\/li>\n<li>Tamanho da selagem ajust\u00e1vel<\/li>\n<li>Prote\u00e7\u00e3o contra choque el\u00e9trico e queimaduras<\/li>\n<li>Estrutura s\u00f3lida com pe\u00e7as de reposi\u00e7\u00e3o dispon\u00edveis<\/li>\n<\/ul>\n<p>&nbsp;<\/p>\n<p><strong>T\u00fanel Econ\u00f4mico \u2013 Alto Desempenho com Seguran\u00e7a e Estabilidade<\/strong><\/p>\n<p>The\u00a0<strong>t\u00fanel econ\u00f4mico<\/strong>\u00a0da BBA Comex utiliza\u00a0<strong>circula\u00e7\u00e3o interna de ar quente<\/strong>\u00a0para realizar o encolhimento uniforme de filmes termoencolh\u00edveis, oferecendo\u00a0<strong>controle preciso de temperatura e velocidade<\/strong>, al\u00e9m de diferenciais construtivos que garantem\u00a0<strong>seguran\u00e7a, estabilidade e baixo custo operacional<\/strong>.<\/p>\n<p><strong>Diferenciais t\u00e9cnicos:<\/strong><\/p>\n<ul>\n<li>Painel digital com\u00a0<strong>controle eletr\u00f4nico de temperatura e velocidade da esteira<\/strong><\/li>\n<li><strong>Activation of internal ventilation system<\/strong>\u00a0para distribui\u00e7\u00e3o t\u00e9rmica homog\u00eanea<\/li>\n<li><strong>Bot\u00e3o de parada de emerg\u00eancia<\/strong>\u00a0para maior seguran\u00e7a em casos de interrup\u00e7\u00e3o imediata<\/li>\n<li><strong>P\u00e9s com vibra stop<\/strong>, que absorvem vibra\u00e7\u00f5es e garantem estabilidade mesmo em opera\u00e7\u00e3o cont\u00ednua<\/li>\n<li><strong>Roletes revestidos com tubos de silicone<\/strong><\/li>\n<li>Baixo consumo de energia e\u00a0<strong>manuten\u00e7\u00e3o simplificada<\/strong><\/li>\n<\/ul>\n<p>&nbsp;<\/p>\n<p><strong>A Seladora Econ\u00f4mica com T\u00fanel Econ\u00f4mico da BBA Comex<\/strong>\u00a0\u00e9 a escolha ideal para empresas que desejam\u00a0<strong>embalar com seguran\u00e7a, qualidade e efici\u00eancia<\/strong>, com o melhor custo-benef\u00edcio do mercado.<\/p>\n<\/div>\n<\/div>\n<p><strong>V\u00eddeo:<\/strong><br \/>\n<iframe title=\"YouTube video player\" src=\"https:\/\/www.youtube.com\/embed\/T7Phe3oB610?si=p_FMT1oUzwWhcyY7\" width=\"560\" height=\"315\" frameborder=\"0\" allowfullscreen=\"allowfullscreen\"><\/iframe><\/p>\n<\/div>\n<\/div>\n<\/div>\n<\/div>\n<\/div>\n<\/div>\n<\/div>\n<\/div>\n<\/div>\n<\/div>\n<\/div>\n<\/div>","protected":false},"excerpt":{"rendered":"<p><!-- SELADORA ECON\u00d4MICA --><\/p>\n<div style=\"max-width: 600px; margin: 40px auto; font-family: Arial, sans-serif; border: 2px solid #0044cc; border-radius: 10px; overflow: hidden;\">\n<div style=\"background-color: #0044cc; color: white; padding: 10px 20px; font-size: 20px; font-weight: bold;\">Seladora Econ\u00f4mica<\/div>\n<div style=\"background-color: #eaf0ff; padding: 10px 20px; font-size: 14px; font-weight: bold;\">Dados T\u00e9cnicos<\/div>\n<table style=\"width: 100%; border-collapse: collapse; font-size: 14px;\">\n<tbody>\n<tr>\n<td style=\"padding: 10px; border-bottom: 1px solid #ddd;\">Dimens\u00f5es da M\u00e1quina (C x L x A)<\/td>\n<td style=\"padding: 10px; border-bottom: 1px solid #ddd;\">1700 x 960 x 1400 mm<\/td>\n<\/tr>\n<tr>\n<td style=\"padding: 10px; border-bottom: 1px solid #ddd;\">Tamanho M\u00e1x. da Embalagem (C x L x A)<\/td>\n<td style=\"padding: 10px; border-bottom: 1px solid #ddd;\">520 x 420 x 150 mm<\/td>\n<\/tr>\n<tr>\n<td style=\"padding: 10px; border-bottom: 1px solid #ddd;\">Produ\u00e7\u00e3o<\/td>\n<td style=\"padding: 10px; border-bottom: 1px solid #ddd;\">8 a 15 pcs\/min<\/td>\n<\/tr>\n<tr>\n<td style=\"padding: 10px; border-bottom: 1px solid #ddd;\">Pot\u00eancia<\/td>\n<td style=\"padding: 10px; border-bottom: 1px solid #ddd;\">1 kW<\/td>\n<\/tr>\n<tr>\n<td style=\"padding: 10px; border-bottom: 1px solid #ddd;\">Tamanho M\u00e1x. do Filme<\/td>\n<td style=\"padding: 10px; border-bottom: 1px solid #ddd;\">500 mm<\/td>\n<\/tr>\n<tr>\n<td style=\"padding: 10px; border-bottom: 1px solid #ddd;\">Tens\u00e3o<\/td>\n<td style=\"padding: 10px; border-bottom: 1px solid #ddd;\">220v monof\u00e1sico<\/td>\n<\/tr>\n<tr>\n<td style=\"padding: 10px; border-bottom: 1px solid #ddd;\">Press\u00e3o de Ar<\/td>\n<td style=\"padding: 10px; border-bottom: 1px solid #ddd;\">4 ~ 6 kg\/cm\u00b3<\/td>\n<\/tr>\n<tr>\n<td style=\"padding: 10px;\">Peso<\/td>\n<td style=\"padding: 10px;\">150 kg<\/td>\n<\/tr>\n<\/tbody>\n<\/table>\n<\/div>\n<div style=\"max-width: 600px; margin: 40px auto; font-family: Arial, sans-serif; border: 2px solid #0044cc; border-radius: 10px; overflow: hidden;\">\n<div style=\"background-color: #0044cc; color: white; padding: 10px 20px; font-size: 20px; font-weight: bold;\">T\u00fanel de Encolhimento BSA 450<\/div>\n<div style=\"background-color: #eaf0ff; padding: 10px 20px; font-size: 14px; font-weight: bold;\">Dados T\u00e9cnicos<\/div>\n<table style=\"width: 100%; border-collapse: collapse; font-size: 14px;\">\n<tbody>\n<tr>\n<td style=\"padding: 10px; border-bottom: 1px solid #ddd;\">Dimens\u00f5es do T\u00fanel (L x C x A)<\/td>\n<td style=\"padding: 10px; border-bottom: 1px solid #ddd;\">650 x 1230 x 1350 mm<\/td>\n<\/tr>\n<tr>\n<td style=\"padding: 10px; border-bottom: 1px solid #ddd;\">Tamanho M\u00e1x. Embalagem (L x A)<\/td>\n<td style=\"padding: 10px; border-bottom: 1px solid #ddd;\">250 x 450 mm<\/td>\n<\/tr>\n<tr>\n<td style=\"padding: 10px; border-bottom: 1px solid #ddd;\">Tamanho M\u00e1x. T\u00fanel (L x A)<\/td>\n<td style=\"padding: 10px; border-bottom: 1px solid #ddd;\">220 x 420 mm<\/td>\n<\/tr>\n<tr>\n<td style=\"padding: 10px; border-bottom: 1px solid #ddd;\">Velocidade da Embalagem<\/td>\n<td style=\"padding: 10px; border-bottom: 1px solid #ddd;\">20\u201330 pcs\/min<\/td>\n<\/tr>\n<tr>\n<td style=\"padding: 10px; border-bottom: 1px solid #ddd;\">Peso<\/td>\n<td style=\"padding: 10px; border-bottom: 1px solid #ddd;\">100 kg<\/td>\n<\/tr>\n<tr>\n<td style=\"padding: 10px; border-bottom: 1px solid #ddd;\">Pot\u00eancia<\/td>\n<td style=\"padding: 10px; border-bottom: 1px solid #ddd;\">7,5 KW<\/td>\n<\/tr>\n<tr>\n<td style=\"padding: 10px; border-bottom: 1px solid #ddd;\">Peso M\u00e1ximo do Produto<\/td>\n<td style=\"padding: 10px; border-bottom: 1px solid #ddd;\">10 kg<\/td>\n<\/tr>\n<tr>\n<td style=\"padding: 10px;\">Alimenta\u00e7\u00e3o El\u00e9trica<\/td>\n<td style=\"padding: 10px;\">3 \u03a6220V \/ 380V 60HZ<\/td>\n<\/tr>\n<\/tbody>\n<\/table>\n<\/div>","protected":false},"featured_media":3422,"template":"","meta":{"_acf_changed":false},"product_brand":[],"product_cat":[86,77],"product_tag":[],"class_list":{"0":"post-2770","1":"product","2":"type-product","3":"status-publish","4":"has-post-thumbnail","6":"product_cat-seladoras-manuais-e-semi-auto","7":"product_cat-sem-categoria","9":"first","10":"instock","11":"shipping-taxable","12":"product-type-simple"},"acf":[],"yoast_head":"<!-- This site is optimized with the Yoast SEO Premium plugin v24.5 (Yoast SEO v27.2) - https:\/\/yoast.com\/product\/yoast-seo-premium-wordpress\/ -->\n<title>Seladora Econ\u00f4mica com T\u00fanel Econ\u00f4mico<\/title>\n<meta name=\"description\" content=\"A\u00a0Seladora Econ\u00f4mica com T\u00fanel Econ\u00f4mico \u00a0\u00e9 a solu\u00e7\u00e3o ideal para\u00a0embalagens termoencolh\u00edveis com alta efici\u00eancia e controle operacional.\" \/>\n<meta name=\"robots\" content=\"index, follow, max-snippet:-1, max-image-preview:large, max-video-preview:-1\" \/>\n<link rel=\"canonical\" href=\"https:\/\/bbacomex.com.br\/en\/producto\/seladora-economica-com-tunel-economico\/\" \/>\n<meta property=\"og:locale\" content=\"en_US\" \/>\n<meta property=\"og:type\" content=\"article\" \/>\n<meta property=\"og:title\" content=\"Seladora Econ\u00f4mica com T\u00fanel Econ\u00f4mico\" \/>\n<meta property=\"og:description\" content=\"A\u00a0Seladora Econ\u00f4mica com T\u00fanel Econ\u00f4mico \u00a0\u00e9 a solu\u00e7\u00e3o ideal para\u00a0embalagens termoencolh\u00edveis com alta efici\u00eancia e controle operacional.\" \/>\n<meta property=\"og:url\" content=\"https:\/\/bbacomex.com.br\/en\/producto\/seladora-economica-com-tunel-economico\/\" \/>\n<meta property=\"og:site_name\" content=\"BBA Comex\" \/>\n<meta property=\"article:publisher\" content=\"https:\/\/www.facebook.com\/bbacomexoficial\" \/>\n<meta property=\"article:modified_time\" content=\"2025-07-17T19:33:34+00:00\" \/>\n<meta property=\"og:image\" content=\"https:\/\/bbacomex.com.br\/wp-content\/uploads\/2024\/05\/Maquinario-Guarulhos-22-scaled.jpg\" \/>\n\t<meta property=\"og:image:width\" content=\"2560\" \/>\n\t<meta property=\"og:image:height\" content=\"1707\" \/>\n\t<meta property=\"og:image:type\" content=\"image\/jpeg\" \/>\n<meta name=\"twitter:card\" content=\"summary_large_image\" \/>\n<meta name=\"twitter:label1\" content=\"Price\" \/>\n\t<meta name=\"twitter:data1\" content=\"\" \/>\n\t<meta name=\"twitter:label2\" content=\"Availability\" \/>\n\t<meta name=\"twitter:data2\" content=\"In stock\" \/>\n<script type=\"application\/ld+json\" class=\"yoast-schema-graph\">{\"@context\":\"https:\/\/schema.org\",\"@graph\":[{\"@type\":\"WebPage\",\"@id\":\"https:\/\/bbacomex.com.br\/es\/producto\/seladora-economica-com-tunel-economico\/\",\"url\":\"https:\/\/bbacomex.com.br\/es\/producto\/seladora-economica-com-tunel-economico\/\",\"name\":\"Seladora Econ\u00f4mica com T\u00fanel Econ\u00f4mico\",\"isPartOf\":{\"@id\":\"https:\/\/bbacomex.com.br\/#website\"},\"primaryImageOfPage\":{\"@id\":\"https:\/\/bbacomex.com.br\/es\/producto\/seladora-economica-com-tunel-economico\/#primaryimage\"},\"image\":{\"@id\":\"https:\/\/bbacomex.com.br\/es\/producto\/seladora-economica-com-tunel-economico\/#primaryimage\"},\"thumbnailUrl\":\"https:\/\/bbacomex.com.br\/wp-content\/uploads\/2024\/05\/Maquinario-Guarulhos-22-scaled.jpg\",\"datePublished\":\"2024-05-29T19:32:05+00:00\",\"dateModified\":\"2025-07-17T19:33:34+00:00\",\"description\":\"A\u00a0Seladora Econ\u00f4mica com T\u00fanel Econ\u00f4mico \u00a0\u00e9 a solu\u00e7\u00e3o ideal para\u00a0embalagens termoencolh\u00edveis com alta efici\u00eancia e controle operacional.\",\"breadcrumb\":{\"@id\":\"https:\/\/bbacomex.com.br\/es\/producto\/seladora-economica-com-tunel-economico\/#breadcrumb\"},\"inLanguage\":\"en-US\",\"potentialAction\":[{\"@type\":\"ReadAction\",\"target\":[\"https:\/\/bbacomex.com.br\/es\/producto\/seladora-economica-com-tunel-economico\/\"]}]},{\"@type\":\"ImageObject\",\"inLanguage\":\"en-US\",\"@id\":\"https:\/\/bbacomex.com.br\/es\/producto\/seladora-economica-com-tunel-economico\/#primaryimage\",\"url\":\"https:\/\/bbacomex.com.br\/wp-content\/uploads\/2024\/05\/Maquinario-Guarulhos-22-scaled.jpg\",\"contentUrl\":\"https:\/\/bbacomex.com.br\/wp-content\/uploads\/2024\/05\/Maquinario-Guarulhos-22-scaled.jpg\",\"width\":2560,\"height\":1707},{\"@type\":\"BreadcrumbList\",\"@id\":\"https:\/\/bbacomex.com.br\/es\/producto\/seladora-economica-com-tunel-economico\/#breadcrumb\",\"itemListElement\":[{\"@type\":\"ListItem\",\"position\":1,\"name\":\"In\u00edcio\",\"item\":\"https:\/\/bbacomex.com.br\/\"},{\"@type\":\"ListItem\",\"position\":2,\"name\":\"Produtos\",\"item\":\"https:\/\/bbacomex.com.br\/loja\/\"},{\"@type\":\"ListItem\",\"position\":3,\"name\":\"Seladora Econ\u00f4mica com T\u00fanel Econ\u00f4mico\"}]},{\"@type\":\"WebSite\",\"@id\":\"https:\/\/bbacomex.com.br\/#website\",\"url\":\"https:\/\/bbacomex.com.br\/\",\"name\":\"BBA Comex\",\"description\":\"\",\"publisher\":{\"@id\":\"https:\/\/bbacomex.com.br\/#organization\"},\"potentialAction\":[{\"@type\":\"SearchAction\",\"target\":{\"@type\":\"EntryPoint\",\"urlTemplate\":\"https:\/\/bbacomex.com.br\/?s={search_term_string}\"},\"query-input\":{\"@type\":\"PropertyValueSpecification\",\"valueRequired\":true,\"valueName\":\"search_term_string\"}}],\"inLanguage\":\"en-US\"},{\"@type\":\"Organization\",\"@id\":\"https:\/\/bbacomex.com.br\/#organization\",\"name\":\"BBA Comex\",\"url\":\"https:\/\/bbacomex.com.br\/\",\"logo\":{\"@type\":\"ImageObject\",\"inLanguage\":\"en-US\",\"@id\":\"https:\/\/bbacomex.com.br\/#\/schema\/logo\/image\/\",\"url\":\"https:\/\/bbacomex.com.br\/wp-content\/uploads\/2024\/03\/Logo_Rodape.png\",\"contentUrl\":\"https:\/\/bbacomex.com.br\/wp-content\/uploads\/2024\/03\/Logo_Rodape.png\",\"width\":350,\"height\":160,\"caption\":\"BBA Comex\"},\"image\":{\"@id\":\"https:\/\/bbacomex.com.br\/#\/schema\/logo\/image\/\"},\"sameAs\":[\"https:\/\/www.facebook.com\/bbacomexoficial\",\"https:\/\/www.instagram.com\/bbacomex\/\",\"https:\/\/www.linkedin.com\/company\/bba-comex\/\"]}]}<\/script>\n<meta property=\"product:price:currency\" content=\"BRL\" \/>\n<meta property=\"og:availability\" content=\"instock\" \/>\n<meta property=\"product:availability\" content=\"instock\" \/>\n<meta property=\"product:condition\" content=\"new\" \/>\n<!-- \/ Yoast SEO Premium plugin. -->","yoast_head_json":{"title":"Seladora Econ\u00f4mica com T\u00fanel Econ\u00f4mico","description":"A\u00a0Seladora Econ\u00f4mica com T\u00fanel Econ\u00f4mico \u00a0\u00e9 a solu\u00e7\u00e3o ideal para\u00a0embalagens termoencolh\u00edveis com alta efici\u00eancia e controle operacional.","robots":{"index":"index","follow":"follow","max-snippet":"max-snippet:-1","max-image-preview":"max-image-preview:large","max-video-preview":"max-video-preview:-1"},"canonical":"https:\/\/bbacomex.com.br\/en\/producto\/seladora-economica-com-tunel-economico\/","og_locale":"en_US","og_type":"article","og_title":"Seladora Econ\u00f4mica com T\u00fanel Econ\u00f4mico","og_description":"A\u00a0Seladora Econ\u00f4mica com T\u00fanel Econ\u00f4mico \u00a0\u00e9 a solu\u00e7\u00e3o ideal para\u00a0embalagens termoencolh\u00edveis com alta efici\u00eancia e controle operacional.","og_url":"https:\/\/bbacomex.com.br\/en\/producto\/seladora-economica-com-tunel-economico\/","og_site_name":"BBA Comex","article_publisher":"https:\/\/www.facebook.com\/bbacomexoficial","article_modified_time":"2025-07-17T19:33:34+00:00","og_image":[{"width":2560,"height":1707,"url":"https:\/\/bbacomex.com.br\/wp-content\/uploads\/2024\/05\/Maquinario-Guarulhos-22-scaled.jpg","type":"image\/jpeg"}],"twitter_card":"summary_large_image","twitter_misc":{"Price":"","Availability":"In stock"},"schema":{"@context":"https:\/\/schema.org","@graph":[{"@type":"WebPage","@id":"https:\/\/bbacomex.com.br\/es\/producto\/seladora-economica-com-tunel-economico\/","url":"https:\/\/bbacomex.com.br\/es\/producto\/seladora-economica-com-tunel-economico\/","name":"Seladora Econ\u00f4mica com T\u00fanel Econ\u00f4mico","isPartOf":{"@id":"https:\/\/bbacomex.com.br\/#website"},"primaryImageOfPage":{"@id":"https:\/\/bbacomex.com.br\/es\/producto\/seladora-economica-com-tunel-economico\/#primaryimage"},"image":{"@id":"https:\/\/bbacomex.com.br\/es\/producto\/seladora-economica-com-tunel-economico\/#primaryimage"},"thumbnailUrl":"https:\/\/bbacomex.com.br\/wp-content\/uploads\/2024\/05\/Maquinario-Guarulhos-22-scaled.jpg","datePublished":"2024-05-29T19:32:05+00:00","dateModified":"2025-07-17T19:33:34+00:00","description":"A\u00a0Seladora Econ\u00f4mica com T\u00fanel Econ\u00f4mico \u00a0\u00e9 a solu\u00e7\u00e3o ideal para\u00a0embalagens termoencolh\u00edveis com alta efici\u00eancia e controle operacional.","breadcrumb":{"@id":"https:\/\/bbacomex.com.br\/es\/producto\/seladora-economica-com-tunel-economico\/#breadcrumb"},"inLanguage":"en-US","potentialAction":[{"@type":"ReadAction","target":["https:\/\/bbacomex.com.br\/es\/producto\/seladora-economica-com-tunel-economico\/"]}]},{"@type":"ImageObject","inLanguage":"en-US","@id":"https:\/\/bbacomex.com.br\/es\/producto\/seladora-economica-com-tunel-economico\/#primaryimage","url":"https:\/\/bbacomex.com.br\/wp-content\/uploads\/2024\/05\/Maquinario-Guarulhos-22-scaled.jpg","contentUrl":"https:\/\/bbacomex.com.br\/wp-content\/uploads\/2024\/05\/Maquinario-Guarulhos-22-scaled.jpg","width":2560,"height":1707},{"@type":"BreadcrumbList","@id":"https:\/\/bbacomex.com.br\/es\/producto\/seladora-economica-com-tunel-economico\/#breadcrumb","itemListElement":[{"@type":"ListItem","position":1,"name":"In\u00edcio","item":"https:\/\/bbacomex.com.br\/"},{"@type":"ListItem","position":2,"name":"Produtos","item":"https:\/\/bbacomex.com.br\/loja\/"},{"@type":"ListItem","position":3,"name":"Seladora Econ\u00f4mica com T\u00fanel Econ\u00f4mico"}]},{"@type":"WebSite","@id":"https:\/\/bbacomex.com.br\/#website","url":"https:\/\/bbacomex.com.br\/","name":"BBA Comex","description":"","publisher":{"@id":"https:\/\/bbacomex.com.br\/#organization"},"potentialAction":[{"@type":"SearchAction","target":{"@type":"EntryPoint","urlTemplate":"https:\/\/bbacomex.com.br\/?s={search_term_string}"},"query-input":{"@type":"PropertyValueSpecification","valueRequired":true,"valueName":"search_term_string"}}],"inLanguage":"en-US"},{"@type":"Organization","@id":"https:\/\/bbacomex.com.br\/#organization","name":"BBA Comex","url":"https:\/\/bbacomex.com.br\/","logo":{"@type":"ImageObject","inLanguage":"en-US","@id":"https:\/\/bbacomex.com.br\/#\/schema\/logo\/image\/","url":"https:\/\/bbacomex.com.br\/wp-content\/uploads\/2024\/03\/Logo_Rodape.png","contentUrl":"https:\/\/bbacomex.com.br\/wp-content\/uploads\/2024\/03\/Logo_Rodape.png","width":350,"height":160,"caption":"BBA Comex"},"image":{"@id":"https:\/\/bbacomex.com.br\/#\/schema\/logo\/image\/"},"sameAs":["https:\/\/www.facebook.com\/bbacomexoficial","https:\/\/www.instagram.com\/bbacomex\/","https:\/\/www.linkedin.com\/company\/bba-comex\/"]}]},"product_price_currency":"BRL","og_availability":"instock","product_availability":"instock","product_condition":"new"},"_links":{"self":[{"href":"https:\/\/bbacomex.com.br\/en\/wp-json\/wp\/v2\/product\/2770","targetHints":{"allow":["GET"]}}],"collection":[{"href":"https:\/\/bbacomex.com.br\/en\/wp-json\/wp\/v2\/product"}],"about":[{"href":"https:\/\/bbacomex.com.br\/en\/wp-json\/wp\/v2\/types\/product"}],"wp:featuredmedia":[{"embeddable":true,"href":"https:\/\/bbacomex.com.br\/en\/wp-json\/wp\/v2\/media\/3422"}],"wp:attachment":[{"href":"https:\/\/bbacomex.com.br\/en\/wp-json\/wp\/v2\/media?parent=2770"}],"wp:term":[{"taxonomy":"product_brand","embeddable":true,"href":"https:\/\/bbacomex.com.br\/en\/wp-json\/wp\/v2\/product_brand?post=2770"},{"taxonomy":"product_cat","embeddable":true,"href":"https:\/\/bbacomex.com.br\/en\/wp-json\/wp\/v2\/product_cat?post=2770"},{"taxonomy":"product_tag","embeddable":true,"href":"https:\/\/bbacomex.com.br\/en\/wp-json\/wp\/v2\/product_tag?post=2770"}],"curies":[{"name":"wp","href":"https:\/\/api.w.org\/{rel}","templated":true}]}}