{"id":2773,"date":"2024-05-29T16:43:53","date_gmt":"2024-05-29T19:43:53","guid":{"rendered":"https:\/\/bbacomex.com.br\/?post_type=product&#038;p=2773"},"modified":"2025-07-17T16:41:37","modified_gmt":"2025-07-17T19:41:37","slug":"seladora-automatica-em-l-master","status":"publish","type":"product","link":"https:\/\/bbacomex.com.br\/en\/product\/seladora-automatica-em-l-master\/","title":{"rendered":"Seladora Automatica em L &#8211; Master"},"content":{"rendered":"<div class=\"elementor-element elementor-element-3db3e01 elementor-widget__width-initial elementor-widget elementor-widget-text-editor\" data-id=\"3db3e01\" data-element_type=\"widget\" data-widget_type=\"text-editor.default\">\n<div class=\"elementor-widget-container\">\n<div class=\"elementor-element elementor-element-5bfbfe5 elementor-widget__width-initial elementor-widget elementor-widget-text-editor\" data-id=\"5bfbfe5\" data-element_type=\"widget\" data-widget_type=\"text-editor.default\">\n<div class=\"elementor-widget-container\">\n<div class=\"elementor-element elementor-element-f50db4f elementor-widget__width-initial elementor-widget elementor-widget-text-editor\" data-id=\"f50db4f\" data-element_type=\"widget\" data-widget_type=\"text-editor.default\">\n<div class=\"elementor-widget-container\">\n<div class=\"elementor-element elementor-element-3db3e01 elementor-widget__width-initial elementor-widget elementor-widget-text-editor\" data-id=\"3db3e01\" data-element_type=\"widget\" data-widget_type=\"text-editor.default\">\n<div class=\"elementor-widget-container\">\n<div class=\"elementor-element elementor-element-5bfbfe5 elementor-widget__width-initial elementor-widget elementor-widget-text-editor\" data-id=\"5bfbfe5\" data-element_type=\"widget\" data-widget_type=\"text-editor.default\">\n<div class=\"elementor-widget-container\">\n<div class=\"elementor-element elementor-element-f50db4f elementor-widget__width-initial elementor-widget elementor-widget-text-editor\" data-id=\"f50db4f\" data-element_type=\"widget\" data-widget_type=\"text-editor.default\">\n<div class=\"elementor-widget-container\">\n<div class=\"elementor-element elementor-element-7e3edc1 elementor-widget__width-initial elementor-widget elementor-widget-text-editor\" data-id=\"7e3edc1\" data-element_type=\"widget\" data-widget_type=\"text-editor.default\">\n<div class=\"elementor-widget-container\">\n<p><strong>Desempenho industrial cont\u00ednuo com m\u00e1xima efici\u00eancia para grandes volumes de produ\u00e7\u00e3o<\/strong><\/p>\n<p>The\u00a0<strong>Seladora Autom\u00e1tica em L \u2013 Master<\/strong>\u00a0da\u00a0<strong>BBA Comex<\/strong>\u00a0\u00e9 a escolha ideal para empresas que buscam\u00a0<strong>automatizar o processo de embalagem com robustez, velocidade e precis\u00e3o<\/strong>. Com estrutura refor\u00e7ada e funcionalidades avan\u00e7adas, este modelo foi desenvolvido para\u00a0<strong>opera\u00e7\u00f5es industriais de alta demanda<\/strong>, oferecendo\u00a0<strong>produtividade cont\u00ednua, acabamento superior e versatilidade para diversos tipos de produtos<\/strong>.<\/p>\n<p><strong>Caracter\u00edsticas T\u00e9cnicas da Seladora Master<\/strong><\/p>\n<ul>\n<li><strong>Estrutura robusta em a\u00e7o carbono<\/strong>, com acabamento que facilita a higieniza\u00e7\u00e3o<\/li>\n<li><strong>Opera\u00e7\u00e3o totalmente autom\u00e1tica<\/strong>, com barramento em L e esteira transportadora integrada<\/li>\n<li><strong>High productivity<\/strong>: at\u00e9\u00a0<strong>20 a 25 embalagens por minuto<\/strong><\/li>\n<li><strong>Sistema de selagem com temperatura constante<\/strong>, controlado por\u00a0<strong>PID<\/strong>, ideal para\u00a0<strong>filmes termoencolh\u00edveis como POF<\/strong><\/li>\n<li><strong>Ajustes de largura e altura dos produtos por volantes<\/strong>, com facilidade operacional<\/li>\n<li><strong>Selagem precisa e cont\u00ednua<\/strong>, mesmo com produtos pequenos ou finos<\/li>\n<li><strong>Fun\u00e7\u00e3o opcional de retra\u00e7\u00e3o da esteira<\/strong>, para embalagens de menor porte<\/li>\n<li><strong>Detec\u00e7\u00e3o autom\u00e1tica de falhas<\/strong>, com parada imediata do equipamento em caso de erro<\/li>\n<li><strong>Sensores horizontais e verticais<\/strong>\u00a0que garantem alimenta\u00e7\u00e3o est\u00e1vel e cont\u00ednua, evitando erros de posicionamento<\/li>\n<\/ul>\n<p>&nbsp;<\/p>\n<p><strong>T\u00fanel de Encolhimento <\/strong><\/p>\n<p>O conjunto \u00e9 complementado por um\u00a0<strong>t\u00fanel de encolhimento de alta velocidade<\/strong>, projetado para\u00a0<strong>encolhimento uniforme e acabamento profissional<\/strong>. Utiliza\u00a0<strong>circula\u00e7\u00e3o de ar quente interna com temperatura constante<\/strong>, ideal para processos cont\u00ednuos.<\/p>\n<p><strong>Diferenciais do t\u00fanel de encolhimento:<\/strong><\/p>\n<ul>\n<li><strong>Rolos transportadores autom\u00e1ticos<\/strong>, revestidos com silicone<\/li>\n<li><strong>Controle eletr\u00f4nico de temperatura<\/strong>\u00a0est\u00e1vel durante toda a opera\u00e7\u00e3o<\/li>\n<li><strong>Sistema de temporiza\u00e7\u00e3o autom\u00e1tica<\/strong>, que desliga o equipamento ap\u00f3s o uso, aumentando a vida \u00fatil<\/li>\n<li>Compat\u00edvel com filmes termoencolh\u00edveis como\u00a0<strong>POF, PVC, entre outros<\/strong><\/li>\n<\/ul>\n<p>&nbsp;<\/p>\n<p><strong>Por que escolher a Seladora em L \u2013 Master BBA Comex?<\/strong><\/p>\n<ul>\n<li>Equipamento industrial para\u00a0<strong>produ\u00e7\u00e3o cont\u00ednua e alta performance<\/strong><\/li>\n<li><strong>Selagem e encolhimento em linha<\/strong>, com excelente acabamento<\/li>\n<li>Adapt\u00e1vel a diferentes tamanhos de produtos<\/li>\n<li>Estrutura projetada para\u00a0<strong>facilidade de limpeza e durabilidade<\/strong><\/li>\n<li><strong>Automa\u00e7\u00e3o inteligente<\/strong>, com sensores e sistema de seguran\u00e7a integrados<\/li>\n<li>Ideal para\u00a0<strong>empresas com grande volume de embalagens di\u00e1rias<\/strong><\/li>\n<\/ul>\n<p>&nbsp;<\/p>\n<p><strong>Aumente sua capacidade produtiva com a Seladora Autom\u00e1tica em L \u2013 Master da BBA Comex \u2014 desempenho confi\u00e1vel, acabamento de alta qualidade e tecnologia voltada para efici\u00eancia operacional.<\/strong><\/p>\n<p>&nbsp;<\/p>\n<div style=\"max-width: 600px; margin: auto; font-family: Arial, sans-serif; border: 2px solid #0044cc; border-radius: 10px; overflow: hidden;\">\n<div style=\"background-color: #0044cc; color: white; padding: 10px 20px; font-size: 24px; font-weight: bold;\">T\u00fanel<\/div>\n<div style=\"background-color: #eaf0ff; padding: 10px 20px; display: flex; justify-content: space-between; font-size: 14px; font-weight: bold;\">\u26a1 Consumo \/hora: 768KW\/h<br \/>\n\ud83d\udce6 Produ\u00e7\u00e3o: 6\u201310 P\u00e7s<\/div>\n<table style=\"width: 100%; border-collapse: collapse; font-size: 14px;\">\n<tbody>\n<tr>\n<td style=\"padding: 10px; border-bottom: 1px solid #ddd;\">Dimens\u00f5es da M\u00e1quina (C x L x A)<\/td>\n<td style=\"padding: 10px; border-bottom: 1px solid #ddd;\">1600 x 719 x 1444<\/td>\n<\/tr>\n<tr>\n<td style=\"padding: 10px; border-bottom: 1px solid #ddd;\">Tamanho Max. T\u00fanel L x A<\/td>\n<td style=\"padding: 10px; border-bottom: 1px solid #ddd;\">450 x 200<\/td>\n<\/tr>\n<tr>\n<td style=\"padding: 10px; border-bottom: 1px solid #ddd;\">T\u00fanel embalagem Max. (L x A)<\/td>\n<td style=\"padding: 10px; border-bottom: 1px solid #ddd;\">550 x 450 x 180<\/td>\n<\/tr>\n<tr>\n<td style=\"padding: 10px; border-bottom: 1px solid #ddd;\">Alimenta\u00e7\u00e3o el\u00e9trica<\/td>\n<td style=\"padding: 10px; border-bottom: 1px solid #ddd;\">220v<\/td>\n<\/tr>\n<tr>\n<td style=\"padding: 10px; border-bottom: 1px solid #ddd;\">Peso<\/td>\n<td style=\"padding: 10px; border-bottom: 1px solid #ddd;\">180Kg<\/td>\n<\/tr>\n<tr>\n<td style=\"padding: 10px;\">Pot\u00eancia<\/td>\n<td style=\"padding: 10px;\">12.8KW<\/td>\n<\/tr>\n<\/tbody>\n<\/table>\n<\/div>\n<\/div>\n<p>&nbsp;<\/p>\n<p><strong>V\u00eddeo:<\/strong><br \/>\n<iframe title=\"YouTube video player\" src=\"https:\/\/www.youtube.com\/embed\/vPEYD0agUTw?si=xyUIDWbfyKXGtOgs\" width=\"560\" height=\"315\" frameborder=\"0\" allowfullscreen=\"allowfullscreen\"><\/iframe><\/p>\n<\/div>\n<\/div>\n<\/div>\n<\/div>\n<\/div>\n<\/div>\n<\/div>\n<\/div>\n<\/div>\n<\/div>\n<\/div>\n<\/div>\n<\/div>","protected":false},"excerpt":{"rendered":"<p>&nbsp;<\/p>\n<div style=\"max-width: 600px; margin: auto; font-family: Arial, sans-serif; border: 2px solid #1f4e78; border-radius: 10px; overflow: hidden;\">\n<div style=\"background-color: #1f4e78; color: white; padding: 10px 20px; font-size: 18px; font-weight: bold;\">Informa\u00e7\u00f5es T\u00e9cnicas Adicionais<\/div>\n<table style=\"width: 100%; border-collapse: collapse; font-size: 14px;\">\n<tbody>\n<tr style=\"background-color: #f2f7fc;\">\n<td style=\"padding: 10px; font-weight: bold; border-bottom: 1px solid #ddd;\">Dispositivos de seguran\u00e7a<\/td>\n<td style=\"padding: 10px; border-bottom: 1px solid #ddd;\">SENSORES<\/td>\n<\/tr>\n<tr>\n<td style=\"padding: 10px; font-weight: bold; border-bottom: 1px solid #ddd;\">Perfuradores<\/td>\n<td style=\"padding: 10px; border-bottom: 1px solid #ddd;\">EXTERNOS<\/td>\n<\/tr>\n<tr style=\"background-color: #f2f7fc;\">\n<td style=\"padding: 10px; font-weight: bold; border-bottom: 1px solid #ddd;\">Rebobinamento do refil<\/td>\n<td style=\"padding: 10px; border-bottom: 1px solid #ddd;\">AUTOM\u00c1TICO<\/td>\n<\/tr>\n<tr>\n<td style=\"padding: 10px; font-weight: bold; border-bottom: 1px solid #ddd;\">Setup mudan\u00e7a de produto<\/td>\n<td style=\"padding: 10px; border-bottom: 1px solid #ddd;\">SIMPLES<\/td>\n<\/tr>\n<tr style=\"background-color: #f2f7fc;\">\n<td style=\"padding: 10px; font-weight: bold; border-bottom: 1px solid #ddd;\">Revestimento da L\u00e2mina\/Facas<\/td>\n<td style=\"padding: 10px; border-bottom: 1px solid #ddd;\">TRATAMENTO TEFLON<\/td>\n<\/tr>\n<tr>\n<td style=\"padding: 10px; font-weight: bold; border-bottom: 1px solid #ddd;\">Material da L\u00e2mina\/Facas<\/td>\n<td style=\"padding: 10px; border-bottom: 1px solid #ddd;\">A\u00c7O CARBONO EM L<\/td>\n<\/tr>\n<tr style=\"background-color: #f2f7fc;\">\n<td style=\"padding: 10px; font-weight: bold; border-bottom: 1px solid #ddd;\">Sistema de selagem<\/td>\n<td style=\"padding: 10px; border-bottom: 1px solid #ddd;\">FACA<\/td>\n<\/tr>\n<tr>\n<td style=\"padding: 10px; font-weight: bold; border-bottom: 1px solid #ddd;\">Circuito el\u00e9trico<\/td>\n<td style=\"padding: 10px; border-bottom: 1px solid #ddd;\">ROBUSTO COM CLP<\/td>\n<\/tr>\n<tr style=\"background-color: #f2f7fc;\">\n<td style=\"padding: 10px; font-weight: bold; border-bottom: 1px solid #ddd;\">Sensores<\/td>\n<td style=\"padding: 10px; border-bottom: 1px solid #ddd;\">HORIZONTAL E VERTICAL<\/td>\n<\/tr>\n<tr>\n<td style=\"padding: 10px; font-weight: bold; border-bottom: 1px solid #ddd;\">Esteira de avan\u00e7o<\/td>\n<td style=\"padding: 10px; border-bottom: 1px solid #ddd;\">REGUL\u00c1VEL<\/td>\n<\/tr>\n<tr style=\"background-color: #f2f7fc;\">\n<td style=\"padding: 10px; font-weight: bold; border-bottom: 1px solid #ddd;\">Ajuste das configura\u00e7\u00f5es<\/td>\n<td style=\"padding: 10px; border-bottom: 1px solid #ddd;\">ANAL\u00d3GICA<\/td>\n<\/tr>\n<tr>\n<td style=\"padding: 10px; font-weight: bold;\">NR12<\/td>\n<td style=\"padding: 10px;\">INCOMPAT\u00cdVEL<\/td>\n<\/tr>\n<\/tbody>\n<\/table>\n<\/div>\n<p><!-- SELADORA L MASTER --><\/p>\n<div style=\"max-width: 600px; margin: 40px auto; font-family: Arial, sans-serif; border: 2px solid #0044cc; border-radius: 10px; overflow: hidden;\">\n<div style=\"background-color: #0044cc; color: white; padding: 10px 20px; font-size: 20px; font-weight: bold;\">Seladora L Master<\/div>\n<div style=\"background-color: #eaf0ff; padding: 10px 20px; font-size: 14px; font-weight: bold;\">Dados T\u00e9cnicos<\/div>\n<table style=\"width: 100%; border-collapse: collapse; font-size: 14px;\">\n<tbody>\n<tr>\n<td style=\"padding: 10px; border-bottom: 1px solid #ddd;\">Dimens\u00f5es da M\u00e1quina (C x L x A)<\/td>\n<td style=\"padding: 10px; border-bottom: 1px solid #ddd;\">1650 x 880 x 1450 mm<\/td>\n<\/tr>\n<tr>\n<td style=\"padding: 10px; border-bottom: 1px solid #ddd;\">Tamanho M\u00e1x. da Embalagem (C x L x A)<\/td>\n<td style=\"padding: 10px; border-bottom: 1px solid #ddd;\">500 x 380 x 135 mm<\/td>\n<\/tr>\n<tr>\n<td style=\"padding: 10px; border-bottom: 1px solid #ddd;\">Produ\u00e7\u00e3o<\/td>\n<td style=\"padding: 10px; border-bottom: 1px solid #ddd;\">At\u00e9 25 pcs\/min<\/td>\n<\/tr>\n<tr>\n<td style=\"padding: 10px; border-bottom: 1px solid #ddd;\">Pot\u00eancia<\/td>\n<td style=\"padding: 10px; border-bottom: 1px solid #ddd;\">1.55 kW<\/td>\n<\/tr>\n<tr>\n<td style=\"padding: 10px; border-bottom: 1px solid #ddd;\">Tamanho M\u00e1x. do Filme<\/td>\n<td style=\"padding: 10px; border-bottom: 1px solid #ddd;\">550 mm<\/td>\n<\/tr>\n<tr>\n<td style=\"padding: 10px; border-bottom: 1px solid #ddd;\">Tens\u00e3o<\/td>\n<td style=\"padding: 10px; border-bottom: 1px solid #ddd;\">220v monof\u00e1sico<\/td>\n<\/tr>\n<tr>\n<td style=\"padding: 10px; border-bottom: 1px solid #ddd;\">Press\u00e3o de Ar<\/td>\n<td style=\"padding: 10px; border-bottom: 1px solid #ddd;\">6\u20138 kg\/cm\u00b2<\/td>\n<\/tr>\n<tr>\n<td style=\"padding: 10px;\">Peso<\/td>\n<td style=\"padding: 10px;\">300 kg<\/td>\n<\/tr>\n<\/tbody>\n<\/table>\n<\/div>","protected":false},"featured_media":3701,"template":"","meta":{"_acf_changed":false},"product_brand":[],"product_cat":[87,77],"product_tag":[],"class_list":{"0":"post-2773","1":"product","2":"type-product","3":"status-publish","4":"has-post-thumbnail","6":"product_cat-automaticas-em-l","7":"product_cat-sem-categoria","9":"first","10":"instock","11":"shipping-taxable","12":"product-type-simple"},"acf":[],"yoast_head":"<!-- This site is optimized with the Yoast SEO Premium plugin v24.5 (Yoast SEO v27.2) - https:\/\/yoast.com\/product\/yoast-seo-premium-wordpress\/ -->\n<title>Seladora Automatica em L - Master<\/title>\n<meta name=\"description\" content=\"A\u00a0Seladora Autom\u00e1tica em L \u2013 Master\u00a0da\u00a0BBA Comex\u00a0\u00e9 a escolha ideal para empresas que buscam\u00a0automatizar o processo de embalagem com robustez, velocidade e precis\u00e3o.\" \/>\n<meta name=\"robots\" content=\"index, follow, max-snippet:-1, max-image-preview:large, max-video-preview:-1\" \/>\n<link rel=\"canonical\" href=\"https:\/\/bbacomex.com.br\/en\/product\/seladora-automatica-em-l-master\/\" \/>\n<meta property=\"og:locale\" content=\"en_US\" \/>\n<meta property=\"og:type\" content=\"article\" \/>\n<meta property=\"og:title\" content=\"Seladora Automatica em L - Master\" \/>\n<meta property=\"og:description\" content=\"A\u00a0Seladora Autom\u00e1tica em L \u2013 Master\u00a0da\u00a0BBA Comex\u00a0\u00e9 a escolha ideal para empresas que buscam\u00a0automatizar o processo de embalagem com robustez, velocidade e precis\u00e3o.\" \/>\n<meta property=\"og:url\" content=\"https:\/\/bbacomex.com.br\/en\/product\/seladora-automatica-em-l-master\/\" \/>\n<meta property=\"og:site_name\" content=\"BBA Comex\" \/>\n<meta property=\"article:publisher\" content=\"https:\/\/www.facebook.com\/bbacomexoficial\" \/>\n<meta property=\"article:modified_time\" content=\"2025-07-17T19:41:37+00:00\" \/>\n<meta property=\"og:image\" content=\"https:\/\/bbacomex.com.br\/wp-content\/uploads\/2024\/05\/WhatsApp-Image-2024-10-30-at-11.54.05.jpeg\" \/>\n\t<meta property=\"og:image:width\" content=\"1280\" \/>\n\t<meta property=\"og:image:height\" content=\"853\" \/>\n\t<meta property=\"og:image:type\" content=\"image\/jpeg\" \/>\n<meta name=\"twitter:card\" content=\"summary_large_image\" \/>\n<meta name=\"twitter:label1\" content=\"Price\" \/>\n\t<meta name=\"twitter:data1\" content=\"\" \/>\n\t<meta name=\"twitter:label2\" content=\"Availability\" \/>\n\t<meta name=\"twitter:data2\" content=\"In stock\" \/>\n<script type=\"application\/ld+json\" class=\"yoast-schema-graph\">{\"@context\":\"https:\/\/schema.org\",\"@graph\":[{\"@type\":\"WebPage\",\"@id\":\"https:\/\/bbacomex.com.br\/produto\/seladora-automatica-em-l-master\/\",\"url\":\"https:\/\/bbacomex.com.br\/produto\/seladora-automatica-em-l-master\/\",\"name\":\"Seladora Automatica em L - Master\",\"isPartOf\":{\"@id\":\"https:\/\/bbacomex.com.br\/#website\"},\"primaryImageOfPage\":{\"@id\":\"https:\/\/bbacomex.com.br\/produto\/seladora-automatica-em-l-master\/#primaryimage\"},\"image\":{\"@id\":\"https:\/\/bbacomex.com.br\/produto\/seladora-automatica-em-l-master\/#primaryimage\"},\"thumbnailUrl\":\"https:\/\/bbacomex.com.br\/wp-content\/uploads\/2024\/05\/WhatsApp-Image-2024-10-30-at-11.54.05.jpeg\",\"datePublished\":\"2024-05-29T19:43:53+00:00\",\"dateModified\":\"2025-07-17T19:41:37+00:00\",\"description\":\"A\u00a0Seladora Autom\u00e1tica em L \u2013 Master\u00a0da\u00a0BBA Comex\u00a0\u00e9 a escolha ideal para empresas que buscam\u00a0automatizar o processo de embalagem com robustez, velocidade e precis\u00e3o.\",\"breadcrumb\":{\"@id\":\"https:\/\/bbacomex.com.br\/produto\/seladora-automatica-em-l-master\/#breadcrumb\"},\"inLanguage\":\"en-US\",\"potentialAction\":[{\"@type\":\"ReadAction\",\"target\":[\"https:\/\/bbacomex.com.br\/produto\/seladora-automatica-em-l-master\/\"]}]},{\"@type\":\"ImageObject\",\"inLanguage\":\"en-US\",\"@id\":\"https:\/\/bbacomex.com.br\/produto\/seladora-automatica-em-l-master\/#primaryimage\",\"url\":\"https:\/\/bbacomex.com.br\/wp-content\/uploads\/2024\/05\/WhatsApp-Image-2024-10-30-at-11.54.05.jpeg\",\"contentUrl\":\"https:\/\/bbacomex.com.br\/wp-content\/uploads\/2024\/05\/WhatsApp-Image-2024-10-30-at-11.54.05.jpeg\",\"width\":1280,\"height\":853},{\"@type\":\"BreadcrumbList\",\"@id\":\"https:\/\/bbacomex.com.br\/produto\/seladora-automatica-em-l-master\/#breadcrumb\",\"itemListElement\":[{\"@type\":\"ListItem\",\"position\":1,\"name\":\"In\u00edcio\",\"item\":\"https:\/\/bbacomex.com.br\/\"},{\"@type\":\"ListItem\",\"position\":2,\"name\":\"Produtos\",\"item\":\"https:\/\/bbacomex.com.br\/loja\/\"},{\"@type\":\"ListItem\",\"position\":3,\"name\":\"Seladora Automatica em L &#8211; Master\"}]},{\"@type\":\"WebSite\",\"@id\":\"https:\/\/bbacomex.com.br\/#website\",\"url\":\"https:\/\/bbacomex.com.br\/\",\"name\":\"BBA Comex\",\"description\":\"\",\"publisher\":{\"@id\":\"https:\/\/bbacomex.com.br\/#organization\"},\"potentialAction\":[{\"@type\":\"SearchAction\",\"target\":{\"@type\":\"EntryPoint\",\"urlTemplate\":\"https:\/\/bbacomex.com.br\/?s={search_term_string}\"},\"query-input\":{\"@type\":\"PropertyValueSpecification\",\"valueRequired\":true,\"valueName\":\"search_term_string\"}}],\"inLanguage\":\"en-US\"},{\"@type\":\"Organization\",\"@id\":\"https:\/\/bbacomex.com.br\/#organization\",\"name\":\"BBA Comex\",\"url\":\"https:\/\/bbacomex.com.br\/\",\"logo\":{\"@type\":\"ImageObject\",\"inLanguage\":\"en-US\",\"@id\":\"https:\/\/bbacomex.com.br\/#\/schema\/logo\/image\/\",\"url\":\"https:\/\/bbacomex.com.br\/wp-content\/uploads\/2024\/03\/Logo_Rodape.png\",\"contentUrl\":\"https:\/\/bbacomex.com.br\/wp-content\/uploads\/2024\/03\/Logo_Rodape.png\",\"width\":350,\"height\":160,\"caption\":\"BBA Comex\"},\"image\":{\"@id\":\"https:\/\/bbacomex.com.br\/#\/schema\/logo\/image\/\"},\"sameAs\":[\"https:\/\/www.facebook.com\/bbacomexoficial\",\"https:\/\/www.instagram.com\/bbacomex\/\",\"https:\/\/www.linkedin.com\/company\/bba-comex\/\"]}]}<\/script>\n<meta property=\"product:price:currency\" content=\"BRL\" \/>\n<meta property=\"og:availability\" content=\"instock\" \/>\n<meta property=\"product:availability\" content=\"instock\" \/>\n<meta property=\"product:condition\" content=\"new\" \/>\n<!-- \/ Yoast SEO Premium plugin. -->","yoast_head_json":{"title":"Seladora Automatica em L - Master","description":"A\u00a0Seladora Autom\u00e1tica em L \u2013 Master\u00a0da\u00a0BBA Comex\u00a0\u00e9 a escolha ideal para empresas que buscam\u00a0automatizar o processo de embalagem com robustez, velocidade e precis\u00e3o.","robots":{"index":"index","follow":"follow","max-snippet":"max-snippet:-1","max-image-preview":"max-image-preview:large","max-video-preview":"max-video-preview:-1"},"canonical":"https:\/\/bbacomex.com.br\/en\/product\/seladora-automatica-em-l-master\/","og_locale":"en_US","og_type":"article","og_title":"Seladora Automatica em L - Master","og_description":"A\u00a0Seladora Autom\u00e1tica em L \u2013 Master\u00a0da\u00a0BBA Comex\u00a0\u00e9 a escolha ideal para empresas que buscam\u00a0automatizar o processo de embalagem com robustez, velocidade e precis\u00e3o.","og_url":"https:\/\/bbacomex.com.br\/en\/product\/seladora-automatica-em-l-master\/","og_site_name":"BBA Comex","article_publisher":"https:\/\/www.facebook.com\/bbacomexoficial","article_modified_time":"2025-07-17T19:41:37+00:00","og_image":[{"width":1280,"height":853,"url":"https:\/\/bbacomex.com.br\/wp-content\/uploads\/2024\/05\/WhatsApp-Image-2024-10-30-at-11.54.05.jpeg","type":"image\/jpeg"}],"twitter_card":"summary_large_image","twitter_misc":{"Price":"","Availability":"In stock"},"schema":{"@context":"https:\/\/schema.org","@graph":[{"@type":"WebPage","@id":"https:\/\/bbacomex.com.br\/produto\/seladora-automatica-em-l-master\/","url":"https:\/\/bbacomex.com.br\/produto\/seladora-automatica-em-l-master\/","name":"Seladora Automatica em L - Master","isPartOf":{"@id":"https:\/\/bbacomex.com.br\/#website"},"primaryImageOfPage":{"@id":"https:\/\/bbacomex.com.br\/produto\/seladora-automatica-em-l-master\/#primaryimage"},"image":{"@id":"https:\/\/bbacomex.com.br\/produto\/seladora-automatica-em-l-master\/#primaryimage"},"thumbnailUrl":"https:\/\/bbacomex.com.br\/wp-content\/uploads\/2024\/05\/WhatsApp-Image-2024-10-30-at-11.54.05.jpeg","datePublished":"2024-05-29T19:43:53+00:00","dateModified":"2025-07-17T19:41:37+00:00","description":"A\u00a0Seladora Autom\u00e1tica em L \u2013 Master\u00a0da\u00a0BBA Comex\u00a0\u00e9 a escolha ideal para empresas que buscam\u00a0automatizar o processo de embalagem com robustez, velocidade e precis\u00e3o.","breadcrumb":{"@id":"https:\/\/bbacomex.com.br\/produto\/seladora-automatica-em-l-master\/#breadcrumb"},"inLanguage":"en-US","potentialAction":[{"@type":"ReadAction","target":["https:\/\/bbacomex.com.br\/produto\/seladora-automatica-em-l-master\/"]}]},{"@type":"ImageObject","inLanguage":"en-US","@id":"https:\/\/bbacomex.com.br\/produto\/seladora-automatica-em-l-master\/#primaryimage","url":"https:\/\/bbacomex.com.br\/wp-content\/uploads\/2024\/05\/WhatsApp-Image-2024-10-30-at-11.54.05.jpeg","contentUrl":"https:\/\/bbacomex.com.br\/wp-content\/uploads\/2024\/05\/WhatsApp-Image-2024-10-30-at-11.54.05.jpeg","width":1280,"height":853},{"@type":"BreadcrumbList","@id":"https:\/\/bbacomex.com.br\/produto\/seladora-automatica-em-l-master\/#breadcrumb","itemListElement":[{"@type":"ListItem","position":1,"name":"In\u00edcio","item":"https:\/\/bbacomex.com.br\/"},{"@type":"ListItem","position":2,"name":"Produtos","item":"https:\/\/bbacomex.com.br\/loja\/"},{"@type":"ListItem","position":3,"name":"Seladora Automatica em L &#8211; Master"}]},{"@type":"WebSite","@id":"https:\/\/bbacomex.com.br\/#website","url":"https:\/\/bbacomex.com.br\/","name":"BBA Comex","description":"","publisher":{"@id":"https:\/\/bbacomex.com.br\/#organization"},"potentialAction":[{"@type":"SearchAction","target":{"@type":"EntryPoint","urlTemplate":"https:\/\/bbacomex.com.br\/?s={search_term_string}"},"query-input":{"@type":"PropertyValueSpecification","valueRequired":true,"valueName":"search_term_string"}}],"inLanguage":"en-US"},{"@type":"Organization","@id":"https:\/\/bbacomex.com.br\/#organization","name":"BBA Comex","url":"https:\/\/bbacomex.com.br\/","logo":{"@type":"ImageObject","inLanguage":"en-US","@id":"https:\/\/bbacomex.com.br\/#\/schema\/logo\/image\/","url":"https:\/\/bbacomex.com.br\/wp-content\/uploads\/2024\/03\/Logo_Rodape.png","contentUrl":"https:\/\/bbacomex.com.br\/wp-content\/uploads\/2024\/03\/Logo_Rodape.png","width":350,"height":160,"caption":"BBA Comex"},"image":{"@id":"https:\/\/bbacomex.com.br\/#\/schema\/logo\/image\/"},"sameAs":["https:\/\/www.facebook.com\/bbacomexoficial","https:\/\/www.instagram.com\/bbacomex\/","https:\/\/www.linkedin.com\/company\/bba-comex\/"]}]},"product_price_currency":"BRL","og_availability":"instock","product_availability":"instock","product_condition":"new"},"_links":{"self":[{"href":"https:\/\/bbacomex.com.br\/en\/wp-json\/wp\/v2\/product\/2773","targetHints":{"allow":["GET"]}}],"collection":[{"href":"https:\/\/bbacomex.com.br\/en\/wp-json\/wp\/v2\/product"}],"about":[{"href":"https:\/\/bbacomex.com.br\/en\/wp-json\/wp\/v2\/types\/product"}],"wp:featuredmedia":[{"embeddable":true,"href":"https:\/\/bbacomex.com.br\/en\/wp-json\/wp\/v2\/media\/3701"}],"wp:attachment":[{"href":"https:\/\/bbacomex.com.br\/en\/wp-json\/wp\/v2\/media?parent=2773"}],"wp:term":[{"taxonomy":"product_brand","embeddable":true,"href":"https:\/\/bbacomex.com.br\/en\/wp-json\/wp\/v2\/product_brand?post=2773"},{"taxonomy":"product_cat","embeddable":true,"href":"https:\/\/bbacomex.com.br\/en\/wp-json\/wp\/v2\/product_cat?post=2773"},{"taxonomy":"product_tag","embeddable":true,"href":"https:\/\/bbacomex.com.br\/en\/wp-json\/wp\/v2\/product_tag?post=2773"}],"curies":[{"name":"wp","href":"https:\/\/api.w.org\/{rel}","templated":true}]}}