{"id":2775,"date":"2024-05-29T16:49:53","date_gmt":"2024-05-29T19:49:53","guid":{"rendered":"https:\/\/bbacomex.com.br\/?post_type=product&#038;p=2775"},"modified":"2025-07-17T16:44:16","modified_gmt":"2025-07-17T19:44:16","slug":"seladora-continua-standard","status":"publish","type":"product","link":"https:\/\/bbacomex.com.br\/en\/product\/seladora-continua-standard\/","title":{"rendered":"Continuous Sealers Standard"},"content":{"rendered":"<div class=\"elementor-element elementor-element-3db3e01 elementor-widget__width-initial elementor-widget elementor-widget-text-editor\" data-id=\"3db3e01\" data-element_type=\"widget\" data-widget_type=\"text-editor.default\">\n<div class=\"elementor-widget-container\">\n<div class=\"elementor-element elementor-element-5bfbfe5 elementor-widget__width-initial elementor-widget elementor-widget-text-editor\" data-id=\"5bfbfe5\" data-element_type=\"widget\" data-widget_type=\"text-editor.default\">\n<div class=\"elementor-widget-container\">\n<div class=\"elementor-element elementor-element-f50db4f elementor-widget__width-initial elementor-widget elementor-widget-text-editor\" data-id=\"f50db4f\" data-element_type=\"widget\" data-widget_type=\"text-editor.default\">\n<div class=\"elementor-widget-container\">\n<div class=\"elementor-element elementor-element-3db3e01 elementor-widget__width-initial elementor-widget elementor-widget-text-editor\" data-id=\"3db3e01\" data-element_type=\"widget\" data-widget_type=\"text-editor.default\">\n<div class=\"elementor-widget-container\">\n<div class=\"elementor-element elementor-element-5bfbfe5 elementor-widget__width-initial elementor-widget elementor-widget-text-editor\" data-id=\"5bfbfe5\" data-element_type=\"widget\" data-widget_type=\"text-editor.default\">\n<div class=\"elementor-widget-container\">\n<div class=\"elementor-element elementor-element-f50db4f elementor-widget__width-initial elementor-widget elementor-widget-text-editor\" data-id=\"f50db4f\" data-element_type=\"widget\" data-widget_type=\"text-editor.default\">\n<div class=\"elementor-widget-container\">\n<div class=\"elementor-element elementor-element-7e3edc1 elementor-widget__width-initial elementor-widget elementor-widget-text-editor\" data-id=\"7e3edc1\" data-element_type=\"widget\" data-widget_type=\"text-editor.default\">\n<div class=\"elementor-widget-container\">\n<p><strong>Alta produtividade, automa\u00e7\u00e3o total e selagem lateral cont\u00ednua para embalagens profissionais<\/strong><\/p>\n<p>The\u00a0<strong>Continuous Sealers Standard<\/strong>\u00a0da\u00a0<strong>BBA Comex<\/strong>\u00a0\u00e9 a solu\u00e7\u00e3o ideal para empresas que buscam\u00a0<strong>efici\u00eancia, agilidade e acabamento profissional<\/strong>\u00a0em suas linhas de embalagem. Projetada para embalar com precis\u00e3o e seguran\u00e7a, ela atende uma ampla gama de segmentos industriais com elevado desempenho.<\/p>\n<p><strong>Caracter\u00edsticas T\u00e9cnicas da Seladora Cont\u00ednua Standard<\/strong><\/p>\n<ul>\n<li><strong>Modelo angular com selagem cont\u00ednua lateral (side seal)<\/strong><\/li>\n<li><strong>Totalmente autom\u00e1tica<\/strong>, com barramento transversal<\/li>\n<li>Estrutura robusta em\u00a0<strong>a\u00e7o carbono<\/strong>, de f\u00e1cil higieniza\u00e7\u00e3o e baixa manuten\u00e7\u00e3o<\/li>\n<li><strong>High productivity<\/strong>: at\u00e9\u00a0<strong>40 embalagens por minuto<\/strong><\/li>\n<li>Sistema de selagem com\u00a0<strong>temperatura constante controlada por PID<\/strong>, ideal para filmes termoencolh\u00edveis como\u00a0<strong>POF<\/strong><\/li>\n<li><strong>Ajuste pr\u00e1tico<\/strong>\u00a0de altura e largura com volantes laterais<\/li>\n<li><strong>Programa de detec\u00e7\u00e3o de falhas<\/strong>\u00a0integrado: interrompe o funcionamento em caso de erro, garantindo seguran\u00e7a<\/li>\n<li><strong>Sensores horizontais e verticais<\/strong>\u00a0para controle eficiente de alimenta\u00e7\u00e3o, ideal para produtos finos ou delicados<\/li>\n<\/ul>\n<p>&nbsp;<\/p>\n<p><strong>Diferenciais da Seladora Cont\u00ednua<\/strong><\/p>\n<ul>\n<li>Selagem lateral cont\u00ednua: ideal para embalagens de comprimentos variados<\/li>\n<li>Acabamento superior e encolhimento uniforme com o uso de t\u00fanel de encolhimento<\/li>\n<li>Excelente custo-benef\u00edcio para empresas que precisam de\u00a0<strong>alta performance com precis\u00e3o operacional<\/strong><\/li>\n<li>Flexibilidade para diferentes tamanhos e formatos de produtos sem comprometer a produtividade<\/li>\n<\/ul>\n<p>&nbsp;<\/p>\n<p><strong>A Seladora Cont\u00ednua Standard \u00e9 a escolha estrat\u00e9gica para quem deseja uma linha de embalagem automatizada, vers\u00e1til e preparada para altos volumes. Aumente a efici\u00eancia da sua produ\u00e7\u00e3o com tecnologia confi\u00e1vel e acabamento impec\u00e1vel.<\/strong><\/p>\n<\/div>\n<\/div>\n<\/div>\n<\/div>\n<\/div>\n<\/div>\n<\/div>\n<\/div>\n<\/div>\n<\/div>\n<\/div>\n<\/div>\n<\/div>\n<\/div>\n<p><strong>V\u00eddeo:<\/strong><br \/>\n<iframe title=\"YouTube video player\" src=\"https:\/\/www.youtube.com\/embed\/sNvrqZIrTRg?si=lZ0467TT15KQ8yOH\" width=\"560\" height=\"315\" frameborder=\"0\" allowfullscreen=\"allowfullscreen\"><\/iframe><\/p>","protected":false},"excerpt":{"rendered":"<div style=\"max-width: 600px; margin: 40px auto; font-family: Arial, sans-serif; border: 2px solid #0044cc; border-radius: 10px; overflow: hidden;\">\n<div style=\"background-color: #0044cc; color: white; padding: 10px 20px; font-size: 20px; font-weight: bold;\">Seladora Cont\u00ednua Standard 40<\/div>\n<div style=\"background-color: #eaf0ff; padding: 10px 20px; font-size: 14px; font-weight: bold;\">Dados T\u00e9cnicos<\/div>\n<table style=\"width: 100%; border-collapse: collapse; font-size: 14px;\">\n<tbody>\n<tr>\n<td style=\"padding: 10px; border-bottom: 1px solid #ddd;\">Dimens\u00f5es da M\u00e1quina (C x L x A)<\/td>\n<td style=\"padding: 10px; border-bottom: 1px solid #ddd;\">1650 x 880 x 1450 mm<\/td>\n<\/tr>\n<tr>\n<td style=\"padding: 10px; border-bottom: 1px solid #ddd;\">Tamanho M\u00e1x. da Embalagem (C x L x A)<\/td>\n<td style=\"padding: 10px; border-bottom: 1px solid #ddd;\">ilimitado x 350 x 180 mm<\/td>\n<\/tr>\n<tr>\n<td style=\"padding: 10px; border-bottom: 1px solid #ddd;\">Tamanho M\u00edn. da Embalagem (C x L x A)<\/td>\n<td style=\"padding: 10px; border-bottom: 1px solid #ddd;\">ilimitado x 100 x 180 mm<\/td>\n<\/tr>\n<tr>\n<td style=\"padding: 10px; border-bottom: 1px solid #ddd;\">Pot\u00eancia<\/td>\n<td style=\"padding: 10px; border-bottom: 1px solid #ddd;\">1.35 kW<\/td>\n<\/tr>\n<tr>\n<td style=\"padding: 10px; border-bottom: 1px solid #ddd;\">Tamanho M\u00e1x. do Filme<\/td>\n<td style=\"padding: 10px; border-bottom: 1px solid #ddd;\">550 mm<\/td>\n<\/tr>\n<tr>\n<td style=\"padding: 10px; border-bottom: 1px solid #ddd;\">Tens\u00e3o<\/td>\n<td style=\"padding: 10px; border-bottom: 1px solid #ddd;\">220v monof\u00e1sico<\/td>\n<\/tr>\n<tr>\n<td style=\"padding: 10px; border-bottom: 1px solid #ddd;\">Press\u00e3o de Ar<\/td>\n<td style=\"padding: 10px; border-bottom: 1px solid #ddd;\">6\u20138 kg\/cm\u00b2<\/td>\n<\/tr>\n<tr>\n<td style=\"padding: 10px;\">Peso<\/td>\n<td style=\"padding: 10px;\">320 kg<\/td>\n<\/tr>\n<\/tbody>\n<\/table>\n<div style=\"padding: 10px 20px; font-size: 13px; background-color: #f9f9f9; border-top: 1px solid #ddd; color: #333;\"><strong>Dispon\u00edveis nos tamanhos:<\/strong> 40 \/ 50 \/ 60 \/ 70 \/ 80<br \/>\n<em>(Demais informa\u00e7\u00f5es, entre em contato)<\/em><\/div>\n<\/div>","protected":false},"featured_media":3499,"template":"","meta":{"_acf_changed":false},"product_brand":[],"product_cat":[88,77],"product_tag":[],"class_list":{"0":"post-2775","1":"product","2":"type-product","3":"status-publish","4":"has-post-thumbnail","6":"product_cat-seladoras-continuas","7":"product_cat-sem-categoria","9":"first","10":"instock","11":"shipping-taxable","12":"product-type-simple"},"acf":[],"yoast_head":"<!-- This site is optimized with the Yoast SEO Premium plugin v24.5 (Yoast SEO v27.2) - https:\/\/yoast.com\/product\/yoast-seo-premium-wordpress\/ -->\n<title>Seladora Cont\u00ednua Standard<\/title>\n<meta name=\"description\" content=\"A Seladora Cont\u00ednua Standard da BBA Comex \u00e9 a solu\u00e7\u00e3o ideal para empresas que buscam efici\u00eancia, agilidade e acabamento profissional em suas linhas de embalagem. Projetada para embalar com precis\u00e3o e seguran\u00e7a, ela atende uma ampla gama de segmentos industriais com elevado desempenho.\" \/>\n<meta name=\"robots\" content=\"index, follow, max-snippet:-1, max-image-preview:large, max-video-preview:-1\" \/>\n<link rel=\"canonical\" href=\"https:\/\/bbacomex.com.br\/en\/product\/seladora-continua-standard\/\" \/>\n<meta property=\"og:locale\" content=\"en_US\" \/>\n<meta property=\"og:type\" content=\"article\" \/>\n<meta property=\"og:title\" content=\"Seladora Cont\u00ednua Standard\" \/>\n<meta property=\"og:description\" content=\"A Seladora Cont\u00ednua Standard da BBA Comex \u00e9 a solu\u00e7\u00e3o ideal para empresas que buscam efici\u00eancia, agilidade e acabamento profissional em suas linhas de embalagem. Projetada para embalar com precis\u00e3o e seguran\u00e7a, ela atende uma ampla gama de segmentos industriais com elevado desempenho.\" \/>\n<meta property=\"og:url\" content=\"https:\/\/bbacomex.com.br\/en\/product\/seladora-continua-standard\/\" \/>\n<meta property=\"og:site_name\" content=\"BBA Comex\" \/>\n<meta property=\"article:publisher\" content=\"https:\/\/www.facebook.com\/bbacomexoficial\" \/>\n<meta property=\"article:modified_time\" content=\"2025-07-17T19:44:16+00:00\" \/>\n<meta property=\"og:image\" content=\"https:\/\/bbacomex.com.br\/wp-content\/uploads\/2024\/05\/Seladora-Continua-Standard-9-scaled.jpg\" \/>\n\t<meta property=\"og:image:width\" content=\"2560\" \/>\n\t<meta property=\"og:image:height\" content=\"1707\" \/>\n\t<meta property=\"og:image:type\" content=\"image\/jpeg\" \/>\n<meta name=\"twitter:card\" content=\"summary_large_image\" \/>\n<meta name=\"twitter:label1\" content=\"Price\" \/>\n\t<meta name=\"twitter:data1\" content=\"\" \/>\n\t<meta name=\"twitter:label2\" content=\"Availability\" \/>\n\t<meta name=\"twitter:data2\" content=\"In stock\" \/>\n<script type=\"application\/ld+json\" class=\"yoast-schema-graph\">{\"@context\":\"https:\/\/schema.org\",\"@graph\":[{\"@type\":\"WebPage\",\"@id\":\"https:\/\/bbacomex.com.br\/produto\/seladora-continua-standard\/\",\"url\":\"https:\/\/bbacomex.com.br\/produto\/seladora-continua-standard\/\",\"name\":\"Seladora Cont\u00ednua Standard\",\"isPartOf\":{\"@id\":\"https:\/\/bbacomex.com.br\/#website\"},\"primaryImageOfPage\":{\"@id\":\"https:\/\/bbacomex.com.br\/produto\/seladora-continua-standard\/#primaryimage\"},\"image\":{\"@id\":\"https:\/\/bbacomex.com.br\/produto\/seladora-continua-standard\/#primaryimage\"},\"thumbnailUrl\":\"https:\/\/bbacomex.com.br\/wp-content\/uploads\/2024\/05\/Seladora-Continua-Standard-9-scaled.jpg\",\"datePublished\":\"2024-05-29T19:49:53+00:00\",\"dateModified\":\"2025-07-17T19:44:16+00:00\",\"description\":\"A Seladora Cont\u00ednua Standard da BBA Comex \u00e9 a solu\u00e7\u00e3o ideal para empresas que buscam efici\u00eancia, agilidade e acabamento profissional em suas linhas de embalagem. Projetada para embalar com precis\u00e3o e seguran\u00e7a, ela atende uma ampla gama de segmentos industriais com elevado desempenho.\",\"breadcrumb\":{\"@id\":\"https:\/\/bbacomex.com.br\/produto\/seladora-continua-standard\/#breadcrumb\"},\"inLanguage\":\"en-US\",\"potentialAction\":[{\"@type\":\"ReadAction\",\"target\":[\"https:\/\/bbacomex.com.br\/produto\/seladora-continua-standard\/\"]}]},{\"@type\":\"ImageObject\",\"inLanguage\":\"en-US\",\"@id\":\"https:\/\/bbacomex.com.br\/produto\/seladora-continua-standard\/#primaryimage\",\"url\":\"https:\/\/bbacomex.com.br\/wp-content\/uploads\/2024\/05\/Seladora-Continua-Standard-9-scaled.jpg\",\"contentUrl\":\"https:\/\/bbacomex.com.br\/wp-content\/uploads\/2024\/05\/Seladora-Continua-Standard-9-scaled.jpg\",\"width\":2560,\"height\":1707},{\"@type\":\"BreadcrumbList\",\"@id\":\"https:\/\/bbacomex.com.br\/produto\/seladora-continua-standard\/#breadcrumb\",\"itemListElement\":[{\"@type\":\"ListItem\",\"position\":1,\"name\":\"In\u00edcio\",\"item\":\"https:\/\/bbacomex.com.br\/\"},{\"@type\":\"ListItem\",\"position\":2,\"name\":\"Produtos\",\"item\":\"https:\/\/bbacomex.com.br\/loja\/\"},{\"@type\":\"ListItem\",\"position\":3,\"name\":\"Seladora Cont\u00ednua Standard\"}]},{\"@type\":\"WebSite\",\"@id\":\"https:\/\/bbacomex.com.br\/#website\",\"url\":\"https:\/\/bbacomex.com.br\/\",\"name\":\"BBA Comex\",\"description\":\"\",\"publisher\":{\"@id\":\"https:\/\/bbacomex.com.br\/#organization\"},\"potentialAction\":[{\"@type\":\"SearchAction\",\"target\":{\"@type\":\"EntryPoint\",\"urlTemplate\":\"https:\/\/bbacomex.com.br\/?s={search_term_string}\"},\"query-input\":{\"@type\":\"PropertyValueSpecification\",\"valueRequired\":true,\"valueName\":\"search_term_string\"}}],\"inLanguage\":\"en-US\"},{\"@type\":\"Organization\",\"@id\":\"https:\/\/bbacomex.com.br\/#organization\",\"name\":\"BBA Comex\",\"url\":\"https:\/\/bbacomex.com.br\/\",\"logo\":{\"@type\":\"ImageObject\",\"inLanguage\":\"en-US\",\"@id\":\"https:\/\/bbacomex.com.br\/#\/schema\/logo\/image\/\",\"url\":\"https:\/\/bbacomex.com.br\/wp-content\/uploads\/2024\/03\/Logo_Rodape.png\",\"contentUrl\":\"https:\/\/bbacomex.com.br\/wp-content\/uploads\/2024\/03\/Logo_Rodape.png\",\"width\":350,\"height\":160,\"caption\":\"BBA Comex\"},\"image\":{\"@id\":\"https:\/\/bbacomex.com.br\/#\/schema\/logo\/image\/\"},\"sameAs\":[\"https:\/\/www.facebook.com\/bbacomexoficial\",\"https:\/\/www.instagram.com\/bbacomex\/\",\"https:\/\/www.linkedin.com\/company\/bba-comex\/\"]}]}<\/script>\n<meta property=\"product:price:currency\" content=\"BRL\" \/>\n<meta property=\"og:availability\" content=\"instock\" \/>\n<meta property=\"product:availability\" content=\"instock\" \/>\n<meta property=\"product:condition\" content=\"new\" \/>\n<!-- \/ Yoast SEO Premium plugin. -->","yoast_head_json":{"title":"Seladora Cont\u00ednua Standard","description":"A Seladora Cont\u00ednua Standard da BBA Comex \u00e9 a solu\u00e7\u00e3o ideal para empresas que buscam efici\u00eancia, agilidade e acabamento profissional em suas linhas de embalagem. Projetada para embalar com precis\u00e3o e seguran\u00e7a, ela atende uma ampla gama de segmentos industriais com elevado desempenho.","robots":{"index":"index","follow":"follow","max-snippet":"max-snippet:-1","max-image-preview":"max-image-preview:large","max-video-preview":"max-video-preview:-1"},"canonical":"https:\/\/bbacomex.com.br\/en\/product\/seladora-continua-standard\/","og_locale":"en_US","og_type":"article","og_title":"Seladora Cont\u00ednua Standard","og_description":"A Seladora Cont\u00ednua Standard da BBA Comex \u00e9 a solu\u00e7\u00e3o ideal para empresas que buscam efici\u00eancia, agilidade e acabamento profissional em suas linhas de embalagem. Projetada para embalar com precis\u00e3o e seguran\u00e7a, ela atende uma ampla gama de segmentos industriais com elevado desempenho.","og_url":"https:\/\/bbacomex.com.br\/en\/product\/seladora-continua-standard\/","og_site_name":"BBA Comex","article_publisher":"https:\/\/www.facebook.com\/bbacomexoficial","article_modified_time":"2025-07-17T19:44:16+00:00","og_image":[{"width":2560,"height":1707,"url":"https:\/\/bbacomex.com.br\/wp-content\/uploads\/2024\/05\/Seladora-Continua-Standard-9-scaled.jpg","type":"image\/jpeg"}],"twitter_card":"summary_large_image","twitter_misc":{"Price":"","Availability":"In stock"},"schema":{"@context":"https:\/\/schema.org","@graph":[{"@type":"WebPage","@id":"https:\/\/bbacomex.com.br\/produto\/seladora-continua-standard\/","url":"https:\/\/bbacomex.com.br\/produto\/seladora-continua-standard\/","name":"Seladora Cont\u00ednua Standard","isPartOf":{"@id":"https:\/\/bbacomex.com.br\/#website"},"primaryImageOfPage":{"@id":"https:\/\/bbacomex.com.br\/produto\/seladora-continua-standard\/#primaryimage"},"image":{"@id":"https:\/\/bbacomex.com.br\/produto\/seladora-continua-standard\/#primaryimage"},"thumbnailUrl":"https:\/\/bbacomex.com.br\/wp-content\/uploads\/2024\/05\/Seladora-Continua-Standard-9-scaled.jpg","datePublished":"2024-05-29T19:49:53+00:00","dateModified":"2025-07-17T19:44:16+00:00","description":"A Seladora Cont\u00ednua Standard da BBA Comex \u00e9 a solu\u00e7\u00e3o ideal para empresas que buscam efici\u00eancia, agilidade e acabamento profissional em suas linhas de embalagem. Projetada para embalar com precis\u00e3o e seguran\u00e7a, ela atende uma ampla gama de segmentos industriais com elevado desempenho.","breadcrumb":{"@id":"https:\/\/bbacomex.com.br\/produto\/seladora-continua-standard\/#breadcrumb"},"inLanguage":"en-US","potentialAction":[{"@type":"ReadAction","target":["https:\/\/bbacomex.com.br\/produto\/seladora-continua-standard\/"]}]},{"@type":"ImageObject","inLanguage":"en-US","@id":"https:\/\/bbacomex.com.br\/produto\/seladora-continua-standard\/#primaryimage","url":"https:\/\/bbacomex.com.br\/wp-content\/uploads\/2024\/05\/Seladora-Continua-Standard-9-scaled.jpg","contentUrl":"https:\/\/bbacomex.com.br\/wp-content\/uploads\/2024\/05\/Seladora-Continua-Standard-9-scaled.jpg","width":2560,"height":1707},{"@type":"BreadcrumbList","@id":"https:\/\/bbacomex.com.br\/produto\/seladora-continua-standard\/#breadcrumb","itemListElement":[{"@type":"ListItem","position":1,"name":"In\u00edcio","item":"https:\/\/bbacomex.com.br\/"},{"@type":"ListItem","position":2,"name":"Produtos","item":"https:\/\/bbacomex.com.br\/loja\/"},{"@type":"ListItem","position":3,"name":"Seladora Cont\u00ednua Standard"}]},{"@type":"WebSite","@id":"https:\/\/bbacomex.com.br\/#website","url":"https:\/\/bbacomex.com.br\/","name":"BBA Comex","description":"","publisher":{"@id":"https:\/\/bbacomex.com.br\/#organization"},"potentialAction":[{"@type":"SearchAction","target":{"@type":"EntryPoint","urlTemplate":"https:\/\/bbacomex.com.br\/?s={search_term_string}"},"query-input":{"@type":"PropertyValueSpecification","valueRequired":true,"valueName":"search_term_string"}}],"inLanguage":"en-US"},{"@type":"Organization","@id":"https:\/\/bbacomex.com.br\/#organization","name":"BBA Comex","url":"https:\/\/bbacomex.com.br\/","logo":{"@type":"ImageObject","inLanguage":"en-US","@id":"https:\/\/bbacomex.com.br\/#\/schema\/logo\/image\/","url":"https:\/\/bbacomex.com.br\/wp-content\/uploads\/2024\/03\/Logo_Rodape.png","contentUrl":"https:\/\/bbacomex.com.br\/wp-content\/uploads\/2024\/03\/Logo_Rodape.png","width":350,"height":160,"caption":"BBA Comex"},"image":{"@id":"https:\/\/bbacomex.com.br\/#\/schema\/logo\/image\/"},"sameAs":["https:\/\/www.facebook.com\/bbacomexoficial","https:\/\/www.instagram.com\/bbacomex\/","https:\/\/www.linkedin.com\/company\/bba-comex\/"]}]},"product_price_currency":"BRL","og_availability":"instock","product_availability":"instock","product_condition":"new"},"_links":{"self":[{"href":"https:\/\/bbacomex.com.br\/en\/wp-json\/wp\/v2\/product\/2775","targetHints":{"allow":["GET"]}}],"collection":[{"href":"https:\/\/bbacomex.com.br\/en\/wp-json\/wp\/v2\/product"}],"about":[{"href":"https:\/\/bbacomex.com.br\/en\/wp-json\/wp\/v2\/types\/product"}],"wp:featuredmedia":[{"embeddable":true,"href":"https:\/\/bbacomex.com.br\/en\/wp-json\/wp\/v2\/media\/3499"}],"wp:attachment":[{"href":"https:\/\/bbacomex.com.br\/en\/wp-json\/wp\/v2\/media?parent=2775"}],"wp:term":[{"taxonomy":"product_brand","embeddable":true,"href":"https:\/\/bbacomex.com.br\/en\/wp-json\/wp\/v2\/product_brand?post=2775"},{"taxonomy":"product_cat","embeddable":true,"href":"https:\/\/bbacomex.com.br\/en\/wp-json\/wp\/v2\/product_cat?post=2775"},{"taxonomy":"product_tag","embeddable":true,"href":"https:\/\/bbacomex.com.br\/en\/wp-json\/wp\/v2\/product_tag?post=2775"}],"curies":[{"name":"wp","href":"https:\/\/api.w.org\/{rel}","templated":true}]}}