{"id":2924,"date":"2024-06-03T16:17:08","date_gmt":"2024-06-03T19:17:08","guid":{"rendered":"https:\/\/bbacomex.com.br\/?post_type=product&#038;p=2924"},"modified":"2025-07-25T20:39:51","modified_gmt":"2025-07-25T23:39:51","slug":"seladoras-verticais-40-e-80","status":"publish","type":"product","link":"https:\/\/bbacomex.com.br\/en\/product\/seladoras-verticais-40-e-80\/","title":{"rendered":"Vertical Sealers 40 and 80"},"content":{"rendered":"<div class=\"elementor-element elementor-element-3db3e01 elementor-widget__width-initial elementor-widget elementor-widget-text-editor\" data-id=\"3db3e01\" data-element_type=\"widget\" data-widget_type=\"text-editor.default\">\n<div class=\"elementor-widget-container\">\n<div class=\"elementor-element elementor-element-5bfbfe5 elementor-widget__width-initial elementor-widget elementor-widget-text-editor\" data-id=\"5bfbfe5\" data-element_type=\"widget\" data-widget_type=\"text-editor.default\">\n<div class=\"elementor-widget-container\">\n<div class=\"elementor-element elementor-element-f50db4f elementor-widget__width-initial elementor-widget elementor-widget-text-editor\" data-id=\"f50db4f\" data-element_type=\"widget\" data-widget_type=\"text-editor.default\">\n<div class=\"elementor-widget-container\">\n<div class=\"elementor-element elementor-element-3db3e01 elementor-widget__width-initial elementor-widget elementor-widget-text-editor\" data-id=\"3db3e01\" data-element_type=\"widget\" data-widget_type=\"text-editor.default\">\n<div class=\"elementor-widget-container\">\n<div class=\"elementor-element elementor-element-5bfbfe5 elementor-widget__width-initial elementor-widget elementor-widget-text-editor\" data-id=\"5bfbfe5\" data-element_type=\"widget\" data-widget_type=\"text-editor.default\">\n<div class=\"elementor-widget-container\">\n<div class=\"elementor-element elementor-element-f50db4f elementor-widget__width-initial elementor-widget elementor-widget-text-editor\" data-id=\"f50db4f\" data-element_type=\"widget\" data-widget_type=\"text-editor.default\">\n<div class=\"elementor-widget-container\">\n<div class=\"elementor-element elementor-element-7e3edc1 elementor-widget__width-initial elementor-widget elementor-widget-text-editor\" data-id=\"7e3edc1\" data-element_type=\"widget\" data-widget_type=\"text-editor.default\">\n<div class=\"elementor-widget-container\">\n<p><strong>Alto desempenho para produtos com maior altura<\/strong><\/p>\n<p>As\u00a0<strong>Vertical Sealers 40 and 80<\/strong>\u00a0da BBA Comex s\u00e3o solu\u00e7\u00f5es automatizadas desenvolvidas para o fechamento eficiente de embalagens com produtos de maior altura. Constru\u00eddas em\u00a0<strong>a\u00e7o carbono de alta resist\u00eancia<\/strong>, essas m\u00e1quinas foram projetadas para oferecer alto rendimento, confiabilidade e acabamento profissional em linhas de produ\u00e7\u00e3o que exigem versatilidade e produtividade.<\/p>\n<p><strong>Caracter\u00edsticas T\u00e9cnicas e Funcionais<\/strong><\/p>\n<ul>\n<li><strong>Constru\u00e7\u00e3o Robusta:<\/strong>\u00a0Estrutura em a\u00e7o carbono, de f\u00e1cil limpeza e adequada \u00e0s exig\u00eancias sanit\u00e1rias e industriais.<\/li>\n<li><strong>Selagem Lateral Cont\u00ednua com Barramento Transversal:<\/strong>\u00a0Oferece maior \u00e1rea \u00fatil de selagem, adaptando-se a embalagens com diferentes dimens\u00f5es.<\/li>\n<li><strong>Automa\u00e7\u00e3o Completa:<\/strong>\u00a0Alimenta\u00e7\u00e3o, transporte, selagem, encolhimento e manuseio autom\u00e1ticos, proporcionando agilidade e redu\u00e7\u00e3o de m\u00e3o de obra.<\/li>\n<li><strong>Alto Rendimento:<\/strong>\u00a0Modelos com produ\u00e7\u00e3o de at\u00e9\u00a0<strong>40 ou 80 embalagens por minuto<\/strong>, conforme a vers\u00e3o escolhida.<\/li>\n<li><strong>Controle de Temperatura com Sistema PID:<\/strong>\u00a0Garante selagem est\u00e1vel e uniforme com filmes termoencolh\u00edveis como o\u00a0<strong>POF<\/strong>.<\/li>\n<li><strong>Ajuste Pr\u00e1tico da Embalagem:<\/strong>\u00a0Regulagem de altura e largura por volantes, com f\u00e1cil opera\u00e7\u00e3o e adapta\u00e7\u00e3o a diferentes formatos.<\/li>\n<li><strong>Sistema de Seguran\u00e7a com Detec\u00e7\u00e3o de Falhas:<\/strong>\u00a0A m\u00e1quina interrompe automaticamente a opera\u00e7\u00e3o em caso de erro, evitando perdas e acidentes.<\/li>\n<li><strong>Sensores Inteligentes de Alimenta\u00e7\u00e3o:<\/strong>\u00a0Controle preciso por sensores horizontais e verticais, ideal para embalar produtos finos, altos ou sens\u00edveis.<\/li>\n<\/ul>\n<p><strong>Aplica\u00e7\u00f5es Recomendadas<\/strong><\/p>\n<p>As Seladoras Verticais 40 e 80 s\u00e3o indicadas para linhas de produ\u00e7\u00e3o que lidam com:<\/p>\n<ul>\n<li>Produtos de maior altura, como frascos, garrafas, caixas verticais e kits empilhados<\/li>\n<li>Embalagens promocionais ou com formatos n\u00e3o convencionais<\/li>\n<\/ul>\n<p><strong>Com a tecnologia das Seladoras Verticais BBA Comex, sua empresa ganha efici\u00eancia, qualidade e versatilidade no processo de embalagem. Fale com nossos especialistas e solicite uma proposta sob medida para sua opera\u00e7\u00e3o.<\/strong><\/p>\n<\/div>\n<\/div>\n<\/div>\n<\/div>\n<\/div>\n<\/div>\n<\/div>\n<\/div>\n<\/div>\n<\/div>\n<\/div>\n<\/div>\n<\/div>\n<\/div>","protected":false},"excerpt":{"rendered":"<p>Alto desempenho para produtos com maior altura As\u00a0Seladoras Verticais 40 e 80\u00a0da BBA Comex s\u00e3o solu\u00e7\u00f5es automatizadas desenvolvidas para o fechamento eficiente de embalagens com produtos de maior altura. Constru\u00eddas em\u00a0a\u00e7o carbono de alta resist\u00eancia, essas m\u00e1quinas foram projetadas para oferecer alto rendimento, confiabilidade e acabamento profissional em linhas de produ\u00e7\u00e3o que exigem versatilidade e [&hellip;]<\/p>","protected":false},"featured_media":3365,"template":"","meta":{"_acf_changed":false},"product_brand":[],"product_cat":[89,77],"product_tag":[],"class_list":{"0":"post-2924","1":"product","2":"type-product","3":"status-publish","4":"has-post-thumbnail","6":"product_cat-seladoras-verticais","7":"product_cat-sem-categoria","9":"first","10":"instock","11":"shipping-taxable","12":"product-type-simple"},"acf":[],"yoast_head":"<!-- This site is optimized with the Yoast SEO Premium plugin v24.5 (Yoast SEO v27.2) - https:\/\/yoast.com\/product\/yoast-seo-premium-wordpress\/ -->\n<title>Seladoras Verticais 40 e 80<\/title>\n<meta name=\"description\" content=\"As\u00a0Seladoras Verticais 40 e 80\u00a0da BBA Comex s\u00e3o solu\u00e7\u00f5es automatizadas desenvolvidas para o fechamento eficiente de embalagens com produtos de maior altura. Constru\u00eddas em\u00a0a\u00e7o carbono de alta resist\u00eancia, essas m\u00e1quinas foram projetadas para oferecer alto rendimento, confiabilidade e acabamento profissional em linhas de produ\u00e7\u00e3o que exigem versatilidade e produtividade.\" \/>\n<meta name=\"robots\" content=\"index, follow, max-snippet:-1, max-image-preview:large, max-video-preview:-1\" \/>\n<link rel=\"canonical\" href=\"https:\/\/bbacomex.com.br\/en\/product\/seladoras-verticais-40-e-80\/\" \/>\n<meta property=\"og:locale\" content=\"en_US\" \/>\n<meta property=\"og:type\" content=\"article\" \/>\n<meta property=\"og:title\" content=\"Seladoras Verticais 40 e 80\" \/>\n<meta property=\"og:description\" content=\"As\u00a0Seladoras Verticais 40 e 80\u00a0da BBA Comex s\u00e3o solu\u00e7\u00f5es automatizadas desenvolvidas para o fechamento eficiente de embalagens com produtos de maior altura. Constru\u00eddas em\u00a0a\u00e7o carbono de alta resist\u00eancia, essas m\u00e1quinas foram projetadas para oferecer alto rendimento, confiabilidade e acabamento profissional em linhas de produ\u00e7\u00e3o que exigem versatilidade e produtividade.\" \/>\n<meta property=\"og:url\" content=\"https:\/\/bbacomex.com.br\/en\/product\/seladoras-verticais-40-e-80\/\" \/>\n<meta property=\"og:site_name\" content=\"BBA Comex\" \/>\n<meta property=\"article:publisher\" content=\"https:\/\/www.facebook.com\/bbacomexoficial\" \/>\n<meta property=\"article:modified_time\" content=\"2025-07-25T23:39:51+00:00\" \/>\n<meta property=\"og:image\" content=\"https:\/\/bbacomex.com.br\/wp-content\/uploads\/2024\/06\/Seladora-Vertical-4.jpg\" \/>\n\t<meta property=\"og:image:width\" content=\"1813\" \/>\n\t<meta property=\"og:image:height\" content=\"1209\" \/>\n\t<meta property=\"og:image:type\" content=\"image\/jpeg\" \/>\n<meta name=\"twitter:card\" content=\"summary_large_image\" \/>\n<meta name=\"twitter:label1\" content=\"Price\" \/>\n\t<meta name=\"twitter:data1\" content=\"\" \/>\n\t<meta name=\"twitter:label2\" content=\"Availability\" \/>\n\t<meta name=\"twitter:data2\" content=\"In stock\" \/>\n<script type=\"application\/ld+json\" class=\"yoast-schema-graph\">{\"@context\":\"https:\/\/schema.org\",\"@graph\":[{\"@type\":\"WebPage\",\"@id\":\"https:\/\/bbacomex.com.br\/produto\/seladoras-verticais-40-e-80\/\",\"url\":\"https:\/\/bbacomex.com.br\/produto\/seladoras-verticais-40-e-80\/\",\"name\":\"Seladoras Verticais 40 e 80\",\"isPartOf\":{\"@id\":\"https:\/\/bbacomex.com.br\/#website\"},\"primaryImageOfPage\":{\"@id\":\"https:\/\/bbacomex.com.br\/produto\/seladoras-verticais-40-e-80\/#primaryimage\"},\"image\":{\"@id\":\"https:\/\/bbacomex.com.br\/produto\/seladoras-verticais-40-e-80\/#primaryimage\"},\"thumbnailUrl\":\"https:\/\/bbacomex.com.br\/wp-content\/uploads\/2024\/06\/Seladora-Vertical-4.jpg\",\"datePublished\":\"2024-06-03T19:17:08+00:00\",\"dateModified\":\"2025-07-25T23:39:51+00:00\",\"description\":\"As\u00a0Seladoras Verticais 40 e 80\u00a0da BBA Comex s\u00e3o solu\u00e7\u00f5es automatizadas desenvolvidas para o fechamento eficiente de embalagens com produtos de maior altura. Constru\u00eddas em\u00a0a\u00e7o carbono de alta resist\u00eancia, essas m\u00e1quinas foram projetadas para oferecer alto rendimento, confiabilidade e acabamento profissional em linhas de produ\u00e7\u00e3o que exigem versatilidade e produtividade.\",\"breadcrumb\":{\"@id\":\"https:\/\/bbacomex.com.br\/produto\/seladoras-verticais-40-e-80\/#breadcrumb\"},\"inLanguage\":\"en-US\",\"potentialAction\":[{\"@type\":\"ReadAction\",\"target\":[\"https:\/\/bbacomex.com.br\/produto\/seladoras-verticais-40-e-80\/\"]}]},{\"@type\":\"ImageObject\",\"inLanguage\":\"en-US\",\"@id\":\"https:\/\/bbacomex.com.br\/produto\/seladoras-verticais-40-e-80\/#primaryimage\",\"url\":\"https:\/\/bbacomex.com.br\/wp-content\/uploads\/2024\/06\/Seladora-Vertical-4.jpg\",\"contentUrl\":\"https:\/\/bbacomex.com.br\/wp-content\/uploads\/2024\/06\/Seladora-Vertical-4.jpg\",\"width\":1813,\"height\":1209},{\"@type\":\"BreadcrumbList\",\"@id\":\"https:\/\/bbacomex.com.br\/produto\/seladoras-verticais-40-e-80\/#breadcrumb\",\"itemListElement\":[{\"@type\":\"ListItem\",\"position\":1,\"name\":\"In\u00edcio\",\"item\":\"https:\/\/bbacomex.com.br\/\"},{\"@type\":\"ListItem\",\"position\":2,\"name\":\"Produtos\",\"item\":\"https:\/\/bbacomex.com.br\/loja\/\"},{\"@type\":\"ListItem\",\"position\":3,\"name\":\"Seladoras Verticais 40 e 80\"}]},{\"@type\":\"WebSite\",\"@id\":\"https:\/\/bbacomex.com.br\/#website\",\"url\":\"https:\/\/bbacomex.com.br\/\",\"name\":\"BBA Comex\",\"description\":\"\",\"publisher\":{\"@id\":\"https:\/\/bbacomex.com.br\/#organization\"},\"potentialAction\":[{\"@type\":\"SearchAction\",\"target\":{\"@type\":\"EntryPoint\",\"urlTemplate\":\"https:\/\/bbacomex.com.br\/?s={search_term_string}\"},\"query-input\":{\"@type\":\"PropertyValueSpecification\",\"valueRequired\":true,\"valueName\":\"search_term_string\"}}],\"inLanguage\":\"en-US\"},{\"@type\":\"Organization\",\"@id\":\"https:\/\/bbacomex.com.br\/#organization\",\"name\":\"BBA Comex\",\"url\":\"https:\/\/bbacomex.com.br\/\",\"logo\":{\"@type\":\"ImageObject\",\"inLanguage\":\"en-US\",\"@id\":\"https:\/\/bbacomex.com.br\/#\/schema\/logo\/image\/\",\"url\":\"https:\/\/bbacomex.com.br\/wp-content\/uploads\/2024\/03\/Logo_Rodape.png\",\"contentUrl\":\"https:\/\/bbacomex.com.br\/wp-content\/uploads\/2024\/03\/Logo_Rodape.png\",\"width\":350,\"height\":160,\"caption\":\"BBA Comex\"},\"image\":{\"@id\":\"https:\/\/bbacomex.com.br\/#\/schema\/logo\/image\/\"},\"sameAs\":[\"https:\/\/www.facebook.com\/bbacomexoficial\",\"https:\/\/www.instagram.com\/bbacomex\/\",\"https:\/\/www.linkedin.com\/company\/bba-comex\/\"]}]}<\/script>\n<meta property=\"product:price:currency\" content=\"BRL\" \/>\n<meta property=\"og:availability\" content=\"instock\" \/>\n<meta property=\"product:availability\" content=\"instock\" \/>\n<meta property=\"product:condition\" content=\"new\" \/>\n<!-- \/ Yoast SEO Premium plugin. -->","yoast_head_json":{"title":"Seladoras Verticais 40 e 80","description":"As\u00a0Seladoras Verticais 40 e 80\u00a0da BBA Comex s\u00e3o solu\u00e7\u00f5es automatizadas desenvolvidas para o fechamento eficiente de embalagens com produtos de maior altura. Constru\u00eddas em\u00a0a\u00e7o carbono de alta resist\u00eancia, essas m\u00e1quinas foram projetadas para oferecer alto rendimento, confiabilidade e acabamento profissional em linhas de produ\u00e7\u00e3o que exigem versatilidade e produtividade.","robots":{"index":"index","follow":"follow","max-snippet":"max-snippet:-1","max-image-preview":"max-image-preview:large","max-video-preview":"max-video-preview:-1"},"canonical":"https:\/\/bbacomex.com.br\/en\/product\/seladoras-verticais-40-e-80\/","og_locale":"en_US","og_type":"article","og_title":"Seladoras Verticais 40 e 80","og_description":"As\u00a0Seladoras Verticais 40 e 80\u00a0da BBA Comex s\u00e3o solu\u00e7\u00f5es automatizadas desenvolvidas para o fechamento eficiente de embalagens com produtos de maior altura. Constru\u00eddas em\u00a0a\u00e7o carbono de alta resist\u00eancia, essas m\u00e1quinas foram projetadas para oferecer alto rendimento, confiabilidade e acabamento profissional em linhas de produ\u00e7\u00e3o que exigem versatilidade e produtividade.","og_url":"https:\/\/bbacomex.com.br\/en\/product\/seladoras-verticais-40-e-80\/","og_site_name":"BBA Comex","article_publisher":"https:\/\/www.facebook.com\/bbacomexoficial","article_modified_time":"2025-07-25T23:39:51+00:00","og_image":[{"width":1813,"height":1209,"url":"https:\/\/bbacomex.com.br\/wp-content\/uploads\/2024\/06\/Seladora-Vertical-4.jpg","type":"image\/jpeg"}],"twitter_card":"summary_large_image","twitter_misc":{"Price":"","Availability":"In stock"},"schema":{"@context":"https:\/\/schema.org","@graph":[{"@type":"WebPage","@id":"https:\/\/bbacomex.com.br\/produto\/seladoras-verticais-40-e-80\/","url":"https:\/\/bbacomex.com.br\/produto\/seladoras-verticais-40-e-80\/","name":"Seladoras Verticais 40 e 80","isPartOf":{"@id":"https:\/\/bbacomex.com.br\/#website"},"primaryImageOfPage":{"@id":"https:\/\/bbacomex.com.br\/produto\/seladoras-verticais-40-e-80\/#primaryimage"},"image":{"@id":"https:\/\/bbacomex.com.br\/produto\/seladoras-verticais-40-e-80\/#primaryimage"},"thumbnailUrl":"https:\/\/bbacomex.com.br\/wp-content\/uploads\/2024\/06\/Seladora-Vertical-4.jpg","datePublished":"2024-06-03T19:17:08+00:00","dateModified":"2025-07-25T23:39:51+00:00","description":"As\u00a0Seladoras Verticais 40 e 80\u00a0da BBA Comex s\u00e3o solu\u00e7\u00f5es automatizadas desenvolvidas para o fechamento eficiente de embalagens com produtos de maior altura. Constru\u00eddas em\u00a0a\u00e7o carbono de alta resist\u00eancia, essas m\u00e1quinas foram projetadas para oferecer alto rendimento, confiabilidade e acabamento profissional em linhas de produ\u00e7\u00e3o que exigem versatilidade e produtividade.","breadcrumb":{"@id":"https:\/\/bbacomex.com.br\/produto\/seladoras-verticais-40-e-80\/#breadcrumb"},"inLanguage":"en-US","potentialAction":[{"@type":"ReadAction","target":["https:\/\/bbacomex.com.br\/produto\/seladoras-verticais-40-e-80\/"]}]},{"@type":"ImageObject","inLanguage":"en-US","@id":"https:\/\/bbacomex.com.br\/produto\/seladoras-verticais-40-e-80\/#primaryimage","url":"https:\/\/bbacomex.com.br\/wp-content\/uploads\/2024\/06\/Seladora-Vertical-4.jpg","contentUrl":"https:\/\/bbacomex.com.br\/wp-content\/uploads\/2024\/06\/Seladora-Vertical-4.jpg","width":1813,"height":1209},{"@type":"BreadcrumbList","@id":"https:\/\/bbacomex.com.br\/produto\/seladoras-verticais-40-e-80\/#breadcrumb","itemListElement":[{"@type":"ListItem","position":1,"name":"In\u00edcio","item":"https:\/\/bbacomex.com.br\/"},{"@type":"ListItem","position":2,"name":"Produtos","item":"https:\/\/bbacomex.com.br\/loja\/"},{"@type":"ListItem","position":3,"name":"Seladoras Verticais 40 e 80"}]},{"@type":"WebSite","@id":"https:\/\/bbacomex.com.br\/#website","url":"https:\/\/bbacomex.com.br\/","name":"BBA Comex","description":"","publisher":{"@id":"https:\/\/bbacomex.com.br\/#organization"},"potentialAction":[{"@type":"SearchAction","target":{"@type":"EntryPoint","urlTemplate":"https:\/\/bbacomex.com.br\/?s={search_term_string}"},"query-input":{"@type":"PropertyValueSpecification","valueRequired":true,"valueName":"search_term_string"}}],"inLanguage":"en-US"},{"@type":"Organization","@id":"https:\/\/bbacomex.com.br\/#organization","name":"BBA Comex","url":"https:\/\/bbacomex.com.br\/","logo":{"@type":"ImageObject","inLanguage":"en-US","@id":"https:\/\/bbacomex.com.br\/#\/schema\/logo\/image\/","url":"https:\/\/bbacomex.com.br\/wp-content\/uploads\/2024\/03\/Logo_Rodape.png","contentUrl":"https:\/\/bbacomex.com.br\/wp-content\/uploads\/2024\/03\/Logo_Rodape.png","width":350,"height":160,"caption":"BBA Comex"},"image":{"@id":"https:\/\/bbacomex.com.br\/#\/schema\/logo\/image\/"},"sameAs":["https:\/\/www.facebook.com\/bbacomexoficial","https:\/\/www.instagram.com\/bbacomex\/","https:\/\/www.linkedin.com\/company\/bba-comex\/"]}]},"product_price_currency":"BRL","og_availability":"instock","product_availability":"instock","product_condition":"new"},"_links":{"self":[{"href":"https:\/\/bbacomex.com.br\/en\/wp-json\/wp\/v2\/product\/2924","targetHints":{"allow":["GET"]}}],"collection":[{"href":"https:\/\/bbacomex.com.br\/en\/wp-json\/wp\/v2\/product"}],"about":[{"href":"https:\/\/bbacomex.com.br\/en\/wp-json\/wp\/v2\/types\/product"}],"wp:featuredmedia":[{"embeddable":true,"href":"https:\/\/bbacomex.com.br\/en\/wp-json\/wp\/v2\/media\/3365"}],"wp:attachment":[{"href":"https:\/\/bbacomex.com.br\/en\/wp-json\/wp\/v2\/media?parent=2924"}],"wp:term":[{"taxonomy":"product_brand","embeddable":true,"href":"https:\/\/bbacomex.com.br\/en\/wp-json\/wp\/v2\/product_brand?post=2924"},{"taxonomy":"product_cat","embeddable":true,"href":"https:\/\/bbacomex.com.br\/en\/wp-json\/wp\/v2\/product_cat?post=2924"},{"taxonomy":"product_tag","embeddable":true,"href":"https:\/\/bbacomex.com.br\/en\/wp-json\/wp\/v2\/product_tag?post=2924"}],"curies":[{"name":"wp","href":"https:\/\/api.w.org\/{rel}","templated":true}]}}