{"id":2925,"date":"2024-06-03T16:19:02","date_gmt":"2024-06-03T19:19:02","guid":{"rendered":"https:\/\/bbacomex.com.br\/?post_type=product&#038;p=2925"},"modified":"2025-09-02T14:22:03","modified_gmt":"2025-09-02T17:22:03","slug":"fechadora-de-caixa-com-esteira-superior-e-inferior","status":"publish","type":"product","link":"https:\/\/bbacomex.com.br\/en\/product\/fechadora-de-caixa-com-esteira-superior-e-inferior\/","title":{"rendered":"Box Sealer with Upper and\nLower Conveyor"},"content":{"rendered":"<div class=\"elementor-element elementor-element-3db3e01 elementor-widget__width-initial elementor-widget elementor-widget-text-editor\" data-id=\"3db3e01\" data-element_type=\"widget\" data-widget_type=\"text-editor.default\">\n<div class=\"elementor-widget-container\">\n<div class=\"elementor-element elementor-element-5bfbfe5 elementor-widget__width-initial elementor-widget elementor-widget-text-editor\" data-id=\"5bfbfe5\" data-element_type=\"widget\" data-widget_type=\"text-editor.default\">\n<div class=\"elementor-widget-container\">\n<div class=\"elementor-element elementor-element-f50db4f elementor-widget__width-initial elementor-widget elementor-widget-text-editor\" data-id=\"f50db4f\" data-element_type=\"widget\" data-widget_type=\"text-editor.default\">\n<div class=\"elementor-widget-container\">\n<div class=\"elementor-element elementor-element-3db3e01 elementor-widget__width-initial elementor-widget elementor-widget-text-editor\" data-id=\"3db3e01\" data-element_type=\"widget\" data-widget_type=\"text-editor.default\">\n<div class=\"elementor-widget-container\">\n<div class=\"elementor-element elementor-element-5bfbfe5 elementor-widget__width-initial elementor-widget elementor-widget-text-editor\" data-id=\"5bfbfe5\" data-element_type=\"widget\" data-widget_type=\"text-editor.default\">\n<div class=\"elementor-widget-container\">\n<div class=\"elementor-element elementor-element-f50db4f elementor-widget__width-initial elementor-widget elementor-widget-text-editor\" data-id=\"f50db4f\" data-element_type=\"widget\" data-widget_type=\"text-editor.default\">\n<div class=\"elementor-widget-container\">\n<div class=\"elementor-element elementor-element-7e3edc1 elementor-widget__width-initial elementor-widget elementor-widget-text-editor\" data-id=\"7e3edc1\" data-element_type=\"widget\" data-widget_type=\"text-editor.default\">\n<div class=\"elementor-widget-container\">\n<div class=\"elementor-element elementor-element-0f54a7e elementor-widget__width-initial elementor-widget elementor-widget-text-editor\" data-id=\"0f54a7e\" data-element_type=\"widget\" data-widget_type=\"text-editor.default\">\n<div class=\"elementor-widget-container\">\n<div class=\"wpb_text_column wpb_content_element\">\n<div class=\"wpb_wrapper\">\n<p>The\u00a0<strong>Fechadora de Caixa Semiautom\u00e1tica com Esteira Superior e Inferior<\/strong>\u00a0da\u00a0<strong>BBA Comex<\/strong>\u00a0\u00e9 a solu\u00e7\u00e3o ideal para\u00a0<strong>automatizar o fechamento de embalagens de forma pr\u00e1tica, segura e econ\u00f4mica<\/strong>. Projetada para atender diferentes portes de produ\u00e7\u00e3o, esse equipamento realiza o fechamento das abas superiores e inferiores de caixas de papel\u00e3o com\u00a0<strong>precis\u00e3o, agilidade e padroniza\u00e7\u00e3o<\/strong>.<\/p>\n<p>De f\u00e1cil opera\u00e7\u00e3o, a fechadora pode ser utilizada\u00a0<strong>individualmente ou integrada a linhas de embalagem automatizadas<\/strong>, adaptando-se perfeitamente \u00e0s necessidades de empresas de pequeno, m\u00e9dio ou grande porte.<\/p>\n<p><strong>Principais Caracter\u00edsticas<\/strong><\/p>\n<ul>\n<li><strong>Fechamento autom\u00e1tico das abas superiores e inferiores<\/strong><br \/>\nAgiliza o processo e assegura consist\u00eancia nas embalagens.<\/li>\n<li><strong>Ajuste f\u00e1cil e semiautom\u00e1tico de altura e largura da caixa<\/strong><br \/>\nRealizado por manivelas pr\u00e1ticas, permite configurar a m\u00e1quina para diferentes tamanhos com rapidez, sem necessidade de ferramentas.<\/li>\n<li><strong>Esteiras motorizadas superior e inferior (largura 75 mm)<\/strong><br \/>\nGarantem tra\u00e7\u00e3o firme e est\u00e1vel durante a movimenta\u00e7\u00e3o das caixas.<\/li>\n<li><strong>Cabe\u00e7ote aplicador de fita adesiva de f\u00e1cil acesso<\/strong><br \/>\nFacilita a troca e manuten\u00e7\u00e3o, com sistema de aplica\u00e7\u00e3o eficiente e seguro.<\/li>\n<li><strong>P\u00e9s telesc\u00f3picos com rod\u00edzios industriais e vibra stop<\/strong><br \/>\nProporcionam mobilidade, absor\u00e7\u00e3o de vibra\u00e7\u00e3o e estabilidade durante a opera\u00e7\u00e3o.<\/li>\n<\/ul>\n<p><strong>Diferenciais da BBA Comex<\/strong><\/p>\n<ul>\n<li>Redu\u00e7\u00e3o de tempo e m\u00e3o de obra<\/li>\n<li>Economia de fita adesiva com aplica\u00e7\u00e3o precisa<\/li>\n<li>Constru\u00e7\u00e3o robusta em a\u00e7o carbono com acabamento resistente<\/li>\n<li>Compatibilidade com diferentes dimens\u00f5es de caixas<\/li>\n<li>Opera\u00e7\u00e3o simples com excelente custo-benef\u00edcio<\/li>\n<li><strong>Bot\u00e3o de parada de emerg\u00eancia para maior seguran\u00e7a<\/strong><\/li>\n<\/ul>\n<p>Com a\u00a0<strong>Fechadora de Caixa Semiautom\u00e1tica da BBA Comex<\/strong>, sua opera\u00e7\u00e3o ganha mais produtividade, seguran\u00e7a e efici\u00eancia. Ideal para empresas que desejam\u00a0<strong>elevar o n\u00edvel do processo log\u00edstico<\/strong>, com\u00a0<strong>mais agilidade, menor desperd\u00edcio e m\u00e1xima padroniza\u00e7\u00e3o no fechamento de caixas<\/strong>.<\/p>\n<p>*Tamb\u00e9m dispon\u00edvel nas vers\u00f5es em INOX e NR12<\/p>\n<\/div>\n<\/div>\n<\/div>\n<\/div>\n<\/div>\n<\/div>\n<\/div>\n<\/div>\n<\/div>\n<\/div>\n<\/div>\n<\/div>\n<\/div>\n<\/div>\n<\/div>\n<\/div>\n<\/div>\n<\/div>","protected":false},"excerpt":{"rendered":"<div class=\"elementor-element elementor-element-cb4b989 elementor-widget__width-initial elementor-widget elementor-widget-text-editor\" data-id=\"cb4b989\" data-element_type=\"widget\" data-widget_type=\"text-editor.default\">\n<div class=\"elementor-widget-container\">\n<div class=\"wpb_text_column wpb_content_element\">\n<div class=\"wpb_wrapper\">\n<p>&nbsp;<\/p>\n<p><strong>V\u00eddeo:<\/strong><br \/>\n<iframe title=\"YouTube video player\" src=\"https:\/\/www.youtube.com\/embed\/3P-IRY9OKsE?si=pgduR8yac1rOGiqK\" width=\"560\" height=\"315\" frameborder=\"0\" allowfullscreen=\"allowfullscreen\" data-mce-fragment=\"1\"><\/iframe><\/p>\n<\/div>\n<\/div>\n<\/div>\n<\/div>\n<div class=\"elementor-element elementor-element-579bd10 elementor-widget__width-initial elementor-widget elementor-widget-text-editor\" data-id=\"579bd10\" data-element_type=\"widget\" data-widget_type=\"text-editor.default\">\n<div class=\"elementor-widget-container\">\n<div class=\"wpb_text_column wpb_content_element\">\n<div class=\"wpb_wrapper\">\n<p>&nbsp;<\/p>\n<\/div>\n<\/div>\n<\/div>\n<\/div>\n<div style=\"max-width: 600px; margin: 40px auto; font-family: Arial, sans-serif; border: 2px solid #0044cc; border-radius: 10px; overflow: hidden;\">\n<div style=\"background-color: #0044cc; color: white; padding: 10px 20px; font-size: 20px; font-weight: bold;\">Fechadora de Caixas<\/div>\n<div style=\"background-color: #eaf0ff; padding: 10px 20px; font-size: 14px; font-weight: bold;\">Dados T\u00e9cnicos<\/div>\n<table style=\"width: 100%; border-collapse: collapse; font-size: 14px;\">\n<tbody>\n<tr>\n<td style=\"padding: 10px; border-bottom: 1px solid #ddd;\">Dimens\u00f5es da M\u00e1quina (C x L x A)<\/td>\n<td style=\"padding: 10px; border-bottom: 1px solid #ddd;\">1848 x 810 x 1532 mm<\/td>\n<\/tr>\n<tr>\n<td style=\"padding: 10px; border-bottom: 1px solid #ddd;\">Tamanho M\u00e1x. da Embalagem (L x A)<\/td>\n<td style=\"padding: 10px; border-bottom: 1px solid #ddd;\">500 x 600 mm<\/td>\n<\/tr>\n<tr>\n<td style=\"padding: 10px; border-bottom: 1px solid #ddd;\">Tamanho M\u00edn. da Embalagem (L x A)<\/td>\n<td style=\"padding: 10px; border-bottom: 1px solid #ddd;\">200 x 150 mm<\/td>\n<\/tr>\n<tr>\n<td style=\"padding: 10px; border-bottom: 1px solid #ddd;\">Largura de Uso da Fita<\/td>\n<td style=\"padding: 10px; border-bottom: 1px solid #ddd;\">45 a 72 mm<\/td>\n<\/tr>\n<tr>\n<td style=\"padding: 10px; border-bottom: 1px solid #ddd;\">Velocidade<\/td>\n<td style=\"padding: 10px; border-bottom: 1px solid #ddd;\">20 m\/min<\/td>\n<\/tr>\n<tr>\n<td style=\"padding: 10px; border-bottom: 1px solid #ddd;\">Consumo\/hora<\/td>\n<td style=\"padding: 10px; border-bottom: 1px solid #ddd;\">3,2 kW\/h<\/td>\n<\/tr>\n<tr>\n<td style=\"padding: 10px; border-bottom: 1px solid #ddd;\">Tens\u00e3o<\/td>\n<td style=\"padding: 10px; border-bottom: 1px solid #ddd;\">220v monof\u00e1sico<\/td>\n<\/tr>\n<tr>\n<td style=\"padding: 10px; border-bottom: 1px solid #ddd;\">Pot\u00eancia<\/td>\n<td style=\"padding: 10px; border-bottom: 1px solid #ddd;\">400W<\/td>\n<\/tr>\n<tr>\n<td style=\"padding: 10px; border-bottom: 1px solid #ddd;\">Peso M\u00e1x. da Caixa<\/td>\n<td style=\"padding: 10px; border-bottom: 1px solid #ddd;\">40 kg<\/td>\n<\/tr>\n<tr>\n<td style=\"padding: 10px;\">Peso<\/td>\n<td style=\"padding: 10px;\">120 kg<\/td>\n<\/tr>\n<\/tbody>\n<\/table>\n<\/div>","protected":false},"featured_media":4535,"template":"","meta":{"_acf_changed":false},"product_brand":[],"product_cat":[90,77],"product_tag":[],"class_list":{"0":"post-2925","1":"product","2":"type-product","3":"status-publish","4":"has-post-thumbnail","6":"product_cat-fechadoras-de-caixa","7":"product_cat-sem-categoria","9":"first","10":"instock","11":"shipping-taxable","12":"product-type-simple"},"acf":[],"yoast_head":"<!-- This site is optimized with the Yoast SEO Premium plugin v24.5 (Yoast SEO v27.2) - https:\/\/yoast.com\/product\/yoast-seo-premium-wordpress\/ -->\n<title>Fechadora de Caixa com Esteira Superior e Inferior<\/title>\n<meta name=\"description\" content=\"A\u00a0Fechadora de Caixa Semiautom\u00e1tica com Esteira Superior e Inferior\u00a0da\u00a0BBA Comex\u00a0\u00e9 a solu\u00e7\u00e3o ideal para\u00a0automatizar o fechamento de embalagens de forma pr\u00e1tica, segura e econ\u00f4mica. Projetada para atender diferentes portes de produ\u00e7\u00e3o, esse equipamento realiza o fechamento das abas superiores e inferiores de caixas de papel\u00e3o com\u00a0precis\u00e3o, agilidade e padroniza\u00e7\u00e3o.De f\u00e1cil opera\u00e7\u00e3o, a fechadora pode ser utilizada\u00a0individualmente ou integrada a linhas de embalagem automatizadas, adaptando-se perfeitamente \u00e0s necessidades de empresas de pequeno, m\u00e9dio ou grande porte.\" \/>\n<meta name=\"robots\" content=\"index, follow, max-snippet:-1, max-image-preview:large, max-video-preview:-1\" \/>\n<link rel=\"canonical\" href=\"https:\/\/bbacomex.com.br\/en\/product\/fechadora-de-caixa-com-esteira-superior-e-inferior\/\" \/>\n<meta property=\"og:locale\" content=\"en_US\" \/>\n<meta property=\"og:type\" content=\"article\" \/>\n<meta property=\"og:title\" content=\"Fechadora de Caixa com Esteira Superior e Inferior\" \/>\n<meta property=\"og:description\" content=\"A\u00a0Fechadora de Caixa Semiautom\u00e1tica com Esteira Superior e Inferior\u00a0da\u00a0BBA Comex\u00a0\u00e9 a solu\u00e7\u00e3o ideal para\u00a0automatizar o fechamento de embalagens de forma pr\u00e1tica, segura e econ\u00f4mica. Projetada para atender diferentes portes de produ\u00e7\u00e3o, esse equipamento realiza o fechamento das abas superiores e inferiores de caixas de papel\u00e3o com\u00a0precis\u00e3o, agilidade e padroniza\u00e7\u00e3o.De f\u00e1cil opera\u00e7\u00e3o, a fechadora pode ser utilizada\u00a0individualmente ou integrada a linhas de embalagem automatizadas, adaptando-se perfeitamente \u00e0s necessidades de empresas de pequeno, m\u00e9dio ou grande porte.\" \/>\n<meta property=\"og:url\" content=\"https:\/\/bbacomex.com.br\/en\/product\/fechadora-de-caixa-com-esteira-superior-e-inferior\/\" \/>\n<meta property=\"og:site_name\" content=\"BBA Comex\" \/>\n<meta property=\"article:publisher\" content=\"https:\/\/www.facebook.com\/bbacomexoficial\" \/>\n<meta property=\"article:modified_time\" content=\"2025-09-02T17:22:03+00:00\" \/>\n<meta property=\"og:image\" content=\"https:\/\/bbacomex.com.br\/wp-content\/uploads\/2024\/06\/FECHADORA-DE-CAIXA-SEMI-SUP.-INF-scaled.png\" \/>\n\t<meta property=\"og:image:width\" content=\"2560\" \/>\n\t<meta property=\"og:image:height\" content=\"1921\" \/>\n\t<meta property=\"og:image:type\" content=\"image\/png\" \/>\n<meta name=\"twitter:card\" content=\"summary_large_image\" \/>\n<meta name=\"twitter:label1\" content=\"Price\" \/>\n\t<meta name=\"twitter:data1\" content=\"\" \/>\n\t<meta name=\"twitter:label2\" content=\"Availability\" \/>\n\t<meta name=\"twitter:data2\" content=\"In stock\" \/>\n<script type=\"application\/ld+json\" class=\"yoast-schema-graph\">{\"@context\":\"https:\/\/schema.org\",\"@graph\":[{\"@type\":\"WebPage\",\"@id\":\"https:\/\/bbacomex.com.br\/produto\/fechadora-de-caixa-com-esteira-superior-e-inferior\/\",\"url\":\"https:\/\/bbacomex.com.br\/produto\/fechadora-de-caixa-com-esteira-superior-e-inferior\/\",\"name\":\"Fechadora de Caixa com Esteira Superior e Inferior\",\"isPartOf\":{\"@id\":\"https:\/\/bbacomex.com.br\/#website\"},\"primaryImageOfPage\":{\"@id\":\"https:\/\/bbacomex.com.br\/produto\/fechadora-de-caixa-com-esteira-superior-e-inferior\/#primaryimage\"},\"image\":{\"@id\":\"https:\/\/bbacomex.com.br\/produto\/fechadora-de-caixa-com-esteira-superior-e-inferior\/#primaryimage\"},\"thumbnailUrl\":\"https:\/\/bbacomex.com.br\/wp-content\/uploads\/2024\/06\/FECHADORA-DE-CAIXA-SEMI-SUP.-INF-scaled.png\",\"datePublished\":\"2024-06-03T19:19:02+00:00\",\"dateModified\":\"2025-09-02T17:22:03+00:00\",\"description\":\"A\u00a0Fechadora de Caixa Semiautom\u00e1tica com Esteira Superior e Inferior\u00a0da\u00a0BBA Comex\u00a0\u00e9 a solu\u00e7\u00e3o ideal para\u00a0automatizar o fechamento de embalagens de forma pr\u00e1tica, segura e econ\u00f4mica. Projetada para atender diferentes portes de produ\u00e7\u00e3o, esse equipamento realiza o fechamento das abas superiores e inferiores de caixas de papel\u00e3o com\u00a0precis\u00e3o, agilidade e padroniza\u00e7\u00e3o.De f\u00e1cil opera\u00e7\u00e3o, a fechadora pode ser utilizada\u00a0individualmente ou integrada a linhas de embalagem automatizadas, adaptando-se perfeitamente \u00e0s necessidades de empresas de pequeno, m\u00e9dio ou grande porte.\",\"breadcrumb\":{\"@id\":\"https:\/\/bbacomex.com.br\/produto\/fechadora-de-caixa-com-esteira-superior-e-inferior\/#breadcrumb\"},\"inLanguage\":\"en-US\",\"potentialAction\":[{\"@type\":\"ReadAction\",\"target\":[\"https:\/\/bbacomex.com.br\/produto\/fechadora-de-caixa-com-esteira-superior-e-inferior\/\"]}]},{\"@type\":\"ImageObject\",\"inLanguage\":\"en-US\",\"@id\":\"https:\/\/bbacomex.com.br\/produto\/fechadora-de-caixa-com-esteira-superior-e-inferior\/#primaryimage\",\"url\":\"https:\/\/bbacomex.com.br\/wp-content\/uploads\/2024\/06\/FECHADORA-DE-CAIXA-SEMI-SUP.-INF-scaled.png\",\"contentUrl\":\"https:\/\/bbacomex.com.br\/wp-content\/uploads\/2024\/06\/FECHADORA-DE-CAIXA-SEMI-SUP.-INF-scaled.png\",\"width\":2560,\"height\":1921},{\"@type\":\"BreadcrumbList\",\"@id\":\"https:\/\/bbacomex.com.br\/produto\/fechadora-de-caixa-com-esteira-superior-e-inferior\/#breadcrumb\",\"itemListElement\":[{\"@type\":\"ListItem\",\"position\":1,\"name\":\"In\u00edcio\",\"item\":\"https:\/\/bbacomex.com.br\/\"},{\"@type\":\"ListItem\",\"position\":2,\"name\":\"Produtos\",\"item\":\"https:\/\/bbacomex.com.br\/loja\/\"},{\"@type\":\"ListItem\",\"position\":3,\"name\":\"Fechadora de Caixa com Esteira Superior e Inferior\"}]},{\"@type\":\"WebSite\",\"@id\":\"https:\/\/bbacomex.com.br\/#website\",\"url\":\"https:\/\/bbacomex.com.br\/\",\"name\":\"BBA Comex\",\"description\":\"\",\"publisher\":{\"@id\":\"https:\/\/bbacomex.com.br\/#organization\"},\"potentialAction\":[{\"@type\":\"SearchAction\",\"target\":{\"@type\":\"EntryPoint\",\"urlTemplate\":\"https:\/\/bbacomex.com.br\/?s={search_term_string}\"},\"query-input\":{\"@type\":\"PropertyValueSpecification\",\"valueRequired\":true,\"valueName\":\"search_term_string\"}}],\"inLanguage\":\"en-US\"},{\"@type\":\"Organization\",\"@id\":\"https:\/\/bbacomex.com.br\/#organization\",\"name\":\"BBA Comex\",\"url\":\"https:\/\/bbacomex.com.br\/\",\"logo\":{\"@type\":\"ImageObject\",\"inLanguage\":\"en-US\",\"@id\":\"https:\/\/bbacomex.com.br\/#\/schema\/logo\/image\/\",\"url\":\"https:\/\/bbacomex.com.br\/wp-content\/uploads\/2024\/03\/Logo_Rodape.png\",\"contentUrl\":\"https:\/\/bbacomex.com.br\/wp-content\/uploads\/2024\/03\/Logo_Rodape.png\",\"width\":350,\"height\":160,\"caption\":\"BBA Comex\"},\"image\":{\"@id\":\"https:\/\/bbacomex.com.br\/#\/schema\/logo\/image\/\"},\"sameAs\":[\"https:\/\/www.facebook.com\/bbacomexoficial\",\"https:\/\/www.instagram.com\/bbacomex\/\",\"https:\/\/www.linkedin.com\/company\/bba-comex\/\"]}]}<\/script>\n<meta property=\"product:price:currency\" content=\"BRL\" \/>\n<meta property=\"og:availability\" content=\"instock\" \/>\n<meta property=\"product:availability\" content=\"instock\" \/>\n<meta property=\"product:condition\" content=\"new\" \/>\n<!-- \/ Yoast SEO Premium plugin. -->","yoast_head_json":{"title":"Fechadora de Caixa com Esteira Superior e Inferior","description":"A\u00a0Fechadora de Caixa Semiautom\u00e1tica com Esteira Superior e Inferior\u00a0da\u00a0BBA Comex\u00a0\u00e9 a solu\u00e7\u00e3o ideal para\u00a0automatizar o fechamento de embalagens de forma pr\u00e1tica, segura e econ\u00f4mica. Projetada para atender diferentes portes de produ\u00e7\u00e3o, esse equipamento realiza o fechamento das abas superiores e inferiores de caixas de papel\u00e3o com\u00a0precis\u00e3o, agilidade e padroniza\u00e7\u00e3o.De f\u00e1cil opera\u00e7\u00e3o, a fechadora pode ser utilizada\u00a0individualmente ou integrada a linhas de embalagem automatizadas, adaptando-se perfeitamente \u00e0s necessidades de empresas de pequeno, m\u00e9dio ou grande porte.","robots":{"index":"index","follow":"follow","max-snippet":"max-snippet:-1","max-image-preview":"max-image-preview:large","max-video-preview":"max-video-preview:-1"},"canonical":"https:\/\/bbacomex.com.br\/en\/product\/fechadora-de-caixa-com-esteira-superior-e-inferior\/","og_locale":"en_US","og_type":"article","og_title":"Fechadora de Caixa com Esteira Superior e Inferior","og_description":"A\u00a0Fechadora de Caixa Semiautom\u00e1tica com Esteira Superior e Inferior\u00a0da\u00a0BBA Comex\u00a0\u00e9 a solu\u00e7\u00e3o ideal para\u00a0automatizar o fechamento de embalagens de forma pr\u00e1tica, segura e econ\u00f4mica. Projetada para atender diferentes portes de produ\u00e7\u00e3o, esse equipamento realiza o fechamento das abas superiores e inferiores de caixas de papel\u00e3o com\u00a0precis\u00e3o, agilidade e padroniza\u00e7\u00e3o.De f\u00e1cil opera\u00e7\u00e3o, a fechadora pode ser utilizada\u00a0individualmente ou integrada a linhas de embalagem automatizadas, adaptando-se perfeitamente \u00e0s necessidades de empresas de pequeno, m\u00e9dio ou grande porte.","og_url":"https:\/\/bbacomex.com.br\/en\/product\/fechadora-de-caixa-com-esteira-superior-e-inferior\/","og_site_name":"BBA Comex","article_publisher":"https:\/\/www.facebook.com\/bbacomexoficial","article_modified_time":"2025-09-02T17:22:03+00:00","og_image":[{"width":2560,"height":1921,"url":"https:\/\/bbacomex.com.br\/wp-content\/uploads\/2024\/06\/FECHADORA-DE-CAIXA-SEMI-SUP.-INF-scaled.png","type":"image\/png"}],"twitter_card":"summary_large_image","twitter_misc":{"Price":"","Availability":"In stock"},"schema":{"@context":"https:\/\/schema.org","@graph":[{"@type":"WebPage","@id":"https:\/\/bbacomex.com.br\/produto\/fechadora-de-caixa-com-esteira-superior-e-inferior\/","url":"https:\/\/bbacomex.com.br\/produto\/fechadora-de-caixa-com-esteira-superior-e-inferior\/","name":"Fechadora de Caixa com Esteira Superior e Inferior","isPartOf":{"@id":"https:\/\/bbacomex.com.br\/#website"},"primaryImageOfPage":{"@id":"https:\/\/bbacomex.com.br\/produto\/fechadora-de-caixa-com-esteira-superior-e-inferior\/#primaryimage"},"image":{"@id":"https:\/\/bbacomex.com.br\/produto\/fechadora-de-caixa-com-esteira-superior-e-inferior\/#primaryimage"},"thumbnailUrl":"https:\/\/bbacomex.com.br\/wp-content\/uploads\/2024\/06\/FECHADORA-DE-CAIXA-SEMI-SUP.-INF-scaled.png","datePublished":"2024-06-03T19:19:02+00:00","dateModified":"2025-09-02T17:22:03+00:00","description":"A\u00a0Fechadora de Caixa Semiautom\u00e1tica com Esteira Superior e Inferior\u00a0da\u00a0BBA Comex\u00a0\u00e9 a solu\u00e7\u00e3o ideal para\u00a0automatizar o fechamento de embalagens de forma pr\u00e1tica, segura e econ\u00f4mica. Projetada para atender diferentes portes de produ\u00e7\u00e3o, esse equipamento realiza o fechamento das abas superiores e inferiores de caixas de papel\u00e3o com\u00a0precis\u00e3o, agilidade e padroniza\u00e7\u00e3o.De f\u00e1cil opera\u00e7\u00e3o, a fechadora pode ser utilizada\u00a0individualmente ou integrada a linhas de embalagem automatizadas, adaptando-se perfeitamente \u00e0s necessidades de empresas de pequeno, m\u00e9dio ou grande porte.","breadcrumb":{"@id":"https:\/\/bbacomex.com.br\/produto\/fechadora-de-caixa-com-esteira-superior-e-inferior\/#breadcrumb"},"inLanguage":"en-US","potentialAction":[{"@type":"ReadAction","target":["https:\/\/bbacomex.com.br\/produto\/fechadora-de-caixa-com-esteira-superior-e-inferior\/"]}]},{"@type":"ImageObject","inLanguage":"en-US","@id":"https:\/\/bbacomex.com.br\/produto\/fechadora-de-caixa-com-esteira-superior-e-inferior\/#primaryimage","url":"https:\/\/bbacomex.com.br\/wp-content\/uploads\/2024\/06\/FECHADORA-DE-CAIXA-SEMI-SUP.-INF-scaled.png","contentUrl":"https:\/\/bbacomex.com.br\/wp-content\/uploads\/2024\/06\/FECHADORA-DE-CAIXA-SEMI-SUP.-INF-scaled.png","width":2560,"height":1921},{"@type":"BreadcrumbList","@id":"https:\/\/bbacomex.com.br\/produto\/fechadora-de-caixa-com-esteira-superior-e-inferior\/#breadcrumb","itemListElement":[{"@type":"ListItem","position":1,"name":"In\u00edcio","item":"https:\/\/bbacomex.com.br\/"},{"@type":"ListItem","position":2,"name":"Produtos","item":"https:\/\/bbacomex.com.br\/loja\/"},{"@type":"ListItem","position":3,"name":"Fechadora de Caixa com Esteira Superior e Inferior"}]},{"@type":"WebSite","@id":"https:\/\/bbacomex.com.br\/#website","url":"https:\/\/bbacomex.com.br\/","name":"BBA Comex","description":"","publisher":{"@id":"https:\/\/bbacomex.com.br\/#organization"},"potentialAction":[{"@type":"SearchAction","target":{"@type":"EntryPoint","urlTemplate":"https:\/\/bbacomex.com.br\/?s={search_term_string}"},"query-input":{"@type":"PropertyValueSpecification","valueRequired":true,"valueName":"search_term_string"}}],"inLanguage":"en-US"},{"@type":"Organization","@id":"https:\/\/bbacomex.com.br\/#organization","name":"BBA Comex","url":"https:\/\/bbacomex.com.br\/","logo":{"@type":"ImageObject","inLanguage":"en-US","@id":"https:\/\/bbacomex.com.br\/#\/schema\/logo\/image\/","url":"https:\/\/bbacomex.com.br\/wp-content\/uploads\/2024\/03\/Logo_Rodape.png","contentUrl":"https:\/\/bbacomex.com.br\/wp-content\/uploads\/2024\/03\/Logo_Rodape.png","width":350,"height":160,"caption":"BBA Comex"},"image":{"@id":"https:\/\/bbacomex.com.br\/#\/schema\/logo\/image\/"},"sameAs":["https:\/\/www.facebook.com\/bbacomexoficial","https:\/\/www.instagram.com\/bbacomex\/","https:\/\/www.linkedin.com\/company\/bba-comex\/"]}]},"product_price_currency":"BRL","og_availability":"instock","product_availability":"instock","product_condition":"new"},"_links":{"self":[{"href":"https:\/\/bbacomex.com.br\/en\/wp-json\/wp\/v2\/product\/2925","targetHints":{"allow":["GET"]}}],"collection":[{"href":"https:\/\/bbacomex.com.br\/en\/wp-json\/wp\/v2\/product"}],"about":[{"href":"https:\/\/bbacomex.com.br\/en\/wp-json\/wp\/v2\/types\/product"}],"wp:featuredmedia":[{"embeddable":true,"href":"https:\/\/bbacomex.com.br\/en\/wp-json\/wp\/v2\/media\/4535"}],"wp:attachment":[{"href":"https:\/\/bbacomex.com.br\/en\/wp-json\/wp\/v2\/media?parent=2925"}],"wp:term":[{"taxonomy":"product_brand","embeddable":true,"href":"https:\/\/bbacomex.com.br\/en\/wp-json\/wp\/v2\/product_brand?post=2925"},{"taxonomy":"product_cat","embeddable":true,"href":"https:\/\/bbacomex.com.br\/en\/wp-json\/wp\/v2\/product_cat?post=2925"},{"taxonomy":"product_tag","embeddable":true,"href":"https:\/\/bbacomex.com.br\/en\/wp-json\/wp\/v2\/product_tag?post=2925"}],"curies":[{"name":"wp","href":"https:\/\/api.w.org\/{rel}","templated":true}]}}