{"id":2934,"date":"2024-06-03T16:55:11","date_gmt":"2024-06-03T19:55:11","guid":{"rendered":"https:\/\/bbacomex.com.br\/?post_type=product&#038;p=2934"},"modified":"2025-02-20T16:08:20","modified_gmt":"2025-02-20T19:08:20","slug":"tuneis-de-encolhimento-para-pvc-bs-450","status":"publish","type":"product","link":"https:\/\/bbacomex.com.br\/en\/product\/tuneis-de-encolhimento-para-pvc-bs-450\/","title":{"rendered":"Shrink Tunnels for PVC BS 450"},"content":{"rendered":"<div class=\"elementor-element elementor-element-3db3e01 elementor-widget__width-initial elementor-widget elementor-widget-text-editor\" data-id=\"3db3e01\" data-element_type=\"widget\" data-widget_type=\"text-editor.default\">\n<div class=\"elementor-widget-container\">\n<div class=\"elementor-element elementor-element-5bfbfe5 elementor-widget__width-initial elementor-widget elementor-widget-text-editor\" data-id=\"5bfbfe5\" data-element_type=\"widget\" data-widget_type=\"text-editor.default\">\n<div class=\"elementor-widget-container\">\n<div class=\"elementor-element elementor-element-f50db4f elementor-widget__width-initial elementor-widget elementor-widget-text-editor\" data-id=\"f50db4f\" data-element_type=\"widget\" data-widget_type=\"text-editor.default\">\n<div class=\"elementor-widget-container\">\n<div class=\"elementor-element elementor-element-3db3e01 elementor-widget__width-initial elementor-widget elementor-widget-text-editor\" data-id=\"3db3e01\" data-element_type=\"widget\" data-widget_type=\"text-editor.default\">\n<div class=\"elementor-widget-container\">\n<div class=\"elementor-element elementor-element-5bfbfe5 elementor-widget__width-initial elementor-widget elementor-widget-text-editor\" data-id=\"5bfbfe5\" data-element_type=\"widget\" data-widget_type=\"text-editor.default\">\n<div class=\"elementor-widget-container\">\n<div class=\"elementor-element elementor-element-f50db4f elementor-widget__width-initial elementor-widget elementor-widget-text-editor\" data-id=\"f50db4f\" data-element_type=\"widget\" data-widget_type=\"text-editor.default\">\n<div class=\"elementor-widget-container\">\n<div class=\"elementor-element elementor-element-7e3edc1 elementor-widget__width-initial elementor-widget elementor-widget-text-editor\" data-id=\"7e3edc1\" data-element_type=\"widget\" data-widget_type=\"text-editor.default\">\n<div class=\"elementor-widget-container\">\n<div class=\"elementor-element elementor-element-0f54a7e elementor-widget__width-initial elementor-widget elementor-widget-text-editor\" data-id=\"0f54a7e\" data-element_type=\"widget\" data-widget_type=\"text-editor.default\">\n<div class=\"elementor-widget-container\">\n<div class=\"wpb_text_column wpb_content_element\">\n<div class=\"wpb_wrapper\">\n<div class=\"elementor-element elementor-element-a55d8b8 elementor-widget__width-initial elementor-widget elementor-widget-text-editor\" data-id=\"a55d8b8\" data-element_type=\"widget\" data-widget_type=\"text-editor.default\">\n<div class=\"elementor-widget-container\">\n<div class=\"wpb_text_column wpb_content_element\">\n<div class=\"wpb_wrapper\">\n<div class=\"elementor-element elementor-element-0f54a7e elementor-widget__width-initial elementor-widget elementor-widget-text-editor\" data-id=\"0f54a7e\" data-element_type=\"widget\" data-widget_type=\"text-editor.default\">\n<div class=\"elementor-widget-container\">\n<div class=\"wpb_text_column wpb_content_element\">\n<div class=\"wpb_wrapper\">\n<div class=\"elementor-element elementor-element-0f54a7e elementor-widget__width-initial elementor-widget elementor-widget-text-editor\" data-id=\"0f54a7e\" data-element_type=\"widget\" data-widget_type=\"text-editor.default\">\n<div class=\"elementor-widget-container\">\n<div class=\"wpb_text_column wpb_content_element\">\n<div class=\"wpb_wrapper\">\n<div class=\"elementor-element elementor-element-0f54a7e elementor-widget__width-initial elementor-widget elementor-widget-text-editor\" data-id=\"0f54a7e\" data-element_type=\"widget\" data-widget_type=\"text-editor.default\">\n<div class=\"elementor-widget-container\">\n<div class=\"wpb_text_column wpb_content_element\">\n<div class=\"wpb_wrapper\">\n<div class=\"elementor-element elementor-element-0f54a7e elementor-widget__width-initial elementor-widget elementor-widget-text-editor\" data-id=\"0f54a7e\" data-element_type=\"widget\" data-widget_type=\"text-editor.default\">\n<div class=\"elementor-widget-container\">\n<div class=\"wpb_text_column wpb_content_element\">\n<div class=\"wpb_wrapper\">\n<div class=\"elementor-element elementor-element-a55d8b8 elementor-widget__width-initial elementor-widget elementor-widget-text-editor\" data-id=\"a55d8b8\" data-element_type=\"widget\" data-widget_type=\"text-editor.default\">\n<div class=\"elementor-widget-container\">\n<div class=\"wpb_text_column wpb_content_element\">\n<div class=\"wpb_wrapper\">\n<p><strong>APPLICATION<\/strong><\/p>\n<p>The BS 450 Tunnel is designed with internal circulation of hot air. The tunnel is\ncomprised of rollers covered with silicone tubes. The temperature inside the tunnel\nis controlled by an electronic temperature controller. The shrink tunnel can be widely\nused where packaging films need to be shrunk, such as egg packaging, graphic\nproducts, food, beverages, pharmaceuticals, CDs, hardware, cosmetics, books, toys,\nelectronic products, and more.<\/p>\n<p>This model uses a system of resistors and infrared quartz tubes that are responsible\nfor distributing heat evenly and precisely, in the exact amount to leave the packaging\nuniform without causing any damage to the product.<\/p>\n<p>The BSA 450 tunnel uses thermo-shrinkable plastics mainly made of PVC, PP, POF,\ncovering a good variety of materials that can be used in shrink wrapping.<br \/>\n&nbsp;<br \/>\n<strong>ADVANTAGES<\/strong><\/p>\n<ul>\n<li style=\"list-style-type: none\">\n<ul>\n<li>Digital panel<\/li>\n<li>Temperature control<\/li>\n<li>Conveyor speed adjustments<\/li>\n<li>Temperature range up to 300\u00b0C<\/li>\n<li>Conveyor speed of up to 10 meters per minute<\/li>\n<li>High efficiency and speed<\/li>\n<li>Resistance temperature adjustment<\/li>\n<li>Activation of internal ventilation system<\/li>\n<li>Heating by resistors<\/li>\n<li>Infrared quartz<\/li>\n<li>Low maintenance costs<\/li>\n<li>Energy saving<\/li>\n<\/ul>\n<p>&nbsp;<\/li>\n<\/ul>\n<\/div>\n<\/div>\n<\/div>\n<\/div>\n<\/div>\n<\/div>\n<\/div>\n<\/div>\n<\/div>\n<\/div>\n<\/div>\n<\/div>\n<\/div>\n<\/div>\n<\/div>\n<\/div>\n<\/div>\n<\/div>\n<\/div>\n<\/div>\n<\/div>\n<\/div>\n<\/div>\n<\/div>\n<\/div>\n<\/div>\n<\/div>\n<\/div>\n<\/div>\n<\/div>\n<\/div>\n<\/div>\n<\/div>\n<\/div>\n<\/div>\n<\/div>\n<\/div>\n<\/div>\n<\/div>\n<\/div>\n<\/div>\n<\/div>","protected":false},"excerpt":{"rendered":"<p>APLICA\u00c7\u00c3O O T\u00fanel BS 450 \u00e9 desenvolvido com ar quente de circula\u00e7\u00e3o interna. O t\u00fanel \u00e9 composto por roletes recobertos com tubos de silicone. A temperatura dentro do t\u00fanel \u00e9 controlada por controlador de temperatura eletr\u00f4nico. O t\u00fanel de encolhimento pode ser amplamente utilizado onde necessita encolher pel\u00edculas de embalagem, tais como, embalagem de ovos, [&hellip;]<\/p>","protected":false},"featured_media":1914,"template":"","meta":{"_acf_changed":false},"product_brand":[],"product_cat":[77,91,99],"product_tag":[],"class_list":{"0":"post-2934","1":"product","2":"type-product","3":"status-publish","4":"has-post-thumbnail","6":"product_cat-sem-categoria","7":"product_cat-tuneis-de-encolhimento","8":"product_cat-tuneis-de-encolhimento-para-pvc-pof","10":"first","11":"instock","12":"shipping-taxable","13":"product-type-simple"},"acf":[],"yoast_head":"<!-- This site is optimized with the Yoast SEO Premium plugin v24.5 (Yoast SEO v27.2) - https:\/\/yoast.com\/product\/yoast-seo-premium-wordpress\/ -->\n<title>T\u00faneis de Encolhimento para PVC BS 450<\/title>\n<meta name=\"robots\" content=\"index, follow, max-snippet:-1, max-image-preview:large, max-video-preview:-1\" \/>\n<link rel=\"canonical\" href=\"https:\/\/bbacomex.com.br\/en\/producto\/tuneis-de-encolhimento-para-pvc-bs-450\/\" \/>\n<meta property=\"og:locale\" content=\"en_US\" \/>\n<meta property=\"og:type\" content=\"article\" \/>\n<meta property=\"og:title\" content=\"T\u00faneis de Encolhimento para PVC BS 450\" \/>\n<meta property=\"og:description\" content=\"APLICA\u00c7\u00c3O O T\u00fanel BS 450 \u00e9 desenvolvido com ar quente de circula\u00e7\u00e3o interna. O t\u00fanel \u00e9 composto por roletes recobertos com tubos de silicone. A temperatura dentro do t\u00fanel \u00e9 controlada por controlador de temperatura eletr\u00f4nico. O t\u00fanel de encolhimento pode ser amplamente utilizado onde necessita encolher pel\u00edculas de embalagem, tais como, embalagem de ovos, [&hellip;]\" \/>\n<meta property=\"og:url\" content=\"https:\/\/bbacomex.com.br\/en\/producto\/tuneis-de-encolhimento-para-pvc-bs-450\/\" \/>\n<meta property=\"og:site_name\" content=\"BBA Comex\" \/>\n<meta property=\"article:publisher\" content=\"https:\/\/www.facebook.com\/bbacomexoficial\" \/>\n<meta property=\"article:modified_time\" content=\"2025-02-20T19:08:20+00:00\" \/>\n<meta property=\"og:image\" content=\"https:\/\/bbacomex.com.br\/wp-content\/uploads\/2024\/04\/tunel-de-encolhimento-bs-450-001.jpg\" \/>\n\t<meta property=\"og:image:width\" content=\"800\" \/>\n\t<meta property=\"og:image:height\" content=\"800\" \/>\n\t<meta property=\"og:image:type\" content=\"image\/jpeg\" \/>\n<meta name=\"twitter:card\" content=\"summary_large_image\" \/>\n<meta name=\"twitter:label1\" content=\"Price\" \/>\n\t<meta name=\"twitter:data1\" content=\"\" \/>\n\t<meta name=\"twitter:label2\" content=\"Availability\" \/>\n\t<meta name=\"twitter:data2\" content=\"In stock\" \/>\n<script type=\"application\/ld+json\" class=\"yoast-schema-graph\">{\"@context\":\"https:\/\/schema.org\",\"@graph\":[{\"@type\":\"WebPage\",\"@id\":\"https:\/\/bbacomex.com.br\/es\/producto\/tuneis-de-encolhimento-para-pvc-bs-450\/\",\"url\":\"https:\/\/bbacomex.com.br\/es\/producto\/tuneis-de-encolhimento-para-pvc-bs-450\/\",\"name\":\"T\u00faneis de Encolhimento para PVC BS 450\",\"isPartOf\":{\"@id\":\"https:\/\/bbacomex.com.br\/#website\"},\"primaryImageOfPage\":{\"@id\":\"https:\/\/bbacomex.com.br\/es\/producto\/tuneis-de-encolhimento-para-pvc-bs-450\/#primaryimage\"},\"image\":{\"@id\":\"https:\/\/bbacomex.com.br\/es\/producto\/tuneis-de-encolhimento-para-pvc-bs-450\/#primaryimage\"},\"thumbnailUrl\":\"https:\/\/bbacomex.com.br\/wp-content\/uploads\/2024\/04\/tunel-de-encolhimento-bs-450-001.jpg\",\"datePublished\":\"2024-06-03T19:55:11+00:00\",\"dateModified\":\"2025-02-20T19:08:20+00:00\",\"breadcrumb\":{\"@id\":\"https:\/\/bbacomex.com.br\/es\/producto\/tuneis-de-encolhimento-para-pvc-bs-450\/#breadcrumb\"},\"inLanguage\":\"en-US\",\"potentialAction\":[{\"@type\":\"ReadAction\",\"target\":[\"https:\/\/bbacomex.com.br\/es\/producto\/tuneis-de-encolhimento-para-pvc-bs-450\/\"]}]},{\"@type\":\"ImageObject\",\"inLanguage\":\"en-US\",\"@id\":\"https:\/\/bbacomex.com.br\/es\/producto\/tuneis-de-encolhimento-para-pvc-bs-450\/#primaryimage\",\"url\":\"https:\/\/bbacomex.com.br\/wp-content\/uploads\/2024\/04\/tunel-de-encolhimento-bs-450-001.jpg\",\"contentUrl\":\"https:\/\/bbacomex.com.br\/wp-content\/uploads\/2024\/04\/tunel-de-encolhimento-bs-450-001.jpg\",\"width\":800,\"height\":800},{\"@type\":\"BreadcrumbList\",\"@id\":\"https:\/\/bbacomex.com.br\/es\/producto\/tuneis-de-encolhimento-para-pvc-bs-450\/#breadcrumb\",\"itemListElement\":[{\"@type\":\"ListItem\",\"position\":1,\"name\":\"In\u00edcio\",\"item\":\"https:\/\/bbacomex.com.br\/\"},{\"@type\":\"ListItem\",\"position\":2,\"name\":\"Produtos\",\"item\":\"https:\/\/bbacomex.com.br\/loja\/\"},{\"@type\":\"ListItem\",\"position\":3,\"name\":\"T\u00faneis de Encolhimento para PVC BS 450\"}]},{\"@type\":\"WebSite\",\"@id\":\"https:\/\/bbacomex.com.br\/#website\",\"url\":\"https:\/\/bbacomex.com.br\/\",\"name\":\"BBA Comex\",\"description\":\"\",\"publisher\":{\"@id\":\"https:\/\/bbacomex.com.br\/#organization\"},\"potentialAction\":[{\"@type\":\"SearchAction\",\"target\":{\"@type\":\"EntryPoint\",\"urlTemplate\":\"https:\/\/bbacomex.com.br\/?s={search_term_string}\"},\"query-input\":{\"@type\":\"PropertyValueSpecification\",\"valueRequired\":true,\"valueName\":\"search_term_string\"}}],\"inLanguage\":\"en-US\"},{\"@type\":\"Organization\",\"@id\":\"https:\/\/bbacomex.com.br\/#organization\",\"name\":\"BBA Comex\",\"url\":\"https:\/\/bbacomex.com.br\/\",\"logo\":{\"@type\":\"ImageObject\",\"inLanguage\":\"en-US\",\"@id\":\"https:\/\/bbacomex.com.br\/#\/schema\/logo\/image\/\",\"url\":\"https:\/\/bbacomex.com.br\/wp-content\/uploads\/2024\/03\/Logo_Rodape.png\",\"contentUrl\":\"https:\/\/bbacomex.com.br\/wp-content\/uploads\/2024\/03\/Logo_Rodape.png\",\"width\":350,\"height\":160,\"caption\":\"BBA Comex\"},\"image\":{\"@id\":\"https:\/\/bbacomex.com.br\/#\/schema\/logo\/image\/\"},\"sameAs\":[\"https:\/\/www.facebook.com\/bbacomexoficial\",\"https:\/\/www.instagram.com\/bbacomex\/\",\"https:\/\/www.linkedin.com\/company\/bba-comex\/\"]}]}<\/script>\n<meta property=\"product:price:currency\" content=\"BRL\" \/>\n<meta property=\"og:availability\" content=\"instock\" \/>\n<meta property=\"product:availability\" content=\"instock\" \/>\n<meta property=\"product:condition\" content=\"new\" \/>\n<!-- \/ Yoast SEO Premium plugin. -->","yoast_head_json":{"title":"T\u00faneis de Encolhimento para PVC BS 450","robots":{"index":"index","follow":"follow","max-snippet":"max-snippet:-1","max-image-preview":"max-image-preview:large","max-video-preview":"max-video-preview:-1"},"canonical":"https:\/\/bbacomex.com.br\/en\/producto\/tuneis-de-encolhimento-para-pvc-bs-450\/","og_locale":"en_US","og_type":"article","og_title":"T\u00faneis de Encolhimento para PVC BS 450","og_description":"APLICA\u00c7\u00c3O O T\u00fanel BS 450 \u00e9 desenvolvido com ar quente de circula\u00e7\u00e3o interna. O t\u00fanel \u00e9 composto por roletes recobertos com tubos de silicone. A temperatura dentro do t\u00fanel \u00e9 controlada por controlador de temperatura eletr\u00f4nico. O t\u00fanel de encolhimento pode ser amplamente utilizado onde necessita encolher pel\u00edculas de embalagem, tais como, embalagem de ovos, [&hellip;]","og_url":"https:\/\/bbacomex.com.br\/en\/producto\/tuneis-de-encolhimento-para-pvc-bs-450\/","og_site_name":"BBA Comex","article_publisher":"https:\/\/www.facebook.com\/bbacomexoficial","article_modified_time":"2025-02-20T19:08:20+00:00","og_image":[{"width":800,"height":800,"url":"https:\/\/bbacomex.com.br\/wp-content\/uploads\/2024\/04\/tunel-de-encolhimento-bs-450-001.jpg","type":"image\/jpeg"}],"twitter_card":"summary_large_image","twitter_misc":{"Price":"","Availability":"In stock"},"schema":{"@context":"https:\/\/schema.org","@graph":[{"@type":"WebPage","@id":"https:\/\/bbacomex.com.br\/es\/producto\/tuneis-de-encolhimento-para-pvc-bs-450\/","url":"https:\/\/bbacomex.com.br\/es\/producto\/tuneis-de-encolhimento-para-pvc-bs-450\/","name":"T\u00faneis de Encolhimento para PVC BS 450","isPartOf":{"@id":"https:\/\/bbacomex.com.br\/#website"},"primaryImageOfPage":{"@id":"https:\/\/bbacomex.com.br\/es\/producto\/tuneis-de-encolhimento-para-pvc-bs-450\/#primaryimage"},"image":{"@id":"https:\/\/bbacomex.com.br\/es\/producto\/tuneis-de-encolhimento-para-pvc-bs-450\/#primaryimage"},"thumbnailUrl":"https:\/\/bbacomex.com.br\/wp-content\/uploads\/2024\/04\/tunel-de-encolhimento-bs-450-001.jpg","datePublished":"2024-06-03T19:55:11+00:00","dateModified":"2025-02-20T19:08:20+00:00","breadcrumb":{"@id":"https:\/\/bbacomex.com.br\/es\/producto\/tuneis-de-encolhimento-para-pvc-bs-450\/#breadcrumb"},"inLanguage":"en-US","potentialAction":[{"@type":"ReadAction","target":["https:\/\/bbacomex.com.br\/es\/producto\/tuneis-de-encolhimento-para-pvc-bs-450\/"]}]},{"@type":"ImageObject","inLanguage":"en-US","@id":"https:\/\/bbacomex.com.br\/es\/producto\/tuneis-de-encolhimento-para-pvc-bs-450\/#primaryimage","url":"https:\/\/bbacomex.com.br\/wp-content\/uploads\/2024\/04\/tunel-de-encolhimento-bs-450-001.jpg","contentUrl":"https:\/\/bbacomex.com.br\/wp-content\/uploads\/2024\/04\/tunel-de-encolhimento-bs-450-001.jpg","width":800,"height":800},{"@type":"BreadcrumbList","@id":"https:\/\/bbacomex.com.br\/es\/producto\/tuneis-de-encolhimento-para-pvc-bs-450\/#breadcrumb","itemListElement":[{"@type":"ListItem","position":1,"name":"In\u00edcio","item":"https:\/\/bbacomex.com.br\/"},{"@type":"ListItem","position":2,"name":"Produtos","item":"https:\/\/bbacomex.com.br\/loja\/"},{"@type":"ListItem","position":3,"name":"T\u00faneis de Encolhimento para PVC BS 450"}]},{"@type":"WebSite","@id":"https:\/\/bbacomex.com.br\/#website","url":"https:\/\/bbacomex.com.br\/","name":"BBA Comex","description":"","publisher":{"@id":"https:\/\/bbacomex.com.br\/#organization"},"potentialAction":[{"@type":"SearchAction","target":{"@type":"EntryPoint","urlTemplate":"https:\/\/bbacomex.com.br\/?s={search_term_string}"},"query-input":{"@type":"PropertyValueSpecification","valueRequired":true,"valueName":"search_term_string"}}],"inLanguage":"en-US"},{"@type":"Organization","@id":"https:\/\/bbacomex.com.br\/#organization","name":"BBA Comex","url":"https:\/\/bbacomex.com.br\/","logo":{"@type":"ImageObject","inLanguage":"en-US","@id":"https:\/\/bbacomex.com.br\/#\/schema\/logo\/image\/","url":"https:\/\/bbacomex.com.br\/wp-content\/uploads\/2024\/03\/Logo_Rodape.png","contentUrl":"https:\/\/bbacomex.com.br\/wp-content\/uploads\/2024\/03\/Logo_Rodape.png","width":350,"height":160,"caption":"BBA Comex"},"image":{"@id":"https:\/\/bbacomex.com.br\/#\/schema\/logo\/image\/"},"sameAs":["https:\/\/www.facebook.com\/bbacomexoficial","https:\/\/www.instagram.com\/bbacomex\/","https:\/\/www.linkedin.com\/company\/bba-comex\/"]}]},"product_price_currency":"BRL","og_availability":"instock","product_availability":"instock","product_condition":"new"},"_links":{"self":[{"href":"https:\/\/bbacomex.com.br\/en\/wp-json\/wp\/v2\/product\/2934","targetHints":{"allow":["GET"]}}],"collection":[{"href":"https:\/\/bbacomex.com.br\/en\/wp-json\/wp\/v2\/product"}],"about":[{"href":"https:\/\/bbacomex.com.br\/en\/wp-json\/wp\/v2\/types\/product"}],"wp:featuredmedia":[{"embeddable":true,"href":"https:\/\/bbacomex.com.br\/en\/wp-json\/wp\/v2\/media\/1914"}],"wp:attachment":[{"href":"https:\/\/bbacomex.com.br\/en\/wp-json\/wp\/v2\/media?parent=2934"}],"wp:term":[{"taxonomy":"product_brand","embeddable":true,"href":"https:\/\/bbacomex.com.br\/en\/wp-json\/wp\/v2\/product_brand?post=2934"},{"taxonomy":"product_cat","embeddable":true,"href":"https:\/\/bbacomex.com.br\/en\/wp-json\/wp\/v2\/product_cat?post=2934"},{"taxonomy":"product_tag","embeddable":true,"href":"https:\/\/bbacomex.com.br\/en\/wp-json\/wp\/v2\/product_tag?post=2934"}],"curies":[{"name":"wp","href":"https:\/\/api.w.org\/{rel}","templated":true}]}}