{"id":2945,"date":"2024-06-03T17:17:21","date_gmt":"2024-06-03T20:17:21","guid":{"rendered":"https:\/\/bbacomex.com.br\/?post_type=product&#038;p=2945"},"modified":"2025-07-25T21:13:33","modified_gmt":"2025-07-26T00:13:33","slug":"paletizadora-semiautomatica-206p","status":"publish","type":"product","link":"https:\/\/bbacomex.com.br\/en\/product\/paletizadora-semiautomatica-206p\/","title":{"rendered":"Paletizadora Semiautom\u00e1tica 206P"},"content":{"rendered":"<div class=\"elementor-element elementor-element-3db3e01 elementor-widget__width-initial elementor-widget elementor-widget-text-editor\" data-id=\"3db3e01\" data-element_type=\"widget\" data-widget_type=\"text-editor.default\">\n<div class=\"elementor-widget-container\">\n<div class=\"elementor-element elementor-element-5bfbfe5 elementor-widget__width-initial elementor-widget elementor-widget-text-editor\" data-id=\"5bfbfe5\" data-element_type=\"widget\" data-widget_type=\"text-editor.default\">\n<div class=\"elementor-widget-container\">\n<div class=\"elementor-element elementor-element-f50db4f elementor-widget__width-initial elementor-widget elementor-widget-text-editor\" data-id=\"f50db4f\" data-element_type=\"widget\" data-widget_type=\"text-editor.default\">\n<div class=\"elementor-widget-container\">\n<div class=\"elementor-element elementor-element-3db3e01 elementor-widget__width-initial elementor-widget elementor-widget-text-editor\" data-id=\"3db3e01\" data-element_type=\"widget\" data-widget_type=\"text-editor.default\">\n<div class=\"elementor-widget-container\">\n<div class=\"elementor-element elementor-element-5bfbfe5 elementor-widget__width-initial elementor-widget elementor-widget-text-editor\" data-id=\"5bfbfe5\" data-element_type=\"widget\" data-widget_type=\"text-editor.default\">\n<div class=\"elementor-widget-container\">\n<div class=\"elementor-element elementor-element-f50db4f elementor-widget__width-initial elementor-widget elementor-widget-text-editor\" data-id=\"f50db4f\" data-element_type=\"widget\" data-widget_type=\"text-editor.default\">\n<div class=\"elementor-widget-container\">\n<div class=\"elementor-element elementor-element-7e3edc1 elementor-widget__width-initial elementor-widget elementor-widget-text-editor\" data-id=\"7e3edc1\" data-element_type=\"widget\" data-widget_type=\"text-editor.default\">\n<div class=\"elementor-widget-container\">\n<div class=\"elementor-element elementor-element-0f54a7e elementor-widget__width-initial elementor-widget elementor-widget-text-editor\" data-id=\"0f54a7e\" data-element_type=\"widget\" data-widget_type=\"text-editor.default\">\n<div class=\"elementor-widget-container\">\n<div class=\"wpb_text_column wpb_content_element\">\n<div class=\"wpb_wrapper\">\n<div class=\"elementor-element elementor-element-a55d8b8 elementor-widget__width-initial elementor-widget elementor-widget-text-editor\" data-id=\"a55d8b8\" data-element_type=\"widget\" data-widget_type=\"text-editor.default\">\n<div class=\"elementor-widget-container\">\n<div class=\"wpb_text_column wpb_content_element\">\n<div class=\"wpb_wrapper\">\n<div class=\"elementor-element elementor-element-0f54a7e elementor-widget__width-initial elementor-widget elementor-widget-text-editor\" data-id=\"0f54a7e\" data-element_type=\"widget\" data-widget_type=\"text-editor.default\">\n<div class=\"elementor-widget-container\">\n<div class=\"wpb_text_column wpb_content_element\">\n<div class=\"wpb_wrapper\">\n<div class=\"elementor-element elementor-element-0f54a7e elementor-widget__width-initial elementor-widget elementor-widget-text-editor\" data-id=\"0f54a7e\" data-element_type=\"widget\" data-widget_type=\"text-editor.default\">\n<div class=\"elementor-widget-container\">\n<div class=\"wpb_text_column wpb_content_element\">\n<div class=\"wpb_wrapper\">\n<div class=\"elementor-element elementor-element-0f54a7e elementor-widget__width-initial elementor-widget elementor-widget-text-editor\" data-id=\"0f54a7e\" data-element_type=\"widget\" data-widget_type=\"text-editor.default\">\n<div class=\"elementor-widget-container\">\n<div class=\"wpb_text_column wpb_content_element\">\n<div class=\"wpb_wrapper\">\n<div class=\"elementor-element elementor-element-0f54a7e elementor-widget__width-initial elementor-widget elementor-widget-text-editor\" data-id=\"0f54a7e\" data-element_type=\"widget\" data-widget_type=\"text-editor.default\">\n<div class=\"elementor-widget-container\">\n<div class=\"wpb_text_column wpb_content_element\">\n<div class=\"wpb_wrapper\">\n<div class=\"elementor-element elementor-element-a55d8b8 elementor-widget__width-initial elementor-widget elementor-widget-text-editor\" data-id=\"a55d8b8\" data-element_type=\"widget\" data-widget_type=\"text-editor.default\">\n<div class=\"elementor-widget-container\">\n<div class=\"wpb_text_column wpb_content_element\">\n<div class=\"wpb_wrapper\">\n<div class=\"wpb_wrapper\">\n<div class=\"elementor-element elementor-element-a55d8b8 elementor-widget__width-initial elementor-widget elementor-widget-text-editor\" data-id=\"a55d8b8\" data-element_type=\"widget\" data-widget_type=\"text-editor.default\">\n<div class=\"elementor-widget-container\">\n<div class=\"wpb_text_column wpb_content_element\">\n<div class=\"wpb_wrapper\">\n<h3>Solu\u00e7\u00e3o robusta e eficiente para embalar paletes com filme stretch<\/h3>\n<p>The\u00a0<strong>Paletizadora Semiautom\u00e1tica 206P da BBA Comex<\/strong>\u00a0foi desenvolvida para oferecer\u00a0<strong>alto desempenho, seguran\u00e7a e praticidade<\/strong>\u00a0no processo de envolvimento de cargas paletizadas com\u00a0<strong>stretch film<\/strong>. Com\u00a0<strong>painel de controle intuitivo<\/strong>, estrutura refor\u00e7ada e excelente acabamento, \u00e9 ideal para empresas que buscam\u00a0<strong>otimizar sua linha de embalagem com qualidade e economia operacional<\/strong>.<\/p>\n<h3>Alto Desempenho para Diversos Setores<\/h3>\n<p>Projetada para se adaptar a diferentes\u00a0<strong>dimens\u00f5es e pesos de paletes<\/strong>, a Paletizadora 206P \u00e9 a solu\u00e7\u00e3o ideal para aplica\u00e7\u00f5es em:<\/p>\n<ul>\n<li>Log\u00edstica e Transporte<\/li>\n<li>Ind\u00fastria Gr\u00e1fica<\/li>\n<li>Aliment\u00edcia e de Bebidas<\/li>\n<li>Farmac\u00eautica e Cosm\u00e9tica<\/li>\n<li>Eletroeletr\u00f4nicos<\/li>\n<li>Constru\u00e7\u00e3o Civil<\/li>\n<li>Brinquedos, Ferragens e muito mais<\/li>\n<\/ul>\n<p>Seu funcionamento semiautom\u00e1tico proporciona\u00a0<strong>mais controle e produtividade<\/strong>, mesmo em ambientes com grande rotatividade de produtos.<\/p>\n<h3>Caracter\u00edsticas T\u00e9cnicas e Diferenciais<\/h3>\n<ul>\n<li>\u2705<strong>Painel El\u00e9trico Exclusivo<\/strong>: Interface amig\u00e1vel, com comandos simples e eficientes.<\/li>\n<li>\u2705<strong>Constru\u00e7\u00e3o Robusta<\/strong>: Fabricada com materiais de alta qualidade, garantindo durabilidade e estabilidade.<\/li>\n<li>\u2705<strong>Alta Adaptabilidade<\/strong>: Capaz de embalar paletes de diferentes tamanhos, formas e cargas.<\/li>\n<li>\u2705<strong>\u00d3timo Acabamento<\/strong>: Garantia de envolvimento uniforme, com redu\u00e7\u00e3o de avarias no transporte.<\/li>\n<\/ul>\n<h3>Op\u00e7\u00f5es e Acess\u00f3rios Dispon\u00edveis<\/h3>\n<ul>\n<li><strong>NR12<\/strong>: Equipamento adaptado \u00e0s normas de seguran\u00e7a do trabalho, com prote\u00e7\u00e3o total ao operador.<\/li>\n<li><strong>Rampa de Acesso<\/strong>: Melhora a ergonomia e facilita o carregamento de paletes com empilhadeiras manuais.<\/li>\n<li><strong>Balan\u00e7a Integrada<\/strong>: Permite pesagem da carga durante o processo de embalagem.<\/li>\n<li><strong>Corte Autom\u00e1tico do Filme<\/strong>: Finaliza o ciclo de envolvimento automaticamente, otimizando o tempo de opera\u00e7\u00e3o.<\/li>\n<li><strong>Plataforma Girat\u00f3ria em \u201cM\u201d<\/strong>: Facilita o posicionamento dos paletes, aumentando a efici\u00eancia operacional.<\/li>\n<li><strong>Controle Remoto Fora da Torre<\/strong>: Maior seguran\u00e7a e comodidade para o operador com acionamento \u00e0 dist\u00e2ncia.<\/li>\n<\/ul>\n<h3>Efici\u00eancia, Seguran\u00e7a e Produtividade<\/h3>\n<p>The\u00a0<strong>Paletizadora 206P BBA Comex<\/strong>\u00a0\u00e9 a escolha certa para empresas que desejam\u00a0<strong>automatizar processos<\/strong>, reduzir custos com m\u00e3o de obra e garantir\u00a0<strong>a integridade das cargas durante o transporte e armazenamento<\/strong>. Sua\u00a0<strong>versatilidade e robustez<\/strong>\u00a0tornam este equipamento um diferencial estrat\u00e9gico para sua produ\u00e7\u00e3o.<\/p>\n<p><strong>Invista em tecnologia e eleve o padr\u00e3o da sua linha de embalagem com a Paletizadora Semiautom\u00e1tica 206P da BBA Comex.<\/strong><\/p>\n<p><strong>Video:<\/strong><br \/>\n<iframe title=\"YouTube video player\" src=\"https:\/\/www.youtube.com\/embed\/DJH3KzrdQUg?si=mlVi-f_3T3toX1Im\" width=\"560\" height=\"315\" frameborder=\"0\" allowfullscreen=\"allowfullscreen\"><\/iframe><\/p>\n<\/div>\n<\/div>\n<\/div>\n<\/div>\n<\/div>\n<\/div>\n<\/div>\n<\/div>\n<\/div>\n<\/div>\n<\/div>\n<\/div>\n<\/div>\n<\/div>\n<\/div>\n<\/div>\n<\/div>\n<\/div>\n<\/div>\n<\/div>\n<\/div>\n<\/div>\n<\/div>\n<\/div>\n<\/div>\n<\/div>\n<\/div>\n<\/div>\n<\/div>\n<\/div>\n<\/div>\n<\/div>\n<\/div>\n<\/div>\n<\/div>\n<\/div>\n<\/div>\n<\/div>\n<\/div>\n<\/div>\n<\/div>\n<\/div>\n<\/div>\n<\/div>\n<\/div>\n<\/div>\n<\/div>","protected":false},"excerpt":{"rendered":"<p><!-- 206P --><\/p>\n<div style=\"max-width: 600px; margin: 40px auto; font-family: Arial, sans-serif; border: 2px solid #0044cc; border-radius: 10px; overflow: hidden;\">\n<div style=\"background-color: #0044cc; color: white; padding: 10px 20px; font-size: 20px; font-weight: bold;\">206P<\/div>\n<div style=\"background-color: #eaf0ff; padding: 10px 20px; font-size: 14px; font-weight: bold;\">Dados T\u00e9cnicos<\/div>\n<table style=\"width: 100%; border-collapse: collapse; font-size: 14px;\">\n<tbody>\n<tr>\n<td style=\"padding: 10px; border-bottom: 1px solid #ddd;\">Dimens\u00e3o da M\u00e1quina (C x L x A)<\/td>\n<td style=\"padding: 10px; border-bottom: 1px solid #ddd;\">2600 x 1500 x 2200 mm<\/td>\n<\/tr>\n<tr>\n<td style=\"padding: 10px; border-bottom: 1px solid #ddd;\">Produ\u00e7\u00e3o<\/td>\n<td style=\"padding: 10px; border-bottom: 1px solid #ddd;\">30 paletes\/hora<\/td>\n<\/tr>\n<tr>\n<td style=\"padding: 10px; border-bottom: 1px solid #ddd;\">Di\u00e2metro da Bandeja<\/td>\n<td style=\"padding: 10px; border-bottom: 1px solid #ddd;\">1500 mm<\/td>\n<\/tr>\n<tr>\n<td style=\"padding: 10px; border-bottom: 1px solid #ddd;\">Carga M\u00e1xima Suportada<\/td>\n<td style=\"padding: 10px; border-bottom: 1px solid #ddd;\">2000 kg<\/td>\n<\/tr>\n<tr>\n<td style=\"padding: 10px; border-bottom: 1px solid #ddd;\">Altura M\u00e1xima do Palete<\/td>\n<td style=\"padding: 10px; border-bottom: 1px solid #ddd;\">2200 mm<\/td>\n<\/tr>\n<tr>\n<td style=\"padding: 10px; border-bottom: 1px solid #ddd;\">Tens\u00e3o<\/td>\n<td style=\"padding: 10px; border-bottom: 1px solid #ddd;\">220v<\/td>\n<\/tr>\n<tr>\n<td style=\"padding: 10px; border-bottom: 1px solid #ddd;\">Pot\u00eancia<\/td>\n<td style=\"padding: 10px; border-bottom: 1px solid #ddd;\">1.5 kW<\/td>\n<\/tr>\n<tr>\n<td style=\"padding: 10px;\">Peso<\/td>\n<td style=\"padding: 10px;\">580 kg<\/td>\n<\/tr>\n<\/tbody>\n<\/table>\n<\/div>","protected":false},"featured_media":3788,"template":"","meta":{"_acf_changed":false},"product_brand":[],"product_cat":[93,77],"product_tag":[],"class_list":{"0":"post-2945","1":"product","2":"type-product","3":"status-publish","4":"has-post-thumbnail","6":"product_cat-paletizadoras","7":"product_cat-sem-categoria","9":"first","10":"instock","11":"shipping-taxable","12":"product-type-simple"},"acf":[],"yoast_head":"<!-- This site is optimized with the Yoast SEO Premium plugin v24.5 (Yoast SEO v27.2) - https:\/\/yoast.com\/product\/yoast-seo-premium-wordpress\/ -->\n<title>Paletizadora Semiautom\u00e1tica 206P<\/title>\n<meta name=\"description\" content=\"A\u00a0Paletizadora Semiautom\u00e1tica 206P da BBA Comex\u00a0foi desenvolvida para oferecer\u00a0alto desempenho, seguran\u00e7a e praticidade\u00a0no processo de envolvimento de cargas paletizadas com\u00a0filme stretch. Com\u00a0painel de controle intuitivo, estrutura refor\u00e7ada e excelente acabamento, \u00e9 ideal para empresas que buscam\u00a0otimizar sua linha de embalagem com qualidade e economia operacional.\" \/>\n<meta name=\"robots\" content=\"index, follow, max-snippet:-1, max-image-preview:large, max-video-preview:-1\" \/>\n<link rel=\"canonical\" href=\"https:\/\/bbacomex.com.br\/en\/product\/paletizadora-semiautomatica-206p\/\" \/>\n<meta property=\"og:locale\" content=\"en_US\" \/>\n<meta property=\"og:type\" content=\"article\" \/>\n<meta property=\"og:title\" content=\"Paletizadora Semiautom\u00e1tica 206P\" \/>\n<meta property=\"og:description\" content=\"A\u00a0Paletizadora Semiautom\u00e1tica 206P da BBA Comex\u00a0foi desenvolvida para oferecer\u00a0alto desempenho, seguran\u00e7a e praticidade\u00a0no processo de envolvimento de cargas paletizadas com\u00a0filme stretch. Com\u00a0painel de controle intuitivo, estrutura refor\u00e7ada e excelente acabamento, \u00e9 ideal para empresas que buscam\u00a0otimizar sua linha de embalagem com qualidade e economia operacional.\" \/>\n<meta property=\"og:url\" content=\"https:\/\/bbacomex.com.br\/en\/product\/paletizadora-semiautomatica-206p\/\" \/>\n<meta property=\"og:site_name\" content=\"BBA Comex\" \/>\n<meta property=\"article:publisher\" content=\"https:\/\/www.facebook.com\/bbacomexoficial\" \/>\n<meta property=\"article:modified_time\" content=\"2025-07-26T00:13:33+00:00\" \/>\n<meta property=\"og:image\" content=\"https:\/\/bbacomex.com.br\/wp-content\/uploads\/2024\/06\/WhatsApp-Image-2024-11-05-at-11.18.05.jpeg\" \/>\n\t<meta property=\"og:image:width\" content=\"1600\" \/>\n\t<meta property=\"og:image:height\" content=\"1066\" \/>\n\t<meta property=\"og:image:type\" content=\"image\/jpeg\" \/>\n<meta name=\"twitter:card\" content=\"summary_large_image\" \/>\n<meta name=\"twitter:label1\" content=\"Price\" \/>\n\t<meta name=\"twitter:data1\" content=\"\" \/>\n\t<meta name=\"twitter:label2\" content=\"Availability\" \/>\n\t<meta name=\"twitter:data2\" content=\"In stock\" \/>\n<script type=\"application\/ld+json\" class=\"yoast-schema-graph\">{\"@context\":\"https:\/\/schema.org\",\"@graph\":[{\"@type\":\"WebPage\",\"@id\":\"https:\/\/bbacomex.com.br\/produto\/paletizadora-semiautomatica-206p\/\",\"url\":\"https:\/\/bbacomex.com.br\/produto\/paletizadora-semiautomatica-206p\/\",\"name\":\"Paletizadora Semiautom\u00e1tica 206P\",\"isPartOf\":{\"@id\":\"https:\/\/bbacomex.com.br\/#website\"},\"primaryImageOfPage\":{\"@id\":\"https:\/\/bbacomex.com.br\/produto\/paletizadora-semiautomatica-206p\/#primaryimage\"},\"image\":{\"@id\":\"https:\/\/bbacomex.com.br\/produto\/paletizadora-semiautomatica-206p\/#primaryimage\"},\"thumbnailUrl\":\"https:\/\/bbacomex.com.br\/wp-content\/uploads\/2024\/06\/WhatsApp-Image-2024-11-05-at-11.18.05.jpeg\",\"datePublished\":\"2024-06-03T20:17:21+00:00\",\"dateModified\":\"2025-07-26T00:13:33+00:00\",\"description\":\"A\u00a0Paletizadora Semiautom\u00e1tica 206P da BBA Comex\u00a0foi desenvolvida para oferecer\u00a0alto desempenho, seguran\u00e7a e praticidade\u00a0no processo de envolvimento de cargas paletizadas com\u00a0filme stretch. Com\u00a0painel de controle intuitivo, estrutura refor\u00e7ada e excelente acabamento, \u00e9 ideal para empresas que buscam\u00a0otimizar sua linha de embalagem com qualidade e economia operacional.\",\"breadcrumb\":{\"@id\":\"https:\/\/bbacomex.com.br\/produto\/paletizadora-semiautomatica-206p\/#breadcrumb\"},\"inLanguage\":\"en-US\",\"potentialAction\":[{\"@type\":\"ReadAction\",\"target\":[\"https:\/\/bbacomex.com.br\/produto\/paletizadora-semiautomatica-206p\/\"]}]},{\"@type\":\"ImageObject\",\"inLanguage\":\"en-US\",\"@id\":\"https:\/\/bbacomex.com.br\/produto\/paletizadora-semiautomatica-206p\/#primaryimage\",\"url\":\"https:\/\/bbacomex.com.br\/wp-content\/uploads\/2024\/06\/WhatsApp-Image-2024-11-05-at-11.18.05.jpeg\",\"contentUrl\":\"https:\/\/bbacomex.com.br\/wp-content\/uploads\/2024\/06\/WhatsApp-Image-2024-11-05-at-11.18.05.jpeg\",\"width\":1600,\"height\":1066},{\"@type\":\"BreadcrumbList\",\"@id\":\"https:\/\/bbacomex.com.br\/produto\/paletizadora-semiautomatica-206p\/#breadcrumb\",\"itemListElement\":[{\"@type\":\"ListItem\",\"position\":1,\"name\":\"In\u00edcio\",\"item\":\"https:\/\/bbacomex.com.br\/\"},{\"@type\":\"ListItem\",\"position\":2,\"name\":\"Produtos\",\"item\":\"https:\/\/bbacomex.com.br\/loja\/\"},{\"@type\":\"ListItem\",\"position\":3,\"name\":\"Paletizadora Semiautom\u00e1tica 206P\"}]},{\"@type\":\"WebSite\",\"@id\":\"https:\/\/bbacomex.com.br\/#website\",\"url\":\"https:\/\/bbacomex.com.br\/\",\"name\":\"BBA Comex\",\"description\":\"\",\"publisher\":{\"@id\":\"https:\/\/bbacomex.com.br\/#organization\"},\"potentialAction\":[{\"@type\":\"SearchAction\",\"target\":{\"@type\":\"EntryPoint\",\"urlTemplate\":\"https:\/\/bbacomex.com.br\/?s={search_term_string}\"},\"query-input\":{\"@type\":\"PropertyValueSpecification\",\"valueRequired\":true,\"valueName\":\"search_term_string\"}}],\"inLanguage\":\"en-US\"},{\"@type\":\"Organization\",\"@id\":\"https:\/\/bbacomex.com.br\/#organization\",\"name\":\"BBA Comex\",\"url\":\"https:\/\/bbacomex.com.br\/\",\"logo\":{\"@type\":\"ImageObject\",\"inLanguage\":\"en-US\",\"@id\":\"https:\/\/bbacomex.com.br\/#\/schema\/logo\/image\/\",\"url\":\"https:\/\/bbacomex.com.br\/wp-content\/uploads\/2024\/03\/Logo_Rodape.png\",\"contentUrl\":\"https:\/\/bbacomex.com.br\/wp-content\/uploads\/2024\/03\/Logo_Rodape.png\",\"width\":350,\"height\":160,\"caption\":\"BBA Comex\"},\"image\":{\"@id\":\"https:\/\/bbacomex.com.br\/#\/schema\/logo\/image\/\"},\"sameAs\":[\"https:\/\/www.facebook.com\/bbacomexoficial\",\"https:\/\/www.instagram.com\/bbacomex\/\",\"https:\/\/www.linkedin.com\/company\/bba-comex\/\"]}]}<\/script>\n<meta property=\"product:price:currency\" content=\"BRL\" \/>\n<meta property=\"og:availability\" content=\"instock\" \/>\n<meta property=\"product:availability\" content=\"instock\" \/>\n<meta property=\"product:condition\" content=\"new\" \/>\n<!-- \/ Yoast SEO Premium plugin. -->","yoast_head_json":{"title":"Paletizadora Semiautom\u00e1tica 206P","description":"A\u00a0Paletizadora Semiautom\u00e1tica 206P da BBA Comex\u00a0foi desenvolvida para oferecer\u00a0alto desempenho, seguran\u00e7a e praticidade\u00a0no processo de envolvimento de cargas paletizadas com\u00a0filme stretch. Com\u00a0painel de controle intuitivo, estrutura refor\u00e7ada e excelente acabamento, \u00e9 ideal para empresas que buscam\u00a0otimizar sua linha de embalagem com qualidade e economia operacional.","robots":{"index":"index","follow":"follow","max-snippet":"max-snippet:-1","max-image-preview":"max-image-preview:large","max-video-preview":"max-video-preview:-1"},"canonical":"https:\/\/bbacomex.com.br\/en\/product\/paletizadora-semiautomatica-206p\/","og_locale":"en_US","og_type":"article","og_title":"Paletizadora Semiautom\u00e1tica 206P","og_description":"A\u00a0Paletizadora Semiautom\u00e1tica 206P da BBA Comex\u00a0foi desenvolvida para oferecer\u00a0alto desempenho, seguran\u00e7a e praticidade\u00a0no processo de envolvimento de cargas paletizadas com\u00a0filme stretch. Com\u00a0painel de controle intuitivo, estrutura refor\u00e7ada e excelente acabamento, \u00e9 ideal para empresas que buscam\u00a0otimizar sua linha de embalagem com qualidade e economia operacional.","og_url":"https:\/\/bbacomex.com.br\/en\/product\/paletizadora-semiautomatica-206p\/","og_site_name":"BBA Comex","article_publisher":"https:\/\/www.facebook.com\/bbacomexoficial","article_modified_time":"2025-07-26T00:13:33+00:00","og_image":[{"width":1600,"height":1066,"url":"https:\/\/bbacomex.com.br\/wp-content\/uploads\/2024\/06\/WhatsApp-Image-2024-11-05-at-11.18.05.jpeg","type":"image\/jpeg"}],"twitter_card":"summary_large_image","twitter_misc":{"Price":"","Availability":"In stock"},"schema":{"@context":"https:\/\/schema.org","@graph":[{"@type":"WebPage","@id":"https:\/\/bbacomex.com.br\/produto\/paletizadora-semiautomatica-206p\/","url":"https:\/\/bbacomex.com.br\/produto\/paletizadora-semiautomatica-206p\/","name":"Paletizadora Semiautom\u00e1tica 206P","isPartOf":{"@id":"https:\/\/bbacomex.com.br\/#website"},"primaryImageOfPage":{"@id":"https:\/\/bbacomex.com.br\/produto\/paletizadora-semiautomatica-206p\/#primaryimage"},"image":{"@id":"https:\/\/bbacomex.com.br\/produto\/paletizadora-semiautomatica-206p\/#primaryimage"},"thumbnailUrl":"https:\/\/bbacomex.com.br\/wp-content\/uploads\/2024\/06\/WhatsApp-Image-2024-11-05-at-11.18.05.jpeg","datePublished":"2024-06-03T20:17:21+00:00","dateModified":"2025-07-26T00:13:33+00:00","description":"A\u00a0Paletizadora Semiautom\u00e1tica 206P da BBA Comex\u00a0foi desenvolvida para oferecer\u00a0alto desempenho, seguran\u00e7a e praticidade\u00a0no processo de envolvimento de cargas paletizadas com\u00a0filme stretch. Com\u00a0painel de controle intuitivo, estrutura refor\u00e7ada e excelente acabamento, \u00e9 ideal para empresas que buscam\u00a0otimizar sua linha de embalagem com qualidade e economia operacional.","breadcrumb":{"@id":"https:\/\/bbacomex.com.br\/produto\/paletizadora-semiautomatica-206p\/#breadcrumb"},"inLanguage":"en-US","potentialAction":[{"@type":"ReadAction","target":["https:\/\/bbacomex.com.br\/produto\/paletizadora-semiautomatica-206p\/"]}]},{"@type":"ImageObject","inLanguage":"en-US","@id":"https:\/\/bbacomex.com.br\/produto\/paletizadora-semiautomatica-206p\/#primaryimage","url":"https:\/\/bbacomex.com.br\/wp-content\/uploads\/2024\/06\/WhatsApp-Image-2024-11-05-at-11.18.05.jpeg","contentUrl":"https:\/\/bbacomex.com.br\/wp-content\/uploads\/2024\/06\/WhatsApp-Image-2024-11-05-at-11.18.05.jpeg","width":1600,"height":1066},{"@type":"BreadcrumbList","@id":"https:\/\/bbacomex.com.br\/produto\/paletizadora-semiautomatica-206p\/#breadcrumb","itemListElement":[{"@type":"ListItem","position":1,"name":"In\u00edcio","item":"https:\/\/bbacomex.com.br\/"},{"@type":"ListItem","position":2,"name":"Produtos","item":"https:\/\/bbacomex.com.br\/loja\/"},{"@type":"ListItem","position":3,"name":"Paletizadora Semiautom\u00e1tica 206P"}]},{"@type":"WebSite","@id":"https:\/\/bbacomex.com.br\/#website","url":"https:\/\/bbacomex.com.br\/","name":"BBA Comex","description":"","publisher":{"@id":"https:\/\/bbacomex.com.br\/#organization"},"potentialAction":[{"@type":"SearchAction","target":{"@type":"EntryPoint","urlTemplate":"https:\/\/bbacomex.com.br\/?s={search_term_string}"},"query-input":{"@type":"PropertyValueSpecification","valueRequired":true,"valueName":"search_term_string"}}],"inLanguage":"en-US"},{"@type":"Organization","@id":"https:\/\/bbacomex.com.br\/#organization","name":"BBA Comex","url":"https:\/\/bbacomex.com.br\/","logo":{"@type":"ImageObject","inLanguage":"en-US","@id":"https:\/\/bbacomex.com.br\/#\/schema\/logo\/image\/","url":"https:\/\/bbacomex.com.br\/wp-content\/uploads\/2024\/03\/Logo_Rodape.png","contentUrl":"https:\/\/bbacomex.com.br\/wp-content\/uploads\/2024\/03\/Logo_Rodape.png","width":350,"height":160,"caption":"BBA Comex"},"image":{"@id":"https:\/\/bbacomex.com.br\/#\/schema\/logo\/image\/"},"sameAs":["https:\/\/www.facebook.com\/bbacomexoficial","https:\/\/www.instagram.com\/bbacomex\/","https:\/\/www.linkedin.com\/company\/bba-comex\/"]}]},"product_price_currency":"BRL","og_availability":"instock","product_availability":"instock","product_condition":"new"},"_links":{"self":[{"href":"https:\/\/bbacomex.com.br\/en\/wp-json\/wp\/v2\/product\/2945","targetHints":{"allow":["GET"]}}],"collection":[{"href":"https:\/\/bbacomex.com.br\/en\/wp-json\/wp\/v2\/product"}],"about":[{"href":"https:\/\/bbacomex.com.br\/en\/wp-json\/wp\/v2\/types\/product"}],"wp:featuredmedia":[{"embeddable":true,"href":"https:\/\/bbacomex.com.br\/en\/wp-json\/wp\/v2\/media\/3788"}],"wp:attachment":[{"href":"https:\/\/bbacomex.com.br\/en\/wp-json\/wp\/v2\/media?parent=2945"}],"wp:term":[{"taxonomy":"product_brand","embeddable":true,"href":"https:\/\/bbacomex.com.br\/en\/wp-json\/wp\/v2\/product_brand?post=2945"},{"taxonomy":"product_cat","embeddable":true,"href":"https:\/\/bbacomex.com.br\/en\/wp-json\/wp\/v2\/product_cat?post=2945"},{"taxonomy":"product_tag","embeddable":true,"href":"https:\/\/bbacomex.com.br\/en\/wp-json\/wp\/v2\/product_tag?post=2945"}],"curies":[{"name":"wp","href":"https:\/\/api.w.org\/{rel}","templated":true}]}}