{"id":2971,"date":"2024-06-03T18:19:51","date_gmt":"2024-06-03T21:19:51","guid":{"rendered":"https:\/\/bbacomex.com.br\/?post_type=product&#038;p=2971"},"modified":"2025-02-24T15:34:43","modified_gmt":"2025-02-24T18:34:43","slug":"seladora-a-vacuo","status":"publish","type":"product","link":"https:\/\/bbacomex.com.br\/en\/product\/seladora-a-vacuo\/","title":{"rendered":"Vacuum Sealer"},"content":{"rendered":"<div class=\"wpb_text_column wpb_content_element\">\n<div class=\"wpb_wrapper\">\n<div class=\"elementor-element elementor-element-294a5bb elementor-widget__width-initial elementor-widget elementor-widget-text-editor\" data-id=\"294a5bb\" data-element_type=\"widget\" data-widget_type=\"text-editor.default\">\n<div class=\"elementor-widget-container\">\n<div class=\"wpb_text_column wpb_content_element\">\n<div class=\"wpb_wrapper\">\n<div class=\"wpb_text_column wpb_content_element\">\n<div class=\"wpb_wrapper\">\n<div class=\"elementor-element elementor-element-a55d8b8 elementor-widget__width-initial elementor-widget elementor-widget-text-editor\" data-id=\"a55d8b8\" data-element_type=\"widget\" data-widget_type=\"text-editor.default\">\n<div class=\"elementor-widget-container\">\n<div class=\"wpb_text_column wpb_content_element\">\n<div class=\"wpb_wrapper\">\n<div class=\"wpb_text_column wpb_content_element\">\n<div class=\"wpb_wrapper\">\n<div class=\"vc_row wpb_row section vc_row-fluid grid_section\">\n<div class=\"section_inner clearfix\">\n<div class=\"section_inner_margin clearfix\">\n<div class=\"wpb_column vc_column_container vc_col-sm-6\">\n<div class=\"vc_column-inner\">\n<div class=\"wpb_wrapper\">\n<div class=\"wpb_text_column wpb_content_element\">\n<div class=\"wpb_wrapper\">\n<p><strong>DOMESTIC VACUUM SEALER<\/strong><\/p>\n<p>The Domestic Vacuum Sealer is a staple in various kitchens, restaurants, meat\nboutiques, butcher shops, supermarkets, grain sellers, dairy companies, and many\nother places.<\/p>\n<p>&nbsp;<\/p>\n<p>With a range of uses, you can use the Vacuum Sealer for domestic\napplications, in the comfort of your home, primarily saving time and money by\npurchasing larger cuts of food and creating smaller portions, vacuum sealing them\nall in a simple and fast manner.<\/p>\n<p>&nbsp;<\/p>\n<p>You can use the Vacuum Sealer to start your own business or to contribute to its\ngrowth. After all, you preserve and protect your product against the effects of time\nand the proliferation of bacteria. Whether your product is food (such as meats, fish,\nvegetables, greens, grains, pasta, etc.).<\/p>\n<\/div>\n<\/div>\n<\/div>\n<\/div>\n<\/div>\n<\/div>\n<\/div>\n<\/div>\n<\/div>\n<\/div>\n<\/div>\n<\/div>\n<\/div>\n<\/div>\n<div class=\"elementor-element elementor-element-fec9e69 elementor-widget__width-initial elementor-widget elementor-widget-text-editor\" data-id=\"fec9e69\" data-element_type=\"widget\" data-widget_type=\"text-editor.default\">\n<div class=\"elementor-widget-container\">\n<div class=\"wpb_text_column wpb_content_element\">\n<div class=\"wpb_wrapper\">\n<div class=\"wpb_text_column wpb_content_element\">\n<div class=\"wpb_wrapper\">\n<div class=\"vc_row wpb_row section vc_row-fluid grid_section\">\n<div class=\"section_inner clearfix\">\n<div class=\"section_inner_margin clearfix\">\n<div class=\"wpb_column vc_column_container vc_col-sm-6\">\n<div class=\"vc_column-inner\">\n<div class=\"wpb_wrapper\">\n<div class=\"wpb_text_column wpb_content_element\">\n<div class=\"wpb_wrapper\">\n<strong>KEY BENEFITS<\/strong><\/p>\n<ul>\n<li>Excellent Cost-Effectiveness<\/li>\n<li>Extends product shelf life by 2 to 10 times<\/li>\n<li>Keeps the product fresh<\/li>\n<li>Prevents the product from dehydrating, maintaining its weight and color<\/li>\n<li>Vacuum sealing acts as an odor barrier<\/li>\n<li>Compresses the product for transportation<\/li>\n<li>Prevents liquid leakage<\/li>\n<li>Lightweight and compact design (you can take it anywhere)<\/li>\n<li>Temperature control<\/li>\n<\/ul>\n<p><strong>APPLICATION<\/strong><\/p>\n<p>The box strapping machine is a device that replaces outdated methods of strapping\nboxes with staples and can be widely used in various industries, such as: electronics,\nfood, textiles, postal services, printing, among others. It straps boxes, wicker boxes,\npaper packages, fabric packages, among various other applications.<\/p>\n<p>&nbsp;<\/p>\n<p>Automatic strapping machine with virgin or recycled polypropylene tape. It uses\nstraps from 10 to 16 mm. Compact and lightweight design. With this machine, it is\npossible to strap (apply tape) to small and medium-sized boxes automatically.<\/p>\n<p>&nbsp;<\/p>\n<p><strong>ADVANTAGES<\/strong><\/p>\n<ul>\n<li>High standard of engineering and simple design;<\/li>\n<li>Easy operation and simple maintenance;<\/li>\n<li>Stainless steel cover;<\/li>\n<li>Mechanical tension control of the tape;<\/li>\n<li>Economy, the motor only operates when activated.<\/li>\n<\/ul>\n<p>Video:<br \/>\n<iframe width=\"560\" height=\"315\" src=\"https:\/\/www.youtube.com\/embed\/JwpuPTIcli4?si=wMsf-LYBdoCkYpkB\" title=\"YouTube video player\" frameborder=\"0\" allow=\"accelerometer; autoplay; clipboard-write; encrypted-media; gyroscope; picture-in-picture; web-share\" referrerpolicy=\"strict-origin-when-cross-origin\" allowfullscreen><\/iframe>\n<\/div>\n<\/div>\n<\/div>\n<\/div>\n<\/div>\n<\/div>\n<\/div>\n<\/div>\n<\/div>\n<\/div>\n<\/div>\n<\/div>\n<\/div>\n<\/div>\n<\/div>\n<\/div>\n<\/div>\n<\/div>\n<\/div>\n<\/div>\n<\/div>\n<\/div>","protected":false},"excerpt":{"rendered":"<p>SELADORA A V\u00c1CUO DOM\u00c9STICA A Seladora a V\u00e1cuo Dom\u00e9stica est\u00e1 presente nas mais diversas cozinhas, restaurantes, butiques de carnes, frigor\u00edficos, supermercados, cerealistas, empresas de latic\u00ednios e muito mais. &nbsp; Com diversas possibilidades de uso, voc\u00ea pode usar a Seladora a V\u00e1cuo para aplica\u00e7\u00f5es dom\u00e9sticas, no conforto da sua casa, economizando principalmente tempo e dinheiro, ao [&hellip;]<\/p>","protected":false},"featured_media":2444,"template":"","meta":{"_acf_changed":false},"product_brand":[],"product_cat":[107,96],"product_tag":[],"class_list":{"0":"post-2971","1":"product","2":"type-product","3":"status-publish","4":"has-post-thumbnail","6":"product_cat-outros","7":"product_cat-solucoes-em-maquinas","9":"first","10":"instock","11":"shipping-taxable","12":"product-type-simple"},"acf":[],"yoast_head":"<!-- This site is optimized with the Yoast SEO Premium plugin v24.5 (Yoast SEO v27.2) - https:\/\/yoast.com\/product\/yoast-seo-premium-wordpress\/ -->\n<title>Seladora a V\u00e1cuo<\/title>\n<meta name=\"robots\" content=\"index, follow, max-snippet:-1, max-image-preview:large, max-video-preview:-1\" \/>\n<link rel=\"canonical\" href=\"https:\/\/bbacomex.com.br\/en\/product\/seladora-a-vacuo\/\" \/>\n<meta property=\"og:locale\" content=\"en_US\" \/>\n<meta property=\"og:type\" content=\"article\" \/>\n<meta property=\"og:title\" content=\"Seladora a V\u00e1cuo\" \/>\n<meta property=\"og:description\" content=\"SELADORA A V\u00c1CUO DOM\u00c9STICA A Seladora a V\u00e1cuo Dom\u00e9stica est\u00e1 presente nas mais diversas cozinhas, restaurantes, butiques de carnes, frigor\u00edficos, supermercados, cerealistas, empresas de latic\u00ednios e muito mais. &nbsp; Com diversas possibilidades de uso, voc\u00ea pode usar a Seladora a V\u00e1cuo para aplica\u00e7\u00f5es dom\u00e9sticas, no conforto da sua casa, economizando principalmente tempo e dinheiro, ao [&hellip;]\" \/>\n<meta property=\"og:url\" content=\"https:\/\/bbacomex.com.br\/en\/product\/seladora-a-vacuo\/\" \/>\n<meta property=\"og:site_name\" content=\"BBA Comex\" \/>\n<meta property=\"article:publisher\" content=\"https:\/\/www.facebook.com\/bbacomexoficial\" \/>\n<meta property=\"article:modified_time\" content=\"2025-02-24T18:34:43+00:00\" \/>\n<meta property=\"og:image\" content=\"https:\/\/bbacomex.com.br\/wp-content\/uploads\/2024\/05\/seladora-a-vacuo-01.jpg\" \/>\n\t<meta property=\"og:image:width\" content=\"800\" \/>\n\t<meta property=\"og:image:height\" content=\"600\" \/>\n\t<meta property=\"og:image:type\" content=\"image\/jpeg\" \/>\n<meta name=\"twitter:card\" content=\"summary_large_image\" \/>\n<meta name=\"twitter:label1\" content=\"Price\" \/>\n\t<meta name=\"twitter:data1\" content=\"\" \/>\n\t<meta name=\"twitter:label2\" content=\"Availability\" \/>\n\t<meta name=\"twitter:data2\" content=\"In stock\" \/>\n<script type=\"application\/ld+json\" class=\"yoast-schema-graph\">{\"@context\":\"https:\/\/schema.org\",\"@graph\":[{\"@type\":\"WebPage\",\"@id\":\"https:\/\/bbacomex.com.br\/produto\/seladora-a-vacuo\/\",\"url\":\"https:\/\/bbacomex.com.br\/produto\/seladora-a-vacuo\/\",\"name\":\"Seladora a V\u00e1cuo\",\"isPartOf\":{\"@id\":\"https:\/\/bbacomex.com.br\/#website\"},\"primaryImageOfPage\":{\"@id\":\"https:\/\/bbacomex.com.br\/produto\/seladora-a-vacuo\/#primaryimage\"},\"image\":{\"@id\":\"https:\/\/bbacomex.com.br\/produto\/seladora-a-vacuo\/#primaryimage\"},\"thumbnailUrl\":\"https:\/\/bbacomex.com.br\/wp-content\/uploads\/2024\/05\/seladora-a-vacuo-01.jpg\",\"datePublished\":\"2024-06-03T21:19:51+00:00\",\"dateModified\":\"2025-02-24T18:34:43+00:00\",\"breadcrumb\":{\"@id\":\"https:\/\/bbacomex.com.br\/produto\/seladora-a-vacuo\/#breadcrumb\"},\"inLanguage\":\"en-US\",\"potentialAction\":[{\"@type\":\"ReadAction\",\"target\":[\"https:\/\/bbacomex.com.br\/produto\/seladora-a-vacuo\/\"]}]},{\"@type\":\"ImageObject\",\"inLanguage\":\"en-US\",\"@id\":\"https:\/\/bbacomex.com.br\/produto\/seladora-a-vacuo\/#primaryimage\",\"url\":\"https:\/\/bbacomex.com.br\/wp-content\/uploads\/2024\/05\/seladora-a-vacuo-01.jpg\",\"contentUrl\":\"https:\/\/bbacomex.com.br\/wp-content\/uploads\/2024\/05\/seladora-a-vacuo-01.jpg\",\"width\":800,\"height\":600},{\"@type\":\"BreadcrumbList\",\"@id\":\"https:\/\/bbacomex.com.br\/produto\/seladora-a-vacuo\/#breadcrumb\",\"itemListElement\":[{\"@type\":\"ListItem\",\"position\":1,\"name\":\"In\u00edcio\",\"item\":\"https:\/\/bbacomex.com.br\/\"},{\"@type\":\"ListItem\",\"position\":2,\"name\":\"Produtos\",\"item\":\"https:\/\/bbacomex.com.br\/loja\/\"},{\"@type\":\"ListItem\",\"position\":3,\"name\":\"Seladora a V\u00e1cuo\"}]},{\"@type\":\"WebSite\",\"@id\":\"https:\/\/bbacomex.com.br\/#website\",\"url\":\"https:\/\/bbacomex.com.br\/\",\"name\":\"BBA Comex\",\"description\":\"\",\"publisher\":{\"@id\":\"https:\/\/bbacomex.com.br\/#organization\"},\"potentialAction\":[{\"@type\":\"SearchAction\",\"target\":{\"@type\":\"EntryPoint\",\"urlTemplate\":\"https:\/\/bbacomex.com.br\/?s={search_term_string}\"},\"query-input\":{\"@type\":\"PropertyValueSpecification\",\"valueRequired\":true,\"valueName\":\"search_term_string\"}}],\"inLanguage\":\"en-US\"},{\"@type\":\"Organization\",\"@id\":\"https:\/\/bbacomex.com.br\/#organization\",\"name\":\"BBA Comex\",\"url\":\"https:\/\/bbacomex.com.br\/\",\"logo\":{\"@type\":\"ImageObject\",\"inLanguage\":\"en-US\",\"@id\":\"https:\/\/bbacomex.com.br\/#\/schema\/logo\/image\/\",\"url\":\"https:\/\/bbacomex.com.br\/wp-content\/uploads\/2024\/03\/Logo_Rodape.png\",\"contentUrl\":\"https:\/\/bbacomex.com.br\/wp-content\/uploads\/2024\/03\/Logo_Rodape.png\",\"width\":350,\"height\":160,\"caption\":\"BBA Comex\"},\"image\":{\"@id\":\"https:\/\/bbacomex.com.br\/#\/schema\/logo\/image\/\"},\"sameAs\":[\"https:\/\/www.facebook.com\/bbacomexoficial\",\"https:\/\/www.instagram.com\/bbacomex\/\",\"https:\/\/www.linkedin.com\/company\/bba-comex\/\"]}]}<\/script>\n<meta property=\"product:price:currency\" content=\"BRL\" \/>\n<meta property=\"og:availability\" content=\"instock\" \/>\n<meta property=\"product:availability\" content=\"instock\" \/>\n<meta property=\"product:condition\" content=\"new\" \/>\n<!-- \/ Yoast SEO Premium plugin. -->","yoast_head_json":{"title":"Seladora a V\u00e1cuo","robots":{"index":"index","follow":"follow","max-snippet":"max-snippet:-1","max-image-preview":"max-image-preview:large","max-video-preview":"max-video-preview:-1"},"canonical":"https:\/\/bbacomex.com.br\/en\/product\/seladora-a-vacuo\/","og_locale":"en_US","og_type":"article","og_title":"Seladora a V\u00e1cuo","og_description":"SELADORA A V\u00c1CUO DOM\u00c9STICA A Seladora a V\u00e1cuo Dom\u00e9stica est\u00e1 presente nas mais diversas cozinhas, restaurantes, butiques de carnes, frigor\u00edficos, supermercados, cerealistas, empresas de latic\u00ednios e muito mais. &nbsp; Com diversas possibilidades de uso, voc\u00ea pode usar a Seladora a V\u00e1cuo para aplica\u00e7\u00f5es dom\u00e9sticas, no conforto da sua casa, economizando principalmente tempo e dinheiro, ao [&hellip;]","og_url":"https:\/\/bbacomex.com.br\/en\/product\/seladora-a-vacuo\/","og_site_name":"BBA Comex","article_publisher":"https:\/\/www.facebook.com\/bbacomexoficial","article_modified_time":"2025-02-24T18:34:43+00:00","og_image":[{"width":800,"height":600,"url":"https:\/\/bbacomex.com.br\/wp-content\/uploads\/2024\/05\/seladora-a-vacuo-01.jpg","type":"image\/jpeg"}],"twitter_card":"summary_large_image","twitter_misc":{"Price":"","Availability":"In stock"},"schema":{"@context":"https:\/\/schema.org","@graph":[{"@type":"WebPage","@id":"https:\/\/bbacomex.com.br\/produto\/seladora-a-vacuo\/","url":"https:\/\/bbacomex.com.br\/produto\/seladora-a-vacuo\/","name":"Seladora a V\u00e1cuo","isPartOf":{"@id":"https:\/\/bbacomex.com.br\/#website"},"primaryImageOfPage":{"@id":"https:\/\/bbacomex.com.br\/produto\/seladora-a-vacuo\/#primaryimage"},"image":{"@id":"https:\/\/bbacomex.com.br\/produto\/seladora-a-vacuo\/#primaryimage"},"thumbnailUrl":"https:\/\/bbacomex.com.br\/wp-content\/uploads\/2024\/05\/seladora-a-vacuo-01.jpg","datePublished":"2024-06-03T21:19:51+00:00","dateModified":"2025-02-24T18:34:43+00:00","breadcrumb":{"@id":"https:\/\/bbacomex.com.br\/produto\/seladora-a-vacuo\/#breadcrumb"},"inLanguage":"en-US","potentialAction":[{"@type":"ReadAction","target":["https:\/\/bbacomex.com.br\/produto\/seladora-a-vacuo\/"]}]},{"@type":"ImageObject","inLanguage":"en-US","@id":"https:\/\/bbacomex.com.br\/produto\/seladora-a-vacuo\/#primaryimage","url":"https:\/\/bbacomex.com.br\/wp-content\/uploads\/2024\/05\/seladora-a-vacuo-01.jpg","contentUrl":"https:\/\/bbacomex.com.br\/wp-content\/uploads\/2024\/05\/seladora-a-vacuo-01.jpg","width":800,"height":600},{"@type":"BreadcrumbList","@id":"https:\/\/bbacomex.com.br\/produto\/seladora-a-vacuo\/#breadcrumb","itemListElement":[{"@type":"ListItem","position":1,"name":"In\u00edcio","item":"https:\/\/bbacomex.com.br\/"},{"@type":"ListItem","position":2,"name":"Produtos","item":"https:\/\/bbacomex.com.br\/loja\/"},{"@type":"ListItem","position":3,"name":"Seladora a V\u00e1cuo"}]},{"@type":"WebSite","@id":"https:\/\/bbacomex.com.br\/#website","url":"https:\/\/bbacomex.com.br\/","name":"BBA Comex","description":"","publisher":{"@id":"https:\/\/bbacomex.com.br\/#organization"},"potentialAction":[{"@type":"SearchAction","target":{"@type":"EntryPoint","urlTemplate":"https:\/\/bbacomex.com.br\/?s={search_term_string}"},"query-input":{"@type":"PropertyValueSpecification","valueRequired":true,"valueName":"search_term_string"}}],"inLanguage":"en-US"},{"@type":"Organization","@id":"https:\/\/bbacomex.com.br\/#organization","name":"BBA Comex","url":"https:\/\/bbacomex.com.br\/","logo":{"@type":"ImageObject","inLanguage":"en-US","@id":"https:\/\/bbacomex.com.br\/#\/schema\/logo\/image\/","url":"https:\/\/bbacomex.com.br\/wp-content\/uploads\/2024\/03\/Logo_Rodape.png","contentUrl":"https:\/\/bbacomex.com.br\/wp-content\/uploads\/2024\/03\/Logo_Rodape.png","width":350,"height":160,"caption":"BBA Comex"},"image":{"@id":"https:\/\/bbacomex.com.br\/#\/schema\/logo\/image\/"},"sameAs":["https:\/\/www.facebook.com\/bbacomexoficial","https:\/\/www.instagram.com\/bbacomex\/","https:\/\/www.linkedin.com\/company\/bba-comex\/"]}]},"product_price_currency":"BRL","og_availability":"instock","product_availability":"instock","product_condition":"new"},"_links":{"self":[{"href":"https:\/\/bbacomex.com.br\/en\/wp-json\/wp\/v2\/product\/2971","targetHints":{"allow":["GET"]}}],"collection":[{"href":"https:\/\/bbacomex.com.br\/en\/wp-json\/wp\/v2\/product"}],"about":[{"href":"https:\/\/bbacomex.com.br\/en\/wp-json\/wp\/v2\/types\/product"}],"wp:featuredmedia":[{"embeddable":true,"href":"https:\/\/bbacomex.com.br\/en\/wp-json\/wp\/v2\/media\/2444"}],"wp:attachment":[{"href":"https:\/\/bbacomex.com.br\/en\/wp-json\/wp\/v2\/media?parent=2971"}],"wp:term":[{"taxonomy":"product_brand","embeddable":true,"href":"https:\/\/bbacomex.com.br\/en\/wp-json\/wp\/v2\/product_brand?post=2971"},{"taxonomy":"product_cat","embeddable":true,"href":"https:\/\/bbacomex.com.br\/en\/wp-json\/wp\/v2\/product_cat?post=2971"},{"taxonomy":"product_tag","embeddable":true,"href":"https:\/\/bbacomex.com.br\/en\/wp-json\/wp\/v2\/product_tag?post=2971"}],"curies":[{"name":"wp","href":"https:\/\/api.w.org\/{rel}","templated":true}]}}