{"id":3607,"date":"2024-10-18T12:07:48","date_gmt":"2024-10-18T15:07:48","guid":{"rendered":"https:\/\/bbacomex.com.br\/?post_type=product&#038;p=3607"},"modified":"2025-07-25T21:12:01","modified_gmt":"2025-07-26T00:12:01","slug":"enfardadeira-de-torre","status":"publish","type":"product","link":"https:\/\/bbacomex.com.br\/en\/product\/enfardadeira-de-torre\/","title":{"rendered":"Enfardadeira de Torre"},"content":{"rendered":"<div class=\"elementor-element elementor-element-3db3e01 elementor-widget__width-initial elementor-widget elementor-widget-text-editor\" data-id=\"3db3e01\" data-element_type=\"widget\" data-widget_type=\"text-editor.default\">\n<div class=\"elementor-widget-container\">\n<div class=\"elementor-element elementor-element-5bfbfe5 elementor-widget__width-initial elementor-widget elementor-widget-text-editor\" data-id=\"5bfbfe5\" data-element_type=\"widget\" data-widget_type=\"text-editor.default\">\n<div class=\"elementor-widget-container\">\n<div class=\"elementor-element elementor-element-f50db4f elementor-widget__width-initial elementor-widget elementor-widget-text-editor\" data-id=\"f50db4f\" data-element_type=\"widget\" data-widget_type=\"text-editor.default\">\n<div class=\"elementor-widget-container\">\n<div class=\"elementor-element elementor-element-3db3e01 elementor-widget__width-initial elementor-widget elementor-widget-text-editor\" data-id=\"3db3e01\" data-element_type=\"widget\" data-widget_type=\"text-editor.default\">\n<div class=\"elementor-widget-container\">\n<div class=\"elementor-element elementor-element-5bfbfe5 elementor-widget__width-initial elementor-widget elementor-widget-text-editor\" data-id=\"5bfbfe5\" data-element_type=\"widget\" data-widget_type=\"text-editor.default\">\n<div class=\"elementor-widget-container\">\n<div class=\"elementor-element elementor-element-f50db4f elementor-widget__width-initial elementor-widget elementor-widget-text-editor\" data-id=\"f50db4f\" data-element_type=\"widget\" data-widget_type=\"text-editor.default\">\n<div class=\"elementor-widget-container\">\n<div class=\"elementor-element elementor-element-7e3edc1 elementor-widget__width-initial elementor-widget elementor-widget-text-editor\" data-id=\"7e3edc1\" data-element_type=\"widget\" data-widget_type=\"text-editor.default\">\n<div class=\"elementor-widget-container\">\n<div class=\"elementor-element elementor-element-0f54a7e elementor-widget__width-initial elementor-widget elementor-widget-text-editor\" data-id=\"0f54a7e\" data-element_type=\"widget\" data-widget_type=\"text-editor.default\">\n<div class=\"elementor-widget-container\">\n<div class=\"wpb_text_column wpb_content_element\">\n<div class=\"wpb_wrapper\">\n<div class=\"elementor-element elementor-element-a55d8b8 elementor-widget__width-initial elementor-widget elementor-widget-text-editor\" data-id=\"a55d8b8\" data-element_type=\"widget\" data-widget_type=\"text-editor.default\">\n<div class=\"elementor-widget-container\">\n<div class=\"wpb_text_column wpb_content_element\">\n<div class=\"wpb_wrapper\">\n<div class=\"elementor-element elementor-element-0f54a7e elementor-widget__width-initial elementor-widget elementor-widget-text-editor\" data-id=\"0f54a7e\" data-element_type=\"widget\" data-widget_type=\"text-editor.default\">\n<div class=\"elementor-widget-container\">\n<div class=\"wpb_text_column wpb_content_element\">\n<div class=\"wpb_wrapper\">\n<div class=\"elementor-element elementor-element-0f54a7e elementor-widget__width-initial elementor-widget elementor-widget-text-editor\" data-id=\"0f54a7e\" data-element_type=\"widget\" data-widget_type=\"text-editor.default\">\n<div class=\"elementor-widget-container\">\n<div class=\"wpb_text_column wpb_content_element\">\n<div class=\"wpb_wrapper\">\n<div class=\"elementor-element elementor-element-0f54a7e elementor-widget__width-initial elementor-widget elementor-widget-text-editor\" data-id=\"0f54a7e\" data-element_type=\"widget\" data-widget_type=\"text-editor.default\">\n<div class=\"elementor-widget-container\">\n<div class=\"wpb_text_column wpb_content_element\">\n<div class=\"wpb_wrapper\">\n<div class=\"elementor-element elementor-element-0f54a7e elementor-widget__width-initial elementor-widget elementor-widget-text-editor\" data-id=\"0f54a7e\" data-element_type=\"widget\" data-widget_type=\"text-editor.default\">\n<div class=\"elementor-widget-container\">\n<div class=\"wpb_text_column wpb_content_element\">\n<div class=\"wpb_wrapper\">\n<div class=\"elementor-element elementor-element-a55d8b8 elementor-widget__width-initial elementor-widget elementor-widget-text-editor\" data-id=\"a55d8b8\" data-element_type=\"widget\" data-widget_type=\"text-editor.default\">\n<div class=\"elementor-widget-container\">\n<div class=\"wpb_text_column wpb_content_element\">\n<div class=\"wpb_wrapper\">\n<div class=\"wpb_wrapper\">\n<div class=\"elementor-element elementor-element-a55d8b8 elementor-widget__width-initial elementor-widget elementor-widget-text-editor\" data-id=\"a55d8b8\" data-element_type=\"widget\" data-widget_type=\"text-editor.default\">\n<div class=\"elementor-widget-container\">\n<div class=\"wpb_text_column wpb_content_element\">\n<div class=\"wpb_wrapper\">\n<div class=\"x_flex x_max-w-full x_flex-col x_flex-grow\">\n<div class=\"x_min-h-8 x_text-message x_flex x_w-full x_flex-col x_items-end x_gap-2 x_whitespace-normal x_break-words x_[.text-message+&amp;]:mt-5\" dir=\"auto\" data-message-id=\"4a807e4f-1387-46d3-916d-bdc06c5dbb06\" data-message-author-role=\"assistant\">\n<div class=\"x_flex x_w-full x_flex-col x_gap-1 x_empty:hidden x_first:pt-[3px]\">\n<div class=\"x_markdown x_prose x_w-full x_break-words x_dark:prose-invert x_light\">\n<h3>Robusta, eficiente e ideal para fardos de fitas adesivas e agrupamentos pesados<\/h3>\n<p>The\u00a0<strong>Enfardadeira de Torre da BBA Comex<\/strong>\u00a0\u00e9 um equipamento\u00a0<strong>semiautom\u00e1tico e altamente resistente<\/strong>, desenvolvido para embalar\u00a0<strong>fardos de fitas adesivas<\/strong>\u00a0e outros produtos que exigem\u00a0<strong>robustez, seguran\u00e7a e estabilidade durante o transporte e armazenamento<\/strong>. Com\u00a0<strong>estrutura em a\u00e7o carbono<\/strong>, atende aos mais rigorosos padr\u00f5es de higiene industrial e praticidade de limpeza, sendo indicada para ambientes com alta exig\u00eancia operacional.<\/p>\n<h3>Desempenho Superior em Embalagens de M\u00faltiplas Unidades<\/h3>\n<p>Projetada especialmente para\u00a0<strong>segmentos que demandam maior resist\u00eancia ao transporte<\/strong>, a Enfardadeira de Torre suporta\u00a0<strong>pesos superiores<\/strong>\u00a0aos modelos de\u00a0<strong>seladoras em L ou cont\u00ednuas<\/strong>, tornando-se a escolha ideal para embalar:<\/p>\n<ul>\n<li>Fitas adesivas<\/li>\n<li>Pequenas caixas agrupadas<\/li>\n<\/ul>\n<p>O sistema\u00a0<strong>semiautom\u00e1tico com alimenta\u00e7\u00e3o manual<\/strong>\u00a0e transporte por esteira garante uma opera\u00e7\u00e3o pr\u00e1tica, com excelente controle do processo de selagem e encolhimento, sem comprometer a efici\u00eancia da produ\u00e7\u00e3o.<\/p>\n<h3>Caracter\u00edsticas T\u00e9cnicas e Diferenciais<\/h3>\n<ul>\n<li>\u2705<strong>Estrutura 100% em a\u00e7o carbono<\/strong>, com alta resist\u00eancia mec\u00e2nica<\/li>\n<li>\u2705<strong>Opera\u00e7\u00e3o semiautom\u00e1tica com esteira de transporte<\/strong><\/li>\n<li>\u2705<strong>Compat\u00edvel com T\u00fanel de Encolhimento<\/strong>, proporcionando encolhimento uniforme e embalagens firmes<\/li>\n<li>\u2705<strong>Indicado para fardos de fitas adesivas e produtos com maior peso<\/strong><\/li>\n<li>\u2705<strong>Versatilidade para diferentes dimens\u00f5es e formatos<\/strong><\/li>\n<li>\u2705<strong>Alta estabilidade durante o processo de selagem<\/strong><\/li>\n<li>\u2705<strong>Facilidade na limpeza e manuten\u00e7\u00e3o<\/strong><\/li>\n<li>\u2705<strong>Ideal para ambientes com alto volume de embalagens unitizadas<\/strong><\/li>\n<\/ul>\n<h3>A Solu\u00e7\u00e3o Certa para Agrupamentos Industriais<\/h3>\n<p>Seja no setor de\u00a0<strong>fitas adesivas, embalagens industriais ou distribui\u00e7\u00e3o log\u00edstica<\/strong>, a\u00a0<strong>Enfardadeira de Torre <\/strong>garante\u00a0<strong>resist\u00eancia, produtividade e confiabilidade<\/strong>\u00a0para a forma\u00e7\u00e3o de fardos seguros e visualmente bem acabados. Uma solu\u00e7\u00e3o sob medida para opera\u00e7\u00f5es que n\u00e3o podem abrir m\u00e3o da\u00a0<strong>efici\u00eancia no empacotamento e resist\u00eancia no transporte<\/strong>.<\/p>\n<p><strong>Invista na Enfardadeira de Torre da BBA Comex<\/strong>\u00a0e leve sua opera\u00e7\u00e3o de embalagem a um novo n\u00edvel de robustez e produtividade. Fale agora com nossos consultores e descubra a melhor configura\u00e7\u00e3o para sua linha de produ\u00e7\u00e3o.<\/p>\n<\/div>\n<\/div>\n<\/div>\n<\/div>\n<\/div>\n<\/div>\n<\/div>\n<\/div>\n<\/div>\n<\/div>\n<\/div>\n<\/div>\n<\/div>\n<\/div>\n<\/div>\n<\/div>\n<\/div>\n<\/div>\n<div class=\"wpb_wrapper\">\n<div class=\"elementor-element elementor-element-0f54a7e elementor-widget__width-initial elementor-widget elementor-widget-text-editor\" data-id=\"0f54a7e\" data-element_type=\"widget\" data-widget_type=\"text-editor.default\">\n<div class=\"elementor-widget-container\">\n<div class=\"wpb_text_column wpb_content_element\">\n<div class=\"wpb_wrapper\">\n<div class=\"elementor-element elementor-element-a55d8b8 elementor-widget__width-initial elementor-widget elementor-widget-text-editor\" data-id=\"a55d8b8\" data-element_type=\"widget\" data-widget_type=\"text-editor.default\">\n<div class=\"elementor-widget-container\">\n<div class=\"wpb_text_column wpb_content_element\">\n<div class=\"wpb_wrapper\">\n<div class=\"wpb_wrapper\">\n<div class=\"elementor-element elementor-element-a55d8b8 elementor-widget__width-initial elementor-widget elementor-widget-text-editor\" data-id=\"a55d8b8\" data-element_type=\"widget\" data-widget_type=\"text-editor.default\">\n<p>&nbsp;<\/p>\n<\/div>\n<div class=\"elementor-element elementor-element-389009b elementor-align-center elementor-widget elementor-widget-button\" data-id=\"389009b\" data-element_type=\"widget\" data-widget_type=\"button.default\">\n<div class=\"elementor-button-wrapper\" style=\"text-align: left;\"><strong>Video:<\/strong><\/div>\n<p><iframe title=\"YouTube video player\" src=\"https:\/\/www.youtube.com\/embed\/5ZQ9HIXBHX8?si=3ynzUq5aN42DHYGs\" width=\"560\" height=\"315\" frameborder=\"0\" allowfullscreen=\"allowfullscreen\"><\/iframe><\/p>\n<\/div>\n<div><\/div>\n<\/div>\n<\/div>\n<\/div>\n<\/div>\n<\/div>\n<\/div>\n<\/div>\n<\/div>\n<\/div>\n<\/div>\n<\/div>\n<\/div>\n<\/div>\n<\/div>\n<\/div>\n<\/div>\n<\/div>\n<\/div>\n<\/div>\n<\/div>\n<\/div>\n<\/div>\n<\/div>\n<\/div>\n<\/div>\n<\/div>\n<\/div>\n<\/div>\n<\/div>\n<\/div>\n<\/div>\n<\/div>\n<\/div>\n<\/div>\n<\/div>\n<\/div>\n<\/div>\n<\/div>\n<\/div>\n<\/div>\n<\/div>\n<\/div>\n<\/div>","protected":false},"excerpt":{"rendered":"<p><!-- TORRE --><\/p>\n<div style=\"max-width: 600px; margin: 40px auto; font-family: Arial, sans-serif; border: 2px solid #0044cc; border-radius: 10px; overflow: hidden;\">\n<div style=\"background-color: #0044cc; color: white; padding: 10px 20px; font-size: 20px; font-weight: bold;\">Torre<\/div>\n<div style=\"background-color: #eaf0ff; padding: 10px 20px; font-size: 14px; font-weight: bold;\">Dados T\u00e9cnicos<\/div>\n<table style=\"width: 100%; border-collapse: collapse; font-size: 14px;\">\n<tbody>\n<tr>\n<td style=\"padding: 10px; border-bottom: 1px solid #ddd;\">Dimens\u00f5es da M\u00e1quina (C x L x A)<\/td>\n<td style=\"padding: 10px; border-bottom: 1px solid #ddd;\">1850 x 980 x 1450 mm<\/td>\n<\/tr>\n<tr>\n<td style=\"padding: 10px; border-bottom: 1px solid #ddd;\">Produ\u00e7\u00e3o<\/td>\n<td style=\"padding: 10px; border-bottom: 1px solid #ddd;\">15\/25 pe\u00e7as\/min<\/td>\n<\/tr>\n<tr>\n<td style=\"padding: 10px; border-bottom: 1px solid #ddd;\">Pot\u00eancia<\/td>\n<td style=\"padding: 10px; border-bottom: 1px solid #ddd;\">2,3 kW<\/td>\n<\/tr>\n<tr>\n<td style=\"padding: 10px; border-bottom: 1px solid #ddd;\">Tens\u00e3o<\/td>\n<td style=\"padding: 10px; border-bottom: 1px solid #ddd;\">220v monof\u00e1sico<\/td>\n<\/tr>\n<tr>\n<td style=\"padding: 10px; border-bottom: 1px solid #ddd;\">Press\u00e3o de Ar<\/td>\n<td style=\"padding: 10px; border-bottom: 1px solid #ddd;\">6 ~ 8 Kg\/cm\u00b3<\/td>\n<\/tr>\n<tr>\n<td style=\"padding: 10px;\">Peso<\/td>\n<td style=\"padding: 10px;\">330 kg<\/td>\n<\/tr>\n<\/tbody>\n<\/table>\n<\/div>\n<div style=\"max-width: 600px; margin: 40px auto; font-family: Arial, sans-serif; border: 2px solid #0044cc; border-radius: 10px; overflow: hidden;\">\n<div style=\"background-color: #0044cc; color: white; padding: 10px 20px; font-size: 20px; font-weight: bold;\">T\u00fanel Torre<\/div>\n<div style=\"background-color: #eaf0ff; padding: 10px 20px; font-size: 14px; font-weight: bold;\">Dados T\u00e9cnicos<\/div>\n<table style=\"width: 100%; border-collapse: collapse; font-size: 14px;\">\n<tbody>\n<tr>\n<td style=\"padding: 10px; border-bottom: 1px solid #ddd;\">Dimens\u00f5es da M\u00e1quina (C x L x A)<\/td>\n<td style=\"padding: 10px; border-bottom: 1px solid #ddd;\">1900 x 800 x 1400 mm<\/td>\n<\/tr>\n<tr>\n<td style=\"padding: 10px; border-bottom: 1px solid #ddd;\">Tamanho M\u00e1x. do Produto (L x A)<\/td>\n<td style=\"padding: 10px; border-bottom: 1px solid #ddd;\">400 x 200 mm<\/td>\n<\/tr>\n<tr>\n<td style=\"padding: 10px; border-bottom: 1px solid #ddd;\">Tens\u00e3o<\/td>\n<td style=\"padding: 10px; border-bottom: 1px solid #ddd;\">220v<\/td>\n<\/tr>\n<tr>\n<td style=\"padding: 10px; border-bottom: 1px solid #ddd;\">Pot\u00eancia<\/td>\n<td style=\"padding: 10px; border-bottom: 1px solid #ddd;\">13 kW<\/td>\n<\/tr>\n<tr>\n<td style=\"padding: 10px; border-bottom: 1px solid #ddd;\">Peso M\u00e1x. do Produto<\/td>\n<td style=\"padding: 10px; border-bottom: 1px solid #ddd;\">10 kg<\/td>\n<\/tr>\n<tr>\n<td style=\"padding: 10px;\">Peso do T\u00fanel<\/td>\n<td style=\"padding: 10px;\">170 kg<\/td>\n<\/tr>\n<\/tbody>\n<\/table>\n<\/div>","protected":false},"featured_media":3782,"template":"","meta":{"_acf_changed":false},"product_brand":[],"product_cat":[92,77],"product_tag":[],"class_list":{"0":"post-3607","1":"product","2":"type-product","3":"status-publish","4":"has-post-thumbnail","6":"product_cat-enfardadeiras","7":"product_cat-sem-categoria","9":"first","10":"instock","11":"shipping-taxable","12":"product-type-simple"},"acf":[],"yoast_head":"<!-- This site is optimized with the Yoast SEO Premium plugin v24.5 (Yoast SEO v27.2) - https:\/\/yoast.com\/product\/yoast-seo-premium-wordpress\/ -->\n<title>Enfardadeira de Torre<\/title>\n<meta name=\"description\" content=\"A\u00a0Enfardadeira de Torre da BBA Comex\u00a0\u00e9 um equipamento\u00a0semiautom\u00e1tico e altamente resistente, desenvolvido para embalar\u00a0fardos de fitas adesivas\u00a0e outros produtos que exigem\u00a0robustez, seguran\u00e7a e estabilidade durante o transporte e armazenamento. Com\u00a0estrutura em a\u00e7o carbono, atende aos mais rigorosos padr\u00f5es de higiene industrial e praticidade de limpeza, sendo indicada para ambientes com alta exig\u00eancia operacional.\" \/>\n<meta name=\"robots\" content=\"index, follow, max-snippet:-1, max-image-preview:large, max-video-preview:-1\" \/>\n<link rel=\"canonical\" href=\"https:\/\/bbacomex.com.br\/en\/product\/enfardadeira-de-torre\/\" \/>\n<meta property=\"og:locale\" content=\"en_US\" \/>\n<meta property=\"og:type\" content=\"article\" \/>\n<meta property=\"og:title\" content=\"Enfardadeira de Torre\" \/>\n<meta property=\"og:description\" content=\"A\u00a0Enfardadeira de Torre da BBA Comex\u00a0\u00e9 um equipamento\u00a0semiautom\u00e1tico e altamente resistente, desenvolvido para embalar\u00a0fardos de fitas adesivas\u00a0e outros produtos que exigem\u00a0robustez, seguran\u00e7a e estabilidade durante o transporte e armazenamento. Com\u00a0estrutura em a\u00e7o carbono, atende aos mais rigorosos padr\u00f5es de higiene industrial e praticidade de limpeza, sendo indicada para ambientes com alta exig\u00eancia operacional.\" \/>\n<meta property=\"og:url\" content=\"https:\/\/bbacomex.com.br\/en\/product\/enfardadeira-de-torre\/\" \/>\n<meta property=\"og:site_name\" content=\"BBA Comex\" \/>\n<meta property=\"article:publisher\" content=\"https:\/\/www.facebook.com\/bbacomexoficial\" \/>\n<meta property=\"article:modified_time\" content=\"2025-07-26T00:12:01+00:00\" \/>\n<meta property=\"og:image\" content=\"https:\/\/bbacomex.com.br\/wp-content\/uploads\/2024\/10\/WhatsApp-Image-2024-10-31-at-14.17.00.jpeg\" \/>\n\t<meta property=\"og:image:width\" content=\"1600\" \/>\n\t<meta property=\"og:image:height\" content=\"1200\" \/>\n\t<meta property=\"og:image:type\" content=\"image\/jpeg\" \/>\n<meta name=\"twitter:card\" content=\"summary_large_image\" \/>\n<meta name=\"twitter:label1\" content=\"Price\" \/>\n\t<meta name=\"twitter:data1\" content=\"\" \/>\n\t<meta name=\"twitter:label2\" content=\"Availability\" \/>\n\t<meta name=\"twitter:data2\" content=\"In stock\" \/>\n<script type=\"application\/ld+json\" class=\"yoast-schema-graph\">{\"@context\":\"https:\/\/schema.org\",\"@graph\":[{\"@type\":\"WebPage\",\"@id\":\"https:\/\/bbacomex.com.br\/produto\/enfardadeira-de-torre\/\",\"url\":\"https:\/\/bbacomex.com.br\/produto\/enfardadeira-de-torre\/\",\"name\":\"Enfardadeira de Torre\",\"isPartOf\":{\"@id\":\"https:\/\/bbacomex.com.br\/#website\"},\"primaryImageOfPage\":{\"@id\":\"https:\/\/bbacomex.com.br\/produto\/enfardadeira-de-torre\/#primaryimage\"},\"image\":{\"@id\":\"https:\/\/bbacomex.com.br\/produto\/enfardadeira-de-torre\/#primaryimage\"},\"thumbnailUrl\":\"https:\/\/bbacomex.com.br\/wp-content\/uploads\/2024\/10\/WhatsApp-Image-2024-10-31-at-14.17.00.jpeg\",\"datePublished\":\"2024-10-18T15:07:48+00:00\",\"dateModified\":\"2025-07-26T00:12:01+00:00\",\"description\":\"A\u00a0Enfardadeira de Torre da BBA Comex\u00a0\u00e9 um equipamento\u00a0semiautom\u00e1tico e altamente resistente, desenvolvido para embalar\u00a0fardos de fitas adesivas\u00a0e outros produtos que exigem\u00a0robustez, seguran\u00e7a e estabilidade durante o transporte e armazenamento. Com\u00a0estrutura em a\u00e7o carbono, atende aos mais rigorosos padr\u00f5es de higiene industrial e praticidade de limpeza, sendo indicada para ambientes com alta exig\u00eancia operacional.\",\"breadcrumb\":{\"@id\":\"https:\/\/bbacomex.com.br\/produto\/enfardadeira-de-torre\/#breadcrumb\"},\"inLanguage\":\"en-US\",\"potentialAction\":[{\"@type\":\"ReadAction\",\"target\":[\"https:\/\/bbacomex.com.br\/produto\/enfardadeira-de-torre\/\"]}]},{\"@type\":\"ImageObject\",\"inLanguage\":\"en-US\",\"@id\":\"https:\/\/bbacomex.com.br\/produto\/enfardadeira-de-torre\/#primaryimage\",\"url\":\"https:\/\/bbacomex.com.br\/wp-content\/uploads\/2024\/10\/WhatsApp-Image-2024-10-31-at-14.17.00.jpeg\",\"contentUrl\":\"https:\/\/bbacomex.com.br\/wp-content\/uploads\/2024\/10\/WhatsApp-Image-2024-10-31-at-14.17.00.jpeg\",\"width\":1600,\"height\":1200},{\"@type\":\"BreadcrumbList\",\"@id\":\"https:\/\/bbacomex.com.br\/produto\/enfardadeira-de-torre\/#breadcrumb\",\"itemListElement\":[{\"@type\":\"ListItem\",\"position\":1,\"name\":\"In\u00edcio\",\"item\":\"https:\/\/bbacomex.com.br\/\"},{\"@type\":\"ListItem\",\"position\":2,\"name\":\"Produtos\",\"item\":\"https:\/\/bbacomex.com.br\/loja\/\"},{\"@type\":\"ListItem\",\"position\":3,\"name\":\"Enfardadeira de Torre\"}]},{\"@type\":\"WebSite\",\"@id\":\"https:\/\/bbacomex.com.br\/#website\",\"url\":\"https:\/\/bbacomex.com.br\/\",\"name\":\"BBA Comex\",\"description\":\"\",\"publisher\":{\"@id\":\"https:\/\/bbacomex.com.br\/#organization\"},\"potentialAction\":[{\"@type\":\"SearchAction\",\"target\":{\"@type\":\"EntryPoint\",\"urlTemplate\":\"https:\/\/bbacomex.com.br\/?s={search_term_string}\"},\"query-input\":{\"@type\":\"PropertyValueSpecification\",\"valueRequired\":true,\"valueName\":\"search_term_string\"}}],\"inLanguage\":\"en-US\"},{\"@type\":\"Organization\",\"@id\":\"https:\/\/bbacomex.com.br\/#organization\",\"name\":\"BBA Comex\",\"url\":\"https:\/\/bbacomex.com.br\/\",\"logo\":{\"@type\":\"ImageObject\",\"inLanguage\":\"en-US\",\"@id\":\"https:\/\/bbacomex.com.br\/#\/schema\/logo\/image\/\",\"url\":\"https:\/\/bbacomex.com.br\/wp-content\/uploads\/2024\/03\/Logo_Rodape.png\",\"contentUrl\":\"https:\/\/bbacomex.com.br\/wp-content\/uploads\/2024\/03\/Logo_Rodape.png\",\"width\":350,\"height\":160,\"caption\":\"BBA Comex\"},\"image\":{\"@id\":\"https:\/\/bbacomex.com.br\/#\/schema\/logo\/image\/\"},\"sameAs\":[\"https:\/\/www.facebook.com\/bbacomexoficial\",\"https:\/\/www.instagram.com\/bbacomex\/\",\"https:\/\/www.linkedin.com\/company\/bba-comex\/\"]}]}<\/script>\n<meta property=\"product:price:currency\" content=\"BRL\" \/>\n<meta property=\"og:availability\" content=\"instock\" \/>\n<meta property=\"product:availability\" content=\"instock\" \/>\n<meta property=\"product:condition\" content=\"new\" \/>\n<!-- \/ Yoast SEO Premium plugin. -->","yoast_head_json":{"title":"Enfardadeira de Torre","description":"A\u00a0Enfardadeira de Torre da BBA Comex\u00a0\u00e9 um equipamento\u00a0semiautom\u00e1tico e altamente resistente, desenvolvido para embalar\u00a0fardos de fitas adesivas\u00a0e outros produtos que exigem\u00a0robustez, seguran\u00e7a e estabilidade durante o transporte e armazenamento. Com\u00a0estrutura em a\u00e7o carbono, atende aos mais rigorosos padr\u00f5es de higiene industrial e praticidade de limpeza, sendo indicada para ambientes com alta exig\u00eancia operacional.","robots":{"index":"index","follow":"follow","max-snippet":"max-snippet:-1","max-image-preview":"max-image-preview:large","max-video-preview":"max-video-preview:-1"},"canonical":"https:\/\/bbacomex.com.br\/en\/product\/enfardadeira-de-torre\/","og_locale":"en_US","og_type":"article","og_title":"Enfardadeira de Torre","og_description":"A\u00a0Enfardadeira de Torre da BBA Comex\u00a0\u00e9 um equipamento\u00a0semiautom\u00e1tico e altamente resistente, desenvolvido para embalar\u00a0fardos de fitas adesivas\u00a0e outros produtos que exigem\u00a0robustez, seguran\u00e7a e estabilidade durante o transporte e armazenamento. Com\u00a0estrutura em a\u00e7o carbono, atende aos mais rigorosos padr\u00f5es de higiene industrial e praticidade de limpeza, sendo indicada para ambientes com alta exig\u00eancia operacional.","og_url":"https:\/\/bbacomex.com.br\/en\/product\/enfardadeira-de-torre\/","og_site_name":"BBA Comex","article_publisher":"https:\/\/www.facebook.com\/bbacomexoficial","article_modified_time":"2025-07-26T00:12:01+00:00","og_image":[{"width":1600,"height":1200,"url":"https:\/\/bbacomex.com.br\/wp-content\/uploads\/2024\/10\/WhatsApp-Image-2024-10-31-at-14.17.00.jpeg","type":"image\/jpeg"}],"twitter_card":"summary_large_image","twitter_misc":{"Price":"","Availability":"In stock"},"schema":{"@context":"https:\/\/schema.org","@graph":[{"@type":"WebPage","@id":"https:\/\/bbacomex.com.br\/produto\/enfardadeira-de-torre\/","url":"https:\/\/bbacomex.com.br\/produto\/enfardadeira-de-torre\/","name":"Enfardadeira de Torre","isPartOf":{"@id":"https:\/\/bbacomex.com.br\/#website"},"primaryImageOfPage":{"@id":"https:\/\/bbacomex.com.br\/produto\/enfardadeira-de-torre\/#primaryimage"},"image":{"@id":"https:\/\/bbacomex.com.br\/produto\/enfardadeira-de-torre\/#primaryimage"},"thumbnailUrl":"https:\/\/bbacomex.com.br\/wp-content\/uploads\/2024\/10\/WhatsApp-Image-2024-10-31-at-14.17.00.jpeg","datePublished":"2024-10-18T15:07:48+00:00","dateModified":"2025-07-26T00:12:01+00:00","description":"A\u00a0Enfardadeira de Torre da BBA Comex\u00a0\u00e9 um equipamento\u00a0semiautom\u00e1tico e altamente resistente, desenvolvido para embalar\u00a0fardos de fitas adesivas\u00a0e outros produtos que exigem\u00a0robustez, seguran\u00e7a e estabilidade durante o transporte e armazenamento. Com\u00a0estrutura em a\u00e7o carbono, atende aos mais rigorosos padr\u00f5es de higiene industrial e praticidade de limpeza, sendo indicada para ambientes com alta exig\u00eancia operacional.","breadcrumb":{"@id":"https:\/\/bbacomex.com.br\/produto\/enfardadeira-de-torre\/#breadcrumb"},"inLanguage":"en-US","potentialAction":[{"@type":"ReadAction","target":["https:\/\/bbacomex.com.br\/produto\/enfardadeira-de-torre\/"]}]},{"@type":"ImageObject","inLanguage":"en-US","@id":"https:\/\/bbacomex.com.br\/produto\/enfardadeira-de-torre\/#primaryimage","url":"https:\/\/bbacomex.com.br\/wp-content\/uploads\/2024\/10\/WhatsApp-Image-2024-10-31-at-14.17.00.jpeg","contentUrl":"https:\/\/bbacomex.com.br\/wp-content\/uploads\/2024\/10\/WhatsApp-Image-2024-10-31-at-14.17.00.jpeg","width":1600,"height":1200},{"@type":"BreadcrumbList","@id":"https:\/\/bbacomex.com.br\/produto\/enfardadeira-de-torre\/#breadcrumb","itemListElement":[{"@type":"ListItem","position":1,"name":"In\u00edcio","item":"https:\/\/bbacomex.com.br\/"},{"@type":"ListItem","position":2,"name":"Produtos","item":"https:\/\/bbacomex.com.br\/loja\/"},{"@type":"ListItem","position":3,"name":"Enfardadeira de Torre"}]},{"@type":"WebSite","@id":"https:\/\/bbacomex.com.br\/#website","url":"https:\/\/bbacomex.com.br\/","name":"BBA Comex","description":"","publisher":{"@id":"https:\/\/bbacomex.com.br\/#organization"},"potentialAction":[{"@type":"SearchAction","target":{"@type":"EntryPoint","urlTemplate":"https:\/\/bbacomex.com.br\/?s={search_term_string}"},"query-input":{"@type":"PropertyValueSpecification","valueRequired":true,"valueName":"search_term_string"}}],"inLanguage":"en-US"},{"@type":"Organization","@id":"https:\/\/bbacomex.com.br\/#organization","name":"BBA Comex","url":"https:\/\/bbacomex.com.br\/","logo":{"@type":"ImageObject","inLanguage":"en-US","@id":"https:\/\/bbacomex.com.br\/#\/schema\/logo\/image\/","url":"https:\/\/bbacomex.com.br\/wp-content\/uploads\/2024\/03\/Logo_Rodape.png","contentUrl":"https:\/\/bbacomex.com.br\/wp-content\/uploads\/2024\/03\/Logo_Rodape.png","width":350,"height":160,"caption":"BBA Comex"},"image":{"@id":"https:\/\/bbacomex.com.br\/#\/schema\/logo\/image\/"},"sameAs":["https:\/\/www.facebook.com\/bbacomexoficial","https:\/\/www.instagram.com\/bbacomex\/","https:\/\/www.linkedin.com\/company\/bba-comex\/"]}]},"product_price_currency":"BRL","og_availability":"instock","product_availability":"instock","product_condition":"new"},"_links":{"self":[{"href":"https:\/\/bbacomex.com.br\/en\/wp-json\/wp\/v2\/product\/3607","targetHints":{"allow":["GET"]}}],"collection":[{"href":"https:\/\/bbacomex.com.br\/en\/wp-json\/wp\/v2\/product"}],"about":[{"href":"https:\/\/bbacomex.com.br\/en\/wp-json\/wp\/v2\/types\/product"}],"wp:featuredmedia":[{"embeddable":true,"href":"https:\/\/bbacomex.com.br\/en\/wp-json\/wp\/v2\/media\/3782"}],"wp:attachment":[{"href":"https:\/\/bbacomex.com.br\/en\/wp-json\/wp\/v2\/media?parent=3607"}],"wp:term":[{"taxonomy":"product_brand","embeddable":true,"href":"https:\/\/bbacomex.com.br\/en\/wp-json\/wp\/v2\/product_brand?post=3607"},{"taxonomy":"product_cat","embeddable":true,"href":"https:\/\/bbacomex.com.br\/en\/wp-json\/wp\/v2\/product_cat?post=3607"},{"taxonomy":"product_tag","embeddable":true,"href":"https:\/\/bbacomex.com.br\/en\/wp-json\/wp\/v2\/product_tag?post=3607"}],"curies":[{"name":"wp","href":"https:\/\/api.w.org\/{rel}","templated":true}]}}