{"id":3611,"date":"2024-10-18T12:25:30","date_gmt":"2024-10-18T15:25:30","guid":{"rendered":"https:\/\/bbacomex.com.br\/?post_type=product&#038;p=3611"},"modified":"2025-07-25T21:05:34","modified_gmt":"2025-07-26T00:05:34","slug":"tunel-de-encolhimento-standard","status":"publish","type":"product","link":"https:\/\/bbacomex.com.br\/en\/product\/tunel-de-encolhimento-standard\/","title":{"rendered":"Shrink Tunnels Standard"},"content":{"rendered":"<div class=\"elementor-element elementor-element-3db3e01 elementor-widget__width-initial elementor-widget elementor-widget-text-editor\" data-id=\"3db3e01\" data-element_type=\"widget\" data-widget_type=\"text-editor.default\">\n<div class=\"elementor-widget-container\">\n<div class=\"elementor-element elementor-element-5bfbfe5 elementor-widget__width-initial elementor-widget elementor-widget-text-editor\" data-id=\"5bfbfe5\" data-element_type=\"widget\" data-widget_type=\"text-editor.default\">\n<div class=\"elementor-widget-container\">\n<div class=\"elementor-element elementor-element-f50db4f elementor-widget__width-initial elementor-widget elementor-widget-text-editor\" data-id=\"f50db4f\" data-element_type=\"widget\" data-widget_type=\"text-editor.default\">\n<div class=\"elementor-widget-container\">\n<div class=\"elementor-element elementor-element-3db3e01 elementor-widget__width-initial elementor-widget elementor-widget-text-editor\" data-id=\"3db3e01\" data-element_type=\"widget\" data-widget_type=\"text-editor.default\">\n<div class=\"elementor-widget-container\">\n<div class=\"elementor-element elementor-element-5bfbfe5 elementor-widget__width-initial elementor-widget elementor-widget-text-editor\" data-id=\"5bfbfe5\" data-element_type=\"widget\" data-widget_type=\"text-editor.default\">\n<div class=\"elementor-widget-container\">\n<div class=\"elementor-element elementor-element-f50db4f elementor-widget__width-initial elementor-widget elementor-widget-text-editor\" data-id=\"f50db4f\" data-element_type=\"widget\" data-widget_type=\"text-editor.default\">\n<div class=\"elementor-widget-container\">\n<div class=\"elementor-element elementor-element-7e3edc1 elementor-widget__width-initial elementor-widget elementor-widget-text-editor\" data-id=\"7e3edc1\" data-element_type=\"widget\" data-widget_type=\"text-editor.default\">\n<div class=\"elementor-widget-container\">\n<h3>Alta Performance e Confiabilidade para Processos de Embalagem Profissional<\/h3>\n<p>The\u00a0<strong>T\u00fanel de Encolhimento Standard da BBA Comex<\/strong>\u00a0\u00e9 a escolha certa para empresas que buscam\u00a0<strong>efici\u00eancia operacional, acabamento impec\u00e1vel e durabilidade<\/strong>\u00a0em seus processos de embalagem. Compat\u00edvel com toda a linha de\u00a0<strong>seladoras BBA Comex<\/strong>, este modelo \u00e9 ideal para aplica\u00e7\u00f5es de m\u00e9dio a alto volume, oferecendo\u00a0<strong>encolhimento t\u00e9rmico uniforme e seguro<\/strong>\u00a0para diferentes tipos de produtos.<\/p>\n<h3>Funcionalidade e Tecnologia<\/h3>\n<p>O equipamento opera com\u00a0<strong>sistema de ar quente de circula\u00e7\u00e3o interna<\/strong>, promovendo um encolhimento\u00a0<strong>r\u00e1pido, homog\u00eaneo e de alto padr\u00e3o est\u00e9tico<\/strong>. Os\u00a0<strong>rolos transportadores autom\u00e1ticos revestidos com silicone<\/strong>\u00a0garantem o transporte seguro dos produtos dentro do t\u00fanel, evitando marcas e deforma\u00e7\u00f5es.<\/p>\n<p>The\u00a0<strong>temperatura interna \u00e9 controlada eletronicamente<\/strong>, mantendo a estabilidade t\u00e9rmica necess\u00e1ria para filmes como\u00a0<strong>POF, PVC e PP<\/strong>. O sistema ainda conta com\u00a0<strong>temporizador inteligente<\/strong>, que desliga o t\u00fanel automaticamente em momentos de inatividade, preservando seus componentes e economizando energia.<\/p>\n<h3>Diferenciais do T\u00fanel Standard<\/h3>\n<ul>\n<li><strong>Alta Efici\u00eancia Produtiva<\/strong>: Produ\u00e7\u00e3o m\u00e9dia entre<strong>15 a 25 embalagens por minuto<\/strong>.<\/li>\n<li><strong>Encolhimento Uniforme<\/strong>: Garantido pela<strong>circula\u00e7\u00e3o constante de ar quente<\/strong>\u00a0e controle de temperatura preciso.<\/li>\n<li><strong>Seguran\u00e7a na Opera\u00e7\u00e3o<\/strong>: Estrutura com<strong>mecanismos de prote\u00e7\u00e3o<\/strong>, garantindo a integridade do operador e do produto.<\/li>\n<li><strong>Constru\u00e7\u00e3o Robusta<\/strong>: Alta durabilidade com estrutura dimensionada para ambientes industriais.<\/li>\n<li><strong>Baixa Manuten\u00e7\u00e3o<\/strong>: Componentes de f\u00e1cil acesso e sistema de desligamento autom\u00e1tico aumentam a vida \u00fatil do equipamento.<\/li>\n<li><strong>Compat\u00edvel com Seladoras BBA Comex<\/strong>: Integra-se com modelos de<strong>selagem manual, semiautom\u00e1tica e autom\u00e1tica<\/strong>, tornando a linha de produ\u00e7\u00e3o mais fluida e produtiva.<\/li>\n<\/ul>\n<h3>Eleve o Padr\u00e3o da Sua Produ\u00e7\u00e3o com a BBA Comex<\/h3>\n<p>The\u00a0<strong>Shrink Tunnels Standard<\/strong>\u00a0representa o equil\u00edbrio ideal entre\u00a0<strong>desempenho, confiabilidade e economia<\/strong>. Indispens\u00e1vel para empresas que priorizam\u00a0<strong>embalagens com qualidade superior<\/strong>, o equipamento \u00e9 um investimento que\u00a0<strong>aumenta a efici\u00eancia, reduz custos e valoriza o produto final<\/strong>.<\/p>\n<p><strong>Entre em contato com a BBA Comex e transforme sua linha de produ\u00e7\u00e3o com tecnologia de ponta em encolhimento t\u00e9rmico.<\/strong><\/p>\n<\/div>\n<\/div>\n<\/div>\n<\/div>\n<\/div>\n<\/div>\n<\/div>\n<\/div>\n<\/div>\n<\/div>\n<\/div>\n<\/div>\n<\/div>\n<\/div>","protected":false},"excerpt":{"rendered":"<p><!-- T\u00daNEL STANDARD --><\/p>\n<div style=\"max-width: 600px; margin: 40px auto; font-family: Arial, sans-serif; border: 2px solid #0044cc; border-radius: 10px; overflow: hidden;\">\n<div style=\"background-color: #0044cc; color: white; padding: 10px 20px; font-size: 20px; font-weight: bold;\">T\u00fanel Standard<\/div>\n<div style=\"background-color: #eaf0ff; padding: 10px 20px; font-size: 14px; font-weight: bold;\">Dados T\u00e9cnicos<\/div>\n<table style=\"width: 100%; border-collapse: collapse; font-size: 14px;\">\n<tbody>\n<tr>\n<td style=\"padding: 10px; border-bottom: 1px solid #ddd;\">Dimens\u00f5es da M\u00e1quina (C x L x A)<\/td>\n<td style=\"padding: 10px; border-bottom: 1px solid #ddd;\">1900 x 800 x 1400 mm<\/td>\n<\/tr>\n<tr>\n<td style=\"padding: 10px; border-bottom: 1px solid #ddd;\">Tamanho M\u00e1x. do Produto (L x A)<\/td>\n<td style=\"padding: 10px; border-bottom: 1px solid #ddd;\">420 x 200 mm<\/td>\n<\/tr>\n<tr>\n<td style=\"padding: 10px; border-bottom: 1px solid #ddd;\">Tens\u00e3o<\/td>\n<td style=\"padding: 10px; border-bottom: 1px solid #ddd;\">220v \/ 380v Trif\u00e1sico<\/td>\n<\/tr>\n<tr>\n<td style=\"padding: 10px; border-bottom: 1px solid #ddd;\">Pot\u00eancia<\/td>\n<td style=\"padding: 10px; border-bottom: 1px solid #ddd;\">13 kW<\/td>\n<\/tr>\n<tr>\n<td style=\"padding: 10px; border-bottom: 1px solid #ddd;\">Peso M\u00e1x. do Produto<\/td>\n<td style=\"padding: 10px; border-bottom: 1px solid #ddd;\">10 kg<\/td>\n<\/tr>\n<tr>\n<td style=\"padding: 10px;\">Peso do T\u00fanel<\/td>\n<td style=\"padding: 10px;\">170 kg<\/td>\n<\/tr>\n<\/tbody>\n<\/table>\n<\/div>","protected":false},"featured_media":3748,"template":"","meta":{"_acf_changed":false},"product_brand":[],"product_cat":[86,77],"product_tag":[],"class_list":{"0":"post-3611","1":"product","2":"type-product","3":"status-publish","4":"has-post-thumbnail","6":"product_cat-seladoras-manuais-e-semi-auto","7":"product_cat-sem-categoria","9":"first","10":"instock","11":"shipping-taxable","12":"product-type-simple"},"acf":[],"yoast_head":"<!-- This site is optimized with the Yoast SEO Premium plugin v24.5 (Yoast SEO v27.2) - https:\/\/yoast.com\/product\/yoast-seo-premium-wordpress\/ -->\n<title>T\u00fanel de Encolhimento Standard<\/title>\n<meta name=\"description\" content=\"O\u00a0T\u00fanel de Encolhimento Standard da BBA Comex\u00a0\u00e9 a escolha certa para empresas que buscam\u00a0efici\u00eancia operacional, acabamento impec\u00e1vel e durabilidade\u00a0em seus processos de embalagem. Compat\u00edvel com toda a linha de\u00a0seladoras BBA Comex, este modelo \u00e9 ideal para aplica\u00e7\u00f5es de m\u00e9dio a alto volume, oferecendo\u00a0encolhimento t\u00e9rmico uniforme e seguro\u00a0para diferentes tipos de produtos.\" \/>\n<meta name=\"robots\" content=\"index, follow, max-snippet:-1, max-image-preview:large, max-video-preview:-1\" \/>\n<link rel=\"canonical\" href=\"https:\/\/bbacomex.com.br\/en\/product\/tunel-de-encolhimento-standard\/\" \/>\n<meta property=\"og:locale\" content=\"en_US\" \/>\n<meta property=\"og:type\" content=\"article\" \/>\n<meta property=\"og:title\" content=\"T\u00fanel de Encolhimento Standard\" \/>\n<meta property=\"og:description\" content=\"O\u00a0T\u00fanel de Encolhimento Standard da BBA Comex\u00a0\u00e9 a escolha certa para empresas que buscam\u00a0efici\u00eancia operacional, acabamento impec\u00e1vel e durabilidade\u00a0em seus processos de embalagem. Compat\u00edvel com toda a linha de\u00a0seladoras BBA Comex, este modelo \u00e9 ideal para aplica\u00e7\u00f5es de m\u00e9dio a alto volume, oferecendo\u00a0encolhimento t\u00e9rmico uniforme e seguro\u00a0para diferentes tipos de produtos.\" \/>\n<meta property=\"og:url\" content=\"https:\/\/bbacomex.com.br\/en\/product\/tunel-de-encolhimento-standard\/\" \/>\n<meta property=\"og:site_name\" content=\"BBA Comex\" \/>\n<meta property=\"article:publisher\" content=\"https:\/\/www.facebook.com\/bbacomexoficial\" \/>\n<meta property=\"article:modified_time\" content=\"2025-07-26T00:05:34+00:00\" \/>\n<meta property=\"og:image\" content=\"https:\/\/bbacomex.com.br\/wp-content\/uploads\/2024\/10\/WhatsApp-Image-2024-10-30-at-15.07.01.jpeg\" \/>\n\t<meta property=\"og:image:width\" content=\"1600\" \/>\n\t<meta property=\"og:image:height\" content=\"1066\" \/>\n\t<meta property=\"og:image:type\" content=\"image\/jpeg\" \/>\n<meta name=\"twitter:card\" content=\"summary_large_image\" \/>\n<meta name=\"twitter:label1\" content=\"Price\" \/>\n\t<meta name=\"twitter:data1\" content=\"\" \/>\n\t<meta name=\"twitter:label2\" content=\"Availability\" \/>\n\t<meta name=\"twitter:data2\" content=\"In stock\" \/>\n<script type=\"application\/ld+json\" class=\"yoast-schema-graph\">{\"@context\":\"https:\/\/schema.org\",\"@graph\":[{\"@type\":\"WebPage\",\"@id\":\"https:\/\/bbacomex.com.br\/produto\/tunel-de-encolhimento-standard\/\",\"url\":\"https:\/\/bbacomex.com.br\/produto\/tunel-de-encolhimento-standard\/\",\"name\":\"T\u00fanel de Encolhimento Standard\",\"isPartOf\":{\"@id\":\"https:\/\/bbacomex.com.br\/#website\"},\"primaryImageOfPage\":{\"@id\":\"https:\/\/bbacomex.com.br\/produto\/tunel-de-encolhimento-standard\/#primaryimage\"},\"image\":{\"@id\":\"https:\/\/bbacomex.com.br\/produto\/tunel-de-encolhimento-standard\/#primaryimage\"},\"thumbnailUrl\":\"https:\/\/bbacomex.com.br\/wp-content\/uploads\/2024\/10\/WhatsApp-Image-2024-10-30-at-15.07.01.jpeg\",\"datePublished\":\"2024-10-18T15:25:30+00:00\",\"dateModified\":\"2025-07-26T00:05:34+00:00\",\"description\":\"O\u00a0T\u00fanel de Encolhimento Standard da BBA Comex\u00a0\u00e9 a escolha certa para empresas que buscam\u00a0efici\u00eancia operacional, acabamento impec\u00e1vel e durabilidade\u00a0em seus processos de embalagem. Compat\u00edvel com toda a linha de\u00a0seladoras BBA Comex, este modelo \u00e9 ideal para aplica\u00e7\u00f5es de m\u00e9dio a alto volume, oferecendo\u00a0encolhimento t\u00e9rmico uniforme e seguro\u00a0para diferentes tipos de produtos.\",\"breadcrumb\":{\"@id\":\"https:\/\/bbacomex.com.br\/produto\/tunel-de-encolhimento-standard\/#breadcrumb\"},\"inLanguage\":\"en-US\",\"potentialAction\":[{\"@type\":\"ReadAction\",\"target\":[\"https:\/\/bbacomex.com.br\/produto\/tunel-de-encolhimento-standard\/\"]}]},{\"@type\":\"ImageObject\",\"inLanguage\":\"en-US\",\"@id\":\"https:\/\/bbacomex.com.br\/produto\/tunel-de-encolhimento-standard\/#primaryimage\",\"url\":\"https:\/\/bbacomex.com.br\/wp-content\/uploads\/2024\/10\/WhatsApp-Image-2024-10-30-at-15.07.01.jpeg\",\"contentUrl\":\"https:\/\/bbacomex.com.br\/wp-content\/uploads\/2024\/10\/WhatsApp-Image-2024-10-30-at-15.07.01.jpeg\",\"width\":1600,\"height\":1066},{\"@type\":\"BreadcrumbList\",\"@id\":\"https:\/\/bbacomex.com.br\/produto\/tunel-de-encolhimento-standard\/#breadcrumb\",\"itemListElement\":[{\"@type\":\"ListItem\",\"position\":1,\"name\":\"In\u00edcio\",\"item\":\"https:\/\/bbacomex.com.br\/\"},{\"@type\":\"ListItem\",\"position\":2,\"name\":\"Produtos\",\"item\":\"https:\/\/bbacomex.com.br\/loja\/\"},{\"@type\":\"ListItem\",\"position\":3,\"name\":\"T\u00fanel de Encolhimento Standard\"}]},{\"@type\":\"WebSite\",\"@id\":\"https:\/\/bbacomex.com.br\/#website\",\"url\":\"https:\/\/bbacomex.com.br\/\",\"name\":\"BBA Comex\",\"description\":\"\",\"publisher\":{\"@id\":\"https:\/\/bbacomex.com.br\/#organization\"},\"potentialAction\":[{\"@type\":\"SearchAction\",\"target\":{\"@type\":\"EntryPoint\",\"urlTemplate\":\"https:\/\/bbacomex.com.br\/?s={search_term_string}\"},\"query-input\":{\"@type\":\"PropertyValueSpecification\",\"valueRequired\":true,\"valueName\":\"search_term_string\"}}],\"inLanguage\":\"en-US\"},{\"@type\":\"Organization\",\"@id\":\"https:\/\/bbacomex.com.br\/#organization\",\"name\":\"BBA Comex\",\"url\":\"https:\/\/bbacomex.com.br\/\",\"logo\":{\"@type\":\"ImageObject\",\"inLanguage\":\"en-US\",\"@id\":\"https:\/\/bbacomex.com.br\/#\/schema\/logo\/image\/\",\"url\":\"https:\/\/bbacomex.com.br\/wp-content\/uploads\/2024\/03\/Logo_Rodape.png\",\"contentUrl\":\"https:\/\/bbacomex.com.br\/wp-content\/uploads\/2024\/03\/Logo_Rodape.png\",\"width\":350,\"height\":160,\"caption\":\"BBA Comex\"},\"image\":{\"@id\":\"https:\/\/bbacomex.com.br\/#\/schema\/logo\/image\/\"},\"sameAs\":[\"https:\/\/www.facebook.com\/bbacomexoficial\",\"https:\/\/www.instagram.com\/bbacomex\/\",\"https:\/\/www.linkedin.com\/company\/bba-comex\/\"]}]}<\/script>\n<meta property=\"product:price:currency\" content=\"BRL\" \/>\n<meta property=\"og:availability\" content=\"instock\" \/>\n<meta property=\"product:availability\" content=\"instock\" \/>\n<meta property=\"product:condition\" content=\"new\" \/>\n<!-- \/ Yoast SEO Premium plugin. -->","yoast_head_json":{"title":"T\u00fanel de Encolhimento Standard","description":"O\u00a0T\u00fanel de Encolhimento Standard da BBA Comex\u00a0\u00e9 a escolha certa para empresas que buscam\u00a0efici\u00eancia operacional, acabamento impec\u00e1vel e durabilidade\u00a0em seus processos de embalagem. Compat\u00edvel com toda a linha de\u00a0seladoras BBA Comex, este modelo \u00e9 ideal para aplica\u00e7\u00f5es de m\u00e9dio a alto volume, oferecendo\u00a0encolhimento t\u00e9rmico uniforme e seguro\u00a0para diferentes tipos de produtos.","robots":{"index":"index","follow":"follow","max-snippet":"max-snippet:-1","max-image-preview":"max-image-preview:large","max-video-preview":"max-video-preview:-1"},"canonical":"https:\/\/bbacomex.com.br\/en\/product\/tunel-de-encolhimento-standard\/","og_locale":"en_US","og_type":"article","og_title":"T\u00fanel de Encolhimento Standard","og_description":"O\u00a0T\u00fanel de Encolhimento Standard da BBA Comex\u00a0\u00e9 a escolha certa para empresas que buscam\u00a0efici\u00eancia operacional, acabamento impec\u00e1vel e durabilidade\u00a0em seus processos de embalagem. Compat\u00edvel com toda a linha de\u00a0seladoras BBA Comex, este modelo \u00e9 ideal para aplica\u00e7\u00f5es de m\u00e9dio a alto volume, oferecendo\u00a0encolhimento t\u00e9rmico uniforme e seguro\u00a0para diferentes tipos de produtos.","og_url":"https:\/\/bbacomex.com.br\/en\/product\/tunel-de-encolhimento-standard\/","og_site_name":"BBA Comex","article_publisher":"https:\/\/www.facebook.com\/bbacomexoficial","article_modified_time":"2025-07-26T00:05:34+00:00","og_image":[{"width":1600,"height":1066,"url":"https:\/\/bbacomex.com.br\/wp-content\/uploads\/2024\/10\/WhatsApp-Image-2024-10-30-at-15.07.01.jpeg","type":"image\/jpeg"}],"twitter_card":"summary_large_image","twitter_misc":{"Price":"","Availability":"In stock"},"schema":{"@context":"https:\/\/schema.org","@graph":[{"@type":"WebPage","@id":"https:\/\/bbacomex.com.br\/produto\/tunel-de-encolhimento-standard\/","url":"https:\/\/bbacomex.com.br\/produto\/tunel-de-encolhimento-standard\/","name":"T\u00fanel de Encolhimento Standard","isPartOf":{"@id":"https:\/\/bbacomex.com.br\/#website"},"primaryImageOfPage":{"@id":"https:\/\/bbacomex.com.br\/produto\/tunel-de-encolhimento-standard\/#primaryimage"},"image":{"@id":"https:\/\/bbacomex.com.br\/produto\/tunel-de-encolhimento-standard\/#primaryimage"},"thumbnailUrl":"https:\/\/bbacomex.com.br\/wp-content\/uploads\/2024\/10\/WhatsApp-Image-2024-10-30-at-15.07.01.jpeg","datePublished":"2024-10-18T15:25:30+00:00","dateModified":"2025-07-26T00:05:34+00:00","description":"O\u00a0T\u00fanel de Encolhimento Standard da BBA Comex\u00a0\u00e9 a escolha certa para empresas que buscam\u00a0efici\u00eancia operacional, acabamento impec\u00e1vel e durabilidade\u00a0em seus processos de embalagem. Compat\u00edvel com toda a linha de\u00a0seladoras BBA Comex, este modelo \u00e9 ideal para aplica\u00e7\u00f5es de m\u00e9dio a alto volume, oferecendo\u00a0encolhimento t\u00e9rmico uniforme e seguro\u00a0para diferentes tipos de produtos.","breadcrumb":{"@id":"https:\/\/bbacomex.com.br\/produto\/tunel-de-encolhimento-standard\/#breadcrumb"},"inLanguage":"en-US","potentialAction":[{"@type":"ReadAction","target":["https:\/\/bbacomex.com.br\/produto\/tunel-de-encolhimento-standard\/"]}]},{"@type":"ImageObject","inLanguage":"en-US","@id":"https:\/\/bbacomex.com.br\/produto\/tunel-de-encolhimento-standard\/#primaryimage","url":"https:\/\/bbacomex.com.br\/wp-content\/uploads\/2024\/10\/WhatsApp-Image-2024-10-30-at-15.07.01.jpeg","contentUrl":"https:\/\/bbacomex.com.br\/wp-content\/uploads\/2024\/10\/WhatsApp-Image-2024-10-30-at-15.07.01.jpeg","width":1600,"height":1066},{"@type":"BreadcrumbList","@id":"https:\/\/bbacomex.com.br\/produto\/tunel-de-encolhimento-standard\/#breadcrumb","itemListElement":[{"@type":"ListItem","position":1,"name":"In\u00edcio","item":"https:\/\/bbacomex.com.br\/"},{"@type":"ListItem","position":2,"name":"Produtos","item":"https:\/\/bbacomex.com.br\/loja\/"},{"@type":"ListItem","position":3,"name":"T\u00fanel de Encolhimento Standard"}]},{"@type":"WebSite","@id":"https:\/\/bbacomex.com.br\/#website","url":"https:\/\/bbacomex.com.br\/","name":"BBA Comex","description":"","publisher":{"@id":"https:\/\/bbacomex.com.br\/#organization"},"potentialAction":[{"@type":"SearchAction","target":{"@type":"EntryPoint","urlTemplate":"https:\/\/bbacomex.com.br\/?s={search_term_string}"},"query-input":{"@type":"PropertyValueSpecification","valueRequired":true,"valueName":"search_term_string"}}],"inLanguage":"en-US"},{"@type":"Organization","@id":"https:\/\/bbacomex.com.br\/#organization","name":"BBA Comex","url":"https:\/\/bbacomex.com.br\/","logo":{"@type":"ImageObject","inLanguage":"en-US","@id":"https:\/\/bbacomex.com.br\/#\/schema\/logo\/image\/","url":"https:\/\/bbacomex.com.br\/wp-content\/uploads\/2024\/03\/Logo_Rodape.png","contentUrl":"https:\/\/bbacomex.com.br\/wp-content\/uploads\/2024\/03\/Logo_Rodape.png","width":350,"height":160,"caption":"BBA Comex"},"image":{"@id":"https:\/\/bbacomex.com.br\/#\/schema\/logo\/image\/"},"sameAs":["https:\/\/www.facebook.com\/bbacomexoficial","https:\/\/www.instagram.com\/bbacomex\/","https:\/\/www.linkedin.com\/company\/bba-comex\/"]}]},"product_price_currency":"BRL","og_availability":"instock","product_availability":"instock","product_condition":"new"},"_links":{"self":[{"href":"https:\/\/bbacomex.com.br\/en\/wp-json\/wp\/v2\/product\/3611","targetHints":{"allow":["GET"]}}],"collection":[{"href":"https:\/\/bbacomex.com.br\/en\/wp-json\/wp\/v2\/product"}],"about":[{"href":"https:\/\/bbacomex.com.br\/en\/wp-json\/wp\/v2\/types\/product"}],"wp:featuredmedia":[{"embeddable":true,"href":"https:\/\/bbacomex.com.br\/en\/wp-json\/wp\/v2\/media\/3748"}],"wp:attachment":[{"href":"https:\/\/bbacomex.com.br\/en\/wp-json\/wp\/v2\/media?parent=3611"}],"wp:term":[{"taxonomy":"product_brand","embeddable":true,"href":"https:\/\/bbacomex.com.br\/en\/wp-json\/wp\/v2\/product_brand?post=3611"},{"taxonomy":"product_cat","embeddable":true,"href":"https:\/\/bbacomex.com.br\/en\/wp-json\/wp\/v2\/product_cat?post=3611"},{"taxonomy":"product_tag","embeddable":true,"href":"https:\/\/bbacomex.com.br\/en\/wp-json\/wp\/v2\/product_tag?post=3611"}],"curies":[{"name":"wp","href":"https:\/\/api.w.org\/{rel}","templated":true}]}}