{"id":3790,"date":"2024-11-05T11:20:32","date_gmt":"2024-11-05T14:20:32","guid":{"rendered":"https:\/\/bbacomex.com.br\/?post_type=product&#038;p=3790"},"modified":"2025-07-25T21:15:03","modified_gmt":"2025-07-26T00:15:03","slug":"paletizadora-semiautomatica-208p","status":"publish","type":"product","link":"https:\/\/bbacomex.com.br\/en\/product\/paletizadora-semiautomatica-208p\/","title":{"rendered":"Paletizadora Semiautom\u00e1tica 208P"},"content":{"rendered":"<div class=\"elementor-element elementor-element-3db3e01 elementor-widget__width-initial elementor-widget elementor-widget-text-editor\" data-id=\"3db3e01\" data-element_type=\"widget\" data-widget_type=\"text-editor.default\">\n<div class=\"elementor-widget-container\">\n<div class=\"elementor-element elementor-element-5bfbfe5 elementor-widget__width-initial elementor-widget elementor-widget-text-editor\" data-id=\"5bfbfe5\" data-element_type=\"widget\" data-widget_type=\"text-editor.default\">\n<div class=\"elementor-widget-container\">\n<div class=\"elementor-element elementor-element-f50db4f elementor-widget__width-initial elementor-widget elementor-widget-text-editor\" data-id=\"f50db4f\" data-element_type=\"widget\" data-widget_type=\"text-editor.default\">\n<div class=\"elementor-widget-container\">\n<div class=\"elementor-element elementor-element-3db3e01 elementor-widget__width-initial elementor-widget elementor-widget-text-editor\" data-id=\"3db3e01\" data-element_type=\"widget\" data-widget_type=\"text-editor.default\">\n<div class=\"elementor-widget-container\">\n<div class=\"elementor-element elementor-element-5bfbfe5 elementor-widget__width-initial elementor-widget elementor-widget-text-editor\" data-id=\"5bfbfe5\" data-element_type=\"widget\" data-widget_type=\"text-editor.default\">\n<div class=\"elementor-widget-container\">\n<div class=\"elementor-element elementor-element-f50db4f elementor-widget__width-initial elementor-widget elementor-widget-text-editor\" data-id=\"f50db4f\" data-element_type=\"widget\" data-widget_type=\"text-editor.default\">\n<div class=\"elementor-widget-container\">\n<div class=\"elementor-element elementor-element-7e3edc1 elementor-widget__width-initial elementor-widget elementor-widget-text-editor\" data-id=\"7e3edc1\" data-element_type=\"widget\" data-widget_type=\"text-editor.default\">\n<div class=\"elementor-widget-container\">\n<div class=\"elementor-element elementor-element-0f54a7e elementor-widget__width-initial elementor-widget elementor-widget-text-editor\" data-id=\"0f54a7e\" data-element_type=\"widget\" data-widget_type=\"text-editor.default\">\n<div class=\"elementor-widget-container\">\n<div class=\"wpb_text_column wpb_content_element\">\n<div class=\"wpb_wrapper\">\n<div class=\"elementor-element elementor-element-a55d8b8 elementor-widget__width-initial elementor-widget elementor-widget-text-editor\" data-id=\"a55d8b8\" data-element_type=\"widget\" data-widget_type=\"text-editor.default\">\n<div class=\"elementor-widget-container\">\n<div class=\"wpb_text_column wpb_content_element\">\n<div class=\"wpb_wrapper\">\n<div class=\"elementor-element elementor-element-0f54a7e elementor-widget__width-initial elementor-widget elementor-widget-text-editor\" data-id=\"0f54a7e\" data-element_type=\"widget\" data-widget_type=\"text-editor.default\">\n<div class=\"elementor-widget-container\">\n<div class=\"wpb_text_column wpb_content_element\">\n<div class=\"wpb_wrapper\">\n<div class=\"elementor-element elementor-element-0f54a7e elementor-widget__width-initial elementor-widget elementor-widget-text-editor\" data-id=\"0f54a7e\" data-element_type=\"widget\" data-widget_type=\"text-editor.default\">\n<div class=\"elementor-widget-container\">\n<div class=\"wpb_text_column wpb_content_element\">\n<div class=\"wpb_wrapper\">\n<div class=\"elementor-element elementor-element-0f54a7e elementor-widget__width-initial elementor-widget elementor-widget-text-editor\" data-id=\"0f54a7e\" data-element_type=\"widget\" data-widget_type=\"text-editor.default\">\n<div class=\"elementor-widget-container\">\n<div class=\"wpb_text_column wpb_content_element\">\n<div class=\"wpb_wrapper\">\n<div class=\"elementor-element elementor-element-0f54a7e elementor-widget__width-initial elementor-widget elementor-widget-text-editor\" data-id=\"0f54a7e\" data-element_type=\"widget\" data-widget_type=\"text-editor.default\">\n<div class=\"elementor-widget-container\">\n<div class=\"wpb_text_column wpb_content_element\">\n<div class=\"wpb_wrapper\">\n<div class=\"elementor-element elementor-element-a55d8b8 elementor-widget__width-initial elementor-widget elementor-widget-text-editor\" data-id=\"a55d8b8\" data-element_type=\"widget\" data-widget_type=\"text-editor.default\">\n<div class=\"elementor-widget-container\">\n<div class=\"wpb_text_column wpb_content_element\">\n<div class=\"wpb_wrapper\">\n<div class=\"wpb_wrapper\">\n<div class=\"elementor-element elementor-element-a55d8b8 elementor-widget__width-initial elementor-widget elementor-widget-text-editor\" data-id=\"a55d8b8\" data-element_type=\"widget\" data-widget_type=\"text-editor.default\">\n<div class=\"elementor-widget-container\">\n<div class=\"wpb_text_column wpb_content_element\">\n<div class=\"wpb_wrapper\">\n<h3>Efici\u00eancia, robustez e flexibilidade para o envolvimento de paletes com filme stretch<\/h3>\n<p>The\u00a0<strong>Paletizadora 208P da BBA Comex<\/strong>\u00a0foi desenvolvida para atender empresas que buscam\u00a0<strong>solu\u00e7\u00f5es pr\u00e1ticas, seguras e eficientes<\/strong>\u00a0no processo de\u00a0<strong>paletiza\u00e7\u00e3o com filme stretch<\/strong>. Com\u00a0<strong>painel el\u00e9trico exclusivo de f\u00e1cil opera\u00e7\u00e3o<\/strong>, estrutura refor\u00e7ada e alto desempenho, \u00e9 ideal para quem busca\u00a0<strong>produtividade, padroniza\u00e7\u00e3o e prote\u00e7\u00e3o das cargas<\/strong>\u00a0em diversos setores da ind\u00fastria.<\/p>\n<h3>Alta Versatilidade para Diferentes Aplica\u00e7\u00f5es<\/h3>\n<p>A Paletizadora 208P \u00e9 recomendada para\u00a0<strong>diversos segmentos industriais<\/strong>, adaptando-se com facilidade a diferentes\u00a0<strong>formatos e pesos de paletes<\/strong>:<\/p>\n<ul>\n<li>Log\u00edstica e Transporte<\/li>\n<li>Ind\u00fastria Gr\u00e1fica<\/li>\n<li>Aliment\u00edcia e de Bebidas<\/li>\n<li>Farmac\u00eautica e Cosm\u00e9tica<\/li>\n<li>Eletroeletr\u00f4nicos<\/li>\n<li>Constru\u00e7\u00e3o Civil<\/li>\n<li>Brinquedos, Ferragens e muito mais<\/li>\n<\/ul>\n<p>Projetada para suportar\u00a0<strong>opera\u00e7\u00f5es cont\u00ednuas e com alta rotatividade de produtos<\/strong>, \u00e9 uma solu\u00e7\u00e3o eficaz para\u00a0<strong>automatizar e agilizar a etapa final do processo log\u00edstico<\/strong>.<\/p>\n<h3>Principais Caracter\u00edsticas e Benef\u00edcios<\/h3>\n<ul>\n<li>\u2705<strong>Painel El\u00e9trico Intuitivo<\/strong>: Interface de opera\u00e7\u00e3o simples, com comandos acess\u00edveis que facilitam o controle da paletiza\u00e7\u00e3o.<\/li>\n<li>\u2705<strong>Constru\u00e7\u00e3o Robusta<\/strong>: Fabricada com materiais de alta qualidade, oferecendo resist\u00eancia, estabilidade e longa vida \u00fatil.<\/li>\n<li>\u2705<strong>Alto Desempenho Operacional<\/strong>: Garante o envolvimento uniforme do palete com\u00a0<strong>stretch film<\/strong>, preservando a integridade da carga.<\/li>\n<li>\u2705<strong>Compat\u00edvel com Diferentes Dimens\u00f5es de Paletes<\/strong>: Flexibilidade para embalar cargas leves, pesadas, altas ou inst\u00e1veis.<\/li>\n<\/ul>\n<h3>Op\u00e7\u00f5es e Acess\u00f3rios Dispon\u00edveis<\/h3>\n<ul>\n<li><strong>NR12<\/strong>: Conformidade com as normas de seguran\u00e7a do trabalho, com prote\u00e7\u00f5es e dispositivos de seguran\u00e7a integrados.<\/li>\n<li><strong>Rampa de Acesso<\/strong>: Facilita o carregamento e descarregamento, oferecendo mais ergonomia ao operador.<\/li>\n<li><strong>Balan\u00e7a Integrada<\/strong>: Controle preciso de peso durante o processo de paletiza\u00e7\u00e3o.<\/li>\n<li><strong>Controle Remoto Externo<\/strong>: Maior comodidade e seguran\u00e7a operacional, com acionamento \u00e0 dist\u00e2ncia.<\/li>\n<\/ul>\n<h3>Ideal para Quem Busca Produtividade e Seguran\u00e7a<\/h3>\n<p>The\u00a0<strong>Paletizadora Semiautom\u00e1tica 208P da BBA Comex<\/strong>\u00a0\u00e9 perfeita para\u00a0<strong>ambientes industriais que exigem agilidade, organiza\u00e7\u00e3o e prote\u00e7\u00e3o das cargas paletizadas<\/strong>. Com seus recursos avan\u00e7ados e capacidade de adapta\u00e7\u00e3o, ela garante um processo de embalagem\u00a0<strong>eficiente, padronizado e com menor necessidade de interven\u00e7\u00e3o manual<\/strong>.<\/p>\n<p><strong>Invista em automa\u00e7\u00e3o com a Paletizadora 208P e leve sua opera\u00e7\u00e3o log\u00edstica a um novo n\u00edvel de excel\u00eancia.<\/strong><\/p>\n<p><strong>V\u00eddeo:<\/strong><br \/>\n<iframe title=\"YouTube video player\" src=\"https:\/\/www.youtube.com\/embed\/6G8gtAhhLOg?si=2DuXnOS4BKPvqRsr\" width=\"560\" height=\"315\" frameborder=\"0\" allowfullscreen=\"allowfullscreen\"><\/iframe><\/p>\n<\/div>\n<\/div>\n<\/div>\n<\/div>\n<\/div>\n<\/div>\n<\/div>\n<\/div>\n<\/div>\n<\/div>\n<\/div>\n<\/div>\n<\/div>\n<\/div>\n<\/div>\n<\/div>\n<\/div>\n<\/div>\n<\/div>\n<\/div>\n<\/div>\n<\/div>\n<\/div>\n<\/div>\n<\/div>\n<\/div>\n<\/div>\n<\/div>\n<\/div>\n<\/div>\n<\/div>\n<\/div>\n<\/div>\n<\/div>\n<\/div>\n<\/div>\n<\/div>\n<\/div>\n<\/div>\n<\/div>\n<\/div>\n<\/div>\n<\/div>\n<\/div>\n<\/div>\n<\/div>\n<\/div>","protected":false},"excerpt":{"rendered":"<p><!-- 208P --><\/p>\n<div style=\"max-width: 600px; margin: 40px auto; font-family: Arial, sans-serif; border: 2px solid #0044cc; border-radius: 10px; overflow: hidden;\">\n<div style=\"background-color: #0044cc; color: white; padding: 10px 20px; font-size: 20px; font-weight: bold;\">208P<\/div>\n<div style=\"background-color: #eaf0ff; padding: 10px 20px; font-size: 14px; font-weight: bold;\">Dados T\u00e9cnicos<\/div>\n<table style=\"width: 100%; border-collapse: collapse; font-size: 14px;\">\n<tbody>\n<tr>\n<td style=\"padding: 10px; border-bottom: 1px solid #ddd;\">Dimens\u00e3o da M\u00e1quina (C x L x A)<\/td>\n<td style=\"padding: 10px; border-bottom: 1px solid #ddd;\">2600 x 1500 x 3100 mm<\/td>\n<\/tr>\n<tr>\n<td style=\"padding: 10px; border-bottom: 1px solid #ddd;\">Produ\u00e7\u00e3o<\/td>\n<td style=\"padding: 10px; border-bottom: 1px solid #ddd;\">30 paletes\/hora<\/td>\n<\/tr>\n<tr>\n<td style=\"padding: 10px; border-bottom: 1px solid #ddd;\">Di\u00e2metro da Bandeja<\/td>\n<td style=\"padding: 10px; border-bottom: 1px solid #ddd;\">1500 mm<\/td>\n<\/tr>\n<tr>\n<td style=\"padding: 10px; border-bottom: 1px solid #ddd;\">Carga M\u00e1xima Suportada<\/td>\n<td style=\"padding: 10px; border-bottom: 1px solid #ddd;\">2000 kg<\/td>\n<\/tr>\n<tr>\n<td style=\"padding: 10px; border-bottom: 1px solid #ddd;\">Altura M\u00e1xima do Palete<\/td>\n<td style=\"padding: 10px; border-bottom: 1px solid #ddd;\">2800 mm<\/td>\n<\/tr>\n<tr>\n<td style=\"padding: 10px; border-bottom: 1px solid #ddd;\">Tens\u00e3o<\/td>\n<td style=\"padding: 10px; border-bottom: 1px solid #ddd;\">220v<\/td>\n<\/tr>\n<tr>\n<td style=\"padding: 10px; border-bottom: 1px solid #ddd;\">Pot\u00eancia<\/td>\n<td style=\"padding: 10px; border-bottom: 1px solid #ddd;\">1.5 kW<\/td>\n<\/tr>\n<tr>\n<td style=\"padding: 10px;\">Peso<\/td>\n<td style=\"padding: 10px;\">620 kg<\/td>\n<\/tr>\n<\/tbody>\n<\/table>\n<\/div>","protected":false},"featured_media":1803,"template":"","meta":{"_acf_changed":false},"product_brand":[],"product_cat":[93,77],"product_tag":[],"class_list":{"0":"post-3790","1":"product","2":"type-product","3":"status-publish","4":"has-post-thumbnail","6":"product_cat-paletizadoras","7":"product_cat-sem-categoria","9":"first","10":"instock","11":"shipping-taxable","12":"product-type-simple"},"acf":[],"yoast_head":"<!-- This site is optimized with the Yoast SEO Premium plugin v24.5 (Yoast SEO v27.2) - https:\/\/yoast.com\/product\/yoast-seo-premium-wordpress\/ -->\n<title>Paletizadora Semiautom\u00e1tica 208P<\/title>\n<meta name=\"description\" content=\"A\u00a0Paletizadora 208P da BBA Comex\u00a0foi desenvolvida para atender empresas que buscam\u00a0solu\u00e7\u00f5es pr\u00e1ticas, seguras e eficientes\u00a0no processo de\u00a0paletiza\u00e7\u00e3o com filme stretch. Com\u00a0painel el\u00e9trico exclusivo de f\u00e1cil opera\u00e7\u00e3o, estrutura refor\u00e7ada e alto desempenho, \u00e9 ideal para quem busca\u00a0produtividade, padroniza\u00e7\u00e3o e prote\u00e7\u00e3o das cargas\u00a0em diversos setores da ind\u00fastria.\" \/>\n<meta name=\"robots\" content=\"index, follow, max-snippet:-1, max-image-preview:large, max-video-preview:-1\" \/>\n<link rel=\"canonical\" href=\"https:\/\/bbacomex.com.br\/en\/product\/paletizadora-semiautomatica-208p\/\" \/>\n<meta property=\"og:locale\" content=\"en_US\" \/>\n<meta property=\"og:type\" content=\"article\" \/>\n<meta property=\"og:title\" content=\"Paletizadora Semiautom\u00e1tica 208P\" \/>\n<meta property=\"og:description\" content=\"A\u00a0Paletizadora 208P da BBA Comex\u00a0foi desenvolvida para atender empresas que buscam\u00a0solu\u00e7\u00f5es pr\u00e1ticas, seguras e eficientes\u00a0no processo de\u00a0paletiza\u00e7\u00e3o com filme stretch. Com\u00a0painel el\u00e9trico exclusivo de f\u00e1cil opera\u00e7\u00e3o, estrutura refor\u00e7ada e alto desempenho, \u00e9 ideal para quem busca\u00a0produtividade, padroniza\u00e7\u00e3o e prote\u00e7\u00e3o das cargas\u00a0em diversos setores da ind\u00fastria.\" \/>\n<meta property=\"og:url\" content=\"https:\/\/bbacomex.com.br\/en\/product\/paletizadora-semiautomatica-208p\/\" \/>\n<meta property=\"og:site_name\" content=\"BBA Comex\" \/>\n<meta property=\"article:publisher\" content=\"https:\/\/www.facebook.com\/bbacomexoficial\" \/>\n<meta property=\"article:modified_time\" content=\"2025-07-26T00:15:03+00:00\" \/>\n<meta property=\"og:image\" content=\"https:\/\/bbacomex.com.br\/wp-content\/uploads\/2024\/04\/paletizadora-206-208-e-300p-11-e1745866970834.jpg\" \/>\n\t<meta property=\"og:image:width\" content=\"533\" \/>\n\t<meta property=\"og:image:height\" content=\"400\" \/>\n\t<meta property=\"og:image:type\" content=\"image\/jpeg\" \/>\n<meta name=\"twitter:card\" content=\"summary_large_image\" \/>\n<meta name=\"twitter:label1\" content=\"Price\" \/>\n\t<meta name=\"twitter:data1\" content=\"\" \/>\n\t<meta name=\"twitter:label2\" content=\"Availability\" \/>\n\t<meta name=\"twitter:data2\" content=\"In stock\" \/>\n<script type=\"application\/ld+json\" class=\"yoast-schema-graph\">{\"@context\":\"https:\/\/schema.org\",\"@graph\":[{\"@type\":\"WebPage\",\"@id\":\"https:\/\/bbacomex.com.br\/produto\/paletizadora-semiautomatica-208p\/\",\"url\":\"https:\/\/bbacomex.com.br\/produto\/paletizadora-semiautomatica-208p\/\",\"name\":\"Paletizadora Semiautom\u00e1tica 208P\",\"isPartOf\":{\"@id\":\"https:\/\/bbacomex.com.br\/#website\"},\"primaryImageOfPage\":{\"@id\":\"https:\/\/bbacomex.com.br\/produto\/paletizadora-semiautomatica-208p\/#primaryimage\"},\"image\":{\"@id\":\"https:\/\/bbacomex.com.br\/produto\/paletizadora-semiautomatica-208p\/#primaryimage\"},\"thumbnailUrl\":\"https:\/\/bbacomex.com.br\/wp-content\/uploads\/2024\/04\/paletizadora-206-208-e-300p-11-e1745866970834.jpg\",\"datePublished\":\"2024-11-05T14:20:32+00:00\",\"dateModified\":\"2025-07-26T00:15:03+00:00\",\"description\":\"A\u00a0Paletizadora 208P da BBA Comex\u00a0foi desenvolvida para atender empresas que buscam\u00a0solu\u00e7\u00f5es pr\u00e1ticas, seguras e eficientes\u00a0no processo de\u00a0paletiza\u00e7\u00e3o com filme stretch. Com\u00a0painel el\u00e9trico exclusivo de f\u00e1cil opera\u00e7\u00e3o, estrutura refor\u00e7ada e alto desempenho, \u00e9 ideal para quem busca\u00a0produtividade, padroniza\u00e7\u00e3o e prote\u00e7\u00e3o das cargas\u00a0em diversos setores da ind\u00fastria.\",\"breadcrumb\":{\"@id\":\"https:\/\/bbacomex.com.br\/produto\/paletizadora-semiautomatica-208p\/#breadcrumb\"},\"inLanguage\":\"en-US\",\"potentialAction\":[{\"@type\":\"ReadAction\",\"target\":[\"https:\/\/bbacomex.com.br\/produto\/paletizadora-semiautomatica-208p\/\"]}]},{\"@type\":\"ImageObject\",\"inLanguage\":\"en-US\",\"@id\":\"https:\/\/bbacomex.com.br\/produto\/paletizadora-semiautomatica-208p\/#primaryimage\",\"url\":\"https:\/\/bbacomex.com.br\/wp-content\/uploads\/2024\/04\/paletizadora-206-208-e-300p-11-e1745866970834.jpg\",\"contentUrl\":\"https:\/\/bbacomex.com.br\/wp-content\/uploads\/2024\/04\/paletizadora-206-208-e-300p-11-e1745866970834.jpg\",\"width\":533,\"height\":400},{\"@type\":\"BreadcrumbList\",\"@id\":\"https:\/\/bbacomex.com.br\/produto\/paletizadora-semiautomatica-208p\/#breadcrumb\",\"itemListElement\":[{\"@type\":\"ListItem\",\"position\":1,\"name\":\"In\u00edcio\",\"item\":\"https:\/\/bbacomex.com.br\/\"},{\"@type\":\"ListItem\",\"position\":2,\"name\":\"Produtos\",\"item\":\"https:\/\/bbacomex.com.br\/loja\/\"},{\"@type\":\"ListItem\",\"position\":3,\"name\":\"Paletizadora Semiautom\u00e1tica 208P\"}]},{\"@type\":\"WebSite\",\"@id\":\"https:\/\/bbacomex.com.br\/#website\",\"url\":\"https:\/\/bbacomex.com.br\/\",\"name\":\"BBA Comex\",\"description\":\"\",\"publisher\":{\"@id\":\"https:\/\/bbacomex.com.br\/#organization\"},\"potentialAction\":[{\"@type\":\"SearchAction\",\"target\":{\"@type\":\"EntryPoint\",\"urlTemplate\":\"https:\/\/bbacomex.com.br\/?s={search_term_string}\"},\"query-input\":{\"@type\":\"PropertyValueSpecification\",\"valueRequired\":true,\"valueName\":\"search_term_string\"}}],\"inLanguage\":\"en-US\"},{\"@type\":\"Organization\",\"@id\":\"https:\/\/bbacomex.com.br\/#organization\",\"name\":\"BBA Comex\",\"url\":\"https:\/\/bbacomex.com.br\/\",\"logo\":{\"@type\":\"ImageObject\",\"inLanguage\":\"en-US\",\"@id\":\"https:\/\/bbacomex.com.br\/#\/schema\/logo\/image\/\",\"url\":\"https:\/\/bbacomex.com.br\/wp-content\/uploads\/2024\/03\/Logo_Rodape.png\",\"contentUrl\":\"https:\/\/bbacomex.com.br\/wp-content\/uploads\/2024\/03\/Logo_Rodape.png\",\"width\":350,\"height\":160,\"caption\":\"BBA Comex\"},\"image\":{\"@id\":\"https:\/\/bbacomex.com.br\/#\/schema\/logo\/image\/\"},\"sameAs\":[\"https:\/\/www.facebook.com\/bbacomexoficial\",\"https:\/\/www.instagram.com\/bbacomex\/\",\"https:\/\/www.linkedin.com\/company\/bba-comex\/\"]}]}<\/script>\n<meta property=\"product:price:currency\" content=\"BRL\" \/>\n<meta property=\"og:availability\" content=\"instock\" \/>\n<meta property=\"product:availability\" content=\"instock\" \/>\n<meta property=\"product:condition\" content=\"new\" \/>\n<!-- \/ Yoast SEO Premium plugin. -->","yoast_head_json":{"title":"Paletizadora Semiautom\u00e1tica 208P","description":"A\u00a0Paletizadora 208P da BBA Comex\u00a0foi desenvolvida para atender empresas que buscam\u00a0solu\u00e7\u00f5es pr\u00e1ticas, seguras e eficientes\u00a0no processo de\u00a0paletiza\u00e7\u00e3o com filme stretch. Com\u00a0painel el\u00e9trico exclusivo de f\u00e1cil opera\u00e7\u00e3o, estrutura refor\u00e7ada e alto desempenho, \u00e9 ideal para quem busca\u00a0produtividade, padroniza\u00e7\u00e3o e prote\u00e7\u00e3o das cargas\u00a0em diversos setores da ind\u00fastria.","robots":{"index":"index","follow":"follow","max-snippet":"max-snippet:-1","max-image-preview":"max-image-preview:large","max-video-preview":"max-video-preview:-1"},"canonical":"https:\/\/bbacomex.com.br\/en\/product\/paletizadora-semiautomatica-208p\/","og_locale":"en_US","og_type":"article","og_title":"Paletizadora Semiautom\u00e1tica 208P","og_description":"A\u00a0Paletizadora 208P da BBA Comex\u00a0foi desenvolvida para atender empresas que buscam\u00a0solu\u00e7\u00f5es pr\u00e1ticas, seguras e eficientes\u00a0no processo de\u00a0paletiza\u00e7\u00e3o com filme stretch. Com\u00a0painel el\u00e9trico exclusivo de f\u00e1cil opera\u00e7\u00e3o, estrutura refor\u00e7ada e alto desempenho, \u00e9 ideal para quem busca\u00a0produtividade, padroniza\u00e7\u00e3o e prote\u00e7\u00e3o das cargas\u00a0em diversos setores da ind\u00fastria.","og_url":"https:\/\/bbacomex.com.br\/en\/product\/paletizadora-semiautomatica-208p\/","og_site_name":"BBA Comex","article_publisher":"https:\/\/www.facebook.com\/bbacomexoficial","article_modified_time":"2025-07-26T00:15:03+00:00","og_image":[{"width":533,"height":400,"url":"https:\/\/bbacomex.com.br\/wp-content\/uploads\/2024\/04\/paletizadora-206-208-e-300p-11-e1745866970834.jpg","type":"image\/jpeg"}],"twitter_card":"summary_large_image","twitter_misc":{"Price":"","Availability":"In stock"},"schema":{"@context":"https:\/\/schema.org","@graph":[{"@type":"WebPage","@id":"https:\/\/bbacomex.com.br\/produto\/paletizadora-semiautomatica-208p\/","url":"https:\/\/bbacomex.com.br\/produto\/paletizadora-semiautomatica-208p\/","name":"Paletizadora Semiautom\u00e1tica 208P","isPartOf":{"@id":"https:\/\/bbacomex.com.br\/#website"},"primaryImageOfPage":{"@id":"https:\/\/bbacomex.com.br\/produto\/paletizadora-semiautomatica-208p\/#primaryimage"},"image":{"@id":"https:\/\/bbacomex.com.br\/produto\/paletizadora-semiautomatica-208p\/#primaryimage"},"thumbnailUrl":"https:\/\/bbacomex.com.br\/wp-content\/uploads\/2024\/04\/paletizadora-206-208-e-300p-11-e1745866970834.jpg","datePublished":"2024-11-05T14:20:32+00:00","dateModified":"2025-07-26T00:15:03+00:00","description":"A\u00a0Paletizadora 208P da BBA Comex\u00a0foi desenvolvida para atender empresas que buscam\u00a0solu\u00e7\u00f5es pr\u00e1ticas, seguras e eficientes\u00a0no processo de\u00a0paletiza\u00e7\u00e3o com filme stretch. Com\u00a0painel el\u00e9trico exclusivo de f\u00e1cil opera\u00e7\u00e3o, estrutura refor\u00e7ada e alto desempenho, \u00e9 ideal para quem busca\u00a0produtividade, padroniza\u00e7\u00e3o e prote\u00e7\u00e3o das cargas\u00a0em diversos setores da ind\u00fastria.","breadcrumb":{"@id":"https:\/\/bbacomex.com.br\/produto\/paletizadora-semiautomatica-208p\/#breadcrumb"},"inLanguage":"en-US","potentialAction":[{"@type":"ReadAction","target":["https:\/\/bbacomex.com.br\/produto\/paletizadora-semiautomatica-208p\/"]}]},{"@type":"ImageObject","inLanguage":"en-US","@id":"https:\/\/bbacomex.com.br\/produto\/paletizadora-semiautomatica-208p\/#primaryimage","url":"https:\/\/bbacomex.com.br\/wp-content\/uploads\/2024\/04\/paletizadora-206-208-e-300p-11-e1745866970834.jpg","contentUrl":"https:\/\/bbacomex.com.br\/wp-content\/uploads\/2024\/04\/paletizadora-206-208-e-300p-11-e1745866970834.jpg","width":533,"height":400},{"@type":"BreadcrumbList","@id":"https:\/\/bbacomex.com.br\/produto\/paletizadora-semiautomatica-208p\/#breadcrumb","itemListElement":[{"@type":"ListItem","position":1,"name":"In\u00edcio","item":"https:\/\/bbacomex.com.br\/"},{"@type":"ListItem","position":2,"name":"Produtos","item":"https:\/\/bbacomex.com.br\/loja\/"},{"@type":"ListItem","position":3,"name":"Paletizadora Semiautom\u00e1tica 208P"}]},{"@type":"WebSite","@id":"https:\/\/bbacomex.com.br\/#website","url":"https:\/\/bbacomex.com.br\/","name":"BBA Comex","description":"","publisher":{"@id":"https:\/\/bbacomex.com.br\/#organization"},"potentialAction":[{"@type":"SearchAction","target":{"@type":"EntryPoint","urlTemplate":"https:\/\/bbacomex.com.br\/?s={search_term_string}"},"query-input":{"@type":"PropertyValueSpecification","valueRequired":true,"valueName":"search_term_string"}}],"inLanguage":"en-US"},{"@type":"Organization","@id":"https:\/\/bbacomex.com.br\/#organization","name":"BBA Comex","url":"https:\/\/bbacomex.com.br\/","logo":{"@type":"ImageObject","inLanguage":"en-US","@id":"https:\/\/bbacomex.com.br\/#\/schema\/logo\/image\/","url":"https:\/\/bbacomex.com.br\/wp-content\/uploads\/2024\/03\/Logo_Rodape.png","contentUrl":"https:\/\/bbacomex.com.br\/wp-content\/uploads\/2024\/03\/Logo_Rodape.png","width":350,"height":160,"caption":"BBA Comex"},"image":{"@id":"https:\/\/bbacomex.com.br\/#\/schema\/logo\/image\/"},"sameAs":["https:\/\/www.facebook.com\/bbacomexoficial","https:\/\/www.instagram.com\/bbacomex\/","https:\/\/www.linkedin.com\/company\/bba-comex\/"]}]},"product_price_currency":"BRL","og_availability":"instock","product_availability":"instock","product_condition":"new"},"_links":{"self":[{"href":"https:\/\/bbacomex.com.br\/en\/wp-json\/wp\/v2\/product\/3790","targetHints":{"allow":["GET"]}}],"collection":[{"href":"https:\/\/bbacomex.com.br\/en\/wp-json\/wp\/v2\/product"}],"about":[{"href":"https:\/\/bbacomex.com.br\/en\/wp-json\/wp\/v2\/types\/product"}],"wp:featuredmedia":[{"embeddable":true,"href":"https:\/\/bbacomex.com.br\/en\/wp-json\/wp\/v2\/media\/1803"}],"wp:attachment":[{"href":"https:\/\/bbacomex.com.br\/en\/wp-json\/wp\/v2\/media?parent=3790"}],"wp:term":[{"taxonomy":"product_brand","embeddable":true,"href":"https:\/\/bbacomex.com.br\/en\/wp-json\/wp\/v2\/product_brand?post=3790"},{"taxonomy":"product_cat","embeddable":true,"href":"https:\/\/bbacomex.com.br\/en\/wp-json\/wp\/v2\/product_cat?post=3790"},{"taxonomy":"product_tag","embeddable":true,"href":"https:\/\/bbacomex.com.br\/en\/wp-json\/wp\/v2\/product_tag?post=3790"}],"curies":[{"name":"wp","href":"https:\/\/api.w.org\/{rel}","templated":true}]}}