{"id":2752,"date":"2024-05-29T12:35:25","date_gmt":"2024-05-29T15:35:25","guid":{"rendered":"https:\/\/bbacomex.com.br\/?post_type=product&#038;p=2752"},"modified":"2025-07-17T15:47:33","modified_gmt":"2025-07-17T18:47:33","slug":"filme-de-pvc-skin","status":"publish","type":"product","link":"https:\/\/bbacomex.com.br\/es\/producto\/filme-de-pvc-skin\/","title":{"rendered":"Film de PVC Skin"},"content":{"rendered":"<div class=\"elementor-element elementor-element-3db3e01 elementor-widget__width-initial elementor-widget elementor-widget-text-editor\" data-id=\"3db3e01\" data-element_type=\"widget\" data-widget_type=\"text-editor.default\">\n<div class=\"elementor-widget-container\">\n<p>\u00bf\u00a0<strong>Filme de PVC Skin BBA Comex<\/strong>\u00a0\u00e9 a solu\u00e7\u00e3o ideal para\u00a0<strong>embalagem por encartelamento a v\u00e1cuo<\/strong>, oferecendo\u00a0<strong>alta ader\u00eancia, prote\u00e7\u00e3o e visibilidade total<\/strong>\u00a0do produto. Indicado especialmente para\u00a0<strong>itens de pequenas dimens\u00f5es<\/strong>, o Skin Film proporciona um acabamento profissional, garantindo que o produto fique perfeitamente fixado \u00e0 cartela, com excelente apresenta\u00e7\u00e3o visual no ponto de venda.<\/p>\n<p><strong>Vantagens do Filme PVC Skin<\/strong><\/p>\n<ul>\n<li><strong>Fixa\u00e7\u00e3o total do produto \u00e0 cartela<\/strong>, sem a necessidade de moldes ou cavidades<\/li>\n<li><strong>Transpar\u00eancia e brilho superiores<\/strong>: real\u00e7am o produto e transmitem seguran\u00e7a ao consumidor<\/li>\n<li><strong>Barreira protetora<\/strong>: evita contato com poeira, sujeira e manipula\u00e7\u00e3o direta<\/li>\n<li><strong>Apelo visual forte<\/strong>: ideal para g\u00f4ndolas, expositores e vendas em autosservi\u00e7o<\/li>\n<li><strong>Aplica\u00e7\u00e3o pr\u00e1tica em equipamentos de encartelamento<\/strong>\u00a0com aquecimento e v\u00e1cuo<\/li>\n<li><strong>Redu\u00e7\u00e3o de custos com moldes e formas<\/strong>: ideal para pequenas e m\u00e9dias tiragens<\/li>\n<\/ul>\n<p><strong>Requisitos para aplica\u00e7\u00e3o<\/strong><\/p>\n<p>Para garantir a efic\u00e1cia da embalagem com\u00a0<strong>Filme Skin<\/strong>, \u00e9 necess\u00e1rio que:<\/p>\n<ul>\n<li>A\u00a0<strong>cartela seja microperfurada<\/strong><\/li>\n<li>A superf\u00edcie esteja\u00a0<strong>envernizada<\/strong><\/li>\n<li>O processo inclua\u00a0<strong>aquecimento controlado<\/strong>\u00a0para ader\u00eancia perfeita do filme ao produto<\/li>\n<\/ul>\n<p><strong>Principais aplica\u00e7\u00f5es<\/strong><\/p>\n<ul>\n<li>Ferramentas e utilidades<\/li>\n<li>Brindes, bijuterias e acess\u00f3rios<\/li>\n<li>Componentes eletr\u00f4nicos<\/li>\n<li>Artigos promocionais<\/li>\n<li>Pe\u00e7as pl\u00e1sticas, parafusos e pequenos kits<\/li>\n<\/ul>\n<p><strong>Agregue valor \u00e0 sua embalagem com o Filme de PVC Skin BBA Comex \u2014 prote\u00e7\u00e3o, fixa\u00e7\u00e3o e visibilidade para destacar seus produtos no varejo!<\/strong><\/p>\n<\/div>\n<\/div>","protected":false},"excerpt":{"rendered":"<p>O\u00a0Filme de PVC Skin BBA Comex\u00a0\u00e9 a solu\u00e7\u00e3o ideal para\u00a0embalagem por encartelamento a v\u00e1cuo, oferecendo\u00a0alta ader\u00eancia, prote\u00e7\u00e3o e visibilidade total\u00a0do produto. Indicado especialmente para\u00a0itens de pequenas dimens\u00f5es, o Skin Film proporciona um acabamento profissional, garantindo que o produto fique perfeitamente fixado \u00e0 cartela, com excelente apresenta\u00e7\u00e3o visual no ponto de venda. Vantagens do Filme PVC [&hellip;]<\/p>","protected":false},"featured_media":632,"template":"","meta":{"_acf_changed":false},"product_brand":[],"product_cat":[81,77],"product_tag":[],"class_list":{"0":"post-2752","1":"product","2":"type-product","3":"status-publish","4":"has-post-thumbnail","6":"product_cat-linha-pvc","7":"product_cat-sem-categoria","9":"first","10":"instock","11":"shipping-taxable","12":"product-type-simple"},"acf":[],"yoast_head":"<!-- This site is optimized with the Yoast SEO Premium plugin v24.5 (Yoast SEO v27.2) - https:\/\/yoast.com\/product\/yoast-seo-premium-wordpress\/ -->\n<title>Filme de PVC Skin \u2013 Fixa\u00e7\u00e3o e Visibilidade Total<\/title>\n<meta name=\"description\" content=\"O Filme de PVC Skin \u00e9 a solu\u00e7\u00e3o ideal para embalagem por encartelamento a v\u00e1cuo, oferecendo alta ader\u00eancia, prote\u00e7\u00e3o e visibilidade total do produto.\" \/>\n<meta name=\"robots\" content=\"index, follow, max-snippet:-1, max-image-preview:large, max-video-preview:-1\" \/>\n<link rel=\"canonical\" href=\"https:\/\/bbacomex.com.br\/es\/producto\/filme-de-pvc-skin\/\" \/>\n<meta property=\"og:locale\" content=\"es_ES\" \/>\n<meta property=\"og:type\" content=\"article\" \/>\n<meta property=\"og:title\" content=\"Filme de PVC Skin\" \/>\n<meta property=\"og:description\" content=\"O Filme de PVC Skin \u00e9 a solu\u00e7\u00e3o ideal para embalagem por encartelamento a v\u00e1cuo, oferecendo alta ader\u00eancia, prote\u00e7\u00e3o e visibilidade total do produto.\" \/>\n<meta property=\"og:url\" content=\"https:\/\/bbacomex.com.br\/es\/producto\/filme-de-pvc-skin\/\" \/>\n<meta property=\"og:site_name\" content=\"BBA Comex\" \/>\n<meta property=\"article:publisher\" content=\"https:\/\/www.facebook.com\/bbacomexoficial\" \/>\n<meta property=\"article:modified_time\" content=\"2025-07-17T18:47:33+00:00\" \/>\n<meta property=\"og:image\" content=\"https:\/\/bbacomex.com.br\/wp-content\/uploads\/2024\/03\/filme-de-pvc-skin-01-500x375-1.jpg\" \/>\n\t<meta property=\"og:image:width\" content=\"500\" \/>\n\t<meta property=\"og:image:height\" content=\"375\" \/>\n\t<meta property=\"og:image:type\" content=\"image\/jpeg\" \/>\n<meta name=\"twitter:card\" content=\"summary_large_image\" \/>\n<meta name=\"twitter:label1\" content=\"Precio\" \/>\n\t<meta name=\"twitter:data1\" content=\"\" \/>\n\t<meta name=\"twitter:label2\" content=\"Disponibilidad\" \/>\n\t<meta name=\"twitter:data2\" content=\"Disponible\" \/>\n<script type=\"application\/ld+json\" class=\"yoast-schema-graph\">{\"@context\":\"https:\/\/schema.org\",\"@graph\":[{\"@type\":\"WebPage\",\"@id\":\"https:\/\/bbacomex.com.br\/produto\/filme-de-pvc-skin\/\",\"url\":\"https:\/\/bbacomex.com.br\/produto\/filme-de-pvc-skin\/\",\"name\":\"Filme de PVC Skin \u2013 Fixa\u00e7\u00e3o e Visibilidade Total\",\"isPartOf\":{\"@id\":\"https:\/\/bbacomex.com.br\/#website\"},\"primaryImageOfPage\":{\"@id\":\"https:\/\/bbacomex.com.br\/produto\/filme-de-pvc-skin\/#primaryimage\"},\"image\":{\"@id\":\"https:\/\/bbacomex.com.br\/produto\/filme-de-pvc-skin\/#primaryimage\"},\"thumbnailUrl\":\"https:\/\/bbacomex.com.br\/wp-content\/uploads\/2024\/03\/filme-de-pvc-skin-01-500x375-1.jpg\",\"datePublished\":\"2024-05-29T15:35:25+00:00\",\"dateModified\":\"2025-07-17T18:47:33+00:00\",\"description\":\"O Filme de PVC Skin \u00e9 a solu\u00e7\u00e3o ideal para embalagem por encartelamento a v\u00e1cuo, oferecendo alta ader\u00eancia, prote\u00e7\u00e3o e visibilidade total do produto.\",\"breadcrumb\":{\"@id\":\"https:\/\/bbacomex.com.br\/produto\/filme-de-pvc-skin\/#breadcrumb\"},\"inLanguage\":\"es\",\"potentialAction\":[{\"@type\":\"ReadAction\",\"target\":[\"https:\/\/bbacomex.com.br\/produto\/filme-de-pvc-skin\/\"]}]},{\"@type\":\"ImageObject\",\"inLanguage\":\"es\",\"@id\":\"https:\/\/bbacomex.com.br\/produto\/filme-de-pvc-skin\/#primaryimage\",\"url\":\"https:\/\/bbacomex.com.br\/wp-content\/uploads\/2024\/03\/filme-de-pvc-skin-01-500x375-1.jpg\",\"contentUrl\":\"https:\/\/bbacomex.com.br\/wp-content\/uploads\/2024\/03\/filme-de-pvc-skin-01-500x375-1.jpg\",\"width\":500,\"height\":375},{\"@type\":\"BreadcrumbList\",\"@id\":\"https:\/\/bbacomex.com.br\/produto\/filme-de-pvc-skin\/#breadcrumb\",\"itemListElement\":[{\"@type\":\"ListItem\",\"position\":1,\"name\":\"In\u00edcio\",\"item\":\"https:\/\/bbacomex.com.br\/\"},{\"@type\":\"ListItem\",\"position\":2,\"name\":\"Produtos\",\"item\":\"https:\/\/bbacomex.com.br\/loja\/\"},{\"@type\":\"ListItem\",\"position\":3,\"name\":\"Filme de PVC Skin\"}]},{\"@type\":\"WebSite\",\"@id\":\"https:\/\/bbacomex.com.br\/#website\",\"url\":\"https:\/\/bbacomex.com.br\/\",\"name\":\"BBA Comex\",\"description\":\"\",\"publisher\":{\"@id\":\"https:\/\/bbacomex.com.br\/#organization\"},\"potentialAction\":[{\"@type\":\"SearchAction\",\"target\":{\"@type\":\"EntryPoint\",\"urlTemplate\":\"https:\/\/bbacomex.com.br\/?s={search_term_string}\"},\"query-input\":{\"@type\":\"PropertyValueSpecification\",\"valueRequired\":true,\"valueName\":\"search_term_string\"}}],\"inLanguage\":\"es\"},{\"@type\":\"Organization\",\"@id\":\"https:\/\/bbacomex.com.br\/#organization\",\"name\":\"BBA Comex\",\"url\":\"https:\/\/bbacomex.com.br\/\",\"logo\":{\"@type\":\"ImageObject\",\"inLanguage\":\"es\",\"@id\":\"https:\/\/bbacomex.com.br\/#\/schema\/logo\/image\/\",\"url\":\"https:\/\/bbacomex.com.br\/wp-content\/uploads\/2024\/03\/Logo_Rodape.png\",\"contentUrl\":\"https:\/\/bbacomex.com.br\/wp-content\/uploads\/2024\/03\/Logo_Rodape.png\",\"width\":350,\"height\":160,\"caption\":\"BBA Comex\"},\"image\":{\"@id\":\"https:\/\/bbacomex.com.br\/#\/schema\/logo\/image\/\"},\"sameAs\":[\"https:\/\/www.facebook.com\/bbacomexoficial\",\"https:\/\/www.instagram.com\/bbacomex\/\",\"https:\/\/www.linkedin.com\/company\/bba-comex\/\"]}]}<\/script>\n<meta property=\"product:price:currency\" content=\"BRL\" \/>\n<meta property=\"og:availability\" content=\"instock\" \/>\n<meta property=\"product:availability\" content=\"instock\" \/>\n<meta property=\"product:condition\" content=\"new\" \/>\n<!-- \/ Yoast SEO Premium plugin. -->","yoast_head_json":{"title":"Filme de PVC Skin \u2013 Fixa\u00e7\u00e3o e Visibilidade Total","description":"O Filme de PVC Skin \u00e9 a solu\u00e7\u00e3o ideal para embalagem por encartelamento a v\u00e1cuo, oferecendo alta ader\u00eancia, prote\u00e7\u00e3o e visibilidade total do produto.","robots":{"index":"index","follow":"follow","max-snippet":"max-snippet:-1","max-image-preview":"max-image-preview:large","max-video-preview":"max-video-preview:-1"},"canonical":"https:\/\/bbacomex.com.br\/es\/producto\/filme-de-pvc-skin\/","og_locale":"es_ES","og_type":"article","og_title":"Filme de PVC Skin","og_description":"O Filme de PVC Skin \u00e9 a solu\u00e7\u00e3o ideal para embalagem por encartelamento a v\u00e1cuo, oferecendo alta ader\u00eancia, prote\u00e7\u00e3o e visibilidade total do produto.","og_url":"https:\/\/bbacomex.com.br\/es\/producto\/filme-de-pvc-skin\/","og_site_name":"BBA Comex","article_publisher":"https:\/\/www.facebook.com\/bbacomexoficial","article_modified_time":"2025-07-17T18:47:33+00:00","og_image":[{"width":500,"height":375,"url":"https:\/\/bbacomex.com.br\/wp-content\/uploads\/2024\/03\/filme-de-pvc-skin-01-500x375-1.jpg","type":"image\/jpeg"}],"twitter_card":"summary_large_image","twitter_misc":{"Precio":"","Disponibilidad":"Disponible"},"schema":{"@context":"https:\/\/schema.org","@graph":[{"@type":"WebPage","@id":"https:\/\/bbacomex.com.br\/produto\/filme-de-pvc-skin\/","url":"https:\/\/bbacomex.com.br\/produto\/filme-de-pvc-skin\/","name":"Filme de PVC Skin \u2013 Fixa\u00e7\u00e3o e Visibilidade Total","isPartOf":{"@id":"https:\/\/bbacomex.com.br\/#website"},"primaryImageOfPage":{"@id":"https:\/\/bbacomex.com.br\/produto\/filme-de-pvc-skin\/#primaryimage"},"image":{"@id":"https:\/\/bbacomex.com.br\/produto\/filme-de-pvc-skin\/#primaryimage"},"thumbnailUrl":"https:\/\/bbacomex.com.br\/wp-content\/uploads\/2024\/03\/filme-de-pvc-skin-01-500x375-1.jpg","datePublished":"2024-05-29T15:35:25+00:00","dateModified":"2025-07-17T18:47:33+00:00","description":"O Filme de PVC Skin \u00e9 a solu\u00e7\u00e3o ideal para embalagem por encartelamento a v\u00e1cuo, oferecendo alta ader\u00eancia, prote\u00e7\u00e3o e visibilidade total do produto.","breadcrumb":{"@id":"https:\/\/bbacomex.com.br\/produto\/filme-de-pvc-skin\/#breadcrumb"},"inLanguage":"es","potentialAction":[{"@type":"ReadAction","target":["https:\/\/bbacomex.com.br\/produto\/filme-de-pvc-skin\/"]}]},{"@type":"ImageObject","inLanguage":"es","@id":"https:\/\/bbacomex.com.br\/produto\/filme-de-pvc-skin\/#primaryimage","url":"https:\/\/bbacomex.com.br\/wp-content\/uploads\/2024\/03\/filme-de-pvc-skin-01-500x375-1.jpg","contentUrl":"https:\/\/bbacomex.com.br\/wp-content\/uploads\/2024\/03\/filme-de-pvc-skin-01-500x375-1.jpg","width":500,"height":375},{"@type":"BreadcrumbList","@id":"https:\/\/bbacomex.com.br\/produto\/filme-de-pvc-skin\/#breadcrumb","itemListElement":[{"@type":"ListItem","position":1,"name":"In\u00edcio","item":"https:\/\/bbacomex.com.br\/"},{"@type":"ListItem","position":2,"name":"Produtos","item":"https:\/\/bbacomex.com.br\/loja\/"},{"@type":"ListItem","position":3,"name":"Filme de PVC Skin"}]},{"@type":"WebSite","@id":"https:\/\/bbacomex.com.br\/#website","url":"https:\/\/bbacomex.com.br\/","name":"BBA Comex","description":"","publisher":{"@id":"https:\/\/bbacomex.com.br\/#organization"},"potentialAction":[{"@type":"SearchAction","target":{"@type":"EntryPoint","urlTemplate":"https:\/\/bbacomex.com.br\/?s={search_term_string}"},"query-input":{"@type":"PropertyValueSpecification","valueRequired":true,"valueName":"search_term_string"}}],"inLanguage":"es"},{"@type":"Organization","@id":"https:\/\/bbacomex.com.br\/#organization","name":"BBA Comex","url":"https:\/\/bbacomex.com.br\/","logo":{"@type":"ImageObject","inLanguage":"es","@id":"https:\/\/bbacomex.com.br\/#\/schema\/logo\/image\/","url":"https:\/\/bbacomex.com.br\/wp-content\/uploads\/2024\/03\/Logo_Rodape.png","contentUrl":"https:\/\/bbacomex.com.br\/wp-content\/uploads\/2024\/03\/Logo_Rodape.png","width":350,"height":160,"caption":"BBA Comex"},"image":{"@id":"https:\/\/bbacomex.com.br\/#\/schema\/logo\/image\/"},"sameAs":["https:\/\/www.facebook.com\/bbacomexoficial","https:\/\/www.instagram.com\/bbacomex\/","https:\/\/www.linkedin.com\/company\/bba-comex\/"]}]},"product_price_currency":"BRL","og_availability":"instock","product_availability":"instock","product_condition":"new"},"_links":{"self":[{"href":"https:\/\/bbacomex.com.br\/es\/wp-json\/wp\/v2\/product\/2752","targetHints":{"allow":["GET"]}}],"collection":[{"href":"https:\/\/bbacomex.com.br\/es\/wp-json\/wp\/v2\/product"}],"about":[{"href":"https:\/\/bbacomex.com.br\/es\/wp-json\/wp\/v2\/types\/product"}],"wp:featuredmedia":[{"embeddable":true,"href":"https:\/\/bbacomex.com.br\/es\/wp-json\/wp\/v2\/media\/632"}],"wp:attachment":[{"href":"https:\/\/bbacomex.com.br\/es\/wp-json\/wp\/v2\/media?parent=2752"}],"wp:term":[{"taxonomy":"product_brand","embeddable":true,"href":"https:\/\/bbacomex.com.br\/es\/wp-json\/wp\/v2\/product_brand?post=2752"},{"taxonomy":"product_cat","embeddable":true,"href":"https:\/\/bbacomex.com.br\/es\/wp-json\/wp\/v2\/product_cat?post=2752"},{"taxonomy":"product_tag","embeddable":true,"href":"https:\/\/bbacomex.com.br\/es\/wp-json\/wp\/v2\/product_tag?post=2752"}],"curies":[{"name":"wp","href":"https:\/\/api.w.org\/{rel}","templated":true}]}}