{"id":2769,"date":"2024-05-29T16:15:32","date_gmt":"2024-05-29T19:15:32","guid":{"rendered":"https:\/\/bbacomex.com.br\/?post_type=product&#038;p=2769"},"modified":"2025-07-17T16:29:47","modified_gmt":"2025-07-17T19:29:47","slug":"seladora-super-conjugada","status":"publish","type":"product","link":"https:\/\/bbacomex.com.br\/es\/producto\/seladora-super-conjugada\/","title":{"rendered":"Sellador Super Conjugado"},"content":{"rendered":"<div class=\"elementor-element elementor-element-3db3e01 elementor-widget__width-initial elementor-widget elementor-widget-text-editor\" data-id=\"3db3e01\" data-element_type=\"widget\" data-widget_type=\"text-editor.default\">\n<div class=\"elementor-widget-container\">\n<div class=\"elementor-element elementor-element-5bfbfe5 elementor-widget__width-initial elementor-widget elementor-widget-text-editor\" data-id=\"5bfbfe5\" data-element_type=\"widget\" data-widget_type=\"text-editor.default\">\n<div class=\"elementor-widget-container\">\n<div class=\"elementor-element elementor-element-f50db4f elementor-widget__width-initial elementor-widget elementor-widget-text-editor\" data-id=\"f50db4f\" data-element_type=\"widget\" data-widget_type=\"text-editor.default\">\n<div class=\"elementor-widget-container\">\n<div class=\"elementor-element elementor-element-3db3e01 elementor-widget__width-initial elementor-widget elementor-widget-text-editor\" data-id=\"3db3e01\" data-element_type=\"widget\" data-widget_type=\"text-editor.default\">\n<div class=\"elementor-widget-container\">\n<div class=\"elementor-element elementor-element-5bfbfe5 elementor-widget__width-initial elementor-widget elementor-widget-text-editor\" data-id=\"5bfbfe5\" data-element_type=\"widget\" data-widget_type=\"text-editor.default\">\n<div class=\"elementor-widget-container\">\n<div class=\"elementor-element elementor-element-f50db4f elementor-widget__width-initial elementor-widget elementor-widget-text-editor\" data-id=\"f50db4f\" data-element_type=\"widget\" data-widget_type=\"text-editor.default\">\n<div class=\"elementor-widget-container\">\n<div class=\"elementor-element elementor-element-7e3edc1 elementor-widget__width-initial elementor-widget elementor-widget-text-editor\" data-id=\"7e3edc1\" data-element_type=\"widget\" data-widget_type=\"text-editor.default\">\n<div class=\"elementor-widget-container\">\n<p>A\u00a0<strong>Seladora Super Conjugada BBA Comex<\/strong>\u00a0foi desenvolvida para atender opera\u00e7\u00f5es industriais que exigem\u00a0<strong>produtividade, acabamento superior e menor consumo energ\u00e9tico<\/strong>. Com estrutura robusta em\u00a0<strong>a\u00e7o carbono<\/strong>, ela integra\u00a0<strong>selagem em L e t\u00fanel de encolhimento<\/strong>\u00a0em um \u00fanico equipamento, otimizando espa\u00e7o e etapas do processo.<\/p>\n<p>Projetada para embalar tanto\u00a0<strong>produtos unit\u00e1rios<\/strong>\u00a0quanto\u00a0<strong>kits promocionais<\/strong>, \u00e9 ideal para diversos segmentos como alimentos, bebidas, cosm\u00e9ticos, brinquedos, produtos gr\u00e1ficos, eletr\u00f4nicos e muito mais.<\/p>\n<p><strong>Principais Vantagens da Seladora Super Conjugada<\/strong><\/p>\n<ul>\n<li>Seladora em L com estrutura refor\u00e7ada em a\u00e7o carbono<\/li>\n<li>T\u00fanel conjugado ao equipamento, com\u00a0<strong>menor consumo de energia<\/strong><\/li>\n<li>Barras de solda em\u00a0<strong>n\u00edquel cromo com revestimento em teflon<\/strong>\u00a0para acabamento limpo e duradouro<\/li>\n<li>Produ\u00e7\u00e3o cont\u00ednua de\u00a0<strong>6 a 10 embalagens por minuto<\/strong>, com \u00f3timo desempenho em diferentes tipos de embalagens<\/li>\n<li>Ajuste de altura do suporte da bobina, facilitando a adapta\u00e7\u00e3o ao tamanho do produto<\/li>\n<li>Atende normas de higiene industrial com estrutura de f\u00e1cil limpeza e manuten\u00e7\u00e3o<\/li>\n<li>Mais econ\u00f4mica e eficiente em rela\u00e7\u00e3o \u00e0 seladora conjugada tradicional<\/li>\n<\/ul>\n<p><strong>Ideal para selagem e encolhimento de embalagens nos seguintes segmentos:<\/strong><\/p>\n<ul>\n<li>Embalagens de ovos, alimentos e bebidas<\/li>\n<li>Produtos farmac\u00eauticos, cosm\u00e9ticos e de higiene<\/li>\n<li>Kits promocionais combinados<\/li>\n<li>Artigos gr\u00e1ficos, livros, brinquedos e eletr\u00f4nicos<\/li>\n<li>Ferragens, acess\u00f3rios e produtos de pequeno a m\u00e9dio porte<\/li>\n<\/ul>\n<p><strong>Compatibilidade com Filmes Termoencolh\u00edveis<\/strong><\/p>\n<ul>\n<li>Poliolef\u00ednico (POF)<\/li>\n<li>PVC encolh\u00edvel<\/li>\n<li>Outras op\u00e7\u00f5es t\u00e9cnicas utilizadas em processos de selagem t\u00e9rmica<\/li>\n<\/ul>\n<p><strong>Aumente sua produtividade com a Seladora Super Conjugada BBA Comex \u2014 uma solu\u00e7\u00e3o robusta, confi\u00e1vel e econ\u00f4mica para quem busca excel\u00eancia no processo de embalagem.<\/strong><\/p>\n<\/div>\n<\/div>\n<\/div>\n<\/div>\n<\/div>\n<\/div>\n<\/div>\n<\/div>\n<\/div>\n<\/div>\n<\/div>\n<\/div>\n<\/div>\n<\/div>\n<p><strong>Video:<\/strong><br \/>\n<iframe title=\"YouTube video player\" src=\"https:\/\/www.youtube.com\/embed\/gzRpiGaI5hY?si=U3WvaqQqpc6pLo1r\" width=\"560\" height=\"315\" frameborder=\"0\" allowfullscreen=\"allowfullscreen\"><\/iframe><\/p>","protected":false},"excerpt":{"rendered":"<p><!-- SUPERCONJUGADA --><\/p>\n<div style=\"max-width: 600px; margin: 40px auto; font-family: Arial, sans-serif; border: 2px solid #0044cc; border-radius: 10px; overflow: hidden;\">\n<div style=\"background-color: #0044cc; color: white; padding: 10px 20px; font-size: 20px; font-weight: bold;\">Seladora Superconjugada<\/div>\n<div style=\"background-color: #eaf0ff; padding: 10px 20px; font-size: 14px; font-weight: bold;\">Los Datos T\u00e9cnicos De La<\/div>\n<table style=\"width: 100%; border-collapse: collapse; font-size: 14px;\">\n<tbody>\n<tr>\n<td style=\"padding: 10px; border-bottom: 1px solid #ddd;\">Dimens\u00f5es da M\u00e1quina (C x L x A)<\/td>\n<td style=\"padding: 10px; border-bottom: 1px solid #ddd;\">1150 x 750 x 1350 mm<\/td>\n<\/tr>\n<tr>\n<td style=\"padding: 10px; border-bottom: 1px solid #ddd;\">Tamanho M\u00e1x. da Embalagem (C x L x A)<\/td>\n<td style=\"padding: 10px; border-bottom: 1px solid #ddd;\">350 x 350 x 100 mm<\/td>\n<\/tr>\n<tr>\n<td style=\"padding: 10px; border-bottom: 1px solid #ddd;\">Tamanho M\u00e1x. do T\u00fanel (C x L x A)<\/td>\n<td style=\"padding: 10px; border-bottom: 1px solid #ddd;\">830 x 400 x 100 mm<\/td>\n<\/tr>\n<tr>\n<td style=\"padding: 10px; border-bottom: 1px solid #ddd;\">Produ\u00e7\u00e3o<\/td>\n<td style=\"padding: 10px; border-bottom: 1px solid #ddd;\">6 a 8 pcs\/min<\/td>\n<\/tr>\n<tr>\n<td style=\"padding: 10px; border-bottom: 1px solid #ddd;\">La potencia<\/td>\n<td style=\"padding: 10px; border-bottom: 1px solid #ddd;\">5 kW<\/td>\n<\/tr>\n<tr>\n<td style=\"padding: 10px; border-bottom: 1px solid #ddd;\">Tamanho M\u00e1x. do Filme<\/td>\n<td style=\"padding: 10px; border-bottom: 1px solid #ddd;\">500 mm<\/td>\n<\/tr>\n<tr>\n<td style=\"padding: 10px; border-bottom: 1px solid #ddd;\">Tens\u00e3o<\/td>\n<td style=\"padding: 10px; border-bottom: 1px solid #ddd;\">220v monof\u00e1sico<\/td>\n<\/tr>\n<tr>\n<td style=\"padding: 10px; border-bottom: 1px solid #ddd;\">Press\u00e3o de Ar<\/td>\n<td style=\"padding: 10px; border-bottom: 1px solid #ddd;\">N\u00e3o<\/td>\n<\/tr>\n<tr>\n<td style=\"padding: 10px;\">El Peso de<\/td>\n<td style=\"padding: 10px;\">120 kg<\/td>\n<\/tr>\n<\/tbody>\n<\/table>\n<\/div>","protected":false},"featured_media":3402,"template":"","meta":{"_acf_changed":false},"product_brand":[],"product_cat":[86,77],"product_tag":[],"class_list":{"0":"post-2769","1":"product","2":"type-product","3":"status-publish","4":"has-post-thumbnail","6":"product_cat-seladoras-manuais-e-semi-auto","7":"product_cat-sem-categoria","9":"first","10":"instock","11":"shipping-taxable","12":"product-type-simple"},"acf":[],"yoast_head":"<!-- This site is optimized with the Yoast SEO Premium plugin v24.5 (Yoast SEO v27.2) - https:\/\/yoast.com\/product\/yoast-seo-premium-wordpress\/ -->\n<title>Seladora Super Conjugada<\/title>\n<meta name=\"description\" content=\"A Seladora Super Conjugada foi desenvolvida para atender opera\u00e7\u00f5es industriais que exigem produtividade, acabamento superior e menor consumo energ\u00e9tico.\" \/>\n<meta name=\"robots\" content=\"index, follow, max-snippet:-1, max-image-preview:large, max-video-preview:-1\" \/>\n<link rel=\"canonical\" href=\"https:\/\/bbacomex.com.br\/es\/producto\/seladora-super-conjugada\/\" \/>\n<meta property=\"og:locale\" content=\"es_ES\" \/>\n<meta property=\"og:type\" content=\"article\" \/>\n<meta property=\"og:title\" content=\"Seladora Super Conjugada\" \/>\n<meta property=\"og:description\" content=\"A Seladora Super Conjugada foi desenvolvida para atender opera\u00e7\u00f5es industriais que exigem produtividade, acabamento superior e menor consumo energ\u00e9tico.\" \/>\n<meta property=\"og:url\" content=\"https:\/\/bbacomex.com.br\/es\/producto\/seladora-super-conjugada\/\" \/>\n<meta property=\"og:site_name\" content=\"BBA Comex\" \/>\n<meta property=\"article:publisher\" content=\"https:\/\/www.facebook.com\/bbacomexoficial\" \/>\n<meta property=\"article:modified_time\" content=\"2025-07-17T19:29:47+00:00\" \/>\n<meta property=\"og:image\" content=\"https:\/\/bbacomex.com.br\/wp-content\/uploads\/2024\/05\/Seladora-Super-Conjugada-1-scaled.jpg\" \/>\n\t<meta property=\"og:image:width\" content=\"2560\" \/>\n\t<meta property=\"og:image:height\" content=\"1707\" \/>\n\t<meta property=\"og:image:type\" content=\"image\/jpeg\" \/>\n<meta name=\"twitter:card\" content=\"summary_large_image\" \/>\n<meta name=\"twitter:label1\" content=\"Precio\" \/>\n\t<meta name=\"twitter:data1\" content=\"\" \/>\n\t<meta name=\"twitter:label2\" content=\"Disponibilidad\" \/>\n\t<meta name=\"twitter:data2\" content=\"Disponible\" \/>\n<script type=\"application\/ld+json\" class=\"yoast-schema-graph\">{\"@context\":\"https:\/\/schema.org\",\"@graph\":[{\"@type\":\"WebPage\",\"@id\":\"https:\/\/bbacomex.com.br\/produto\/seladora-super-conjugada\/\",\"url\":\"https:\/\/bbacomex.com.br\/produto\/seladora-super-conjugada\/\",\"name\":\"Seladora Super Conjugada\",\"isPartOf\":{\"@id\":\"https:\/\/bbacomex.com.br\/#website\"},\"primaryImageOfPage\":{\"@id\":\"https:\/\/bbacomex.com.br\/produto\/seladora-super-conjugada\/#primaryimage\"},\"image\":{\"@id\":\"https:\/\/bbacomex.com.br\/produto\/seladora-super-conjugada\/#primaryimage\"},\"thumbnailUrl\":\"https:\/\/bbacomex.com.br\/wp-content\/uploads\/2024\/05\/Seladora-Super-Conjugada-1-scaled.jpg\",\"datePublished\":\"2024-05-29T19:15:32+00:00\",\"dateModified\":\"2025-07-17T19:29:47+00:00\",\"description\":\"A Seladora Super Conjugada foi desenvolvida para atender opera\u00e7\u00f5es industriais que exigem produtividade, acabamento superior e menor consumo energ\u00e9tico.\",\"breadcrumb\":{\"@id\":\"https:\/\/bbacomex.com.br\/produto\/seladora-super-conjugada\/#breadcrumb\"},\"inLanguage\":\"es\",\"potentialAction\":[{\"@type\":\"ReadAction\",\"target\":[\"https:\/\/bbacomex.com.br\/produto\/seladora-super-conjugada\/\"]}]},{\"@type\":\"ImageObject\",\"inLanguage\":\"es\",\"@id\":\"https:\/\/bbacomex.com.br\/produto\/seladora-super-conjugada\/#primaryimage\",\"url\":\"https:\/\/bbacomex.com.br\/wp-content\/uploads\/2024\/05\/Seladora-Super-Conjugada-1-scaled.jpg\",\"contentUrl\":\"https:\/\/bbacomex.com.br\/wp-content\/uploads\/2024\/05\/Seladora-Super-Conjugada-1-scaled.jpg\",\"width\":2560,\"height\":1707},{\"@type\":\"BreadcrumbList\",\"@id\":\"https:\/\/bbacomex.com.br\/produto\/seladora-super-conjugada\/#breadcrumb\",\"itemListElement\":[{\"@type\":\"ListItem\",\"position\":1,\"name\":\"In\u00edcio\",\"item\":\"https:\/\/bbacomex.com.br\/\"},{\"@type\":\"ListItem\",\"position\":2,\"name\":\"Produtos\",\"item\":\"https:\/\/bbacomex.com.br\/loja\/\"},{\"@type\":\"ListItem\",\"position\":3,\"name\":\"Seladora Super Conjugada\"}]},{\"@type\":\"WebSite\",\"@id\":\"https:\/\/bbacomex.com.br\/#website\",\"url\":\"https:\/\/bbacomex.com.br\/\",\"name\":\"BBA Comex\",\"description\":\"\",\"publisher\":{\"@id\":\"https:\/\/bbacomex.com.br\/#organization\"},\"potentialAction\":[{\"@type\":\"SearchAction\",\"target\":{\"@type\":\"EntryPoint\",\"urlTemplate\":\"https:\/\/bbacomex.com.br\/?s={search_term_string}\"},\"query-input\":{\"@type\":\"PropertyValueSpecification\",\"valueRequired\":true,\"valueName\":\"search_term_string\"}}],\"inLanguage\":\"es\"},{\"@type\":\"Organization\",\"@id\":\"https:\/\/bbacomex.com.br\/#organization\",\"name\":\"BBA Comex\",\"url\":\"https:\/\/bbacomex.com.br\/\",\"logo\":{\"@type\":\"ImageObject\",\"inLanguage\":\"es\",\"@id\":\"https:\/\/bbacomex.com.br\/#\/schema\/logo\/image\/\",\"url\":\"https:\/\/bbacomex.com.br\/wp-content\/uploads\/2024\/03\/Logo_Rodape.png\",\"contentUrl\":\"https:\/\/bbacomex.com.br\/wp-content\/uploads\/2024\/03\/Logo_Rodape.png\",\"width\":350,\"height\":160,\"caption\":\"BBA Comex\"},\"image\":{\"@id\":\"https:\/\/bbacomex.com.br\/#\/schema\/logo\/image\/\"},\"sameAs\":[\"https:\/\/www.facebook.com\/bbacomexoficial\",\"https:\/\/www.instagram.com\/bbacomex\/\",\"https:\/\/www.linkedin.com\/company\/bba-comex\/\"]}]}<\/script>\n<meta property=\"product:price:currency\" content=\"BRL\" \/>\n<meta property=\"og:availability\" content=\"instock\" \/>\n<meta property=\"product:availability\" content=\"instock\" \/>\n<meta property=\"product:condition\" content=\"new\" \/>\n<!-- \/ Yoast SEO Premium plugin. -->","yoast_head_json":{"title":"Seladora Super Conjugada","description":"A Seladora Super Conjugada foi desenvolvida para atender opera\u00e7\u00f5es industriais que exigem produtividade, acabamento superior e menor consumo energ\u00e9tico.","robots":{"index":"index","follow":"follow","max-snippet":"max-snippet:-1","max-image-preview":"max-image-preview:large","max-video-preview":"max-video-preview:-1"},"canonical":"https:\/\/bbacomex.com.br\/es\/producto\/seladora-super-conjugada\/","og_locale":"es_ES","og_type":"article","og_title":"Seladora Super Conjugada","og_description":"A Seladora Super Conjugada foi desenvolvida para atender opera\u00e7\u00f5es industriais que exigem produtividade, acabamento superior e menor consumo energ\u00e9tico.","og_url":"https:\/\/bbacomex.com.br\/es\/producto\/seladora-super-conjugada\/","og_site_name":"BBA Comex","article_publisher":"https:\/\/www.facebook.com\/bbacomexoficial","article_modified_time":"2025-07-17T19:29:47+00:00","og_image":[{"width":2560,"height":1707,"url":"https:\/\/bbacomex.com.br\/wp-content\/uploads\/2024\/05\/Seladora-Super-Conjugada-1-scaled.jpg","type":"image\/jpeg"}],"twitter_card":"summary_large_image","twitter_misc":{"Precio":"","Disponibilidad":"Disponible"},"schema":{"@context":"https:\/\/schema.org","@graph":[{"@type":"WebPage","@id":"https:\/\/bbacomex.com.br\/produto\/seladora-super-conjugada\/","url":"https:\/\/bbacomex.com.br\/produto\/seladora-super-conjugada\/","name":"Seladora Super Conjugada","isPartOf":{"@id":"https:\/\/bbacomex.com.br\/#website"},"primaryImageOfPage":{"@id":"https:\/\/bbacomex.com.br\/produto\/seladora-super-conjugada\/#primaryimage"},"image":{"@id":"https:\/\/bbacomex.com.br\/produto\/seladora-super-conjugada\/#primaryimage"},"thumbnailUrl":"https:\/\/bbacomex.com.br\/wp-content\/uploads\/2024\/05\/Seladora-Super-Conjugada-1-scaled.jpg","datePublished":"2024-05-29T19:15:32+00:00","dateModified":"2025-07-17T19:29:47+00:00","description":"A Seladora Super Conjugada foi desenvolvida para atender opera\u00e7\u00f5es industriais que exigem produtividade, acabamento superior e menor consumo energ\u00e9tico.","breadcrumb":{"@id":"https:\/\/bbacomex.com.br\/produto\/seladora-super-conjugada\/#breadcrumb"},"inLanguage":"es","potentialAction":[{"@type":"ReadAction","target":["https:\/\/bbacomex.com.br\/produto\/seladora-super-conjugada\/"]}]},{"@type":"ImageObject","inLanguage":"es","@id":"https:\/\/bbacomex.com.br\/produto\/seladora-super-conjugada\/#primaryimage","url":"https:\/\/bbacomex.com.br\/wp-content\/uploads\/2024\/05\/Seladora-Super-Conjugada-1-scaled.jpg","contentUrl":"https:\/\/bbacomex.com.br\/wp-content\/uploads\/2024\/05\/Seladora-Super-Conjugada-1-scaled.jpg","width":2560,"height":1707},{"@type":"BreadcrumbList","@id":"https:\/\/bbacomex.com.br\/produto\/seladora-super-conjugada\/#breadcrumb","itemListElement":[{"@type":"ListItem","position":1,"name":"In\u00edcio","item":"https:\/\/bbacomex.com.br\/"},{"@type":"ListItem","position":2,"name":"Produtos","item":"https:\/\/bbacomex.com.br\/loja\/"},{"@type":"ListItem","position":3,"name":"Seladora Super Conjugada"}]},{"@type":"WebSite","@id":"https:\/\/bbacomex.com.br\/#website","url":"https:\/\/bbacomex.com.br\/","name":"BBA Comex","description":"","publisher":{"@id":"https:\/\/bbacomex.com.br\/#organization"},"potentialAction":[{"@type":"SearchAction","target":{"@type":"EntryPoint","urlTemplate":"https:\/\/bbacomex.com.br\/?s={search_term_string}"},"query-input":{"@type":"PropertyValueSpecification","valueRequired":true,"valueName":"search_term_string"}}],"inLanguage":"es"},{"@type":"Organization","@id":"https:\/\/bbacomex.com.br\/#organization","name":"BBA Comex","url":"https:\/\/bbacomex.com.br\/","logo":{"@type":"ImageObject","inLanguage":"es","@id":"https:\/\/bbacomex.com.br\/#\/schema\/logo\/image\/","url":"https:\/\/bbacomex.com.br\/wp-content\/uploads\/2024\/03\/Logo_Rodape.png","contentUrl":"https:\/\/bbacomex.com.br\/wp-content\/uploads\/2024\/03\/Logo_Rodape.png","width":350,"height":160,"caption":"BBA Comex"},"image":{"@id":"https:\/\/bbacomex.com.br\/#\/schema\/logo\/image\/"},"sameAs":["https:\/\/www.facebook.com\/bbacomexoficial","https:\/\/www.instagram.com\/bbacomex\/","https:\/\/www.linkedin.com\/company\/bba-comex\/"]}]},"product_price_currency":"BRL","og_availability":"instock","product_availability":"instock","product_condition":"new"},"_links":{"self":[{"href":"https:\/\/bbacomex.com.br\/es\/wp-json\/wp\/v2\/product\/2769","targetHints":{"allow":["GET"]}}],"collection":[{"href":"https:\/\/bbacomex.com.br\/es\/wp-json\/wp\/v2\/product"}],"about":[{"href":"https:\/\/bbacomex.com.br\/es\/wp-json\/wp\/v2\/types\/product"}],"wp:featuredmedia":[{"embeddable":true,"href":"https:\/\/bbacomex.com.br\/es\/wp-json\/wp\/v2\/media\/3402"}],"wp:attachment":[{"href":"https:\/\/bbacomex.com.br\/es\/wp-json\/wp\/v2\/media?parent=2769"}],"wp:term":[{"taxonomy":"product_brand","embeddable":true,"href":"https:\/\/bbacomex.com.br\/es\/wp-json\/wp\/v2\/product_brand?post=2769"},{"taxonomy":"product_cat","embeddable":true,"href":"https:\/\/bbacomex.com.br\/es\/wp-json\/wp\/v2\/product_cat?post=2769"},{"taxonomy":"product_tag","embeddable":true,"href":"https:\/\/bbacomex.com.br\/es\/wp-json\/wp\/v2\/product_tag?post=2769"}],"curies":[{"name":"wp","href":"https:\/\/api.w.org\/{rel}","templated":true}]}}