{"id":2774,"date":"2024-05-29T16:46:10","date_gmt":"2024-05-29T19:46:10","guid":{"rendered":"https:\/\/bbacomex.com.br\/?post_type=product&#038;p=2774"},"modified":"2025-07-17T16:42:49","modified_gmt":"2025-07-17T19:42:49","slug":"seladora-automatica-em-l-premium","status":"publish","type":"product","link":"https:\/\/bbacomex.com.br\/es\/producto\/seladora-automatica-em-l-premium\/","title":{"rendered":"Seladora Automatica em L &#8211; Premium"},"content":{"rendered":"<div class=\"elementor-element elementor-element-3db3e01 elementor-widget__width-initial elementor-widget elementor-widget-text-editor\" data-id=\"3db3e01\" data-element_type=\"widget\" data-widget_type=\"text-editor.default\">\n<div class=\"elementor-widget-container\">\n<div class=\"elementor-element elementor-element-5bfbfe5 elementor-widget__width-initial elementor-widget elementor-widget-text-editor\" data-id=\"5bfbfe5\" data-element_type=\"widget\" data-widget_type=\"text-editor.default\">\n<div class=\"elementor-widget-container\">\n<div class=\"elementor-element elementor-element-f50db4f elementor-widget__width-initial elementor-widget elementor-widget-text-editor\" data-id=\"f50db4f\" data-element_type=\"widget\" data-widget_type=\"text-editor.default\">\n<div class=\"elementor-widget-container\">\n<div class=\"elementor-element elementor-element-3db3e01 elementor-widget__width-initial elementor-widget elementor-widget-text-editor\" data-id=\"3db3e01\" data-element_type=\"widget\" data-widget_type=\"text-editor.default\">\n<div class=\"elementor-widget-container\">\n<div class=\"elementor-element elementor-element-5bfbfe5 elementor-widget__width-initial elementor-widget elementor-widget-text-editor\" data-id=\"5bfbfe5\" data-element_type=\"widget\" data-widget_type=\"text-editor.default\">\n<div class=\"elementor-widget-container\">\n<div class=\"elementor-element elementor-element-f50db4f elementor-widget__width-initial elementor-widget elementor-widget-text-editor\" data-id=\"f50db4f\" data-element_type=\"widget\" data-widget_type=\"text-editor.default\">\n<div class=\"elementor-widget-container\">\n<div class=\"elementor-element elementor-element-7e3edc1 elementor-widget__width-initial elementor-widget elementor-widget-text-editor\" data-id=\"7e3edc1\" data-element_type=\"widget\" data-widget_type=\"text-editor.default\">\n<div class=\"elementor-widget-container\">\n<p><strong>M\u00e1xima performance, acabamento superior e automa\u00e7\u00e3o total para linhas industriais exigentes<\/strong><\/p>\n<p>A\u00a0<strong>Seladora Autom\u00e1tica em L \u2013 Premium<\/strong>\u00a0da\u00a0<strong>BBA Comex<\/strong>\u00a0representa o mais alto n\u00edvel de automa\u00e7\u00e3o e efici\u00eancia para empresas que demandam\u00a0<strong>embalagens termoencolh\u00edveis com acabamento profissional, agilidade operacional e confiabilidade cont\u00ednua<\/strong>. Desenvolvida com foco em\u00a0<strong>desempenho, seguran\u00e7a e versatilidade<\/strong>, ela atende m\u00faltiplos segmentos do mercado com excel\u00eancia.<\/p>\n<p><strong>Caracter\u00edsticas T\u00e9cnicas da Seladora Premium<\/strong><\/p>\n<ul>\n<li><strong>Totalmente autom\u00e1tica<\/strong>, com selagem em L e alimenta\u00e7\u00e3o cont\u00ednua<\/li>\n<li><strong>Produ\u00e7\u00e3o m\u00e9dia de 20 a 25 embalagens por minuto<\/strong>, ideal para grandes volumes<\/li>\n<li><strong>Sistema de selagem com temperatura constante (PID)<\/strong>, assegurando soldas uniformes em filmes POF<\/li>\n<li><strong>Barramento em L de alto desempenho<\/strong>, com l\u00e2minas de solda em n\u00edquel cromo<\/li>\n<li><strong>Ajuste pr\u00e1tico de altura e largura<\/strong>\u00a0por meio de volantes, adaptando-se facilmente a diferentes tamanhos de produtos<\/li>\n<li><strong>Detec\u00e7\u00e3o autom\u00e1tica de falhas<\/strong>, que interrompe o processo para garantir seguran\u00e7a e efici\u00eancia<\/li>\n<li><strong>Sensores horizontais e verticais<\/strong>, ideais para produtos pequenos, finos ou delicados<\/li>\n<li><strong>Opcional de retra\u00e7\u00e3o de esteira<\/strong>, otimizando o desempenho com embalagens compactas<\/li>\n<\/ul>\n<p><strong>El T\u00fanel de Encogimiento <\/strong><\/p>\n<p>O equipamento pode ser equipado com\u00a0<strong>t\u00fanel de encolhimento de alta velocidade<\/strong>, ideal para aplica\u00e7\u00f5es industriais cont\u00ednuas e precisas. A tecnologia de circula\u00e7\u00e3o interna de ar quente proporciona\u00a0<strong>um encolhimento uniforme e acabamento est\u00e9tico superior<\/strong>.<\/p>\n<p><strong>Diferenciais do t\u00fanel:<\/strong><\/p>\n<ul>\n<li><strong>Rolos revestidos com silicone<\/strong>, garantindo transporte suave e est\u00e1vel<\/li>\n<li><strong>Controle eletr\u00f4nico preciso de temperatura<\/strong><\/li>\n<li><strong>Sistema de temporiza\u00e7\u00e3o autom\u00e1tico<\/strong>, que desliga o t\u00fanel ao final do ciclo, conservando o equipamento<\/li>\n<li>Compatibilidade com\u00a0<strong>filmes termoencolh\u00edveis como POF, PVC e similares<\/strong><\/li>\n<\/ul>\n<p><strong>Por que escolher a Seladora em L \u2013 Premium da BBA Comex?<\/strong><\/p>\n<ul>\n<li><strong>M\u00e1xima performance industrial com opera\u00e7\u00e3o 100% automatizada<\/strong><\/li>\n<li><strong>Excelente para produ\u00e7\u00f5es cont\u00ednuas e grandes volumes<\/strong><\/li>\n<li><strong>Acabamento profissional em qualquer tipo de produto<\/strong><\/li>\n<li>Estrutura resistente, higi\u00eanica e de f\u00e1cil manuten\u00e7\u00e3o<\/li>\n<li><strong>Versatilidade para atender diversos segmentos e formatos de embalagem<\/strong><\/li>\n<\/ul>\n<p><strong>Eleve o padr\u00e3o da sua linha de produ\u00e7\u00e3o com a Seladora Autom\u00e1tica em L \u2013 Premium da BBA Comex: desempenho incompar\u00e1vel, selagem perfeita e encolhimento uniforme em todas as aplica\u00e7\u00f5es.<\/strong><\/p>\n<p><strong>Video:<\/strong><br \/>\n<iframe title=\"YouTube video player\" src=\"https:\/\/www.youtube.com\/embed\/o1iQFp3_MEQ?si=gwwdWU4taX3MtLRb\" width=\"560\" height=\"315\" frameborder=\"0\" allowfullscreen=\"allowfullscreen\"><\/iframe><\/p>\n<\/div>\n<\/div>\n<\/div>\n<\/div>\n<\/div>\n<\/div>\n<\/div>\n<\/div>\n<\/div>\n<\/div>\n<\/div>\n<\/div>\n<\/div>\n<\/div>","protected":false},"excerpt":{"rendered":"<p><!-- SELADORA L PREMIUM --><\/p>\n<div style=\"max-width: 600px; margin: 40px auto; font-family: Arial, sans-serif; border: 2px solid #0044cc; border-radius: 10px; overflow: hidden;\">\n<div style=\"background-color: #0044cc; color: white; padding: 10px 20px; font-size: 20px; font-weight: bold;\">Seladora L Premium<\/div>\n<div style=\"background-color: #eaf0ff; padding: 10px 20px; font-size: 14px; font-weight: bold;\">Los Datos T\u00e9cnicos De La<\/div>\n<table style=\"width: 100%; border-collapse: collapse; font-size: 14px;\">\n<tbody>\n<tr>\n<td style=\"padding: 10px; border-bottom: 1px solid #ddd;\">Dimens\u00f5es da M\u00e1quina (C x L x A)<\/td>\n<td style=\"padding: 10px; border-bottom: 1px solid #ddd;\">2050 x 1100 x 1650 mm<\/td>\n<\/tr>\n<tr>\n<td style=\"padding: 10px; border-bottom: 1px solid #ddd;\">Tamanho M\u00e1x. da Embalagem (C x L x A)<\/td>\n<td style=\"padding: 10px; border-bottom: 1px solid #ddd;\">500 x 380 x 135 mm<\/td>\n<\/tr>\n<tr>\n<td style=\"padding: 10px; border-bottom: 1px solid #ddd;\">La potencia<\/td>\n<td style=\"padding: 10px; border-bottom: 1px solid #ddd;\">1.55 kW<\/td>\n<\/tr>\n<tr>\n<td style=\"padding: 10px; border-bottom: 1px solid #ddd;\">Tamanho M\u00e1x. do Filme<\/td>\n<td style=\"padding: 10px; border-bottom: 1px solid #ddd;\">550 mm<\/td>\n<\/tr>\n<tr>\n<td style=\"padding: 10px; border-bottom: 1px solid #ddd;\">Tens\u00e3o<\/td>\n<td style=\"padding: 10px; border-bottom: 1px solid #ddd;\">220v monof\u00e1sico<\/td>\n<\/tr>\n<tr>\n<td style=\"padding: 10px; border-bottom: 1px solid #ddd;\">Press\u00e3o de Ar<\/td>\n<td style=\"padding: 10px; border-bottom: 1px solid #ddd;\">6\u20138 kg\/cm\u00b2<\/td>\n<\/tr>\n<tr>\n<td style=\"padding: 10px;\">El Peso de<\/td>\n<td style=\"padding: 10px;\">400 kg<\/td>\n<\/tr>\n<\/tbody>\n<\/table>\n<\/div>","protected":false},"featured_media":1131,"template":"","meta":{"_acf_changed":false},"product_brand":[],"product_cat":[87,77],"product_tag":[],"class_list":{"0":"post-2774","1":"product","2":"type-product","3":"status-publish","4":"has-post-thumbnail","6":"product_cat-automaticas-em-l","7":"product_cat-sem-categoria","9":"first","10":"instock","11":"shipping-taxable","12":"product-type-simple"},"acf":[],"yoast_head":"<!-- This site is optimized with the Yoast SEO Premium plugin v24.5 (Yoast SEO v27.2) - https:\/\/yoast.com\/product\/yoast-seo-premium-wordpress\/ -->\n<title>Seladora Automatica em L - Premium<\/title>\n<meta name=\"description\" content=\"A\u00a0Seladora Autom\u00e1tica em L \u2013 Premium\u00a0representa o mais alto n\u00edvel de automa\u00e7\u00e3o e efici\u00eancia para empresas que demandam\u00a0embalagens termoencolh\u00edveis com acabamento profissional.\" \/>\n<meta name=\"robots\" content=\"index, follow, max-snippet:-1, max-image-preview:large, max-video-preview:-1\" \/>\n<link rel=\"canonical\" href=\"https:\/\/bbacomex.com.br\/es\/producto\/seladora-automatica-em-l-premium\/\" \/>\n<meta property=\"og:locale\" content=\"es_ES\" \/>\n<meta property=\"og:type\" content=\"article\" \/>\n<meta property=\"og:title\" content=\"Seladora Automatica em L - Premium\" \/>\n<meta property=\"og:description\" content=\"A\u00a0Seladora Autom\u00e1tica em L \u2013 Premium\u00a0representa o mais alto n\u00edvel de automa\u00e7\u00e3o e efici\u00eancia para empresas que demandam\u00a0embalagens termoencolh\u00edveis com acabamento profissional.\" \/>\n<meta property=\"og:url\" content=\"https:\/\/bbacomex.com.br\/es\/producto\/seladora-automatica-em-l-premium\/\" \/>\n<meta property=\"og:site_name\" content=\"BBA Comex\" \/>\n<meta property=\"article:publisher\" content=\"https:\/\/www.facebook.com\/bbacomexoficial\" \/>\n<meta property=\"article:modified_time\" content=\"2025-07-17T19:42:49+00:00\" \/>\n<meta property=\"og:image\" content=\"https:\/\/bbacomex.com.br\/wp-content\/uploads\/2024\/03\/seladora-automatica-em-l-premium-01.jpg\" \/>\n\t<meta property=\"og:image:width\" content=\"800\" \/>\n\t<meta property=\"og:image:height\" content=\"533\" \/>\n\t<meta property=\"og:image:type\" content=\"image\/jpeg\" \/>\n<meta name=\"twitter:card\" content=\"summary_large_image\" \/>\n<meta name=\"twitter:label1\" content=\"Precio\" \/>\n\t<meta name=\"twitter:data1\" content=\"\" \/>\n\t<meta name=\"twitter:label2\" content=\"Disponibilidad\" \/>\n\t<meta name=\"twitter:data2\" content=\"Disponible\" \/>\n<script type=\"application\/ld+json\" class=\"yoast-schema-graph\">{\"@context\":\"https:\/\/schema.org\",\"@graph\":[{\"@type\":\"WebPage\",\"@id\":\"https:\/\/bbacomex.com.br\/produto\/seladora-automatica-em-l-premium\/\",\"url\":\"https:\/\/bbacomex.com.br\/produto\/seladora-automatica-em-l-premium\/\",\"name\":\"Seladora Automatica em L - Premium\",\"isPartOf\":{\"@id\":\"https:\/\/bbacomex.com.br\/#website\"},\"primaryImageOfPage\":{\"@id\":\"https:\/\/bbacomex.com.br\/produto\/seladora-automatica-em-l-premium\/#primaryimage\"},\"image\":{\"@id\":\"https:\/\/bbacomex.com.br\/produto\/seladora-automatica-em-l-premium\/#primaryimage\"},\"thumbnailUrl\":\"https:\/\/bbacomex.com.br\/wp-content\/uploads\/2024\/03\/seladora-automatica-em-l-premium-01.jpg\",\"datePublished\":\"2024-05-29T19:46:10+00:00\",\"dateModified\":\"2025-07-17T19:42:49+00:00\",\"description\":\"A\u00a0Seladora Autom\u00e1tica em L \u2013 Premium\u00a0representa o mais alto n\u00edvel de automa\u00e7\u00e3o e efici\u00eancia para empresas que demandam\u00a0embalagens termoencolh\u00edveis com acabamento profissional.\",\"breadcrumb\":{\"@id\":\"https:\/\/bbacomex.com.br\/produto\/seladora-automatica-em-l-premium\/#breadcrumb\"},\"inLanguage\":\"es\",\"potentialAction\":[{\"@type\":\"ReadAction\",\"target\":[\"https:\/\/bbacomex.com.br\/produto\/seladora-automatica-em-l-premium\/\"]}]},{\"@type\":\"ImageObject\",\"inLanguage\":\"es\",\"@id\":\"https:\/\/bbacomex.com.br\/produto\/seladora-automatica-em-l-premium\/#primaryimage\",\"url\":\"https:\/\/bbacomex.com.br\/wp-content\/uploads\/2024\/03\/seladora-automatica-em-l-premium-01.jpg\",\"contentUrl\":\"https:\/\/bbacomex.com.br\/wp-content\/uploads\/2024\/03\/seladora-automatica-em-l-premium-01.jpg\",\"width\":800,\"height\":533},{\"@type\":\"BreadcrumbList\",\"@id\":\"https:\/\/bbacomex.com.br\/produto\/seladora-automatica-em-l-premium\/#breadcrumb\",\"itemListElement\":[{\"@type\":\"ListItem\",\"position\":1,\"name\":\"In\u00edcio\",\"item\":\"https:\/\/bbacomex.com.br\/\"},{\"@type\":\"ListItem\",\"position\":2,\"name\":\"Produtos\",\"item\":\"https:\/\/bbacomex.com.br\/loja\/\"},{\"@type\":\"ListItem\",\"position\":3,\"name\":\"Seladora Automatica em L &#8211; Premium\"}]},{\"@type\":\"WebSite\",\"@id\":\"https:\/\/bbacomex.com.br\/#website\",\"url\":\"https:\/\/bbacomex.com.br\/\",\"name\":\"BBA Comex\",\"description\":\"\",\"publisher\":{\"@id\":\"https:\/\/bbacomex.com.br\/#organization\"},\"potentialAction\":[{\"@type\":\"SearchAction\",\"target\":{\"@type\":\"EntryPoint\",\"urlTemplate\":\"https:\/\/bbacomex.com.br\/?s={search_term_string}\"},\"query-input\":{\"@type\":\"PropertyValueSpecification\",\"valueRequired\":true,\"valueName\":\"search_term_string\"}}],\"inLanguage\":\"es\"},{\"@type\":\"Organization\",\"@id\":\"https:\/\/bbacomex.com.br\/#organization\",\"name\":\"BBA Comex\",\"url\":\"https:\/\/bbacomex.com.br\/\",\"logo\":{\"@type\":\"ImageObject\",\"inLanguage\":\"es\",\"@id\":\"https:\/\/bbacomex.com.br\/#\/schema\/logo\/image\/\",\"url\":\"https:\/\/bbacomex.com.br\/wp-content\/uploads\/2024\/03\/Logo_Rodape.png\",\"contentUrl\":\"https:\/\/bbacomex.com.br\/wp-content\/uploads\/2024\/03\/Logo_Rodape.png\",\"width\":350,\"height\":160,\"caption\":\"BBA Comex\"},\"image\":{\"@id\":\"https:\/\/bbacomex.com.br\/#\/schema\/logo\/image\/\"},\"sameAs\":[\"https:\/\/www.facebook.com\/bbacomexoficial\",\"https:\/\/www.instagram.com\/bbacomex\/\",\"https:\/\/www.linkedin.com\/company\/bba-comex\/\"]}]}<\/script>\n<meta property=\"product:price:currency\" content=\"BRL\" \/>\n<meta property=\"og:availability\" content=\"instock\" \/>\n<meta property=\"product:availability\" content=\"instock\" \/>\n<meta property=\"product:condition\" content=\"new\" \/>\n<!-- \/ Yoast SEO Premium plugin. -->","yoast_head_json":{"title":"Seladora Automatica em L - Premium","description":"A\u00a0Seladora Autom\u00e1tica em L \u2013 Premium\u00a0representa o mais alto n\u00edvel de automa\u00e7\u00e3o e efici\u00eancia para empresas que demandam\u00a0embalagens termoencolh\u00edveis com acabamento profissional.","robots":{"index":"index","follow":"follow","max-snippet":"max-snippet:-1","max-image-preview":"max-image-preview:large","max-video-preview":"max-video-preview:-1"},"canonical":"https:\/\/bbacomex.com.br\/es\/producto\/seladora-automatica-em-l-premium\/","og_locale":"es_ES","og_type":"article","og_title":"Seladora Automatica em L - Premium","og_description":"A\u00a0Seladora Autom\u00e1tica em L \u2013 Premium\u00a0representa o mais alto n\u00edvel de automa\u00e7\u00e3o e efici\u00eancia para empresas que demandam\u00a0embalagens termoencolh\u00edveis com acabamento profissional.","og_url":"https:\/\/bbacomex.com.br\/es\/producto\/seladora-automatica-em-l-premium\/","og_site_name":"BBA Comex","article_publisher":"https:\/\/www.facebook.com\/bbacomexoficial","article_modified_time":"2025-07-17T19:42:49+00:00","og_image":[{"width":800,"height":533,"url":"https:\/\/bbacomex.com.br\/wp-content\/uploads\/2024\/03\/seladora-automatica-em-l-premium-01.jpg","type":"image\/jpeg"}],"twitter_card":"summary_large_image","twitter_misc":{"Precio":"","Disponibilidad":"Disponible"},"schema":{"@context":"https:\/\/schema.org","@graph":[{"@type":"WebPage","@id":"https:\/\/bbacomex.com.br\/produto\/seladora-automatica-em-l-premium\/","url":"https:\/\/bbacomex.com.br\/produto\/seladora-automatica-em-l-premium\/","name":"Seladora Automatica em L - Premium","isPartOf":{"@id":"https:\/\/bbacomex.com.br\/#website"},"primaryImageOfPage":{"@id":"https:\/\/bbacomex.com.br\/produto\/seladora-automatica-em-l-premium\/#primaryimage"},"image":{"@id":"https:\/\/bbacomex.com.br\/produto\/seladora-automatica-em-l-premium\/#primaryimage"},"thumbnailUrl":"https:\/\/bbacomex.com.br\/wp-content\/uploads\/2024\/03\/seladora-automatica-em-l-premium-01.jpg","datePublished":"2024-05-29T19:46:10+00:00","dateModified":"2025-07-17T19:42:49+00:00","description":"A\u00a0Seladora Autom\u00e1tica em L \u2013 Premium\u00a0representa o mais alto n\u00edvel de automa\u00e7\u00e3o e efici\u00eancia para empresas que demandam\u00a0embalagens termoencolh\u00edveis com acabamento profissional.","breadcrumb":{"@id":"https:\/\/bbacomex.com.br\/produto\/seladora-automatica-em-l-premium\/#breadcrumb"},"inLanguage":"es","potentialAction":[{"@type":"ReadAction","target":["https:\/\/bbacomex.com.br\/produto\/seladora-automatica-em-l-premium\/"]}]},{"@type":"ImageObject","inLanguage":"es","@id":"https:\/\/bbacomex.com.br\/produto\/seladora-automatica-em-l-premium\/#primaryimage","url":"https:\/\/bbacomex.com.br\/wp-content\/uploads\/2024\/03\/seladora-automatica-em-l-premium-01.jpg","contentUrl":"https:\/\/bbacomex.com.br\/wp-content\/uploads\/2024\/03\/seladora-automatica-em-l-premium-01.jpg","width":800,"height":533},{"@type":"BreadcrumbList","@id":"https:\/\/bbacomex.com.br\/produto\/seladora-automatica-em-l-premium\/#breadcrumb","itemListElement":[{"@type":"ListItem","position":1,"name":"In\u00edcio","item":"https:\/\/bbacomex.com.br\/"},{"@type":"ListItem","position":2,"name":"Produtos","item":"https:\/\/bbacomex.com.br\/loja\/"},{"@type":"ListItem","position":3,"name":"Seladora Automatica em L &#8211; Premium"}]},{"@type":"WebSite","@id":"https:\/\/bbacomex.com.br\/#website","url":"https:\/\/bbacomex.com.br\/","name":"BBA Comex","description":"","publisher":{"@id":"https:\/\/bbacomex.com.br\/#organization"},"potentialAction":[{"@type":"SearchAction","target":{"@type":"EntryPoint","urlTemplate":"https:\/\/bbacomex.com.br\/?s={search_term_string}"},"query-input":{"@type":"PropertyValueSpecification","valueRequired":true,"valueName":"search_term_string"}}],"inLanguage":"es"},{"@type":"Organization","@id":"https:\/\/bbacomex.com.br\/#organization","name":"BBA Comex","url":"https:\/\/bbacomex.com.br\/","logo":{"@type":"ImageObject","inLanguage":"es","@id":"https:\/\/bbacomex.com.br\/#\/schema\/logo\/image\/","url":"https:\/\/bbacomex.com.br\/wp-content\/uploads\/2024\/03\/Logo_Rodape.png","contentUrl":"https:\/\/bbacomex.com.br\/wp-content\/uploads\/2024\/03\/Logo_Rodape.png","width":350,"height":160,"caption":"BBA Comex"},"image":{"@id":"https:\/\/bbacomex.com.br\/#\/schema\/logo\/image\/"},"sameAs":["https:\/\/www.facebook.com\/bbacomexoficial","https:\/\/www.instagram.com\/bbacomex\/","https:\/\/www.linkedin.com\/company\/bba-comex\/"]}]},"product_price_currency":"BRL","og_availability":"instock","product_availability":"instock","product_condition":"new"},"_links":{"self":[{"href":"https:\/\/bbacomex.com.br\/es\/wp-json\/wp\/v2\/product\/2774","targetHints":{"allow":["GET"]}}],"collection":[{"href":"https:\/\/bbacomex.com.br\/es\/wp-json\/wp\/v2\/product"}],"about":[{"href":"https:\/\/bbacomex.com.br\/es\/wp-json\/wp\/v2\/types\/product"}],"wp:featuredmedia":[{"embeddable":true,"href":"https:\/\/bbacomex.com.br\/es\/wp-json\/wp\/v2\/media\/1131"}],"wp:attachment":[{"href":"https:\/\/bbacomex.com.br\/es\/wp-json\/wp\/v2\/media?parent=2774"}],"wp:term":[{"taxonomy":"product_brand","embeddable":true,"href":"https:\/\/bbacomex.com.br\/es\/wp-json\/wp\/v2\/product_brand?post=2774"},{"taxonomy":"product_cat","embeddable":true,"href":"https:\/\/bbacomex.com.br\/es\/wp-json\/wp\/v2\/product_cat?post=2774"},{"taxonomy":"product_tag","embeddable":true,"href":"https:\/\/bbacomex.com.br\/es\/wp-json\/wp\/v2\/product_tag?post=2774"}],"curies":[{"name":"wp","href":"https:\/\/api.w.org\/{rel}","templated":true}]}}