{"id":2776,"date":"2024-05-29T16:54:14","date_gmt":"2024-05-29T19:54:14","guid":{"rendered":"https:\/\/bbacomex.com.br\/?post_type=product&#038;p=2776"},"modified":"2025-07-17T16:48:07","modified_gmt":"2025-07-17T19:48:07","slug":"seladora-continua-master","status":"publish","type":"product","link":"https:\/\/bbacomex.com.br\/es\/producto\/seladora-continua-master\/","title":{"rendered":"Selladora Continua Master"},"content":{"rendered":"<div class=\"elementor-element elementor-element-3db3e01 elementor-widget__width-initial elementor-widget elementor-widget-text-editor\" data-id=\"3db3e01\" data-element_type=\"widget\" data-widget_type=\"text-editor.default\">\n<div class=\"elementor-widget-container\">\n<div class=\"elementor-element elementor-element-5bfbfe5 elementor-widget__width-initial elementor-widget elementor-widget-text-editor\" data-id=\"5bfbfe5\" data-element_type=\"widget\" data-widget_type=\"text-editor.default\">\n<div class=\"elementor-widget-container\">\n<div class=\"elementor-element elementor-element-f50db4f elementor-widget__width-initial elementor-widget elementor-widget-text-editor\" data-id=\"f50db4f\" data-element_type=\"widget\" data-widget_type=\"text-editor.default\">\n<div class=\"elementor-widget-container\">\n<div class=\"elementor-element elementor-element-3db3e01 elementor-widget__width-initial elementor-widget elementor-widget-text-editor\" data-id=\"3db3e01\" data-element_type=\"widget\" data-widget_type=\"text-editor.default\">\n<div class=\"elementor-widget-container\">\n<div class=\"elementor-element elementor-element-5bfbfe5 elementor-widget__width-initial elementor-widget elementor-widget-text-editor\" data-id=\"5bfbfe5\" data-element_type=\"widget\" data-widget_type=\"text-editor.default\">\n<div class=\"elementor-widget-container\">\n<div class=\"elementor-element elementor-element-f50db4f elementor-widget__width-initial elementor-widget elementor-widget-text-editor\" data-id=\"f50db4f\" data-element_type=\"widget\" data-widget_type=\"text-editor.default\">\n<div class=\"elementor-widget-container\">\n<div class=\"elementor-element elementor-element-7e3edc1 elementor-widget__width-initial elementor-widget elementor-widget-text-editor\" data-id=\"7e3edc1\" data-element_type=\"widget\" data-widget_type=\"text-editor.default\">\n<div class=\"elementor-widget-container\">\n<p><strong>Automa\u00e7\u00e3o total, selagem lateral cont\u00ednua e alta produtividade para linhas exigentes<\/strong><\/p>\n<p>A\u00a0<strong>Selladora Continua Master<\/strong>\u00a0da\u00a0<strong>BBA Comex<\/strong>\u00a0\u00e9 um equipamento robusto e eficiente, desenvolvido para empresas que buscam alto desempenho e confiabilidade em suas linhas de embalagem. Sua estrutura em a\u00e7o carbono e design funcional atendem \u00e0s mais recentes exig\u00eancias de higiene e facilidade de limpeza, garantindo durabilidade e seguran\u00e7a operacional.<\/p>\n<p><strong>Principais Caracter\u00edsticas da Seladora Cont\u00ednua Master<\/strong><\/p>\n<ul>\n<li>Seladora angular com\u00a0<strong>selagem cont\u00ednua lateral (side seal)<\/strong>\u00a0e barramento transversal<\/li>\n<li>Estrutura refor\u00e7ada em\u00a0<strong>a\u00e7o carbono<\/strong>, ideal para ambientes industriais<\/li>\n<li><strong>Automa\u00e7\u00e3o completa<\/strong>\u00a0em todo o processo: alimenta\u00e7\u00e3o, transporte, selagem, encolhimento e manuseio<\/li>\n<li><strong>Alta capacidade de produ\u00e7\u00e3o<\/strong>: at\u00e9\u00a0<strong>40 embalagens por minuto<\/strong><\/li>\n<li>Sistema de selagem com\u00a0<strong>controle PID de temperatura constante<\/strong>, compat\u00edvel com filmes termoencolh\u00edveis como\u00a0<strong>POF<\/strong><\/li>\n<li><strong>Ajustes r\u00e1pidos e precisos<\/strong>\u00a0de altura e largura via volantes laterais<\/li>\n<li><strong>Sistema inteligente de detec\u00e7\u00e3o de falhas<\/strong>\u00a0com parada autom\u00e1tica em caso de erro<\/li>\n<li>Alimenta\u00e7\u00e3o controlada por\u00a0<strong>sensores horizontais e verticais<\/strong>, garantindo efici\u00eancia mesmo com produtos pequenos ou delicados<\/li>\n<\/ul>\n<p>&nbsp;<\/p>\n<p><strong>Diferenciais da Linha Master<\/strong><\/p>\n<ul>\n<li>Alta performance com controle t\u00e9rmico est\u00e1vel e acabamento profissional<\/li>\n<li>Redu\u00e7\u00e3o de tempo de setup e ganho em produtividade com ajustes simples<\/li>\n<li>F\u00e1cil integra\u00e7\u00e3o \u00e0 linha de produ\u00e7\u00e3o com\u00a0<strong>opera\u00e7\u00e3o intuitiva<\/strong>\u00a0e manuten\u00e7\u00e3o pr\u00e1tica<\/li>\n<li>Projeto robusto e confi\u00e1vel para\u00a0<strong>opera\u00e7\u00f5es de m\u00e9dio e grande porte<\/strong><\/li>\n<\/ul>\n<p>&nbsp;<\/p>\n<p><strong>A Seladora Cont\u00ednua Master \u00e9 a escolha estrat\u00e9gica para ind\u00fastrias que valorizam efici\u00eancia, automa\u00e7\u00e3o e qualidade no processo de embalagem. Conte com a expertise da BBA Comex para levar sua produ\u00e7\u00e3o a um novo patamar.<\/strong><\/p>\n<\/div>\n<\/div>\n<\/div>\n<\/div>\n<\/div>\n<\/div>\n<\/div>\n<\/div>\n<\/div>\n<\/div>\n<\/div>\n<\/div>\n<\/div>\n<\/div>","protected":false},"excerpt":{"rendered":"<p>Video:<br \/>\n<iframe title=\"YouTube video player\" src=\"https:\/\/www.youtube.com\/embed\/5GsakknIjTs?si=Di1eGWqtinrvBULF\" width=\"560\" height=\"315\" frameborder=\"0\" allowfullscreen=\"allowfullscreen\" data-mce-fragment=\"1\"><\/iframe><\/p>\n<div style=\"max-width: 600px; margin: auto; font-family: Arial, sans-serif; border: 2px solid #0044cc; border-radius: 10px; overflow: hidden;\">\n<div style=\"background-color: #0044cc; color: white; padding: 10px 20px; font-size: 24px; font-weight: bold;\">T\u00fanel Cont\u00ednuo: Master<\/div>\n<div style=\"background-color: #eaf0ff; padding: 10px 20px; font-size: 14px; font-weight: bold;\">Los Datos T\u00e9cnicos De La<\/div>\n<table style=\"width: 100%; border-collapse: collapse; font-size: 14px;\">\n<tbody>\n<tr>\n<td style=\"padding: 10px; border-bottom: 1px solid #ddd;\">Dimens\u00f5es da M\u00e1quina (C x L x A)<\/td>\n<td style=\"padding: 10px; border-bottom: 1px solid #ddd;\">1600 x 770 x 1500 mm<\/td>\n<\/tr>\n<tr>\n<td style=\"padding: 10px; border-bottom: 1px solid #ddd;\">Entrada do T\u00fanel (L x A)<\/td>\n<td style=\"padding: 10px; border-bottom: 1px solid #ddd;\">400 x 200 mm<\/td>\n<\/tr>\n<tr>\n<td style=\"padding: 10px; border-bottom: 1px solid #ddd;\">Alimenta\u00e7\u00e3o el\u00e9trica<\/td>\n<td style=\"padding: 10px; border-bottom: 1px solid #ddd;\">220v \/ 380v Trif\u00e1sico<\/td>\n<\/tr>\n<tr>\n<td style=\"padding: 10px; border-bottom: 1px solid #ddd;\">El Peso de<\/td>\n<td style=\"padding: 10px; border-bottom: 1px solid #ddd;\">185 Kg<\/td>\n<\/tr>\n<tr>\n<td style=\"padding: 10px;\">La potencia<\/td>\n<td style=\"padding: 10px;\">12 KW<\/td>\n<\/tr>\n<\/tbody>\n<\/table>\n<\/div>\n<p><!-- SELADORA CONT\u00cdNUA MASTER 40 --><\/p>\n<div style=\"max-width: 600px; margin: 40px auto; font-family: Arial, sans-serif; border: 2px solid #0044cc; border-radius: 10px; overflow: hidden;\">\n<div style=\"background-color: #0044cc; color: white; padding: 10px 20px; font-size: 20px; font-weight: bold;\">Seladora Cont\u00ednua Master 40<\/div>\n<div style=\"background-color: #eaf0ff; padding: 10px 20px; font-size: 14px; font-weight: bold;\">Los Datos T\u00e9cnicos De La<\/div>\n<table style=\"width: 100%; border-collapse: collapse; font-size: 14px;\">\n<tbody>\n<tr>\n<td style=\"padding: 10px; border-bottom: 1px solid #ddd;\">Dimens\u00f5es da M\u00e1quina (C x L x A)<\/td>\n<td style=\"padding: 10px; border-bottom: 1px solid #ddd;\">1684 x 964 x 1600 mm<\/td>\n<\/tr>\n<tr>\n<td style=\"padding: 10px; border-bottom: 1px solid #ddd;\">Tamanho M\u00e1x. da Embalagem (C x L x A)<\/td>\n<td style=\"padding: 10px; border-bottom: 1px solid #ddd;\">ilimitado x 350 x 160 mm<\/td>\n<\/tr>\n<tr>\n<td style=\"padding: 10px; border-bottom: 1px solid #ddd;\">Tamanho M\u00edn. da Embalagem (C x L x A)<\/td>\n<td style=\"padding: 10px; border-bottom: 1px solid #ddd;\">ilimitado x 100 x 180 mm<\/td>\n<\/tr>\n<tr>\n<td style=\"padding: 10px; border-bottom: 1px solid #ddd;\">Tamanho M\u00e1x. do Filme<\/td>\n<td style=\"padding: 10px; border-bottom: 1px solid #ddd;\">550 mm<\/td>\n<\/tr>\n<tr>\n<td style=\"padding: 10px; border-bottom: 1px solid #ddd;\">La potencia<\/td>\n<td style=\"padding: 10px; border-bottom: 1px solid #ddd;\">1.8 kW<\/td>\n<\/tr>\n<tr>\n<td style=\"padding: 10px; border-bottom: 1px solid #ddd;\">Tens\u00e3o<\/td>\n<td style=\"padding: 10px; border-bottom: 1px solid #ddd;\">220v \/ 380v trif\u00e1sico<\/td>\n<\/tr>\n<tr>\n<td style=\"padding: 10px; border-bottom: 1px solid #ddd;\">Press\u00e3o de Ar<\/td>\n<td style=\"padding: 10px; border-bottom: 1px solid #ddd;\">6\u20138 kg\/cm\u00b2<\/td>\n<\/tr>\n<tr>\n<td style=\"padding: 10px;\">El Peso de<\/td>\n<td style=\"padding: 10px;\">400 kg<\/td>\n<\/tr>\n<\/tbody>\n<\/table>\n<div style=\"padding: 10px 20px; font-size: 13px; background-color: #f9f9f9; border-top: 1px solid #ddd; color: #333;\"><strong>Dispon\u00edveis nos tamanhos:<\/strong> 40 \/ 60 \/ 80 \/ 110<br \/>\n<em>(Demais informa\u00e7\u00f5es, entre em contato)<\/em><\/div>\n<\/div>","protected":false},"featured_media":3707,"template":"","meta":{"_acf_changed":false},"product_brand":[],"product_cat":[88,77],"product_tag":[],"class_list":{"0":"post-2776","1":"product","2":"type-product","3":"status-publish","4":"has-post-thumbnail","6":"product_cat-seladoras-continuas","7":"product_cat-sem-categoria","9":"first","10":"instock","11":"shipping-taxable","12":"product-type-simple"},"acf":[],"yoast_head":"<!-- This site is optimized with the Yoast SEO Premium plugin v24.5 (Yoast SEO v27.2) - https:\/\/yoast.com\/product\/yoast-seo-premium-wordpress\/ -->\n<title>Seladora Cont\u00ednua Master<\/title>\n<meta name=\"description\" content=\"A\u00a0Seladora Cont\u00ednua Master\u00a0\u00e9 um equipamento robusto e eficiente, desenvolvido para empresas que buscam alto desempenho e confiabilidade em suas linhas de embalagem.\" \/>\n<meta name=\"robots\" content=\"index, follow, max-snippet:-1, max-image-preview:large, max-video-preview:-1\" \/>\n<link rel=\"canonical\" href=\"https:\/\/bbacomex.com.br\/es\/producto\/seladora-continua-master\/\" \/>\n<meta property=\"og:locale\" content=\"es_ES\" \/>\n<meta property=\"og:type\" content=\"article\" \/>\n<meta property=\"og:title\" content=\"Seladora Cont\u00ednua Master\" \/>\n<meta property=\"og:description\" content=\"A\u00a0Seladora Cont\u00ednua Master\u00a0\u00e9 um equipamento robusto e eficiente, desenvolvido para empresas que buscam alto desempenho e confiabilidade em suas linhas de embalagem.\" \/>\n<meta property=\"og:url\" content=\"https:\/\/bbacomex.com.br\/es\/producto\/seladora-continua-master\/\" \/>\n<meta property=\"og:site_name\" content=\"BBA Comex\" \/>\n<meta property=\"article:publisher\" content=\"https:\/\/www.facebook.com\/bbacomexoficial\" \/>\n<meta property=\"article:modified_time\" content=\"2025-07-17T19:48:07+00:00\" \/>\n<meta property=\"og:image\" content=\"https:\/\/bbacomex.com.br\/wp-content\/uploads\/2024\/05\/WhatsApp-Image-2024-10-30-at-12.11.39.jpeg\" \/>\n\t<meta property=\"og:image:width\" content=\"1600\" \/>\n\t<meta property=\"og:image:height\" content=\"1066\" \/>\n\t<meta property=\"og:image:type\" content=\"image\/jpeg\" \/>\n<meta name=\"twitter:card\" content=\"summary_large_image\" \/>\n<meta name=\"twitter:label1\" content=\"Precio\" \/>\n\t<meta name=\"twitter:data1\" content=\"\" \/>\n\t<meta name=\"twitter:label2\" content=\"Disponibilidad\" \/>\n\t<meta name=\"twitter:data2\" content=\"Disponible\" \/>\n<script type=\"application\/ld+json\" class=\"yoast-schema-graph\">{\"@context\":\"https:\/\/schema.org\",\"@graph\":[{\"@type\":\"WebPage\",\"@id\":\"https:\/\/bbacomex.com.br\/produto\/seladora-continua-master\/\",\"url\":\"https:\/\/bbacomex.com.br\/produto\/seladora-continua-master\/\",\"name\":\"Seladora Cont\u00ednua Master\",\"isPartOf\":{\"@id\":\"https:\/\/bbacomex.com.br\/#website\"},\"primaryImageOfPage\":{\"@id\":\"https:\/\/bbacomex.com.br\/produto\/seladora-continua-master\/#primaryimage\"},\"image\":{\"@id\":\"https:\/\/bbacomex.com.br\/produto\/seladora-continua-master\/#primaryimage\"},\"thumbnailUrl\":\"https:\/\/bbacomex.com.br\/wp-content\/uploads\/2024\/05\/WhatsApp-Image-2024-10-30-at-12.11.39.jpeg\",\"datePublished\":\"2024-05-29T19:54:14+00:00\",\"dateModified\":\"2025-07-17T19:48:07+00:00\",\"description\":\"A\u00a0Seladora Cont\u00ednua Master\u00a0\u00e9 um equipamento robusto e eficiente, desenvolvido para empresas que buscam alto desempenho e confiabilidade em suas linhas de embalagem.\",\"breadcrumb\":{\"@id\":\"https:\/\/bbacomex.com.br\/produto\/seladora-continua-master\/#breadcrumb\"},\"inLanguage\":\"es\",\"potentialAction\":[{\"@type\":\"ReadAction\",\"target\":[\"https:\/\/bbacomex.com.br\/produto\/seladora-continua-master\/\"]}]},{\"@type\":\"ImageObject\",\"inLanguage\":\"es\",\"@id\":\"https:\/\/bbacomex.com.br\/produto\/seladora-continua-master\/#primaryimage\",\"url\":\"https:\/\/bbacomex.com.br\/wp-content\/uploads\/2024\/05\/WhatsApp-Image-2024-10-30-at-12.11.39.jpeg\",\"contentUrl\":\"https:\/\/bbacomex.com.br\/wp-content\/uploads\/2024\/05\/WhatsApp-Image-2024-10-30-at-12.11.39.jpeg\",\"width\":1600,\"height\":1066},{\"@type\":\"BreadcrumbList\",\"@id\":\"https:\/\/bbacomex.com.br\/produto\/seladora-continua-master\/#breadcrumb\",\"itemListElement\":[{\"@type\":\"ListItem\",\"position\":1,\"name\":\"In\u00edcio\",\"item\":\"https:\/\/bbacomex.com.br\/\"},{\"@type\":\"ListItem\",\"position\":2,\"name\":\"Produtos\",\"item\":\"https:\/\/bbacomex.com.br\/loja\/\"},{\"@type\":\"ListItem\",\"position\":3,\"name\":\"Seladora Cont\u00ednua Master\"}]},{\"@type\":\"WebSite\",\"@id\":\"https:\/\/bbacomex.com.br\/#website\",\"url\":\"https:\/\/bbacomex.com.br\/\",\"name\":\"BBA Comex\",\"description\":\"\",\"publisher\":{\"@id\":\"https:\/\/bbacomex.com.br\/#organization\"},\"potentialAction\":[{\"@type\":\"SearchAction\",\"target\":{\"@type\":\"EntryPoint\",\"urlTemplate\":\"https:\/\/bbacomex.com.br\/?s={search_term_string}\"},\"query-input\":{\"@type\":\"PropertyValueSpecification\",\"valueRequired\":true,\"valueName\":\"search_term_string\"}}],\"inLanguage\":\"es\"},{\"@type\":\"Organization\",\"@id\":\"https:\/\/bbacomex.com.br\/#organization\",\"name\":\"BBA Comex\",\"url\":\"https:\/\/bbacomex.com.br\/\",\"logo\":{\"@type\":\"ImageObject\",\"inLanguage\":\"es\",\"@id\":\"https:\/\/bbacomex.com.br\/#\/schema\/logo\/image\/\",\"url\":\"https:\/\/bbacomex.com.br\/wp-content\/uploads\/2024\/03\/Logo_Rodape.png\",\"contentUrl\":\"https:\/\/bbacomex.com.br\/wp-content\/uploads\/2024\/03\/Logo_Rodape.png\",\"width\":350,\"height\":160,\"caption\":\"BBA Comex\"},\"image\":{\"@id\":\"https:\/\/bbacomex.com.br\/#\/schema\/logo\/image\/\"},\"sameAs\":[\"https:\/\/www.facebook.com\/bbacomexoficial\",\"https:\/\/www.instagram.com\/bbacomex\/\",\"https:\/\/www.linkedin.com\/company\/bba-comex\/\"]}]}<\/script>\n<meta property=\"product:price:currency\" content=\"BRL\" \/>\n<meta property=\"og:availability\" content=\"instock\" \/>\n<meta property=\"product:availability\" content=\"instock\" \/>\n<meta property=\"product:condition\" content=\"new\" \/>\n<!-- \/ Yoast SEO Premium plugin. -->","yoast_head_json":{"title":"Seladora Cont\u00ednua Master","description":"A\u00a0Seladora Cont\u00ednua Master\u00a0\u00e9 um equipamento robusto e eficiente, desenvolvido para empresas que buscam alto desempenho e confiabilidade em suas linhas de embalagem.","robots":{"index":"index","follow":"follow","max-snippet":"max-snippet:-1","max-image-preview":"max-image-preview:large","max-video-preview":"max-video-preview:-1"},"canonical":"https:\/\/bbacomex.com.br\/es\/producto\/seladora-continua-master\/","og_locale":"es_ES","og_type":"article","og_title":"Seladora Cont\u00ednua Master","og_description":"A\u00a0Seladora Cont\u00ednua Master\u00a0\u00e9 um equipamento robusto e eficiente, desenvolvido para empresas que buscam alto desempenho e confiabilidade em suas linhas de embalagem.","og_url":"https:\/\/bbacomex.com.br\/es\/producto\/seladora-continua-master\/","og_site_name":"BBA Comex","article_publisher":"https:\/\/www.facebook.com\/bbacomexoficial","article_modified_time":"2025-07-17T19:48:07+00:00","og_image":[{"width":1600,"height":1066,"url":"https:\/\/bbacomex.com.br\/wp-content\/uploads\/2024\/05\/WhatsApp-Image-2024-10-30-at-12.11.39.jpeg","type":"image\/jpeg"}],"twitter_card":"summary_large_image","twitter_misc":{"Precio":"","Disponibilidad":"Disponible"},"schema":{"@context":"https:\/\/schema.org","@graph":[{"@type":"WebPage","@id":"https:\/\/bbacomex.com.br\/produto\/seladora-continua-master\/","url":"https:\/\/bbacomex.com.br\/produto\/seladora-continua-master\/","name":"Seladora Cont\u00ednua Master","isPartOf":{"@id":"https:\/\/bbacomex.com.br\/#website"},"primaryImageOfPage":{"@id":"https:\/\/bbacomex.com.br\/produto\/seladora-continua-master\/#primaryimage"},"image":{"@id":"https:\/\/bbacomex.com.br\/produto\/seladora-continua-master\/#primaryimage"},"thumbnailUrl":"https:\/\/bbacomex.com.br\/wp-content\/uploads\/2024\/05\/WhatsApp-Image-2024-10-30-at-12.11.39.jpeg","datePublished":"2024-05-29T19:54:14+00:00","dateModified":"2025-07-17T19:48:07+00:00","description":"A\u00a0Seladora Cont\u00ednua Master\u00a0\u00e9 um equipamento robusto e eficiente, desenvolvido para empresas que buscam alto desempenho e confiabilidade em suas linhas de embalagem.","breadcrumb":{"@id":"https:\/\/bbacomex.com.br\/produto\/seladora-continua-master\/#breadcrumb"},"inLanguage":"es","potentialAction":[{"@type":"ReadAction","target":["https:\/\/bbacomex.com.br\/produto\/seladora-continua-master\/"]}]},{"@type":"ImageObject","inLanguage":"es","@id":"https:\/\/bbacomex.com.br\/produto\/seladora-continua-master\/#primaryimage","url":"https:\/\/bbacomex.com.br\/wp-content\/uploads\/2024\/05\/WhatsApp-Image-2024-10-30-at-12.11.39.jpeg","contentUrl":"https:\/\/bbacomex.com.br\/wp-content\/uploads\/2024\/05\/WhatsApp-Image-2024-10-30-at-12.11.39.jpeg","width":1600,"height":1066},{"@type":"BreadcrumbList","@id":"https:\/\/bbacomex.com.br\/produto\/seladora-continua-master\/#breadcrumb","itemListElement":[{"@type":"ListItem","position":1,"name":"In\u00edcio","item":"https:\/\/bbacomex.com.br\/"},{"@type":"ListItem","position":2,"name":"Produtos","item":"https:\/\/bbacomex.com.br\/loja\/"},{"@type":"ListItem","position":3,"name":"Seladora Cont\u00ednua Master"}]},{"@type":"WebSite","@id":"https:\/\/bbacomex.com.br\/#website","url":"https:\/\/bbacomex.com.br\/","name":"BBA Comex","description":"","publisher":{"@id":"https:\/\/bbacomex.com.br\/#organization"},"potentialAction":[{"@type":"SearchAction","target":{"@type":"EntryPoint","urlTemplate":"https:\/\/bbacomex.com.br\/?s={search_term_string}"},"query-input":{"@type":"PropertyValueSpecification","valueRequired":true,"valueName":"search_term_string"}}],"inLanguage":"es"},{"@type":"Organization","@id":"https:\/\/bbacomex.com.br\/#organization","name":"BBA Comex","url":"https:\/\/bbacomex.com.br\/","logo":{"@type":"ImageObject","inLanguage":"es","@id":"https:\/\/bbacomex.com.br\/#\/schema\/logo\/image\/","url":"https:\/\/bbacomex.com.br\/wp-content\/uploads\/2024\/03\/Logo_Rodape.png","contentUrl":"https:\/\/bbacomex.com.br\/wp-content\/uploads\/2024\/03\/Logo_Rodape.png","width":350,"height":160,"caption":"BBA Comex"},"image":{"@id":"https:\/\/bbacomex.com.br\/#\/schema\/logo\/image\/"},"sameAs":["https:\/\/www.facebook.com\/bbacomexoficial","https:\/\/www.instagram.com\/bbacomex\/","https:\/\/www.linkedin.com\/company\/bba-comex\/"]}]},"product_price_currency":"BRL","og_availability":"instock","product_availability":"instock","product_condition":"new"},"_links":{"self":[{"href":"https:\/\/bbacomex.com.br\/es\/wp-json\/wp\/v2\/product\/2776","targetHints":{"allow":["GET"]}}],"collection":[{"href":"https:\/\/bbacomex.com.br\/es\/wp-json\/wp\/v2\/product"}],"about":[{"href":"https:\/\/bbacomex.com.br\/es\/wp-json\/wp\/v2\/types\/product"}],"wp:featuredmedia":[{"embeddable":true,"href":"https:\/\/bbacomex.com.br\/es\/wp-json\/wp\/v2\/media\/3707"}],"wp:attachment":[{"href":"https:\/\/bbacomex.com.br\/es\/wp-json\/wp\/v2\/media?parent=2776"}],"wp:term":[{"taxonomy":"product_brand","embeddable":true,"href":"https:\/\/bbacomex.com.br\/es\/wp-json\/wp\/v2\/product_brand?post=2776"},{"taxonomy":"product_cat","embeddable":true,"href":"https:\/\/bbacomex.com.br\/es\/wp-json\/wp\/v2\/product_cat?post=2776"},{"taxonomy":"product_tag","embeddable":true,"href":"https:\/\/bbacomex.com.br\/es\/wp-json\/wp\/v2\/product_tag?post=2776"}],"curies":[{"name":"wp","href":"https:\/\/api.w.org\/{rel}","templated":true}]}}