{"id":2779,"date":"2024-05-29T16:57:58","date_gmt":"2024-05-29T19:57:58","guid":{"rendered":"https:\/\/bbacomex.com.br\/?post_type=product&#038;p=2779"},"modified":"2026-04-10T14:09:34","modified_gmt":"2026-04-10T17:09:34","slug":"seladora-continua-premium-alta-velocidade","status":"publish","type":"product","link":"https:\/\/bbacomex.com.br\/es\/producto\/seladora-continua-premium-alta-velocidade\/","title":{"rendered":"Seladora Continua Premium Alta Velocidade"},"content":{"rendered":"<div class=\"elementor-element elementor-element-3db3e01 elementor-widget__width-initial elementor-widget elementor-widget-text-editor\" data-id=\"3db3e01\" data-element_type=\"widget\" data-widget_type=\"text-editor.default\">\n<div class=\"elementor-widget-container\">\n<div class=\"elementor-element elementor-element-5bfbfe5 elementor-widget__width-initial elementor-widget elementor-widget-text-editor\" data-id=\"5bfbfe5\" data-element_type=\"widget\" data-widget_type=\"text-editor.default\">\n<div class=\"elementor-widget-container\">\n<div class=\"elementor-element elementor-element-f50db4f elementor-widget__width-initial elementor-widget elementor-widget-text-editor\" data-id=\"f50db4f\" data-element_type=\"widget\" data-widget_type=\"text-editor.default\">\n<div class=\"elementor-widget-container\">\n<div class=\"elementor-element elementor-element-3db3e01 elementor-widget__width-initial elementor-widget elementor-widget-text-editor\" data-id=\"3db3e01\" data-element_type=\"widget\" data-widget_type=\"text-editor.default\">\n<div class=\"elementor-widget-container\">\n<div class=\"elementor-element elementor-element-5bfbfe5 elementor-widget__width-initial elementor-widget elementor-widget-text-editor\" data-id=\"5bfbfe5\" data-element_type=\"widget\" data-widget_type=\"text-editor.default\">\n<div class=\"elementor-widget-container\">\n<div class=\"elementor-element elementor-element-f50db4f elementor-widget__width-initial elementor-widget elementor-widget-text-editor\" data-id=\"f50db4f\" data-element_type=\"widget\" data-widget_type=\"text-editor.default\">\n<div class=\"elementor-widget-container\">\n<div class=\"elementor-element elementor-element-7e3edc1 elementor-widget__width-initial elementor-widget elementor-widget-text-editor\" data-id=\"7e3edc1\" data-element_type=\"widget\" data-widget_type=\"text-editor.default\">\n<div class=\"elementor-widget-container\">\n<p><strong>O mais alto n\u00edvel de automa\u00e7\u00e3o, velocidade e precis\u00e3o em embalagens termoencolh\u00edveis<\/strong><\/p>\n<p>A <strong>Seladora Continua Premium Alta Velocidade<\/strong>\u00a0\u00e9 o modelo\u00a0<strong>top de linha da BBA Comex<\/strong>, desenvolvida com tecnologia de ponta da\u00a0<strong>Maripak (Europa)<\/strong>, que a BBA Comex traz com exclusividade para o Brasil. Projetada para atender \u00e0s exig\u00eancias de\u00a0<strong>produ\u00e7\u00e3o cont\u00ednua em grande escala<\/strong>, esse equipamento oferece m\u00e1xima produtividade, opera\u00e7\u00e3o 100% el\u00e9trica (sem ar comprimido) e selagem impec\u00e1vel.<\/p>\n<p><strong>Alta Performance com Tecnologia Europeia<\/strong><\/p>\n<ul>\n<li><strong>Produ\u00e7\u00e3o de at\u00e9 120 pe\u00e7as por minuto<\/strong><br \/>\nUma das maiores capacidades do mercado, ideal para linhas industriais de alta demanda.<\/li>\n<li><strong>Totalmente el\u00e9trica<\/strong><br \/>\nDispensa sistemas pneum\u00e1ticos, reduz ru\u00eddo, manuten\u00e7\u00e3o e consumo de energia.<\/li>\n<li><strong>Tecnologia exclusiva Maripak<\/strong><br \/>\nA BBA Comex \u00e9 a representante oficial no Brasil da fabricante europeia refer\u00eancia em seladoras de alta tecnologia.<\/li>\n<\/ul>\n<p><strong>Efici\u00eancia Operacional Incompar\u00e1vel<\/strong><\/p>\n<ul>\n<li><strong>Selagem transversal e lateral cont\u00ednua<\/strong><br \/>\nPermite selar produtos de comprimentos variados sem interrup\u00e7\u00f5es, garantindo maior flexibilidade na linha de produ\u00e7\u00e3o.<\/li>\n<li><strong>Sistema de barramento de selagem m\u00f3vel<\/strong><br \/>\nAcompanha o movimento da esteira, proporcionando\u00a0<strong>mais precis\u00e3o e velocidade<\/strong>.<\/li>\n<li><strong>Controle PID de temperatura constante<\/strong><br \/>\nIdeal para uso com filmes termoencolh\u00edveis\u00a0<strong>POF<\/strong>, com qualidade de selagem superior.<\/li>\n<li><strong>Design robusto e higi\u00eanico<\/strong><br \/>\nEstrutura em\u00a0<strong>a\u00e7o carbono<\/strong>, de f\u00e1cil higieniza\u00e7\u00e3o e excelente durabilidade.<\/li>\n<\/ul>\n<p><strong>Intelig\u00eancia e Facilidade na Opera\u00e7\u00e3o<\/strong><\/p>\n<ul>\n<li><strong>Painel touchscreen IHM (interface homem-m\u00e1quina)<\/strong><br \/>\nInterface moderna e intuitiva para setup r\u00e1pido, grava\u00e7\u00e3o de receitas, controle de produ\u00e7\u00e3o e detec\u00e7\u00e3o de falhas em tempo real.<\/li>\n<li><strong>Sensores de alimenta\u00e7\u00e3o verticais e horizontais<\/strong><br \/>\nControlam com precis\u00e3o o posicionamento dos produtos, inclusive os mais pequenos ou delicados.<\/li>\n<li><strong>Ajustes f\u00e1ceis de altura e largura<\/strong><br \/>\nRealizados por volantes ergon\u00f4micos, sem necessidade de ferramentas.<\/li>\n<\/ul>\n<p><strong>T\u00fanel de Encolhimento Integrado<\/strong><\/p>\n<ul>\n<li>T\u00fanel de\u00a0<strong>alta velocidade com circula\u00e7\u00e3o de ar quente interna<\/strong><\/li>\n<li>Rolos transportadores autom\u00e1ticos revestidos com silicone<\/li>\n<li><strong>Controle eletr\u00f4nico de temperatura<\/strong><\/li>\n<li><strong>Temporizador inteligente<\/strong>\u00a0para desligamento autom\u00e1tico, prolongando a vida \u00fatil do equipamento<\/li>\n<\/ul>\n<p><strong>Por que investir na Seladora de Alta Velocidade BBA Comex?<\/strong><\/p>\n<ul>\n<li><strong>M\u00e1xima produtividade com qualidade europeia<\/strong><\/li>\n<li><strong>Zero pneum\u00e1tico<\/strong>: mais econ\u00f4mica, silenciosa e limpa<\/li>\n<li>Integra\u00e7\u00e3o perfeita a linhas automatizadas<\/li>\n<li>Opera\u00e7\u00e3o segura e conforme\u00a0<strong>NR-12 e marca\u00e7\u00e3o CE<\/strong><\/li>\n<li><strong>Top de linha no portf\u00f3lio da BBA Comex<\/strong><\/li>\n<\/ul>\n<p><strong>A <span data-olk-copy-source=\"MessageBody\">Seladora Continua Premium Alta Velocidade<\/span> \u00e9 a escolha definitiva para empresas que n\u00e3o abrem m\u00e3o de performance, seguran\u00e7a e tecnologia de ponta. Eleve sua linha de produ\u00e7\u00e3o ao n\u00edvel internacional com a excel\u00eancia da BBA Comex.<\/strong><\/p>\n<\/div>\n<p><img fetchpriority=\"high\" decoding=\"async\" class=\"aligncenter wp-image-4385 size-large\" src=\"https:\/\/bbacomex.com.br\/wp-content\/uploads\/2024\/05\/maxresdefault-1024x576.jpg\" alt=\"\" width=\"800\" height=\"450\" srcset=\"https:\/\/bbacomex.com.br\/wp-content\/uploads\/2024\/05\/maxresdefault-1024x576.jpg 1024w, https:\/\/bbacomex.com.br\/wp-content\/uploads\/2024\/05\/maxresdefault-300x169.jpg 300w, https:\/\/bbacomex.com.br\/wp-content\/uploads\/2024\/05\/maxresdefault-768x432.jpg 768w, https:\/\/bbacomex.com.br\/wp-content\/uploads\/2024\/05\/maxresdefault-18x10.jpg 18w, https:\/\/bbacomex.com.br\/wp-content\/uploads\/2024\/05\/maxresdefault-600x338.jpg 600w, https:\/\/bbacomex.com.br\/wp-content\/uploads\/2024\/05\/maxresdefault-64x36.jpg 64w, https:\/\/bbacomex.com.br\/wp-content\/uploads\/2024\/05\/maxresdefault.jpg 1280w\" sizes=\"(max-width: 800px) 100vw, 800px\" \/><\/p>\n<\/div>\n<\/div>\n<\/div>\n<\/div>\n<\/div>\n<\/div>\n<\/div>\n<\/div>\n<\/div>\n<\/div>\n<\/div>\n<\/div>\n<\/div>","protected":false},"excerpt":{"rendered":"<p>&nbsp;<\/p>\n<p><strong>Video:<\/strong><br \/>\n<iframe title=\"YouTube video player\" src=\"https:\/\/www.youtube.com\/embed\/GM_pzjz3xDw?si=3o7xWheqKazGlIvV\" width=\"560\" height=\"315\" frameborder=\"0\" allowfullscreen=\"allowfullscreen\" data-mce-fragment=\"1\"><\/iframe><\/p>\n<p><!-- T\u00daNEL --><\/p>\n<div style=\"max-width: 600px; margin: 40px auto; font-family: Arial, sans-serif; border: 2px solid #0044cc; border-radius: 10px; overflow: hidden;\">\n<div style=\"background-color: #0044cc; color: white; padding: 10px 20px; font-size: 20px; font-weight: bold;\">T\u00fanel<\/div>\n<div style=\"background-color: #eaf0ff; padding: 10px 20px; font-size: 14px; font-weight: bold;\">Los Datos T\u00e9cnicos De La<\/div>\n<table style=\"width: 100%; border-collapse: collapse; font-size: 14px;\">\n<tbody>\n<tr>\n<td style=\"padding: 10px; border-bottom: 1px solid #ddd;\">Dimens\u00f5es da M\u00e1quina (C x L x A)<\/td>\n<td style=\"padding: 10px; border-bottom: 1px solid #ddd;\">2765 x 1065 x 1340 mm<\/td>\n<\/tr>\n<tr>\n<td style=\"padding: 10px; border-bottom: 1px solid #ddd;\">La potencia<\/td>\n<td style=\"padding: 10px; border-bottom: 1px solid #ddd;\">15 kW \/ 24 kW<\/td>\n<\/tr>\n<tr>\n<td style=\"padding: 10px; border-bottom: 1px solid #ddd;\">Tens\u00e3o<\/td>\n<td style=\"padding: 10px; border-bottom: 1px solid #ddd;\">400V<\/td>\n<\/tr>\n<tr>\n<td style=\"padding: 10px; border-bottom: 1px solid #ddd;\">Tamanho M\u00e1x. do Produto (L x A)<\/td>\n<td style=\"padding: 10px; border-bottom: 1px solid #ddd;\">350 x 175 mm<\/td>\n<\/tr>\n<tr>\n<td style=\"padding: 10px; border-bottom: 1px solid #ddd;\">Tamanho M\u00edn. do Produto (L x A)<\/td>\n<td style=\"padding: 10px; border-bottom: 1px solid #ddd;\">150 x 175 mm<\/td>\n<\/tr>\n<tr>\n<td style=\"padding: 10px; border-bottom: 1px solid #ddd;\">Peso M\u00e1x. do Produto<\/td>\n<td style=\"padding: 10px; border-bottom: 1px solid #ddd;\">10 kg<\/td>\n<\/tr>\n<tr>\n<td style=\"padding: 10px;\">Peso do T\u00fanel<\/td>\n<td style=\"padding: 10px;\">860 kg<\/td>\n<\/tr>\n<\/tbody>\n<\/table>\n<\/div>\n<p><!-- SELADORA CONT\u00cdNUA ALTA VELOCIDADE 40 --><\/p>\n<div style=\"max-width: 600px; margin: 40px auto; font-family: Arial, sans-serif; border: 2px solid #0044cc; border-radius: 10px; overflow: hidden;\">\n<div style=\"background-color: #0044cc; color: white; padding: 10px 20px; font-size: 20px; font-weight: bold;\">Seladora Cont\u00ednua Alta Velocidade 40<\/div>\n<div style=\"background-color: #eaf0ff; padding: 10px 20px; font-size: 14px; font-weight: bold;\">Los Datos T\u00e9cnicos De La<\/div>\n<table style=\"width: 100%; border-collapse: collapse; font-size: 14px;\">\n<tbody>\n<tr>\n<td style=\"padding: 10px; border-bottom: 1px solid #ddd;\">Dimens\u00f5es da M\u00e1quina (C x L x A)<\/td>\n<td style=\"padding: 10px; border-bottom: 1px solid #ddd;\">3255 x 1400 x 1885 mm<\/td>\n<\/tr>\n<tr>\n<td style=\"padding: 10px; border-bottom: 1px solid #ddd;\">Tamanho M\u00e1x. da Embalagem (C x L x A)<\/td>\n<td style=\"padding: 10px; border-bottom: 1px solid #ddd;\">ilimitado x 370 x 175 mm<\/td>\n<\/tr>\n<tr>\n<td style=\"padding: 10px; border-bottom: 1px solid #ddd;\">Tamanho M\u00edn. da Embalagem (C x L)<\/td>\n<td style=\"padding: 10px; border-bottom: 1px solid #ddd;\">ilimitado x 150 mm<\/td>\n<\/tr>\n<tr>\n<td style=\"padding: 10px; border-bottom: 1px solid #ddd;\">Tamanho M\u00e1x. do Filme<\/td>\n<td style=\"padding: 10px; border-bottom: 1px solid #ddd;\">700 mm<\/td>\n<\/tr>\n<tr>\n<td style=\"padding: 10px; border-bottom: 1px solid #ddd;\">La potencia<\/td>\n<td style=\"padding: 10px; border-bottom: 1px solid #ddd;\">7 kW<\/td>\n<\/tr>\n<tr>\n<td style=\"padding: 10px; border-bottom: 1px solid #ddd;\">Tens\u00e3o<\/td>\n<td style=\"padding: 10px; border-bottom: 1px solid #ddd;\">220V \/ 380V trif\u00e1sico<\/td>\n<\/tr>\n<tr>\n<td style=\"padding: 10px; border-bottom: 1px solid #ddd;\">Compressor de Ar<\/td>\n<td style=\"padding: 10px; border-bottom: 1px solid #ddd;\">N\u00e3o<\/td>\n<\/tr>\n<tr>\n<td style=\"padding: 10px;\">El Peso de<\/td>\n<td style=\"padding: 10px;\">980 kg<\/td>\n<\/tr>\n<\/tbody>\n<\/table>\n<\/div>","protected":false},"featured_media":3543,"template":"","meta":{"_acf_changed":false},"product_brand":[],"product_cat":[88,77],"product_tag":[],"class_list":{"0":"post-2779","1":"product","2":"type-product","3":"status-publish","4":"has-post-thumbnail","6":"product_cat-seladoras-continuas","7":"product_cat-sem-categoria","9":"first","10":"instock","11":"shipping-taxable","12":"product-type-simple"},"acf":[],"yoast_head":"<!-- This site is optimized with the Yoast SEO Premium plugin v24.5 (Yoast SEO v27.2) - https:\/\/yoast.com\/product\/yoast-seo-premium-wordpress\/ -->\n<title>Seladora Continua Premium Alta Velocidade<\/title>\n<meta name=\"description\" content=\"A\u00a0Seladora Continua Premium Alta Velocidade\u00a0\u00e9 o modelo\u00a0top de linha da BBA Comex, desenvolvida com tecnologia de ponta da\u00a0Maripak (Europa), que a BBA Comex traz com exclusividade para o Brasil. Projetada para atender \u00e0s exig\u00eancias de\u00a0produ\u00e7\u00e3o cont\u00ednua em grande escala, esse equipamento oferece m\u00e1xima produtividade, opera\u00e7\u00e3o 100% el\u00e9trica (sem ar comprimido) e selagem impec\u00e1vel.\" \/>\n<meta name=\"robots\" content=\"index, follow, max-snippet:-1, max-image-preview:large, max-video-preview:-1\" \/>\n<link rel=\"canonical\" href=\"https:\/\/bbacomex.com.br\/es\/producto\/seladora-continua-premium-alta-velocidade\/\" \/>\n<meta property=\"og:locale\" content=\"es_ES\" \/>\n<meta property=\"og:type\" content=\"article\" \/>\n<meta property=\"og:title\" content=\"Seladora Continua Premium Alta Velocidade\" \/>\n<meta property=\"og:description\" content=\"A\u00a0Seladora Continua Premium Alta Velocidade\u00a0\u00e9 o modelo\u00a0top de linha da BBA Comex, desenvolvida com tecnologia de ponta da\u00a0Maripak (Europa), que a BBA Comex traz com exclusividade para o Brasil. Projetada para atender \u00e0s exig\u00eancias de\u00a0produ\u00e7\u00e3o cont\u00ednua em grande escala, esse equipamento oferece m\u00e1xima produtividade, opera\u00e7\u00e3o 100% el\u00e9trica (sem ar comprimido) e selagem impec\u00e1vel.\" \/>\n<meta property=\"og:url\" content=\"https:\/\/bbacomex.com.br\/es\/producto\/seladora-continua-premium-alta-velocidade\/\" \/>\n<meta property=\"og:site_name\" content=\"BBA Comex\" \/>\n<meta property=\"article:publisher\" content=\"https:\/\/www.facebook.com\/bbacomexoficial\" \/>\n<meta property=\"article:modified_time\" content=\"2026-04-10T17:09:34+00:00\" \/>\n<meta property=\"og:image\" content=\"https:\/\/bbacomex.com.br\/wp-content\/uploads\/2024\/05\/Seladora-Continua-de-Alta-Velocidade-1-scaled.jpg\" \/>\n\t<meta property=\"og:image:width\" content=\"2560\" \/>\n\t<meta property=\"og:image:height\" content=\"1707\" \/>\n\t<meta property=\"og:image:type\" content=\"image\/jpeg\" \/>\n<meta name=\"twitter:card\" content=\"summary_large_image\" \/>\n<meta name=\"twitter:label1\" content=\"Precio\" \/>\n\t<meta name=\"twitter:data1\" content=\"\" \/>\n\t<meta name=\"twitter:label2\" content=\"Disponibilidad\" \/>\n\t<meta name=\"twitter:data2\" content=\"Disponible\" \/>\n<script type=\"application\/ld+json\" class=\"yoast-schema-graph\">{\"@context\":\"https:\/\/schema.org\",\"@graph\":[{\"@type\":\"WebPage\",\"@id\":\"https:\/\/bbacomex.com.br\/produto\/seladora-continua-premium-alta-velocidade\/\",\"url\":\"https:\/\/bbacomex.com.br\/produto\/seladora-continua-premium-alta-velocidade\/\",\"name\":\"Seladora Continua Premium Alta Velocidade\",\"isPartOf\":{\"@id\":\"https:\/\/bbacomex.com.br\/#website\"},\"primaryImageOfPage\":{\"@id\":\"https:\/\/bbacomex.com.br\/produto\/seladora-continua-premium-alta-velocidade\/#primaryimage\"},\"image\":{\"@id\":\"https:\/\/bbacomex.com.br\/produto\/seladora-continua-premium-alta-velocidade\/#primaryimage\"},\"thumbnailUrl\":\"https:\/\/bbacomex.com.br\/wp-content\/uploads\/2024\/05\/Seladora-Continua-de-Alta-Velocidade-1-scaled.jpg\",\"datePublished\":\"2024-05-29T19:57:58+00:00\",\"dateModified\":\"2026-04-10T17:09:34+00:00\",\"description\":\"A\u00a0Seladora Continua Premium Alta Velocidade\u00a0\u00e9 o modelo\u00a0top de linha da BBA Comex, desenvolvida com tecnologia de ponta da\u00a0Maripak (Europa), que a BBA Comex traz com exclusividade para o Brasil. Projetada para atender \u00e0s exig\u00eancias de\u00a0produ\u00e7\u00e3o cont\u00ednua em grande escala, esse equipamento oferece m\u00e1xima produtividade, opera\u00e7\u00e3o 100% el\u00e9trica (sem ar comprimido) e selagem impec\u00e1vel.\",\"breadcrumb\":{\"@id\":\"https:\/\/bbacomex.com.br\/produto\/seladora-continua-premium-alta-velocidade\/#breadcrumb\"},\"inLanguage\":\"es\",\"potentialAction\":[{\"@type\":\"ReadAction\",\"target\":[\"https:\/\/bbacomex.com.br\/produto\/seladora-continua-premium-alta-velocidade\/\"]}]},{\"@type\":\"ImageObject\",\"inLanguage\":\"es\",\"@id\":\"https:\/\/bbacomex.com.br\/produto\/seladora-continua-premium-alta-velocidade\/#primaryimage\",\"url\":\"https:\/\/bbacomex.com.br\/wp-content\/uploads\/2024\/05\/Seladora-Continua-de-Alta-Velocidade-1-scaled.jpg\",\"contentUrl\":\"https:\/\/bbacomex.com.br\/wp-content\/uploads\/2024\/05\/Seladora-Continua-de-Alta-Velocidade-1-scaled.jpg\",\"width\":2560,\"height\":1707},{\"@type\":\"BreadcrumbList\",\"@id\":\"https:\/\/bbacomex.com.br\/produto\/seladora-continua-premium-alta-velocidade\/#breadcrumb\",\"itemListElement\":[{\"@type\":\"ListItem\",\"position\":1,\"name\":\"In\u00edcio\",\"item\":\"https:\/\/bbacomex.com.br\/\"},{\"@type\":\"ListItem\",\"position\":2,\"name\":\"Produtos\",\"item\":\"https:\/\/bbacomex.com.br\/loja\/\"},{\"@type\":\"ListItem\",\"position\":3,\"name\":\"Seladora Continua Premium Alta Velocidade\"}]},{\"@type\":\"WebSite\",\"@id\":\"https:\/\/bbacomex.com.br\/#website\",\"url\":\"https:\/\/bbacomex.com.br\/\",\"name\":\"BBA Comex\",\"description\":\"\",\"publisher\":{\"@id\":\"https:\/\/bbacomex.com.br\/#organization\"},\"potentialAction\":[{\"@type\":\"SearchAction\",\"target\":{\"@type\":\"EntryPoint\",\"urlTemplate\":\"https:\/\/bbacomex.com.br\/?s={search_term_string}\"},\"query-input\":{\"@type\":\"PropertyValueSpecification\",\"valueRequired\":true,\"valueName\":\"search_term_string\"}}],\"inLanguage\":\"es\"},{\"@type\":\"Organization\",\"@id\":\"https:\/\/bbacomex.com.br\/#organization\",\"name\":\"BBA Comex\",\"url\":\"https:\/\/bbacomex.com.br\/\",\"logo\":{\"@type\":\"ImageObject\",\"inLanguage\":\"es\",\"@id\":\"https:\/\/bbacomex.com.br\/#\/schema\/logo\/image\/\",\"url\":\"https:\/\/bbacomex.com.br\/wp-content\/uploads\/2024\/03\/Logo_Rodape.png\",\"contentUrl\":\"https:\/\/bbacomex.com.br\/wp-content\/uploads\/2024\/03\/Logo_Rodape.png\",\"width\":350,\"height\":160,\"caption\":\"BBA Comex\"},\"image\":{\"@id\":\"https:\/\/bbacomex.com.br\/#\/schema\/logo\/image\/\"},\"sameAs\":[\"https:\/\/www.facebook.com\/bbacomexoficial\",\"https:\/\/www.instagram.com\/bbacomex\/\",\"https:\/\/www.linkedin.com\/company\/bba-comex\/\"]}]}<\/script>\n<meta property=\"product:price:currency\" content=\"BRL\" \/>\n<meta property=\"og:availability\" content=\"instock\" \/>\n<meta property=\"product:availability\" content=\"instock\" \/>\n<meta property=\"product:condition\" content=\"new\" \/>\n<!-- \/ Yoast SEO Premium plugin. -->","yoast_head_json":{"title":"Seladora Continua Premium Alta Velocidade","description":"A\u00a0Seladora Continua Premium Alta Velocidade\u00a0\u00e9 o modelo\u00a0top de linha da BBA Comex, desenvolvida com tecnologia de ponta da\u00a0Maripak (Europa), que a BBA Comex traz com exclusividade para o Brasil. Projetada para atender \u00e0s exig\u00eancias de\u00a0produ\u00e7\u00e3o cont\u00ednua em grande escala, esse equipamento oferece m\u00e1xima produtividade, opera\u00e7\u00e3o 100% el\u00e9trica (sem ar comprimido) e selagem impec\u00e1vel.","robots":{"index":"index","follow":"follow","max-snippet":"max-snippet:-1","max-image-preview":"max-image-preview:large","max-video-preview":"max-video-preview:-1"},"canonical":"https:\/\/bbacomex.com.br\/es\/producto\/seladora-continua-premium-alta-velocidade\/","og_locale":"es_ES","og_type":"article","og_title":"Seladora Continua Premium Alta Velocidade","og_description":"A\u00a0Seladora Continua Premium Alta Velocidade\u00a0\u00e9 o modelo\u00a0top de linha da BBA Comex, desenvolvida com tecnologia de ponta da\u00a0Maripak (Europa), que a BBA Comex traz com exclusividade para o Brasil. Projetada para atender \u00e0s exig\u00eancias de\u00a0produ\u00e7\u00e3o cont\u00ednua em grande escala, esse equipamento oferece m\u00e1xima produtividade, opera\u00e7\u00e3o 100% el\u00e9trica (sem ar comprimido) e selagem impec\u00e1vel.","og_url":"https:\/\/bbacomex.com.br\/es\/producto\/seladora-continua-premium-alta-velocidade\/","og_site_name":"BBA Comex","article_publisher":"https:\/\/www.facebook.com\/bbacomexoficial","article_modified_time":"2026-04-10T17:09:34+00:00","og_image":[{"width":2560,"height":1707,"url":"https:\/\/bbacomex.com.br\/wp-content\/uploads\/2024\/05\/Seladora-Continua-de-Alta-Velocidade-1-scaled.jpg","type":"image\/jpeg"}],"twitter_card":"summary_large_image","twitter_misc":{"Precio":"","Disponibilidad":"Disponible"},"schema":{"@context":"https:\/\/schema.org","@graph":[{"@type":"WebPage","@id":"https:\/\/bbacomex.com.br\/produto\/seladora-continua-premium-alta-velocidade\/","url":"https:\/\/bbacomex.com.br\/produto\/seladora-continua-premium-alta-velocidade\/","name":"Seladora Continua Premium Alta Velocidade","isPartOf":{"@id":"https:\/\/bbacomex.com.br\/#website"},"primaryImageOfPage":{"@id":"https:\/\/bbacomex.com.br\/produto\/seladora-continua-premium-alta-velocidade\/#primaryimage"},"image":{"@id":"https:\/\/bbacomex.com.br\/produto\/seladora-continua-premium-alta-velocidade\/#primaryimage"},"thumbnailUrl":"https:\/\/bbacomex.com.br\/wp-content\/uploads\/2024\/05\/Seladora-Continua-de-Alta-Velocidade-1-scaled.jpg","datePublished":"2024-05-29T19:57:58+00:00","dateModified":"2026-04-10T17:09:34+00:00","description":"A\u00a0Seladora Continua Premium Alta Velocidade\u00a0\u00e9 o modelo\u00a0top de linha da BBA Comex, desenvolvida com tecnologia de ponta da\u00a0Maripak (Europa), que a BBA Comex traz com exclusividade para o Brasil. Projetada para atender \u00e0s exig\u00eancias de\u00a0produ\u00e7\u00e3o cont\u00ednua em grande escala, esse equipamento oferece m\u00e1xima produtividade, opera\u00e7\u00e3o 100% el\u00e9trica (sem ar comprimido) e selagem impec\u00e1vel.","breadcrumb":{"@id":"https:\/\/bbacomex.com.br\/produto\/seladora-continua-premium-alta-velocidade\/#breadcrumb"},"inLanguage":"es","potentialAction":[{"@type":"ReadAction","target":["https:\/\/bbacomex.com.br\/produto\/seladora-continua-premium-alta-velocidade\/"]}]},{"@type":"ImageObject","inLanguage":"es","@id":"https:\/\/bbacomex.com.br\/produto\/seladora-continua-premium-alta-velocidade\/#primaryimage","url":"https:\/\/bbacomex.com.br\/wp-content\/uploads\/2024\/05\/Seladora-Continua-de-Alta-Velocidade-1-scaled.jpg","contentUrl":"https:\/\/bbacomex.com.br\/wp-content\/uploads\/2024\/05\/Seladora-Continua-de-Alta-Velocidade-1-scaled.jpg","width":2560,"height":1707},{"@type":"BreadcrumbList","@id":"https:\/\/bbacomex.com.br\/produto\/seladora-continua-premium-alta-velocidade\/#breadcrumb","itemListElement":[{"@type":"ListItem","position":1,"name":"In\u00edcio","item":"https:\/\/bbacomex.com.br\/"},{"@type":"ListItem","position":2,"name":"Produtos","item":"https:\/\/bbacomex.com.br\/loja\/"},{"@type":"ListItem","position":3,"name":"Seladora Continua Premium Alta Velocidade"}]},{"@type":"WebSite","@id":"https:\/\/bbacomex.com.br\/#website","url":"https:\/\/bbacomex.com.br\/","name":"BBA Comex","description":"","publisher":{"@id":"https:\/\/bbacomex.com.br\/#organization"},"potentialAction":[{"@type":"SearchAction","target":{"@type":"EntryPoint","urlTemplate":"https:\/\/bbacomex.com.br\/?s={search_term_string}"},"query-input":{"@type":"PropertyValueSpecification","valueRequired":true,"valueName":"search_term_string"}}],"inLanguage":"es"},{"@type":"Organization","@id":"https:\/\/bbacomex.com.br\/#organization","name":"BBA Comex","url":"https:\/\/bbacomex.com.br\/","logo":{"@type":"ImageObject","inLanguage":"es","@id":"https:\/\/bbacomex.com.br\/#\/schema\/logo\/image\/","url":"https:\/\/bbacomex.com.br\/wp-content\/uploads\/2024\/03\/Logo_Rodape.png","contentUrl":"https:\/\/bbacomex.com.br\/wp-content\/uploads\/2024\/03\/Logo_Rodape.png","width":350,"height":160,"caption":"BBA Comex"},"image":{"@id":"https:\/\/bbacomex.com.br\/#\/schema\/logo\/image\/"},"sameAs":["https:\/\/www.facebook.com\/bbacomexoficial","https:\/\/www.instagram.com\/bbacomex\/","https:\/\/www.linkedin.com\/company\/bba-comex\/"]}]},"product_price_currency":"BRL","og_availability":"instock","product_availability":"instock","product_condition":"new"},"_links":{"self":[{"href":"https:\/\/bbacomex.com.br\/es\/wp-json\/wp\/v2\/product\/2779","targetHints":{"allow":["GET"]}}],"collection":[{"href":"https:\/\/bbacomex.com.br\/es\/wp-json\/wp\/v2\/product"}],"about":[{"href":"https:\/\/bbacomex.com.br\/es\/wp-json\/wp\/v2\/types\/product"}],"wp:featuredmedia":[{"embeddable":true,"href":"https:\/\/bbacomex.com.br\/es\/wp-json\/wp\/v2\/media\/3543"}],"wp:attachment":[{"href":"https:\/\/bbacomex.com.br\/es\/wp-json\/wp\/v2\/media?parent=2779"}],"wp:term":[{"taxonomy":"product_brand","embeddable":true,"href":"https:\/\/bbacomex.com.br\/es\/wp-json\/wp\/v2\/product_brand?post=2779"},{"taxonomy":"product_cat","embeddable":true,"href":"https:\/\/bbacomex.com.br\/es\/wp-json\/wp\/v2\/product_cat?post=2779"},{"taxonomy":"product_tag","embeddable":true,"href":"https:\/\/bbacomex.com.br\/es\/wp-json\/wp\/v2\/product_tag?post=2779"}],"curies":[{"name":"wp","href":"https:\/\/api.w.org\/{rel}","templated":true}]}}