{"id":2929,"date":"2024-06-03T16:37:09","date_gmt":"2024-06-03T19:37:09","guid":{"rendered":"https:\/\/bbacomex.com.br\/?post_type=product&#038;p=2929"},"modified":"2025-07-25T20:10:02","modified_gmt":"2025-07-25T23:10:02","slug":"fechadora-de-caixa-com-esteira-lateral-arqueadora-dba-200","status":"publish","type":"product","link":"https:\/\/bbacomex.com.br\/es\/producto\/fechadora-de-caixa-com-esteira-lateral-arqueadora-dba-200\/","title":{"rendered":"Cerradora de caja con cinta lateral + Arqueadora DBA 200"},"content":{"rendered":"<div class=\"elementor-element elementor-element-3db3e01 elementor-widget__width-initial elementor-widget elementor-widget-text-editor\" data-id=\"3db3e01\" data-element_type=\"widget\" data-widget_type=\"text-editor.default\">\n<div class=\"elementor-widget-container\">\n<div class=\"elementor-element elementor-element-5bfbfe5 elementor-widget__width-initial elementor-widget elementor-widget-text-editor\" data-id=\"5bfbfe5\" data-element_type=\"widget\" data-widget_type=\"text-editor.default\">\n<div class=\"elementor-widget-container\">\n<div class=\"elementor-element elementor-element-f50db4f elementor-widget__width-initial elementor-widget elementor-widget-text-editor\" data-id=\"f50db4f\" data-element_type=\"widget\" data-widget_type=\"text-editor.default\">\n<div class=\"elementor-widget-container\">\n<div class=\"elementor-element elementor-element-3db3e01 elementor-widget__width-initial elementor-widget elementor-widget-text-editor\" data-id=\"3db3e01\" data-element_type=\"widget\" data-widget_type=\"text-editor.default\">\n<div class=\"elementor-widget-container\">\n<div class=\"elementor-element elementor-element-5bfbfe5 elementor-widget__width-initial elementor-widget elementor-widget-text-editor\" data-id=\"5bfbfe5\" data-element_type=\"widget\" data-widget_type=\"text-editor.default\">\n<div class=\"elementor-widget-container\">\n<div class=\"elementor-element elementor-element-f50db4f elementor-widget__width-initial elementor-widget elementor-widget-text-editor\" data-id=\"f50db4f\" data-element_type=\"widget\" data-widget_type=\"text-editor.default\">\n<div class=\"elementor-widget-container\">\n<div class=\"elementor-element elementor-element-7e3edc1 elementor-widget__width-initial elementor-widget elementor-widget-text-editor\" data-id=\"7e3edc1\" data-element_type=\"widget\" data-widget_type=\"text-editor.default\">\n<div class=\"elementor-widget-container\">\n<div class=\"elementor-element elementor-element-0f54a7e elementor-widget__width-initial elementor-widget elementor-widget-text-editor\" data-id=\"0f54a7e\" data-element_type=\"widget\" data-widget_type=\"text-editor.default\">\n<div class=\"elementor-widget-container\">\n<div class=\"wpb_text_column wpb_content_element\">\n<div class=\"wpb_wrapper\">\n<div class=\"elementor-element elementor-element-a55d8b8 elementor-widget__width-initial elementor-widget elementor-widget-text-editor\" data-id=\"a55d8b8\" data-element_type=\"widget\" data-widget_type=\"text-editor.default\">\n<div class=\"elementor-widget-container\">\n<div class=\"wpb_text_column wpb_content_element\">\n<div class=\"wpb_wrapper\">\n<div class=\"elementor-element elementor-element-0f54a7e elementor-widget__width-initial elementor-widget elementor-widget-text-editor\" data-id=\"0f54a7e\" data-element_type=\"widget\" data-widget_type=\"text-editor.default\">\n<div class=\"elementor-widget-container\">\n<div class=\"wpb_text_column wpb_content_element\">\n<div class=\"wpb_wrapper\">\n<div class=\"elementor-element elementor-element-0f54a7e elementor-widget__width-initial elementor-widget elementor-widget-text-editor\" data-id=\"0f54a7e\" data-element_type=\"widget\" data-widget_type=\"text-editor.default\">\n<div class=\"elementor-widget-container\">\n<div class=\"wpb_text_column wpb_content_element\">\n<div class=\"wpb_wrapper\">\n<div class=\"elementor-element elementor-element-0f54a7e elementor-widget__width-initial elementor-widget elementor-widget-text-editor\" data-id=\"0f54a7e\" data-element_type=\"widget\" data-widget_type=\"text-editor.default\">\n<div class=\"elementor-widget-container\">\n<div class=\"wpb_text_column wpb_content_element\">\n<div class=\"wpb_wrapper\">\n<p>A\u00a0<strong>Fechadora de Caixa com Esteira Lateral e Arqueadora Integrada DBA 200<\/strong>\u00a0\u00e9 a solu\u00e7\u00e3o ideal para empresas que buscam\u00a0<strong>agilidade, padroniza\u00e7\u00e3o e economia<\/strong>\u00a0no processo de fechamento de embalagens. Esta m\u00e1quina semiautom\u00e1tica realiza o\u00a0<strong>fechamento das abas superiores e inferiores com fita adesiva<\/strong>\u00a0e, na sequ\u00eancia,\u00a0<strong>a arquea\u00e7\u00e3o autom\u00e1tica com fita pl\u00e1stica (PP)<\/strong>, otimizando significativamente o tempo de produ\u00e7\u00e3o.<\/p>\n<p>Desenvolvida para\u00a0<strong>atender diferentes setores da ind\u00fastria<\/strong>, como aliment\u00edcio, eletroeletr\u00f4nico, farmac\u00eautico, qu\u00edmico e log\u00edstico, \u00e9 uma excelente op\u00e7\u00e3o tanto para\u00a0<strong>linhas de produ\u00e7\u00e3o independentes quanto integradas<\/strong>. Sua\u00a0<strong>estrutura robusta, design moderno e f\u00e1cil opera\u00e7\u00e3o<\/strong>\u00a0garantem desempenho superior com\u00a0<strong>baixo custo operacional<\/strong>.<\/p>\n<h3><strong>Caracter\u00edsticas T\u00e9cnicas<\/strong><\/h3>\n<ul>\n<li>Sistema semiautom\u00e1tico para fechamento de caixas com<strong>fita adesiva e fita de arquear<\/strong><\/li>\n<li><strong>Esteira de tra\u00e7\u00e3o lateral<\/strong>para transporte est\u00e1vel das caixas<\/li>\n<li><strong>Ajuste manual r\u00e1pido da altura e largura da caixa por manivelas<\/strong><\/li>\n<li><strong>Arqueadora com controle mec\u00e2nico de tens\u00e3o da fita<\/strong>, assegurando firmeza e seguran\u00e7a no fechamento<\/li>\n<li><strong>Cabe\u00e7ote com acesso facilitado para manuten\u00e7\u00e3o e troca de fita<\/strong><\/li>\n<li><strong>Motor acionado somente durante o uso<\/strong>, promovendo economia de energia<\/li>\n<li><strong>Tampa superior em a\u00e7o inox<\/strong>, resistente \u00e0 corros\u00e3o e f\u00e1cil de limpar<\/li>\n<li><strong>P\u00e9s telesc\u00f3picos com rod\u00edzios industriais<\/strong>, garantindo mobilidade e estabilidade no posicionamento<\/li>\n<\/ul>\n<h3><strong>Vantagens Operacionais<\/strong><\/h3>\n<ul>\n<li><strong>Sistema integrado 2 em 1<\/strong>: fechamento + arquea\u00e7\u00e3o em um \u00fanico fluxo<\/li>\n<li><strong>La Alta productividad de<\/strong>com redu\u00e7\u00e3o de m\u00e3o de obra<\/li>\n<li><strong>Menor consumo de fita adesiva e pl\u00e1stica<\/strong><\/li>\n<li><strong>Praticidade na regulagem de caixas com diferentes dimens\u00f5es<\/strong><\/li>\n<li><strong>Opera\u00e7\u00e3o simples e segura<\/strong>, ideal para diferentes perfis de equipe<\/li>\n<li><strong>Design moderno e acabamento industrial refor\u00e7ado<\/strong><\/li>\n<\/ul>\n<p>Com a\u00a0<strong>Fechadora de Caixa com Esteira Lateral + Arqueadora DBA 200 da BBA Comex<\/strong>, sua linha de embalagem se torna mais eficiente, padronizada e confi\u00e1vel. Uma solu\u00e7\u00e3o robusta para quem busca\u00a0<strong>qualidade, velocidade e redu\u00e7\u00e3o de custos<\/strong>\u00a0em cada embalagem.<\/p>\n<\/div>\n<\/div>\n<\/div>\n<\/div>\n<\/div>\n<\/div>\n<\/div>\n<\/div>\n<\/div>\n<\/div>\n<\/div>\n<\/div>\n<\/div>\n<\/div>\n<\/div>\n<\/div>\n<\/div>\n<\/div>\n<\/div>\n<\/div>\n<\/div>\n<\/div>\n<\/div>\n<\/div>\n<\/div>\n<\/div>\n<\/div>\n<\/div>\n<\/div>\n<\/div>\n<\/div>\n<\/div>\n<\/div>\n<\/div>","protected":false},"excerpt":{"rendered":"<p><!-- FECHADORA DE CAIXA E ARQUEADORA --><\/p>\n<div style=\"max-width: 900px; margin: 40px auto; font-family: Arial, sans-serif; border: 2px solid #0044cc; border-radius: 10px; overflow: hidden;\">\n<div style=\"display: flex; background-color: #0044cc; color: white;\">\n<div style=\"flex: 1; padding: 10px 20px; font-size: 20px; font-weight: bold;\">Fechadora de Caixa<\/div>\n<div style=\"flex: 1; padding: 10px 20px; font-size: 20px; font-weight: bold;\">Arqueadora<\/div>\n<\/div>\n<div style=\"background-color: #eaf0ff; padding: 10px 20px; font-size: 14px; font-weight: bold;\">Los Datos T\u00e9cnicos De La<\/div>\n<table style=\"width: 100%; border-collapse: collapse; font-size: 14px;\">\n<thead>\n<tr style=\"background-color: #f9f9f9;\">\n<th style=\"text-align: left; padding: 10px; border-bottom: 1px solid #ddd;\">Descri\u00e7\u00e3o<\/th>\n<th style=\"text-align: left; padding: 10px; border-bottom: 1px solid #ddd;\">Fechadora<\/th>\n<th style=\"text-align: left; padding: 10px; border-bottom: 1px solid #ddd;\">Arqueadora<\/th>\n<\/tr>\n<\/thead>\n<tbody>\n<tr>\n<td style=\"padding: 10px; border-bottom: 1px solid #ddd;\">Dimens\u00f5es da M\u00e1quina (C x L x A)<\/td>\n<td style=\"padding: 10px; border-bottom: 1px solid #ddd;\">1790 x 800 x 1410 mm<\/td>\n<td style=\"padding: 10px; border-bottom: 1px solid #ddd;\">1600 x 800 x 1200 mm<\/td>\n<\/tr>\n<tr>\n<td style=\"padding: 10px; border-bottom: 1px solid #ddd;\">Tamanho M\u00e1x. Embalagem<\/td>\n<td style=\"padding: 10px; border-bottom: 1px solid #ddd;\">500 x 500 mm<\/td>\n<td style=\"padding: 10px; border-bottom: 1px solid #ddd;\">900 x 900 mm<\/td>\n<\/tr>\n<tr>\n<td style=\"padding: 10px; border-bottom: 1px solid #ddd;\">Tamanho M\u00edn. Embalagem<\/td>\n<td style=\"padding: 10px; border-bottom: 1px solid #ddd;\">120 x 110 mm<\/td>\n<td style=\"padding: 10px; border-bottom: 1px solid #ddd;\">100 x 100 x 100 mm<\/td>\n<\/tr>\n<tr>\n<td style=\"padding: 10px; border-bottom: 1px solid #ddd;\">El Peso M\u00e1ximo de los Productos<\/td>\n<td style=\"padding: 10px; border-bottom: 1px solid #ddd;\">35 kg<\/td>\n<td style=\"padding: 10px; border-bottom: 1px solid #ddd;\">10 \u2013 70 kg<\/td>\n<\/tr>\n<tr>\n<td style=\"padding: 10px; border-bottom: 1px solid #ddd;\">Velocidade de Embalagem<\/td>\n<td style=\"padding: 10px; border-bottom: 1px solid #ddd;\">20 m\/min<\/td>\n<td style=\"padding: 10px; border-bottom: 1px solid #ddd;\">27 ciclos\/min<\/td>\n<\/tr>\n<tr>\n<td style=\"padding: 10px; border-bottom: 1px solid #ddd;\">Peso da M\u00e1quina<\/td>\n<td style=\"padding: 10px; border-bottom: 1px solid #ddd;\">60 kg<\/td>\n<td style=\"padding: 10px; border-bottom: 1px solid #ddd;\">220 kg<\/td>\n<\/tr>\n<tr>\n<td style=\"padding: 10px; border-bottom: 1px solid #ddd;\">La potencia<\/td>\n<td style=\"padding: 10px; border-bottom: 1px solid #ddd;\">400 w<\/td>\n<td style=\"padding: 10px; border-bottom: 1px solid #ddd;\">1000 w<\/td>\n<\/tr>\n<tr>\n<td style=\"padding: 10px; border-bottom: 1px solid #ddd;\">El Suministro De Corriente El\u00e9ctrica<\/td>\n<td style=\"padding: 10px; border-bottom: 1px solid #ddd;\" colspan=\"2\">220v<\/td>\n<\/tr>\n<tr>\n<td style=\"padding: 10px;\">Fita<\/td>\n<td style=\"padding: 10px;\">48 \/ 60 mm<\/td>\n<td style=\"padding: 10px;\">6 mm a 15 mm de L x 0,65 a 0,80 Espessura<\/td>\n<\/tr>\n<\/tbody>\n<\/table>\n<\/div>","protected":false},"featured_media":1482,"template":"","meta":{"_acf_changed":false},"product_brand":[],"product_cat":[90,77],"product_tag":[],"class_list":{"0":"post-2929","1":"product","2":"type-product","3":"status-publish","4":"has-post-thumbnail","6":"product_cat-fechadoras-de-caixa","7":"product_cat-sem-categoria","9":"first","10":"instock","11":"shipping-taxable","12":"product-type-simple"},"acf":[],"yoast_head":"<!-- This site is optimized with the Yoast SEO Premium plugin v24.5 (Yoast SEO v27.2) - https:\/\/yoast.com\/product\/yoast-seo-premium-wordpress\/ -->\n<title>Fechadora de Caixa com Esteira Lateral + Arqueadora DBA 200<\/title>\n<meta name=\"description\" content=\"A\u00a0Fechadora de Caixa com Esteira Lateral e Arqueadora Integrada DBA 200\u00a0\u00e9 a solu\u00e7\u00e3o ideal para empresas que buscam\u00a0agilidade, padroniza\u00e7\u00e3o e economia\u00a0no processo de fechamento de embalagens. Esta m\u00e1quina semiautom\u00e1tica realiza o\u00a0fechamento das abas superiores e inferiores com fita adesiva\u00a0e, na sequ\u00eancia,\u00a0a arquea\u00e7\u00e3o autom\u00e1tica com fita pl\u00e1stica (PP), otimizando significativamente o tempo de produ\u00e7\u00e3o.\" \/>\n<meta name=\"robots\" content=\"index, follow, max-snippet:-1, max-image-preview:large, max-video-preview:-1\" \/>\n<link rel=\"canonical\" href=\"https:\/\/bbacomex.com.br\/es\/producto\/fechadora-de-caixa-com-esteira-lateral-arqueadora-dba-200\/\" \/>\n<meta property=\"og:locale\" content=\"es_ES\" \/>\n<meta property=\"og:type\" content=\"article\" \/>\n<meta property=\"og:title\" content=\"Fechadora de Caixa com Esteira Lateral + Arqueadora DBA 200\" \/>\n<meta property=\"og:description\" content=\"A\u00a0Fechadora de Caixa com Esteira Lateral e Arqueadora Integrada DBA 200\u00a0\u00e9 a solu\u00e7\u00e3o ideal para empresas que buscam\u00a0agilidade, padroniza\u00e7\u00e3o e economia\u00a0no processo de fechamento de embalagens. Esta m\u00e1quina semiautom\u00e1tica realiza o\u00a0fechamento das abas superiores e inferiores com fita adesiva\u00a0e, na sequ\u00eancia,\u00a0a arquea\u00e7\u00e3o autom\u00e1tica com fita pl\u00e1stica (PP), otimizando significativamente o tempo de produ\u00e7\u00e3o.\" \/>\n<meta property=\"og:url\" content=\"https:\/\/bbacomex.com.br\/es\/producto\/fechadora-de-caixa-com-esteira-lateral-arqueadora-dba-200\/\" \/>\n<meta property=\"og:site_name\" content=\"BBA Comex\" \/>\n<meta property=\"article:publisher\" content=\"https:\/\/www.facebook.com\/bbacomexoficial\" \/>\n<meta property=\"article:modified_time\" content=\"2025-07-25T23:10:02+00:00\" \/>\n<meta property=\"og:image\" content=\"https:\/\/bbacomex.com.br\/wp-content\/uploads\/2024\/04\/fechadora-de-caixa-com-esteira-lateralarqueadora-dba-200-02-min.jpg\" \/>\n\t<meta property=\"og:image:width\" content=\"800\" \/>\n\t<meta property=\"og:image:height\" content=\"600\" \/>\n\t<meta property=\"og:image:type\" content=\"image\/jpeg\" \/>\n<meta name=\"twitter:card\" content=\"summary_large_image\" \/>\n<meta name=\"twitter:label1\" content=\"Precio\" \/>\n\t<meta name=\"twitter:data1\" content=\"\" \/>\n\t<meta name=\"twitter:label2\" content=\"Disponibilidad\" \/>\n\t<meta name=\"twitter:data2\" content=\"Disponible\" \/>\n<script type=\"application\/ld+json\" class=\"yoast-schema-graph\">{\"@context\":\"https:\/\/schema.org\",\"@graph\":[{\"@type\":\"WebPage\",\"@id\":\"https:\/\/bbacomex.com.br\/produto\/fechadora-de-caixa-com-esteira-lateral-arqueadora-dba-200\/\",\"url\":\"https:\/\/bbacomex.com.br\/produto\/fechadora-de-caixa-com-esteira-lateral-arqueadora-dba-200\/\",\"name\":\"Fechadora de Caixa com Esteira Lateral + Arqueadora DBA 200\",\"isPartOf\":{\"@id\":\"https:\/\/bbacomex.com.br\/#website\"},\"primaryImageOfPage\":{\"@id\":\"https:\/\/bbacomex.com.br\/produto\/fechadora-de-caixa-com-esteira-lateral-arqueadora-dba-200\/#primaryimage\"},\"image\":{\"@id\":\"https:\/\/bbacomex.com.br\/produto\/fechadora-de-caixa-com-esteira-lateral-arqueadora-dba-200\/#primaryimage\"},\"thumbnailUrl\":\"https:\/\/bbacomex.com.br\/wp-content\/uploads\/2024\/04\/fechadora-de-caixa-com-esteira-lateralarqueadora-dba-200-02-min.jpg\",\"datePublished\":\"2024-06-03T19:37:09+00:00\",\"dateModified\":\"2025-07-25T23:10:02+00:00\",\"description\":\"A\u00a0Fechadora de Caixa com Esteira Lateral e Arqueadora Integrada DBA 200\u00a0\u00e9 a solu\u00e7\u00e3o ideal para empresas que buscam\u00a0agilidade, padroniza\u00e7\u00e3o e economia\u00a0no processo de fechamento de embalagens. Esta m\u00e1quina semiautom\u00e1tica realiza o\u00a0fechamento das abas superiores e inferiores com fita adesiva\u00a0e, na sequ\u00eancia,\u00a0a arquea\u00e7\u00e3o autom\u00e1tica com fita pl\u00e1stica (PP), otimizando significativamente o tempo de produ\u00e7\u00e3o.\",\"breadcrumb\":{\"@id\":\"https:\/\/bbacomex.com.br\/produto\/fechadora-de-caixa-com-esteira-lateral-arqueadora-dba-200\/#breadcrumb\"},\"inLanguage\":\"es\",\"potentialAction\":[{\"@type\":\"ReadAction\",\"target\":[\"https:\/\/bbacomex.com.br\/produto\/fechadora-de-caixa-com-esteira-lateral-arqueadora-dba-200\/\"]}]},{\"@type\":\"ImageObject\",\"inLanguage\":\"es\",\"@id\":\"https:\/\/bbacomex.com.br\/produto\/fechadora-de-caixa-com-esteira-lateral-arqueadora-dba-200\/#primaryimage\",\"url\":\"https:\/\/bbacomex.com.br\/wp-content\/uploads\/2024\/04\/fechadora-de-caixa-com-esteira-lateralarqueadora-dba-200-02-min.jpg\",\"contentUrl\":\"https:\/\/bbacomex.com.br\/wp-content\/uploads\/2024\/04\/fechadora-de-caixa-com-esteira-lateralarqueadora-dba-200-02-min.jpg\",\"width\":800,\"height\":600},{\"@type\":\"BreadcrumbList\",\"@id\":\"https:\/\/bbacomex.com.br\/produto\/fechadora-de-caixa-com-esteira-lateral-arqueadora-dba-200\/#breadcrumb\",\"itemListElement\":[{\"@type\":\"ListItem\",\"position\":1,\"name\":\"In\u00edcio\",\"item\":\"https:\/\/bbacomex.com.br\/\"},{\"@type\":\"ListItem\",\"position\":2,\"name\":\"Produtos\",\"item\":\"https:\/\/bbacomex.com.br\/loja\/\"},{\"@type\":\"ListItem\",\"position\":3,\"name\":\"Fechadora de Caixa com Esteira Lateral + Arqueadora DBA 200\"}]},{\"@type\":\"WebSite\",\"@id\":\"https:\/\/bbacomex.com.br\/#website\",\"url\":\"https:\/\/bbacomex.com.br\/\",\"name\":\"BBA Comex\",\"description\":\"\",\"publisher\":{\"@id\":\"https:\/\/bbacomex.com.br\/#organization\"},\"potentialAction\":[{\"@type\":\"SearchAction\",\"target\":{\"@type\":\"EntryPoint\",\"urlTemplate\":\"https:\/\/bbacomex.com.br\/?s={search_term_string}\"},\"query-input\":{\"@type\":\"PropertyValueSpecification\",\"valueRequired\":true,\"valueName\":\"search_term_string\"}}],\"inLanguage\":\"es\"},{\"@type\":\"Organization\",\"@id\":\"https:\/\/bbacomex.com.br\/#organization\",\"name\":\"BBA Comex\",\"url\":\"https:\/\/bbacomex.com.br\/\",\"logo\":{\"@type\":\"ImageObject\",\"inLanguage\":\"es\",\"@id\":\"https:\/\/bbacomex.com.br\/#\/schema\/logo\/image\/\",\"url\":\"https:\/\/bbacomex.com.br\/wp-content\/uploads\/2024\/03\/Logo_Rodape.png\",\"contentUrl\":\"https:\/\/bbacomex.com.br\/wp-content\/uploads\/2024\/03\/Logo_Rodape.png\",\"width\":350,\"height\":160,\"caption\":\"BBA Comex\"},\"image\":{\"@id\":\"https:\/\/bbacomex.com.br\/#\/schema\/logo\/image\/\"},\"sameAs\":[\"https:\/\/www.facebook.com\/bbacomexoficial\",\"https:\/\/www.instagram.com\/bbacomex\/\",\"https:\/\/www.linkedin.com\/company\/bba-comex\/\"]}]}<\/script>\n<meta property=\"product:price:currency\" content=\"BRL\" \/>\n<meta property=\"og:availability\" content=\"instock\" \/>\n<meta property=\"product:availability\" content=\"instock\" \/>\n<meta property=\"product:condition\" content=\"new\" \/>\n<!-- \/ Yoast SEO Premium plugin. -->","yoast_head_json":{"title":"Fechadora de Caixa com Esteira Lateral + Arqueadora DBA 200","description":"A\u00a0Fechadora de Caixa com Esteira Lateral e Arqueadora Integrada DBA 200\u00a0\u00e9 a solu\u00e7\u00e3o ideal para empresas que buscam\u00a0agilidade, padroniza\u00e7\u00e3o e economia\u00a0no processo de fechamento de embalagens. Esta m\u00e1quina semiautom\u00e1tica realiza o\u00a0fechamento das abas superiores e inferiores com fita adesiva\u00a0e, na sequ\u00eancia,\u00a0a arquea\u00e7\u00e3o autom\u00e1tica com fita pl\u00e1stica (PP), otimizando significativamente o tempo de produ\u00e7\u00e3o.","robots":{"index":"index","follow":"follow","max-snippet":"max-snippet:-1","max-image-preview":"max-image-preview:large","max-video-preview":"max-video-preview:-1"},"canonical":"https:\/\/bbacomex.com.br\/es\/producto\/fechadora-de-caixa-com-esteira-lateral-arqueadora-dba-200\/","og_locale":"es_ES","og_type":"article","og_title":"Fechadora de Caixa com Esteira Lateral + Arqueadora DBA 200","og_description":"A\u00a0Fechadora de Caixa com Esteira Lateral e Arqueadora Integrada DBA 200\u00a0\u00e9 a solu\u00e7\u00e3o ideal para empresas que buscam\u00a0agilidade, padroniza\u00e7\u00e3o e economia\u00a0no processo de fechamento de embalagens. Esta m\u00e1quina semiautom\u00e1tica realiza o\u00a0fechamento das abas superiores e inferiores com fita adesiva\u00a0e, na sequ\u00eancia,\u00a0a arquea\u00e7\u00e3o autom\u00e1tica com fita pl\u00e1stica (PP), otimizando significativamente o tempo de produ\u00e7\u00e3o.","og_url":"https:\/\/bbacomex.com.br\/es\/producto\/fechadora-de-caixa-com-esteira-lateral-arqueadora-dba-200\/","og_site_name":"BBA Comex","article_publisher":"https:\/\/www.facebook.com\/bbacomexoficial","article_modified_time":"2025-07-25T23:10:02+00:00","og_image":[{"width":800,"height":600,"url":"https:\/\/bbacomex.com.br\/wp-content\/uploads\/2024\/04\/fechadora-de-caixa-com-esteira-lateralarqueadora-dba-200-02-min.jpg","type":"image\/jpeg"}],"twitter_card":"summary_large_image","twitter_misc":{"Precio":"","Disponibilidad":"Disponible"},"schema":{"@context":"https:\/\/schema.org","@graph":[{"@type":"WebPage","@id":"https:\/\/bbacomex.com.br\/produto\/fechadora-de-caixa-com-esteira-lateral-arqueadora-dba-200\/","url":"https:\/\/bbacomex.com.br\/produto\/fechadora-de-caixa-com-esteira-lateral-arqueadora-dba-200\/","name":"Fechadora de Caixa com Esteira Lateral + Arqueadora DBA 200","isPartOf":{"@id":"https:\/\/bbacomex.com.br\/#website"},"primaryImageOfPage":{"@id":"https:\/\/bbacomex.com.br\/produto\/fechadora-de-caixa-com-esteira-lateral-arqueadora-dba-200\/#primaryimage"},"image":{"@id":"https:\/\/bbacomex.com.br\/produto\/fechadora-de-caixa-com-esteira-lateral-arqueadora-dba-200\/#primaryimage"},"thumbnailUrl":"https:\/\/bbacomex.com.br\/wp-content\/uploads\/2024\/04\/fechadora-de-caixa-com-esteira-lateralarqueadora-dba-200-02-min.jpg","datePublished":"2024-06-03T19:37:09+00:00","dateModified":"2025-07-25T23:10:02+00:00","description":"A\u00a0Fechadora de Caixa com Esteira Lateral e Arqueadora Integrada DBA 200\u00a0\u00e9 a solu\u00e7\u00e3o ideal para empresas que buscam\u00a0agilidade, padroniza\u00e7\u00e3o e economia\u00a0no processo de fechamento de embalagens. Esta m\u00e1quina semiautom\u00e1tica realiza o\u00a0fechamento das abas superiores e inferiores com fita adesiva\u00a0e, na sequ\u00eancia,\u00a0a arquea\u00e7\u00e3o autom\u00e1tica com fita pl\u00e1stica (PP), otimizando significativamente o tempo de produ\u00e7\u00e3o.","breadcrumb":{"@id":"https:\/\/bbacomex.com.br\/produto\/fechadora-de-caixa-com-esteira-lateral-arqueadora-dba-200\/#breadcrumb"},"inLanguage":"es","potentialAction":[{"@type":"ReadAction","target":["https:\/\/bbacomex.com.br\/produto\/fechadora-de-caixa-com-esteira-lateral-arqueadora-dba-200\/"]}]},{"@type":"ImageObject","inLanguage":"es","@id":"https:\/\/bbacomex.com.br\/produto\/fechadora-de-caixa-com-esteira-lateral-arqueadora-dba-200\/#primaryimage","url":"https:\/\/bbacomex.com.br\/wp-content\/uploads\/2024\/04\/fechadora-de-caixa-com-esteira-lateralarqueadora-dba-200-02-min.jpg","contentUrl":"https:\/\/bbacomex.com.br\/wp-content\/uploads\/2024\/04\/fechadora-de-caixa-com-esteira-lateralarqueadora-dba-200-02-min.jpg","width":800,"height":600},{"@type":"BreadcrumbList","@id":"https:\/\/bbacomex.com.br\/produto\/fechadora-de-caixa-com-esteira-lateral-arqueadora-dba-200\/#breadcrumb","itemListElement":[{"@type":"ListItem","position":1,"name":"In\u00edcio","item":"https:\/\/bbacomex.com.br\/"},{"@type":"ListItem","position":2,"name":"Produtos","item":"https:\/\/bbacomex.com.br\/loja\/"},{"@type":"ListItem","position":3,"name":"Fechadora de Caixa com Esteira Lateral + Arqueadora DBA 200"}]},{"@type":"WebSite","@id":"https:\/\/bbacomex.com.br\/#website","url":"https:\/\/bbacomex.com.br\/","name":"BBA Comex","description":"","publisher":{"@id":"https:\/\/bbacomex.com.br\/#organization"},"potentialAction":[{"@type":"SearchAction","target":{"@type":"EntryPoint","urlTemplate":"https:\/\/bbacomex.com.br\/?s={search_term_string}"},"query-input":{"@type":"PropertyValueSpecification","valueRequired":true,"valueName":"search_term_string"}}],"inLanguage":"es"},{"@type":"Organization","@id":"https:\/\/bbacomex.com.br\/#organization","name":"BBA Comex","url":"https:\/\/bbacomex.com.br\/","logo":{"@type":"ImageObject","inLanguage":"es","@id":"https:\/\/bbacomex.com.br\/#\/schema\/logo\/image\/","url":"https:\/\/bbacomex.com.br\/wp-content\/uploads\/2024\/03\/Logo_Rodape.png","contentUrl":"https:\/\/bbacomex.com.br\/wp-content\/uploads\/2024\/03\/Logo_Rodape.png","width":350,"height":160,"caption":"BBA Comex"},"image":{"@id":"https:\/\/bbacomex.com.br\/#\/schema\/logo\/image\/"},"sameAs":["https:\/\/www.facebook.com\/bbacomexoficial","https:\/\/www.instagram.com\/bbacomex\/","https:\/\/www.linkedin.com\/company\/bba-comex\/"]}]},"product_price_currency":"BRL","og_availability":"instock","product_availability":"instock","product_condition":"new"},"_links":{"self":[{"href":"https:\/\/bbacomex.com.br\/es\/wp-json\/wp\/v2\/product\/2929","targetHints":{"allow":["GET"]}}],"collection":[{"href":"https:\/\/bbacomex.com.br\/es\/wp-json\/wp\/v2\/product"}],"about":[{"href":"https:\/\/bbacomex.com.br\/es\/wp-json\/wp\/v2\/types\/product"}],"wp:featuredmedia":[{"embeddable":true,"href":"https:\/\/bbacomex.com.br\/es\/wp-json\/wp\/v2\/media\/1482"}],"wp:attachment":[{"href":"https:\/\/bbacomex.com.br\/es\/wp-json\/wp\/v2\/media?parent=2929"}],"wp:term":[{"taxonomy":"product_brand","embeddable":true,"href":"https:\/\/bbacomex.com.br\/es\/wp-json\/wp\/v2\/product_brand?post=2929"},{"taxonomy":"product_cat","embeddable":true,"href":"https:\/\/bbacomex.com.br\/es\/wp-json\/wp\/v2\/product_cat?post=2929"},{"taxonomy":"product_tag","embeddable":true,"href":"https:\/\/bbacomex.com.br\/es\/wp-json\/wp\/v2\/product_tag?post=2929"}],"curies":[{"name":"wp","href":"https:\/\/api.w.org\/{rel}","templated":true}]}}