{"id":2933,"date":"2024-06-03T16:50:57","date_gmt":"2024-06-03T19:50:57","guid":{"rendered":"https:\/\/bbacomex.com.br\/?post_type=product&#038;p=2933"},"modified":"2025-08-21T14:05:19","modified_gmt":"2025-08-21T17:05:19","slug":"fechadora-de-caixa-automatica-com-esteira-superior-e-inferior","status":"publish","type":"product","link":"https:\/\/bbacomex.com.br\/es\/producto\/fechadora-de-caixa-automatica-com-esteira-superior-e-inferior\/","title":{"rendered":"Cerradora de caja automatica con cinta transportadora superior e inferior"},"content":{"rendered":"<div class=\"elementor-element elementor-element-3db3e01 elementor-widget__width-initial elementor-widget elementor-widget-text-editor\" data-id=\"3db3e01\" data-element_type=\"widget\" data-widget_type=\"text-editor.default\">\n<div class=\"elementor-widget-container\">\n<div class=\"elementor-element elementor-element-5bfbfe5 elementor-widget__width-initial elementor-widget elementor-widget-text-editor\" data-id=\"5bfbfe5\" data-element_type=\"widget\" data-widget_type=\"text-editor.default\">\n<div class=\"elementor-widget-container\">\n<div class=\"elementor-element elementor-element-f50db4f elementor-widget__width-initial elementor-widget elementor-widget-text-editor\" data-id=\"f50db4f\" data-element_type=\"widget\" data-widget_type=\"text-editor.default\">\n<div class=\"elementor-widget-container\">\n<div class=\"elementor-element elementor-element-3db3e01 elementor-widget__width-initial elementor-widget elementor-widget-text-editor\" data-id=\"3db3e01\" data-element_type=\"widget\" data-widget_type=\"text-editor.default\">\n<div class=\"elementor-widget-container\">\n<div class=\"elementor-element elementor-element-5bfbfe5 elementor-widget__width-initial elementor-widget elementor-widget-text-editor\" data-id=\"5bfbfe5\" data-element_type=\"widget\" data-widget_type=\"text-editor.default\">\n<div class=\"elementor-widget-container\">\n<div class=\"elementor-element elementor-element-f50db4f elementor-widget__width-initial elementor-widget elementor-widget-text-editor\" data-id=\"f50db4f\" data-element_type=\"widget\" data-widget_type=\"text-editor.default\">\n<div class=\"elementor-widget-container\">\n<div class=\"elementor-element elementor-element-7e3edc1 elementor-widget__width-initial elementor-widget elementor-widget-text-editor\" data-id=\"7e3edc1\" data-element_type=\"widget\" data-widget_type=\"text-editor.default\">\n<div class=\"elementor-widget-container\">\n<div class=\"elementor-element elementor-element-0f54a7e elementor-widget__width-initial elementor-widget elementor-widget-text-editor\" data-id=\"0f54a7e\" data-element_type=\"widget\" data-widget_type=\"text-editor.default\">\n<div class=\"elementor-widget-container\">\n<div class=\"wpb_text_column wpb_content_element\">\n<div class=\"wpb_wrapper\">\n<div class=\"elementor-element elementor-element-a55d8b8 elementor-widget__width-initial elementor-widget elementor-widget-text-editor\" data-id=\"a55d8b8\" data-element_type=\"widget\" data-widget_type=\"text-editor.default\">\n<div class=\"elementor-widget-container\">\n<div class=\"wpb_text_column wpb_content_element\">\n<div class=\"wpb_wrapper\">\n<div class=\"elementor-element elementor-element-0f54a7e elementor-widget__width-initial elementor-widget elementor-widget-text-editor\" data-id=\"0f54a7e\" data-element_type=\"widget\" data-widget_type=\"text-editor.default\">\n<div class=\"elementor-widget-container\">\n<div class=\"wpb_text_column wpb_content_element\">\n<div class=\"wpb_wrapper\">\n<div class=\"elementor-element elementor-element-0f54a7e elementor-widget__width-initial elementor-widget elementor-widget-text-editor\" data-id=\"0f54a7e\" data-element_type=\"widget\" data-widget_type=\"text-editor.default\">\n<div class=\"elementor-widget-container\">\n<div class=\"wpb_text_column wpb_content_element\">\n<div class=\"wpb_wrapper\">\n<div class=\"elementor-element elementor-element-0f54a7e elementor-widget__width-initial elementor-widget elementor-widget-text-editor\" data-id=\"0f54a7e\" data-element_type=\"widget\" data-widget_type=\"text-editor.default\">\n<div class=\"elementor-widget-container\">\n<div class=\"wpb_text_column wpb_content_element\">\n<div class=\"wpb_wrapper\">\n<div class=\"elementor-element elementor-element-0f54a7e elementor-widget__width-initial elementor-widget elementor-widget-text-editor\" data-id=\"0f54a7e\" data-element_type=\"widget\" data-widget_type=\"text-editor.default\">\n<div class=\"elementor-widget-container\">\n<div class=\"wpb_text_column wpb_content_element\">\n<div class=\"wpb_wrapper\">\n<div class=\"elementor-element elementor-element-a55d8b8 elementor-widget__width-initial elementor-widget elementor-widget-text-editor\" data-id=\"a55d8b8\" data-element_type=\"widget\" data-widget_type=\"text-editor.default\">\n<div class=\"elementor-widget-container\">\n<div class=\"wpb_text_column wpb_content_element\">\n<div class=\"wpb_wrapper\">\n<p>A\u00a0<strong>Cerradora de caja automatica con cinta transportadora superior e inferior<\/strong>\u00a0da\u00a0<strong>BBA Comex<\/strong>\u00a0\u00e9 a solu\u00e7\u00e3o ideal para empresas que buscam otimizar o processo de fechamento de caixas de papel\u00e3o com\u00a0<strong>mais agilidade, economia e padroniza\u00e7\u00e3o<\/strong>. Com tecnologia de ponta, esse equipamento automatiza o fechamento das abas superiores e inferiores com aplica\u00e7\u00e3o de fita autoadesiva, exigindo apenas o abastecimento manual das caixas.<\/p>\n<p>Sua opera\u00e7\u00e3o \u00e9 simples e eficiente, adaptando-se com facilidade a diferentes tamanhos de caixas por meio de\u00a0<strong>ajuste autom\u00e1tico de altura e largura<\/strong>. \u00c9 uma m\u00e1quina extremamente vers\u00e1til, indicada tanto para aplica\u00e7\u00f5es individuais quanto para integra\u00e7\u00e3o em linhas de produ\u00e7\u00e3o totalmente automatizadas.<\/p>\n<p>Perfeita para\u00a0<strong>pequenas, m\u00e9dias e grandes empresas<\/strong>, a fechadora pode ser aplicada em diversos setores industriais, como: aliment\u00edcio, eletroeletr\u00f4nico, cosm\u00e9tico, qu\u00edmico, farmac\u00eautico, log\u00edstico e muitos outros.<\/p>\n<p><strong>Caracter\u00edsticas T\u00e9cnicas<\/strong><\/p>\n<ul>\n<li><strong>Fechamento autom\u00e1tico das abas superiores e inferiores com fita autoadesiva<\/strong><\/li>\n<li><strong>Ajuste autom\u00e1tico de altura e largura da caixa<\/strong>, sem necessidade de regulagens manuais complexas<\/li>\n<li><strong>Esteiras superior e inferior com cintas de 75 mm<\/strong>, para movimenta\u00e7\u00e3o precisa e suave das caixas<\/li>\n<li><strong>Cabe\u00e7ote de selagem de f\u00e1cil manuten\u00e7\u00e3o<\/strong>, projetado para r\u00e1pida troca de fita<\/li>\n<li><strong>Estrutura em a\u00e7o carbono com acabamento resistente<\/strong>, dispon\u00edvel tamb\u00e9m em\u00a0<strong>vers\u00e3o inox<\/strong>\u00a0mediante solicita\u00e7\u00e3o<\/li>\n<li><strong>Dispon\u00edvel com vers\u00f5es em conformidade com a NR-12<\/strong>, garantindo m\u00e1xima seguran\u00e7a operacional<\/li>\n<\/ul>\n<p><strong>Vantagens Operacionais<\/strong><\/p>\n<ul>\n<li><strong>Redu\u00e7\u00e3o significativa do tempo de embalagem e da m\u00e3o de obra<\/strong><\/li>\n<li><strong>Menor consumo de fita adesiva<\/strong>, com aplica\u00e7\u00e3o precisa e econ\u00f4mica<\/li>\n<li><strong>Design robusto e moderno<\/strong>, adapt\u00e1vel a diferentes layouts industriais<\/li>\n<li><strong>Alta durabilidade e desempenho cont\u00ednuo<\/strong>, mesmo em ambientes de alta demanda<\/li>\n<li><strong>Mobilidade facilitada<\/strong>\u00a0com p\u00e9s telesc\u00f3picos e rod\u00edzios com travas<\/li>\n<li><strong>Opera\u00e7\u00e3o silenciosa e intuitiva<\/strong>, ideal para ambientes produtivos exigentes<\/li>\n<\/ul>\n<p>A\u00a0<strong>Fechadora de Caixa Autom\u00e1tica da BBA Comex<\/strong>\u00a0\u00e9 a escolha certa para quem busca\u00a0<strong>aumentar a produtividade, padronizar processos e reduzir custos<\/strong>\u00a0com seguran\u00e7a e efici\u00eancia.<\/p>\n<p>*Tamb\u00e9m dispon\u00edvel nas vers\u00f5es em INOX e NR12<\/p>\n<\/div>\n<p><strong>Video:<\/strong><br \/>\n<iframe title=\"YouTube video player\" src=\"https:\/\/www.youtube.com\/embed\/e70DY3n8hBM?si=eybP7qPF9AZvXexi\" width=\"560\" height=\"315\" frameborder=\"0\" allowfullscreen=\"allowfullscreen\"><span data-mce-type=\"bookmark\" style=\"display: inline-block; width: 0px; overflow: hidden; line-height: 0;\" class=\"mce_SELRES_start\"><\/span><\/iframe><\/p>\n<\/div>\n<\/div>\n<\/div>\n<\/div>\n<\/div>\n<\/div>\n<\/div>\n<\/div>\n<\/div>\n<\/div>\n<\/div>\n<\/div>\n<\/div>\n<\/div>\n<\/div>\n<\/div>\n<\/div>\n<\/div>\n<\/div>\n<\/div>\n<\/div>\n<\/div>\n<\/div>\n<\/div>\n<\/div>\n<\/div>\n<\/div>\n<\/div>\n<\/div>\n<\/div>\n<\/div>\n<\/div>\n<\/div>\n<\/div>\n<\/div>\n<\/div>\n<\/div>\n<\/div>\n<\/div>\n<\/div>\n<\/div>","protected":false},"excerpt":{"rendered":"<p>&nbsp;<\/p>\n<div style=\"max-width: 600px; margin: 40px auto; font-family: Arial, sans-serif; border: 2px solid #0044cc; border-radius: 10px; overflow: hidden;\">\n<div style=\"background-color: #0044cc; color: white; padding: 10px 20px; font-size: 20px; font-weight: bold;\">Fechadora de Caixas Automatica Superior e Inferior<\/div>\n<div style=\"background-color: #eaf0ff; padding: 10px 20px; font-size: 14px; font-weight: bold;\">Los Datos T\u00e9cnicos De La<\/div>\n<table style=\"width: 100%; border-collapse: collapse; font-size: 14px;\">\n<tbody>\n<tr>\n<td style=\"padding: 10px; border-bottom: 1px solid #ddd;\">Dimens\u00f5es da M\u00e1quina (C x L x A)<\/td>\n<td style=\"padding: 10px; border-bottom: 1px solid #ddd;\">1848 x 810 x 1532 mm<\/td>\n<\/tr>\n<tr>\n<td style=\"padding: 10px; border-bottom: 1px solid #ddd;\">El Tama\u00f1o M\u00e1ximo. del Embalaje (an x Al.)<\/td>\n<td style=\"padding: 10px; border-bottom: 1px solid #ddd;\">500 x 600 mm<\/td>\n<\/tr>\n<tr>\n<td style=\"padding: 10px; border-bottom: 1px solid #ddd;\">Tamanho M\u00edn. da Embalagem (L x A)<\/td>\n<td style=\"padding: 10px; border-bottom: 1px solid #ddd;\">200 x 150 mm<\/td>\n<\/tr>\n<tr>\n<td style=\"padding: 10px; border-bottom: 1px solid #ddd;\">Largura de Uso da Fita<\/td>\n<td style=\"padding: 10px; border-bottom: 1px solid #ddd;\">45 a 72 mm<\/td>\n<\/tr>\n<tr>\n<td style=\"padding: 10px; border-bottom: 1px solid #ddd;\">Velocidade<\/td>\n<td style=\"padding: 10px; border-bottom: 1px solid #ddd;\">20 m\/min<\/td>\n<\/tr>\n<tr>\n<td style=\"padding: 10px; border-bottom: 1px solid #ddd;\">Consumo\/hora<\/td>\n<td style=\"padding: 10px; border-bottom: 1px solid #ddd;\">3,2 kW\/h<\/td>\n<\/tr>\n<tr>\n<td style=\"padding: 10px; border-bottom: 1px solid #ddd;\">Tens\u00e3o<\/td>\n<td style=\"padding: 10px; border-bottom: 1px solid #ddd;\">220v monof\u00e1sico<\/td>\n<\/tr>\n<tr>\n<td style=\"padding: 10px; border-bottom: 1px solid #ddd;\">La potencia<\/td>\n<td style=\"padding: 10px; border-bottom: 1px solid #ddd;\">400W<\/td>\n<\/tr>\n<tr>\n<td style=\"padding: 10px; border-bottom: 1px solid #ddd;\">Peso M\u00e1x. da Caixa<\/td>\n<td style=\"padding: 10px; border-bottom: 1px solid #ddd;\">40 kg<\/td>\n<\/tr>\n<tr>\n<td style=\"padding: 10px;\">El Peso de<\/td>\n<td style=\"padding: 10px;\">120 kg<\/td>\n<\/tr>\n<\/tbody>\n<\/table>\n<\/div>","protected":false},"featured_media":3726,"template":"","meta":{"_acf_changed":false},"product_brand":[],"product_cat":[90,77],"product_tag":[],"class_list":{"0":"post-2933","1":"product","2":"type-product","3":"status-publish","4":"has-post-thumbnail","6":"product_cat-fechadoras-de-caixa","7":"product_cat-sem-categoria","9":"first","10":"instock","11":"shipping-taxable","12":"product-type-simple"},"acf":[],"yoast_head":"<!-- This site is optimized with the Yoast SEO Premium plugin v24.5 (Yoast SEO v27.2) - https:\/\/yoast.com\/product\/yoast-seo-premium-wordpress\/ -->\n<title>Fechadora de Caixa Autom\u00e1tica com Esteira Superior e Inferior<\/title>\n<meta name=\"description\" content=\"A\u00a0Fechadora de Caixa Autom\u00e1tica com Esteira Superior e Inferior\u00a0da\u00a0BBA Comex\u00a0\u00e9 a solu\u00e7\u00e3o ideal para empresas que buscam otimizar o processo de fechamento de caixas de papel\u00e3o com\u00a0mais agilidade, economia e padroniza\u00e7\u00e3o. Com tecnologia de ponta, esse equipamento automatiza o fechamento das abas superiores e inferiores com aplica\u00e7\u00e3o de fita autoadesiva, exigindo apenas o abastecimento manual das caixas.\" \/>\n<meta name=\"robots\" content=\"index, follow, max-snippet:-1, max-image-preview:large, max-video-preview:-1\" \/>\n<link rel=\"canonical\" href=\"https:\/\/bbacomex.com.br\/es\/producto\/fechadora-de-caixa-automatica-com-esteira-superior-e-inferior\/\" \/>\n<meta property=\"og:locale\" content=\"es_ES\" \/>\n<meta property=\"og:type\" content=\"article\" \/>\n<meta property=\"og:title\" content=\"Fechadora de Caixa Autom\u00e1tica com Esteira Superior e Inferior\" \/>\n<meta property=\"og:description\" content=\"A\u00a0Fechadora de Caixa Autom\u00e1tica com Esteira Superior e Inferior\u00a0da\u00a0BBA Comex\u00a0\u00e9 a solu\u00e7\u00e3o ideal para empresas que buscam otimizar o processo de fechamento de caixas de papel\u00e3o com\u00a0mais agilidade, economia e padroniza\u00e7\u00e3o. Com tecnologia de ponta, esse equipamento automatiza o fechamento das abas superiores e inferiores com aplica\u00e7\u00e3o de fita autoadesiva, exigindo apenas o abastecimento manual das caixas.\" \/>\n<meta property=\"og:url\" content=\"https:\/\/bbacomex.com.br\/es\/producto\/fechadora-de-caixa-automatica-com-esteira-superior-e-inferior\/\" \/>\n<meta property=\"og:site_name\" content=\"BBA Comex\" \/>\n<meta property=\"article:publisher\" content=\"https:\/\/www.facebook.com\/bbacomexoficial\" \/>\n<meta property=\"article:modified_time\" content=\"2025-08-21T17:05:19+00:00\" \/>\n<meta property=\"og:image\" content=\"https:\/\/bbacomex.com.br\/wp-content\/uploads\/2024\/06\/WhatsApp-Image-2024-10-30-at-14.19.15.jpeg\" \/>\n\t<meta property=\"og:image:width\" content=\"688\" \/>\n\t<meta property=\"og:image:height\" content=\"687\" \/>\n\t<meta property=\"og:image:type\" content=\"image\/jpeg\" \/>\n<meta name=\"twitter:card\" content=\"summary_large_image\" \/>\n<meta name=\"twitter:label1\" content=\"Precio\" \/>\n\t<meta name=\"twitter:data1\" content=\"\" \/>\n\t<meta name=\"twitter:label2\" content=\"Disponibilidad\" \/>\n\t<meta name=\"twitter:data2\" content=\"Disponible\" \/>\n<script type=\"application\/ld+json\" class=\"yoast-schema-graph\">{\"@context\":\"https:\/\/schema.org\",\"@graph\":[{\"@type\":\"WebPage\",\"@id\":\"https:\/\/bbacomex.com.br\/es\/producto\/fechadora-de-caixa-automatica-com-esteira-superior-e-inferior\/\",\"url\":\"https:\/\/bbacomex.com.br\/es\/producto\/fechadora-de-caixa-automatica-com-esteira-superior-e-inferior\/\",\"name\":\"Fechadora de Caixa Autom\u00e1tica com Esteira Superior e Inferior\",\"isPartOf\":{\"@id\":\"https:\/\/bbacomex.com.br\/#website\"},\"primaryImageOfPage\":{\"@id\":\"https:\/\/bbacomex.com.br\/es\/producto\/fechadora-de-caixa-automatica-com-esteira-superior-e-inferior\/#primaryimage\"},\"image\":{\"@id\":\"https:\/\/bbacomex.com.br\/es\/producto\/fechadora-de-caixa-automatica-com-esteira-superior-e-inferior\/#primaryimage\"},\"thumbnailUrl\":\"https:\/\/bbacomex.com.br\/wp-content\/uploads\/2024\/06\/WhatsApp-Image-2024-10-30-at-14.19.15.jpeg\",\"datePublished\":\"2024-06-03T19:50:57+00:00\",\"dateModified\":\"2025-08-21T17:05:19+00:00\",\"description\":\"A\u00a0Fechadora de Caixa Autom\u00e1tica com Esteira Superior e Inferior\u00a0da\u00a0BBA Comex\u00a0\u00e9 a solu\u00e7\u00e3o ideal para empresas que buscam otimizar o processo de fechamento de caixas de papel\u00e3o com\u00a0mais agilidade, economia e padroniza\u00e7\u00e3o. Com tecnologia de ponta, esse equipamento automatiza o fechamento das abas superiores e inferiores com aplica\u00e7\u00e3o de fita autoadesiva, exigindo apenas o abastecimento manual das caixas.\",\"breadcrumb\":{\"@id\":\"https:\/\/bbacomex.com.br\/es\/producto\/fechadora-de-caixa-automatica-com-esteira-superior-e-inferior\/#breadcrumb\"},\"inLanguage\":\"es\",\"potentialAction\":[{\"@type\":\"ReadAction\",\"target\":[\"https:\/\/bbacomex.com.br\/es\/producto\/fechadora-de-caixa-automatica-com-esteira-superior-e-inferior\/\"]}]},{\"@type\":\"ImageObject\",\"inLanguage\":\"es\",\"@id\":\"https:\/\/bbacomex.com.br\/es\/producto\/fechadora-de-caixa-automatica-com-esteira-superior-e-inferior\/#primaryimage\",\"url\":\"https:\/\/bbacomex.com.br\/wp-content\/uploads\/2024\/06\/WhatsApp-Image-2024-10-30-at-14.19.15.jpeg\",\"contentUrl\":\"https:\/\/bbacomex.com.br\/wp-content\/uploads\/2024\/06\/WhatsApp-Image-2024-10-30-at-14.19.15.jpeg\",\"width\":688,\"height\":687},{\"@type\":\"BreadcrumbList\",\"@id\":\"https:\/\/bbacomex.com.br\/es\/producto\/fechadora-de-caixa-automatica-com-esteira-superior-e-inferior\/#breadcrumb\",\"itemListElement\":[{\"@type\":\"ListItem\",\"position\":1,\"name\":\"In\u00edcio\",\"item\":\"https:\/\/bbacomex.com.br\/\"},{\"@type\":\"ListItem\",\"position\":2,\"name\":\"Produtos\",\"item\":\"https:\/\/bbacomex.com.br\/loja\/\"},{\"@type\":\"ListItem\",\"position\":3,\"name\":\"Fechadora de Caixa Autom\u00e1tica com Esteira Superior e Inferior\"}]},{\"@type\":\"WebSite\",\"@id\":\"https:\/\/bbacomex.com.br\/#website\",\"url\":\"https:\/\/bbacomex.com.br\/\",\"name\":\"BBA Comex\",\"description\":\"\",\"publisher\":{\"@id\":\"https:\/\/bbacomex.com.br\/#organization\"},\"potentialAction\":[{\"@type\":\"SearchAction\",\"target\":{\"@type\":\"EntryPoint\",\"urlTemplate\":\"https:\/\/bbacomex.com.br\/?s={search_term_string}\"},\"query-input\":{\"@type\":\"PropertyValueSpecification\",\"valueRequired\":true,\"valueName\":\"search_term_string\"}}],\"inLanguage\":\"es\"},{\"@type\":\"Organization\",\"@id\":\"https:\/\/bbacomex.com.br\/#organization\",\"name\":\"BBA Comex\",\"url\":\"https:\/\/bbacomex.com.br\/\",\"logo\":{\"@type\":\"ImageObject\",\"inLanguage\":\"es\",\"@id\":\"https:\/\/bbacomex.com.br\/#\/schema\/logo\/image\/\",\"url\":\"https:\/\/bbacomex.com.br\/wp-content\/uploads\/2024\/03\/Logo_Rodape.png\",\"contentUrl\":\"https:\/\/bbacomex.com.br\/wp-content\/uploads\/2024\/03\/Logo_Rodape.png\",\"width\":350,\"height\":160,\"caption\":\"BBA Comex\"},\"image\":{\"@id\":\"https:\/\/bbacomex.com.br\/#\/schema\/logo\/image\/\"},\"sameAs\":[\"https:\/\/www.facebook.com\/bbacomexoficial\",\"https:\/\/www.instagram.com\/bbacomex\/\",\"https:\/\/www.linkedin.com\/company\/bba-comex\/\"]}]}<\/script>\n<meta property=\"product:price:currency\" content=\"BRL\" \/>\n<meta property=\"og:availability\" content=\"instock\" \/>\n<meta property=\"product:availability\" content=\"instock\" \/>\n<meta property=\"product:condition\" content=\"new\" \/>\n<!-- \/ Yoast SEO Premium plugin. -->","yoast_head_json":{"title":"Fechadora de Caixa Autom\u00e1tica com Esteira Superior e Inferior","description":"A\u00a0Fechadora de Caixa Autom\u00e1tica com Esteira Superior e Inferior\u00a0da\u00a0BBA Comex\u00a0\u00e9 a solu\u00e7\u00e3o ideal para empresas que buscam otimizar o processo de fechamento de caixas de papel\u00e3o com\u00a0mais agilidade, economia e padroniza\u00e7\u00e3o. Com tecnologia de ponta, esse equipamento automatiza o fechamento das abas superiores e inferiores com aplica\u00e7\u00e3o de fita autoadesiva, exigindo apenas o abastecimento manual das caixas.","robots":{"index":"index","follow":"follow","max-snippet":"max-snippet:-1","max-image-preview":"max-image-preview:large","max-video-preview":"max-video-preview:-1"},"canonical":"https:\/\/bbacomex.com.br\/es\/producto\/fechadora-de-caixa-automatica-com-esteira-superior-e-inferior\/","og_locale":"es_ES","og_type":"article","og_title":"Fechadora de Caixa Autom\u00e1tica com Esteira Superior e Inferior","og_description":"A\u00a0Fechadora de Caixa Autom\u00e1tica com Esteira Superior e Inferior\u00a0da\u00a0BBA Comex\u00a0\u00e9 a solu\u00e7\u00e3o ideal para empresas que buscam otimizar o processo de fechamento de caixas de papel\u00e3o com\u00a0mais agilidade, economia e padroniza\u00e7\u00e3o. Com tecnologia de ponta, esse equipamento automatiza o fechamento das abas superiores e inferiores com aplica\u00e7\u00e3o de fita autoadesiva, exigindo apenas o abastecimento manual das caixas.","og_url":"https:\/\/bbacomex.com.br\/es\/producto\/fechadora-de-caixa-automatica-com-esteira-superior-e-inferior\/","og_site_name":"BBA Comex","article_publisher":"https:\/\/www.facebook.com\/bbacomexoficial","article_modified_time":"2025-08-21T17:05:19+00:00","og_image":[{"width":688,"height":687,"url":"https:\/\/bbacomex.com.br\/wp-content\/uploads\/2024\/06\/WhatsApp-Image-2024-10-30-at-14.19.15.jpeg","type":"image\/jpeg"}],"twitter_card":"summary_large_image","twitter_misc":{"Precio":"","Disponibilidad":"Disponible"},"schema":{"@context":"https:\/\/schema.org","@graph":[{"@type":"WebPage","@id":"https:\/\/bbacomex.com.br\/es\/producto\/fechadora-de-caixa-automatica-com-esteira-superior-e-inferior\/","url":"https:\/\/bbacomex.com.br\/es\/producto\/fechadora-de-caixa-automatica-com-esteira-superior-e-inferior\/","name":"Fechadora de Caixa Autom\u00e1tica com Esteira Superior e Inferior","isPartOf":{"@id":"https:\/\/bbacomex.com.br\/#website"},"primaryImageOfPage":{"@id":"https:\/\/bbacomex.com.br\/es\/producto\/fechadora-de-caixa-automatica-com-esteira-superior-e-inferior\/#primaryimage"},"image":{"@id":"https:\/\/bbacomex.com.br\/es\/producto\/fechadora-de-caixa-automatica-com-esteira-superior-e-inferior\/#primaryimage"},"thumbnailUrl":"https:\/\/bbacomex.com.br\/wp-content\/uploads\/2024\/06\/WhatsApp-Image-2024-10-30-at-14.19.15.jpeg","datePublished":"2024-06-03T19:50:57+00:00","dateModified":"2025-08-21T17:05:19+00:00","description":"A\u00a0Fechadora de Caixa Autom\u00e1tica com Esteira Superior e Inferior\u00a0da\u00a0BBA Comex\u00a0\u00e9 a solu\u00e7\u00e3o ideal para empresas que buscam otimizar o processo de fechamento de caixas de papel\u00e3o com\u00a0mais agilidade, economia e padroniza\u00e7\u00e3o. Com tecnologia de ponta, esse equipamento automatiza o fechamento das abas superiores e inferiores com aplica\u00e7\u00e3o de fita autoadesiva, exigindo apenas o abastecimento manual das caixas.","breadcrumb":{"@id":"https:\/\/bbacomex.com.br\/es\/producto\/fechadora-de-caixa-automatica-com-esteira-superior-e-inferior\/#breadcrumb"},"inLanguage":"es","potentialAction":[{"@type":"ReadAction","target":["https:\/\/bbacomex.com.br\/es\/producto\/fechadora-de-caixa-automatica-com-esteira-superior-e-inferior\/"]}]},{"@type":"ImageObject","inLanguage":"es","@id":"https:\/\/bbacomex.com.br\/es\/producto\/fechadora-de-caixa-automatica-com-esteira-superior-e-inferior\/#primaryimage","url":"https:\/\/bbacomex.com.br\/wp-content\/uploads\/2024\/06\/WhatsApp-Image-2024-10-30-at-14.19.15.jpeg","contentUrl":"https:\/\/bbacomex.com.br\/wp-content\/uploads\/2024\/06\/WhatsApp-Image-2024-10-30-at-14.19.15.jpeg","width":688,"height":687},{"@type":"BreadcrumbList","@id":"https:\/\/bbacomex.com.br\/es\/producto\/fechadora-de-caixa-automatica-com-esteira-superior-e-inferior\/#breadcrumb","itemListElement":[{"@type":"ListItem","position":1,"name":"In\u00edcio","item":"https:\/\/bbacomex.com.br\/"},{"@type":"ListItem","position":2,"name":"Produtos","item":"https:\/\/bbacomex.com.br\/loja\/"},{"@type":"ListItem","position":3,"name":"Fechadora de Caixa Autom\u00e1tica com Esteira Superior e Inferior"}]},{"@type":"WebSite","@id":"https:\/\/bbacomex.com.br\/#website","url":"https:\/\/bbacomex.com.br\/","name":"BBA Comex","description":"","publisher":{"@id":"https:\/\/bbacomex.com.br\/#organization"},"potentialAction":[{"@type":"SearchAction","target":{"@type":"EntryPoint","urlTemplate":"https:\/\/bbacomex.com.br\/?s={search_term_string}"},"query-input":{"@type":"PropertyValueSpecification","valueRequired":true,"valueName":"search_term_string"}}],"inLanguage":"es"},{"@type":"Organization","@id":"https:\/\/bbacomex.com.br\/#organization","name":"BBA Comex","url":"https:\/\/bbacomex.com.br\/","logo":{"@type":"ImageObject","inLanguage":"es","@id":"https:\/\/bbacomex.com.br\/#\/schema\/logo\/image\/","url":"https:\/\/bbacomex.com.br\/wp-content\/uploads\/2024\/03\/Logo_Rodape.png","contentUrl":"https:\/\/bbacomex.com.br\/wp-content\/uploads\/2024\/03\/Logo_Rodape.png","width":350,"height":160,"caption":"BBA Comex"},"image":{"@id":"https:\/\/bbacomex.com.br\/#\/schema\/logo\/image\/"},"sameAs":["https:\/\/www.facebook.com\/bbacomexoficial","https:\/\/www.instagram.com\/bbacomex\/","https:\/\/www.linkedin.com\/company\/bba-comex\/"]}]},"product_price_currency":"BRL","og_availability":"instock","product_availability":"instock","product_condition":"new"},"_links":{"self":[{"href":"https:\/\/bbacomex.com.br\/es\/wp-json\/wp\/v2\/product\/2933","targetHints":{"allow":["GET"]}}],"collection":[{"href":"https:\/\/bbacomex.com.br\/es\/wp-json\/wp\/v2\/product"}],"about":[{"href":"https:\/\/bbacomex.com.br\/es\/wp-json\/wp\/v2\/types\/product"}],"wp:featuredmedia":[{"embeddable":true,"href":"https:\/\/bbacomex.com.br\/es\/wp-json\/wp\/v2\/media\/3726"}],"wp:attachment":[{"href":"https:\/\/bbacomex.com.br\/es\/wp-json\/wp\/v2\/media?parent=2933"}],"wp:term":[{"taxonomy":"product_brand","embeddable":true,"href":"https:\/\/bbacomex.com.br\/es\/wp-json\/wp\/v2\/product_brand?post=2933"},{"taxonomy":"product_cat","embeddable":true,"href":"https:\/\/bbacomex.com.br\/es\/wp-json\/wp\/v2\/product_cat?post=2933"},{"taxonomy":"product_tag","embeddable":true,"href":"https:\/\/bbacomex.com.br\/es\/wp-json\/wp\/v2\/product_tag?post=2933"}],"curies":[{"name":"wp","href":"https:\/\/api.w.org\/{rel}","templated":true}]}}