{"id":2936,"date":"2024-06-03T16:59:03","date_gmt":"2024-06-03T19:59:03","guid":{"rendered":"https:\/\/bbacomex.com.br\/?post_type=product&#038;p=2936"},"modified":"2025-02-20T16:08:19","modified_gmt":"2025-02-20T19:08:19","slug":"tunel-de-encolhimento-sm-5030-sm-7525-sm-1100","status":"publish","type":"product","link":"https:\/\/bbacomex.com.br\/es\/producto\/tunel-de-encolhimento-sm-5030-sm-7525-sm-1100\/","title":{"rendered":"T\u00fanel de Encolhimento SM 5030 \u2013 SM 7525 \u2013 SM 1100"},"content":{"rendered":"<div class=\"elementor-element elementor-element-3db3e01 elementor-widget__width-initial elementor-widget elementor-widget-text-editor\" data-id=\"3db3e01\" data-element_type=\"widget\" data-widget_type=\"text-editor.default\">\n<div class=\"elementor-widget-container\">\n<div class=\"elementor-element elementor-element-5bfbfe5 elementor-widget__width-initial elementor-widget elementor-widget-text-editor\" data-id=\"5bfbfe5\" data-element_type=\"widget\" data-widget_type=\"text-editor.default\">\n<div class=\"elementor-widget-container\">\n<div class=\"elementor-element elementor-element-f50db4f elementor-widget__width-initial elementor-widget elementor-widget-text-editor\" data-id=\"f50db4f\" data-element_type=\"widget\" data-widget_type=\"text-editor.default\">\n<div class=\"elementor-widget-container\">\n<div class=\"elementor-element elementor-element-3db3e01 elementor-widget__width-initial elementor-widget elementor-widget-text-editor\" data-id=\"3db3e01\" data-element_type=\"widget\" data-widget_type=\"text-editor.default\">\n<div class=\"elementor-widget-container\">\n<div class=\"elementor-element elementor-element-5bfbfe5 elementor-widget__width-initial elementor-widget elementor-widget-text-editor\" data-id=\"5bfbfe5\" data-element_type=\"widget\" data-widget_type=\"text-editor.default\">\n<div class=\"elementor-widget-container\">\n<div class=\"elementor-element elementor-element-f50db4f elementor-widget__width-initial elementor-widget elementor-widget-text-editor\" data-id=\"f50db4f\" data-element_type=\"widget\" data-widget_type=\"text-editor.default\">\n<div class=\"elementor-widget-container\">\n<div class=\"elementor-element elementor-element-7e3edc1 elementor-widget__width-initial elementor-widget elementor-widget-text-editor\" data-id=\"7e3edc1\" data-element_type=\"widget\" data-widget_type=\"text-editor.default\">\n<div class=\"elementor-widget-container\">\n<div class=\"elementor-element elementor-element-0f54a7e elementor-widget__width-initial elementor-widget elementor-widget-text-editor\" data-id=\"0f54a7e\" data-element_type=\"widget\" data-widget_type=\"text-editor.default\">\n<div class=\"elementor-widget-container\">\n<div class=\"wpb_text_column wpb_content_element\">\n<div class=\"wpb_wrapper\">\n<div class=\"elementor-element elementor-element-a55d8b8 elementor-widget__width-initial elementor-widget elementor-widget-text-editor\" data-id=\"a55d8b8\" data-element_type=\"widget\" data-widget_type=\"text-editor.default\">\n<div class=\"elementor-widget-container\">\n<div class=\"wpb_text_column wpb_content_element\">\n<div class=\"wpb_wrapper\">\n<div class=\"elementor-element elementor-element-0f54a7e elementor-widget__width-initial elementor-widget elementor-widget-text-editor\" data-id=\"0f54a7e\" data-element_type=\"widget\" data-widget_type=\"text-editor.default\">\n<div class=\"elementor-widget-container\">\n<div class=\"wpb_text_column wpb_content_element\">\n<div class=\"wpb_wrapper\">\n<div class=\"elementor-element elementor-element-0f54a7e elementor-widget__width-initial elementor-widget elementor-widget-text-editor\" data-id=\"0f54a7e\" data-element_type=\"widget\" data-widget_type=\"text-editor.default\">\n<div class=\"elementor-widget-container\">\n<div class=\"wpb_text_column wpb_content_element\">\n<div class=\"wpb_wrapper\">\n<div class=\"elementor-element elementor-element-0f54a7e elementor-widget__width-initial elementor-widget elementor-widget-text-editor\" data-id=\"0f54a7e\" data-element_type=\"widget\" data-widget_type=\"text-editor.default\">\n<div class=\"elementor-widget-container\">\n<div class=\"wpb_text_column wpb_content_element\">\n<div class=\"wpb_wrapper\">\n<div class=\"elementor-element elementor-element-0f54a7e elementor-widget__width-initial elementor-widget elementor-widget-text-editor\" data-id=\"0f54a7e\" data-element_type=\"widget\" data-widget_type=\"text-editor.default\">\n<div class=\"elementor-widget-container\">\n<div class=\"wpb_text_column wpb_content_element\">\n<div class=\"wpb_wrapper\">\n<div class=\"elementor-element elementor-element-a55d8b8 elementor-widget__width-initial elementor-widget elementor-widget-text-editor\" data-id=\"a55d8b8\" data-element_type=\"widget\" data-widget_type=\"text-editor.default\">\n<div class=\"elementor-widget-container\">\n<div class=\"wpb_text_column wpb_content_element\">\n<div class=\"wpb_wrapper\">\n<p><strong>EL \u00c1MBITO DE APLICACI\u00d3N DE<\/strong><\/p>\n<p>Este equipamento atende v\u00e1rios segmentos onde necessitam encolher: pel\u00edculas de embalagem, tais como embalagem de ovos, produtos gr\u00e1ficos, aliment\u00edcios, bebidas, farm\u00e1cia, ferragens, cosm\u00e9ticos, livros, brinquedos, produtos eletr\u00f4nicos, etc.<\/p>\n<p>&nbsp;<\/p>\n<p>Tamb\u00e9m muito utilizado para encolher produtos combinados como os kits promocionais.<\/p>\n<p>&nbsp;<\/p>\n<p><strong>T\u00daNEL<\/strong><\/p>\n<p>O t\u00faneis BBA Comex da linha SM s\u00e3o de alta velocidade e com ar quente de circula\u00e7\u00e3o interna. O t\u00fanel \u00e9 composto por rolos transportadores autom\u00e1ticos, recobertos com tubos de silicone. A temperatura dentro do t\u00fanel \u00e9 sempre a mesma selecionada. Com sistema de temporiza\u00e7\u00e3o que, desliga automaticamente para uma melhor conserva\u00e7\u00e3o do equipamento.<br \/>\n&nbsp;<\/p>\n<\/div>\n<\/div>\n<\/div>\n<\/div>\n<\/div>\n<\/div>\n<\/div>\n<\/div>\n<\/div>\n<\/div>\n<\/div>\n<\/div>\n<\/div>\n<\/div>\n<\/div>\n<\/div>\n<\/div>\n<\/div>\n<\/div>\n<\/div>\n<\/div>\n<\/div>\n<\/div>\n<\/div>\n<\/div>\n<\/div>\n<\/div>\n<\/div>\n<\/div>\n<\/div>\n<\/div>\n<\/div>\n<\/div>\n<\/div>\n<\/div>\n<\/div>\n<\/div>\n<\/div>\n<\/div>\n<\/div>\n<\/div>\n<\/div>","protected":false},"excerpt":{"rendered":"<p>\u00c2MBITO DE APLICA\u00c7\u00c3O Este equipamento atende v\u00e1rios segmentos onde necessitam encolher: pel\u00edculas de embalagem, tais como embalagem de ovos, produtos gr\u00e1ficos, aliment\u00edcios, bebidas, farm\u00e1cia, ferragens, cosm\u00e9ticos, livros, brinquedos, produtos eletr\u00f4nicos, etc. &nbsp; Tamb\u00e9m muito utilizado para encolher produtos combinados como os kits promocionais. &nbsp; T\u00daNEL O t\u00faneis BBA Comex da linha SM s\u00e3o de alta [&hellip;]<\/p>","protected":false},"featured_media":1924,"template":"","meta":{"_acf_changed":false},"product_brand":[],"product_cat":[77,91,99],"product_tag":[],"class_list":{"0":"post-2936","1":"product","2":"type-product","3":"status-publish","4":"has-post-thumbnail","6":"product_cat-sem-categoria","7":"product_cat-tuneis-de-encolhimento","8":"product_cat-tuneis-de-encolhimento-para-pvc-pof","10":"first","11":"instock","12":"shipping-taxable","13":"product-type-simple"},"acf":[],"yoast_head":"<!-- This site is optimized with the Yoast SEO Premium plugin v24.5 (Yoast SEO v27.2) - https:\/\/yoast.com\/product\/yoast-seo-premium-wordpress\/ -->\n<title>T\u00fanel de Encolhimento SM 5030 \u2013 SM 7525 \u2013 SM 1100<\/title>\n<meta name=\"robots\" content=\"index, follow, max-snippet:-1, max-image-preview:large, max-video-preview:-1\" \/>\n<link rel=\"canonical\" href=\"https:\/\/bbacomex.com.br\/es\/producto\/tunel-de-encolhimento-sm-5030-sm-7525-sm-1100\/\" \/>\n<meta property=\"og:locale\" content=\"es_ES\" \/>\n<meta property=\"og:type\" content=\"article\" \/>\n<meta property=\"og:title\" content=\"T\u00fanel de Encolhimento SM 5030 \u2013 SM 7525 \u2013 SM 1100\" \/>\n<meta property=\"og:description\" content=\"\u00c2MBITO DE APLICA\u00c7\u00c3O Este equipamento atende v\u00e1rios segmentos onde necessitam encolher: pel\u00edculas de embalagem, tais como embalagem de ovos, produtos gr\u00e1ficos, aliment\u00edcios, bebidas, farm\u00e1cia, ferragens, cosm\u00e9ticos, livros, brinquedos, produtos eletr\u00f4nicos, etc. &nbsp; Tamb\u00e9m muito utilizado para encolher produtos combinados como os kits promocionais. &nbsp; T\u00daNEL O t\u00faneis BBA Comex da linha SM s\u00e3o de alta [&hellip;]\" \/>\n<meta property=\"og:url\" content=\"https:\/\/bbacomex.com.br\/es\/producto\/tunel-de-encolhimento-sm-5030-sm-7525-sm-1100\/\" \/>\n<meta property=\"og:site_name\" content=\"BBA Comex\" \/>\n<meta property=\"article:publisher\" content=\"https:\/\/www.facebook.com\/bbacomexoficial\" \/>\n<meta property=\"article:modified_time\" content=\"2025-02-20T19:08:19+00:00\" \/>\n<meta property=\"og:image\" content=\"https:\/\/bbacomex.com.br\/wp-content\/uploads\/2024\/04\/tuneis-de-encolhimento-sm-5030-sm-7525-sm-1100-04.jpg\" \/>\n\t<meta property=\"og:image:width\" content=\"800\" \/>\n\t<meta property=\"og:image:height\" content=\"600\" \/>\n\t<meta property=\"og:image:type\" content=\"image\/jpeg\" \/>\n<meta name=\"twitter:card\" content=\"summary_large_image\" \/>\n<meta name=\"twitter:label1\" content=\"Precio\" \/>\n\t<meta name=\"twitter:data1\" content=\"\" \/>\n\t<meta name=\"twitter:label2\" content=\"Disponibilidad\" \/>\n\t<meta name=\"twitter:data2\" content=\"Disponible\" \/>\n<script type=\"application\/ld+json\" class=\"yoast-schema-graph\">{\"@context\":\"https:\/\/schema.org\",\"@graph\":[{\"@type\":\"WebPage\",\"@id\":\"https:\/\/bbacomex.com.br\/produto\/tunel-de-encolhimento-sm-5030-sm-7525-sm-1100\/\",\"url\":\"https:\/\/bbacomex.com.br\/produto\/tunel-de-encolhimento-sm-5030-sm-7525-sm-1100\/\",\"name\":\"T\u00fanel de Encolhimento SM 5030 \u2013 SM 7525 \u2013 SM 1100\",\"isPartOf\":{\"@id\":\"https:\/\/bbacomex.com.br\/#website\"},\"primaryImageOfPage\":{\"@id\":\"https:\/\/bbacomex.com.br\/produto\/tunel-de-encolhimento-sm-5030-sm-7525-sm-1100\/#primaryimage\"},\"image\":{\"@id\":\"https:\/\/bbacomex.com.br\/produto\/tunel-de-encolhimento-sm-5030-sm-7525-sm-1100\/#primaryimage\"},\"thumbnailUrl\":\"https:\/\/bbacomex.com.br\/wp-content\/uploads\/2024\/04\/tuneis-de-encolhimento-sm-5030-sm-7525-sm-1100-04.jpg\",\"datePublished\":\"2024-06-03T19:59:03+00:00\",\"dateModified\":\"2025-02-20T19:08:19+00:00\",\"breadcrumb\":{\"@id\":\"https:\/\/bbacomex.com.br\/produto\/tunel-de-encolhimento-sm-5030-sm-7525-sm-1100\/#breadcrumb\"},\"inLanguage\":\"es\",\"potentialAction\":[{\"@type\":\"ReadAction\",\"target\":[\"https:\/\/bbacomex.com.br\/produto\/tunel-de-encolhimento-sm-5030-sm-7525-sm-1100\/\"]}]},{\"@type\":\"ImageObject\",\"inLanguage\":\"es\",\"@id\":\"https:\/\/bbacomex.com.br\/produto\/tunel-de-encolhimento-sm-5030-sm-7525-sm-1100\/#primaryimage\",\"url\":\"https:\/\/bbacomex.com.br\/wp-content\/uploads\/2024\/04\/tuneis-de-encolhimento-sm-5030-sm-7525-sm-1100-04.jpg\",\"contentUrl\":\"https:\/\/bbacomex.com.br\/wp-content\/uploads\/2024\/04\/tuneis-de-encolhimento-sm-5030-sm-7525-sm-1100-04.jpg\",\"width\":800,\"height\":600},{\"@type\":\"BreadcrumbList\",\"@id\":\"https:\/\/bbacomex.com.br\/produto\/tunel-de-encolhimento-sm-5030-sm-7525-sm-1100\/#breadcrumb\",\"itemListElement\":[{\"@type\":\"ListItem\",\"position\":1,\"name\":\"In\u00edcio\",\"item\":\"https:\/\/bbacomex.com.br\/\"},{\"@type\":\"ListItem\",\"position\":2,\"name\":\"Produtos\",\"item\":\"https:\/\/bbacomex.com.br\/loja\/\"},{\"@type\":\"ListItem\",\"position\":3,\"name\":\"T\u00fanel de Encolhimento SM 5030 \u2013 SM 7525 \u2013 SM 1100\"}]},{\"@type\":\"WebSite\",\"@id\":\"https:\/\/bbacomex.com.br\/#website\",\"url\":\"https:\/\/bbacomex.com.br\/\",\"name\":\"BBA Comex\",\"description\":\"\",\"publisher\":{\"@id\":\"https:\/\/bbacomex.com.br\/#organization\"},\"potentialAction\":[{\"@type\":\"SearchAction\",\"target\":{\"@type\":\"EntryPoint\",\"urlTemplate\":\"https:\/\/bbacomex.com.br\/?s={search_term_string}\"},\"query-input\":{\"@type\":\"PropertyValueSpecification\",\"valueRequired\":true,\"valueName\":\"search_term_string\"}}],\"inLanguage\":\"es\"},{\"@type\":\"Organization\",\"@id\":\"https:\/\/bbacomex.com.br\/#organization\",\"name\":\"BBA Comex\",\"url\":\"https:\/\/bbacomex.com.br\/\",\"logo\":{\"@type\":\"ImageObject\",\"inLanguage\":\"es\",\"@id\":\"https:\/\/bbacomex.com.br\/#\/schema\/logo\/image\/\",\"url\":\"https:\/\/bbacomex.com.br\/wp-content\/uploads\/2024\/03\/Logo_Rodape.png\",\"contentUrl\":\"https:\/\/bbacomex.com.br\/wp-content\/uploads\/2024\/03\/Logo_Rodape.png\",\"width\":350,\"height\":160,\"caption\":\"BBA Comex\"},\"image\":{\"@id\":\"https:\/\/bbacomex.com.br\/#\/schema\/logo\/image\/\"},\"sameAs\":[\"https:\/\/www.facebook.com\/bbacomexoficial\",\"https:\/\/www.instagram.com\/bbacomex\/\",\"https:\/\/www.linkedin.com\/company\/bba-comex\/\"]}]}<\/script>\n<meta property=\"product:price:currency\" content=\"BRL\" \/>\n<meta property=\"og:availability\" content=\"instock\" \/>\n<meta property=\"product:availability\" content=\"instock\" \/>\n<meta property=\"product:condition\" content=\"new\" \/>\n<!-- \/ Yoast SEO Premium plugin. -->","yoast_head_json":{"title":"T\u00fanel de Encolhimento SM 5030 \u2013 SM 7525 \u2013 SM 1100","robots":{"index":"index","follow":"follow","max-snippet":"max-snippet:-1","max-image-preview":"max-image-preview:large","max-video-preview":"max-video-preview:-1"},"canonical":"https:\/\/bbacomex.com.br\/es\/producto\/tunel-de-encolhimento-sm-5030-sm-7525-sm-1100\/","og_locale":"es_ES","og_type":"article","og_title":"T\u00fanel de Encolhimento SM 5030 \u2013 SM 7525 \u2013 SM 1100","og_description":"\u00c2MBITO DE APLICA\u00c7\u00c3O Este equipamento atende v\u00e1rios segmentos onde necessitam encolher: pel\u00edculas de embalagem, tais como embalagem de ovos, produtos gr\u00e1ficos, aliment\u00edcios, bebidas, farm\u00e1cia, ferragens, cosm\u00e9ticos, livros, brinquedos, produtos eletr\u00f4nicos, etc. &nbsp; Tamb\u00e9m muito utilizado para encolher produtos combinados como os kits promocionais. &nbsp; T\u00daNEL O t\u00faneis BBA Comex da linha SM s\u00e3o de alta [&hellip;]","og_url":"https:\/\/bbacomex.com.br\/es\/producto\/tunel-de-encolhimento-sm-5030-sm-7525-sm-1100\/","og_site_name":"BBA Comex","article_publisher":"https:\/\/www.facebook.com\/bbacomexoficial","article_modified_time":"2025-02-20T19:08:19+00:00","og_image":[{"width":800,"height":600,"url":"https:\/\/bbacomex.com.br\/wp-content\/uploads\/2024\/04\/tuneis-de-encolhimento-sm-5030-sm-7525-sm-1100-04.jpg","type":"image\/jpeg"}],"twitter_card":"summary_large_image","twitter_misc":{"Precio":"","Disponibilidad":"Disponible"},"schema":{"@context":"https:\/\/schema.org","@graph":[{"@type":"WebPage","@id":"https:\/\/bbacomex.com.br\/produto\/tunel-de-encolhimento-sm-5030-sm-7525-sm-1100\/","url":"https:\/\/bbacomex.com.br\/produto\/tunel-de-encolhimento-sm-5030-sm-7525-sm-1100\/","name":"T\u00fanel de Encolhimento SM 5030 \u2013 SM 7525 \u2013 SM 1100","isPartOf":{"@id":"https:\/\/bbacomex.com.br\/#website"},"primaryImageOfPage":{"@id":"https:\/\/bbacomex.com.br\/produto\/tunel-de-encolhimento-sm-5030-sm-7525-sm-1100\/#primaryimage"},"image":{"@id":"https:\/\/bbacomex.com.br\/produto\/tunel-de-encolhimento-sm-5030-sm-7525-sm-1100\/#primaryimage"},"thumbnailUrl":"https:\/\/bbacomex.com.br\/wp-content\/uploads\/2024\/04\/tuneis-de-encolhimento-sm-5030-sm-7525-sm-1100-04.jpg","datePublished":"2024-06-03T19:59:03+00:00","dateModified":"2025-02-20T19:08:19+00:00","breadcrumb":{"@id":"https:\/\/bbacomex.com.br\/produto\/tunel-de-encolhimento-sm-5030-sm-7525-sm-1100\/#breadcrumb"},"inLanguage":"es","potentialAction":[{"@type":"ReadAction","target":["https:\/\/bbacomex.com.br\/produto\/tunel-de-encolhimento-sm-5030-sm-7525-sm-1100\/"]}]},{"@type":"ImageObject","inLanguage":"es","@id":"https:\/\/bbacomex.com.br\/produto\/tunel-de-encolhimento-sm-5030-sm-7525-sm-1100\/#primaryimage","url":"https:\/\/bbacomex.com.br\/wp-content\/uploads\/2024\/04\/tuneis-de-encolhimento-sm-5030-sm-7525-sm-1100-04.jpg","contentUrl":"https:\/\/bbacomex.com.br\/wp-content\/uploads\/2024\/04\/tuneis-de-encolhimento-sm-5030-sm-7525-sm-1100-04.jpg","width":800,"height":600},{"@type":"BreadcrumbList","@id":"https:\/\/bbacomex.com.br\/produto\/tunel-de-encolhimento-sm-5030-sm-7525-sm-1100\/#breadcrumb","itemListElement":[{"@type":"ListItem","position":1,"name":"In\u00edcio","item":"https:\/\/bbacomex.com.br\/"},{"@type":"ListItem","position":2,"name":"Produtos","item":"https:\/\/bbacomex.com.br\/loja\/"},{"@type":"ListItem","position":3,"name":"T\u00fanel de Encolhimento SM 5030 \u2013 SM 7525 \u2013 SM 1100"}]},{"@type":"WebSite","@id":"https:\/\/bbacomex.com.br\/#website","url":"https:\/\/bbacomex.com.br\/","name":"BBA Comex","description":"","publisher":{"@id":"https:\/\/bbacomex.com.br\/#organization"},"potentialAction":[{"@type":"SearchAction","target":{"@type":"EntryPoint","urlTemplate":"https:\/\/bbacomex.com.br\/?s={search_term_string}"},"query-input":{"@type":"PropertyValueSpecification","valueRequired":true,"valueName":"search_term_string"}}],"inLanguage":"es"},{"@type":"Organization","@id":"https:\/\/bbacomex.com.br\/#organization","name":"BBA Comex","url":"https:\/\/bbacomex.com.br\/","logo":{"@type":"ImageObject","inLanguage":"es","@id":"https:\/\/bbacomex.com.br\/#\/schema\/logo\/image\/","url":"https:\/\/bbacomex.com.br\/wp-content\/uploads\/2024\/03\/Logo_Rodape.png","contentUrl":"https:\/\/bbacomex.com.br\/wp-content\/uploads\/2024\/03\/Logo_Rodape.png","width":350,"height":160,"caption":"BBA Comex"},"image":{"@id":"https:\/\/bbacomex.com.br\/#\/schema\/logo\/image\/"},"sameAs":["https:\/\/www.facebook.com\/bbacomexoficial","https:\/\/www.instagram.com\/bbacomex\/","https:\/\/www.linkedin.com\/company\/bba-comex\/"]}]},"product_price_currency":"BRL","og_availability":"instock","product_availability":"instock","product_condition":"new"},"_links":{"self":[{"href":"https:\/\/bbacomex.com.br\/es\/wp-json\/wp\/v2\/product\/2936","targetHints":{"allow":["GET"]}}],"collection":[{"href":"https:\/\/bbacomex.com.br\/es\/wp-json\/wp\/v2\/product"}],"about":[{"href":"https:\/\/bbacomex.com.br\/es\/wp-json\/wp\/v2\/types\/product"}],"wp:featuredmedia":[{"embeddable":true,"href":"https:\/\/bbacomex.com.br\/es\/wp-json\/wp\/v2\/media\/1924"}],"wp:attachment":[{"href":"https:\/\/bbacomex.com.br\/es\/wp-json\/wp\/v2\/media?parent=2936"}],"wp:term":[{"taxonomy":"product_brand","embeddable":true,"href":"https:\/\/bbacomex.com.br\/es\/wp-json\/wp\/v2\/product_brand?post=2936"},{"taxonomy":"product_cat","embeddable":true,"href":"https:\/\/bbacomex.com.br\/es\/wp-json\/wp\/v2\/product_cat?post=2936"},{"taxonomy":"product_tag","embeddable":true,"href":"https:\/\/bbacomex.com.br\/es\/wp-json\/wp\/v2\/product_tag?post=2936"}],"curies":[{"name":"wp","href":"https:\/\/api.w.org\/{rel}","templated":true}]}}