{"id":2946,"date":"2024-06-03T17:19:08","date_gmt":"2024-06-03T20:19:08","guid":{"rendered":"https:\/\/bbacomex.com.br\/?post_type=product&#038;p=2946"},"modified":"2025-07-25T21:17:11","modified_gmt":"2025-07-26T00:17:11","slug":"envolvedora-automatica-orbital-201","status":"publish","type":"product","link":"https:\/\/bbacomex.com.br\/es\/producto\/envolvedora-automatica-orbital-201\/","title":{"rendered":"Envolvedora Autom\u00e1tica \u00d3rbital 201"},"content":{"rendered":"<div class=\"elementor-element elementor-element-3db3e01 elementor-widget__width-initial elementor-widget elementor-widget-text-editor\" data-id=\"3db3e01\" data-element_type=\"widget\" data-widget_type=\"text-editor.default\">\n<div class=\"elementor-widget-container\">\n<div class=\"elementor-element elementor-element-5bfbfe5 elementor-widget__width-initial elementor-widget elementor-widget-text-editor\" data-id=\"5bfbfe5\" data-element_type=\"widget\" data-widget_type=\"text-editor.default\">\n<div class=\"elementor-widget-container\">\n<div class=\"elementor-element elementor-element-f50db4f elementor-widget__width-initial elementor-widget elementor-widget-text-editor\" data-id=\"f50db4f\" data-element_type=\"widget\" data-widget_type=\"text-editor.default\">\n<div class=\"elementor-widget-container\">\n<div class=\"elementor-element elementor-element-3db3e01 elementor-widget__width-initial elementor-widget elementor-widget-text-editor\" data-id=\"3db3e01\" data-element_type=\"widget\" data-widget_type=\"text-editor.default\">\n<div class=\"elementor-widget-container\">\n<div class=\"elementor-element elementor-element-5bfbfe5 elementor-widget__width-initial elementor-widget elementor-widget-text-editor\" data-id=\"5bfbfe5\" data-element_type=\"widget\" data-widget_type=\"text-editor.default\">\n<div class=\"elementor-widget-container\">\n<div class=\"elementor-element elementor-element-f50db4f elementor-widget__width-initial elementor-widget elementor-widget-text-editor\" data-id=\"f50db4f\" data-element_type=\"widget\" data-widget_type=\"text-editor.default\">\n<div class=\"elementor-widget-container\">\n<div class=\"elementor-element elementor-element-7e3edc1 elementor-widget__width-initial elementor-widget elementor-widget-text-editor\" data-id=\"7e3edc1\" data-element_type=\"widget\" data-widget_type=\"text-editor.default\">\n<div class=\"elementor-widget-container\">\n<div class=\"elementor-element elementor-element-0f54a7e elementor-widget__width-initial elementor-widget elementor-widget-text-editor\" data-id=\"0f54a7e\" data-element_type=\"widget\" data-widget_type=\"text-editor.default\">\n<div class=\"elementor-widget-container\">\n<div class=\"wpb_text_column wpb_content_element\">\n<div class=\"wpb_wrapper\">\n<div class=\"elementor-element elementor-element-a55d8b8 elementor-widget__width-initial elementor-widget elementor-widget-text-editor\" data-id=\"a55d8b8\" data-element_type=\"widget\" data-widget_type=\"text-editor.default\">\n<div class=\"elementor-widget-container\">\n<div class=\"wpb_text_column wpb_content_element\">\n<div class=\"wpb_wrapper\">\n<div class=\"elementor-element elementor-element-0f54a7e elementor-widget__width-initial elementor-widget elementor-widget-text-editor\" data-id=\"0f54a7e\" data-element_type=\"widget\" data-widget_type=\"text-editor.default\">\n<div class=\"elementor-widget-container\">\n<div class=\"wpb_text_column wpb_content_element\">\n<div class=\"wpb_wrapper\">\n<div class=\"elementor-element elementor-element-0f54a7e elementor-widget__width-initial elementor-widget elementor-widget-text-editor\" data-id=\"0f54a7e\" data-element_type=\"widget\" data-widget_type=\"text-editor.default\">\n<div class=\"elementor-widget-container\">\n<div class=\"wpb_text_column wpb_content_element\">\n<div class=\"wpb_wrapper\">\n<div class=\"elementor-element elementor-element-0f54a7e elementor-widget__width-initial elementor-widget elementor-widget-text-editor\" data-id=\"0f54a7e\" data-element_type=\"widget\" data-widget_type=\"text-editor.default\">\n<div class=\"elementor-widget-container\">\n<div class=\"wpb_text_column wpb_content_element\">\n<div class=\"wpb_wrapper\">\n<div class=\"elementor-element elementor-element-0f54a7e elementor-widget__width-initial elementor-widget elementor-widget-text-editor\" data-id=\"0f54a7e\" data-element_type=\"widget\" data-widget_type=\"text-editor.default\">\n<div class=\"elementor-widget-container\">\n<div class=\"wpb_text_column wpb_content_element\">\n<div class=\"wpb_wrapper\">\n<div class=\"elementor-element elementor-element-a55d8b8 elementor-widget__width-initial elementor-widget elementor-widget-text-editor\" data-id=\"a55d8b8\" data-element_type=\"widget\" data-widget_type=\"text-editor.default\">\n<div class=\"elementor-widget-container\">\n<div class=\"wpb_text_column wpb_content_element\">\n<div class=\"wpb_wrapper\">\n<div class=\"wpb_wrapper\">\n<div class=\"elementor-element elementor-element-a55d8b8 elementor-widget__width-initial elementor-widget elementor-widget-text-editor\" data-id=\"a55d8b8\" data-element_type=\"widget\" data-widget_type=\"text-editor.default\">\n<div class=\"elementor-widget-container\">\n<div class=\"wpb_text_column wpb_content_element\">\n<div class=\"wpb_wrapper\">\n<h3>Alto desempenho e versatilidade para envolvimento de paletes com filme stretch<\/h3>\n<p>A\u00a0<strong>Envolvedora Autom\u00e1tica Orbital 201 da BBA Comex<\/strong>\u00a0\u00e9 a solu\u00e7\u00e3o ideal para empresas que buscam\u00a0<strong>agilidade, padroniza\u00e7\u00e3o e seguran\u00e7a<\/strong>\u00a0no processo de\u00a0<strong>envolvimento de cargas com filme stretch<\/strong>. Desenvolvida com\u00a0<strong>tecnologia avan\u00e7ada e componentes de alto desempenho<\/strong>, a m\u00e1quina garante\u00a0<strong>produtividade, precis\u00e3o e confiabilidade<\/strong>\u00a0em opera\u00e7\u00f5es de m\u00e9dio e grande porte.<\/p>\n<p>Seu\u00a0<strong>painel el\u00e9trico de opera\u00e7\u00e3o simples e intuitiva<\/strong>\u00a0permite configurar diferentes par\u00e2metros de embalagem de acordo com a necessidade do processo, proporcionando\u00a0<strong>efici\u00eancia e flexibilidade<\/strong>\u00a0em cada ciclo de trabalho.<\/p>\n<h3>Aplica\u00e7\u00f5es Industriais<\/h3>\n<p>Projetada para atender a\u00a0<strong>diferentes segmentos e perfis de opera\u00e7\u00e3o<\/strong>, a Envolvedora Orbital 201 \u00e9 indicada para o envolvimento de\u00a0<strong>paletes de variados tamanhos e pesos<\/strong>, em empresas que atuam nos seguintes setores:<\/p>\n<ul>\n<li>La Log\u00edstica y el Transporte<\/li>\n<li>La Industria<\/li>\n<li>Aliment\u00edcia e de Bebidas<\/li>\n<li>La farmac\u00e9utica<\/li>\n<li>Eletroeletr\u00f4nicos<\/li>\n<li>Los Cosm\u00e9ticos<\/li>\n<li>La Construcci\u00f3n<\/li>\n<li>Brinquedos, Ferragens e muitos outros<\/li>\n<\/ul>\n<p>Sua robustez e adaptabilidade permitem o\u00a0<strong>envolvimento seguro de cargas unit\u00e1rias ou agrupadas<\/strong>, otimizando o armazenamento e o transporte de mercadorias.<\/p>\n<h3>Principais Benef\u00edcios e Diferenciais<\/h3>\n<ul>\n<li>\u2705<strong>Envolvimento Preciso com Filme Stretch<\/strong>: Garante prote\u00e7\u00e3o das cargas durante o transporte e armazenamento.<\/li>\n<li>\u2705<strong>Painel de Controle Eletr\u00f4nico<\/strong>: Opera\u00e7\u00e3o simples, com ajuste de par\u00e2metros como n\u00famero de voltas e ciclos autom\u00e1ticos.<\/li>\n<li>\u2705<strong>Alta Performance<\/strong>: Estrutura robusta com componentes industriais de alta durabilidade.<\/li>\n<li>\u2705<strong>Adapta\u00e7\u00e3o a Diferentes Dimens\u00f5es<\/strong>: Flexibilidade para diferentes tamanhos de paletes e formatos de carga.<\/li>\n<li>\u2705<strong>Redu\u00e7\u00e3o de M\u00e3o de Obra<\/strong>: Automa\u00e7\u00e3o do processo que proporciona economia operacional e maior produtividade.<\/li>\n<li>\u2705<strong>Melhor Fixa\u00e7\u00e3o e Estabilidade da Carga<\/strong>: O filme stretch \u00e9 aplicado com tens\u00e3o ideal para evitar deslocamentos durante o transporte.<\/li>\n<\/ul>\n<h3>Solu\u00e7\u00e3o Robusta para Grandes Desafios<\/h3>\n<p>A\u00a0<strong>Envolvedora Orbital 201<\/strong>\u00a0\u00e9 ideal para empresas que necessitam de\u00a0<strong>efici\u00eancia, padroniza\u00e7\u00e3o e seguran\u00e7a<\/strong>\u00a0na finaliza\u00e7\u00e3o de seus processos log\u00edsticos. Seu funcionamento confi\u00e1vel, baixo custo de manuten\u00e7\u00e3o e integra\u00e7\u00e3o facilitada com outras etapas da produ\u00e7\u00e3o tornam este equipamento\u00a0<strong>um dos mais completos da categoria<\/strong>.<\/p>\n<p><strong>Invista na automa\u00e7\u00e3o inteligente da BBA Comex e eleve o n\u00edvel de produtividade e profissionalismo da sua linha de embalagem.<\/strong><\/p>\n<\/div>\n<\/div>\n<\/div>\n<\/div>\n<\/div>\n<\/div>\n<\/div>\n<\/div>\n<\/div>\n<\/div>\n<\/div>\n<\/div>\n<\/div>\n<\/div>\n<\/div>\n<\/div>\n<\/div>\n<\/div>\n<\/div>\n<\/div>\n<\/div>\n<\/div>\n<\/div>\n<\/div>\n<\/div>\n<\/div>\n<\/div>\n<\/div>\n<\/div>\n<\/div>\n<\/div>\n<\/div>\n<\/div>\n<\/div>\n<\/div>\n<\/div>\n<\/div>\n<\/div>\n<\/div>\n<\/div>\n<\/div>\n<\/div>\n<\/div>\n<\/div>\n<\/div>\n<\/div>\n<\/div>","protected":false},"excerpt":{"rendered":"<p><!-- Envolvedora Autom\u00e1tica Orbital 201 --><\/p>\n<div style=\"max-width: 700px; margin: 40px auto; font-family: Arial, sans-serif; border: 2px solid #0044cc; border-radius: 10px; overflow: hidden;\">\n<div style=\"background-color: #0044cc; color: white; padding: 12px 20px; font-size: 18px; font-weight: bold;\">Envolvedora Autom\u00e1tica \u00d3rbital 201<\/div>\n<table style=\"width: 100%; border-collapse: collapse; font-size: 14px;\">\n<tbody>\n<tr style=\"background-color: #f0f4ff;\">\n<td style=\"padding: 10px; border-bottom: 1px solid #ccc;\">Di\u00e2metro do Anel<\/td>\n<td style=\"padding: 10px; border-bottom: 1px solid #ccc;\">400 mm<\/td>\n<\/tr>\n<tr>\n<td style=\"padding: 10px; border-bottom: 1px solid #ccc;\">Tamanho do Produto<\/td>\n<td style=\"padding: 10px; border-bottom: 1px solid #ccc;\">L 250 mm x A 200 mm (m\u00e1x)<\/td>\n<\/tr>\n<tr style=\"background-color: #f0f4ff;\">\n<td style=\"padding: 10px; border-bottom: 1px solid #ccc;\">Comprimento do Produto<\/td>\n<td style=\"padding: 10px; border-bottom: 1px solid #ccc;\">5 metros<\/td>\n<\/tr>\n<tr>\n<td style=\"padding: 10px; border-bottom: 1px solid #ccc;\">Velocidade de Rota\u00e7\u00e3o<\/td>\n<td style=\"padding: 10px; border-bottom: 1px solid #ccc;\">Vari\u00e1vel de 25\u201350 rpm<\/td>\n<\/tr>\n<tr style=\"background-color: #f0f4ff;\">\n<td style=\"padding: 10px; border-bottom: 1px solid #ccc;\">Velocidade do Transportador<\/td>\n<td style=\"padding: 10px; border-bottom: 1px solid #ccc;\">5 m\/min (vari\u00e1vel)<\/td>\n<\/tr>\n<tr>\n<td style=\"padding: 10px; border-bottom: 1px solid #ccc;\">El Suministro De Corriente El\u00e9ctrica<\/td>\n<td style=\"padding: 10px; border-bottom: 1px solid #ccc;\">Es de 220V<\/td>\n<\/tr>\n<tr style=\"background-color: #f0f4ff;\">\n<td style=\"padding: 10px; border-bottom: 1px solid #ccc;\">Press\u00e3o de Ar<\/td>\n<td style=\"padding: 10px; border-bottom: 1px solid #ccc;\">0.4\u20130.7 Mpa<\/td>\n<\/tr>\n<tr>\n<td style=\"padding: 10px; border-bottom: 1px solid #ccc;\">Dimens\u00f5es da M\u00e1quina (L x A x C)<\/td>\n<td style=\"padding: 10px; border-bottom: 1px solid #ccc;\">1180 x 720 x 800 mm<\/td>\n<\/tr>\n<tr style=\"background-color: #f0f4ff;\">\n<td style=\"padding: 10px; border-bottom: 1px solid #ccc;\">Peso da M\u00e1quina<\/td>\n<td style=\"padding: 10px; border-bottom: 1px solid #ccc;\">220 kg<\/td>\n<\/tr>\n<tr>\n<td style=\"padding: 10px;\">Principais Componentes<\/td>\n<td style=\"padding: 10px;\"><strong>Motor:<\/strong> Liming<br \/>\n<strong>PLC:<\/strong> Panasonic<br \/>\n<strong>Cilindro:<\/strong> Shako<br \/>\n<strong>Inversor de Frequ\u00eancia:<\/strong> Schneider<br \/>\n<strong>Fotoel\u00e9trico:<\/strong> Omron<br \/>\n<strong>Interruptor Limitado:<\/strong> Steimex<br \/>\n<strong>Interruptor de Proximidade:<\/strong> Foto<\/td>\n<\/tr>\n<\/tbody>\n<\/table>\n<\/div>","protected":false},"featured_media":1821,"template":"","meta":{"_acf_changed":false},"product_brand":[],"product_cat":[93,77],"product_tag":[],"class_list":{"0":"post-2946","1":"product","2":"type-product","3":"status-publish","4":"has-post-thumbnail","6":"product_cat-paletizadoras","7":"product_cat-sem-categoria","9":"first","10":"instock","11":"shipping-taxable","12":"product-type-simple"},"acf":[],"yoast_head":"<!-- This site is optimized with the Yoast SEO Premium plugin v24.5 (Yoast SEO v27.2) - https:\/\/yoast.com\/product\/yoast-seo-premium-wordpress\/ -->\n<title>Envolvedora Autom\u00e1tica Orbital 201<\/title>\n<meta name=\"description\" content=\"A\u00a0Envolvedora Autom\u00e1tica Orbital 201 da BBA Comex\u00a0\u00e9 a solu\u00e7\u00e3o ideal para empresas que buscam\u00a0agilidade, padroniza\u00e7\u00e3o e seguran\u00e7a\u00a0no processo de\u00a0envolvimento de cargas com filme stretch. Desenvolvida com\u00a0tecnologia avan\u00e7ada e componentes de alto desempenho, a m\u00e1quina garante\u00a0produtividade, precis\u00e3o e confiabilidade\u00a0em opera\u00e7\u00f5es de m\u00e9dio e grande porte.\" \/>\n<meta name=\"robots\" content=\"index, follow, max-snippet:-1, max-image-preview:large, max-video-preview:-1\" \/>\n<link rel=\"canonical\" href=\"https:\/\/bbacomex.com.br\/es\/producto\/envolvedora-automatica-orbital-201\/\" \/>\n<meta property=\"og:locale\" content=\"es_ES\" \/>\n<meta property=\"og:type\" content=\"article\" \/>\n<meta property=\"og:title\" content=\"Envolvedora Autom\u00e1tica Orbital 201\" \/>\n<meta property=\"og:description\" content=\"A\u00a0Envolvedora Autom\u00e1tica Orbital 201 da BBA Comex\u00a0\u00e9 a solu\u00e7\u00e3o ideal para empresas que buscam\u00a0agilidade, padroniza\u00e7\u00e3o e seguran\u00e7a\u00a0no processo de\u00a0envolvimento de cargas com filme stretch. Desenvolvida com\u00a0tecnologia avan\u00e7ada e componentes de alto desempenho, a m\u00e1quina garante\u00a0produtividade, precis\u00e3o e confiabilidade\u00a0em opera\u00e7\u00f5es de m\u00e9dio e grande porte.\" \/>\n<meta property=\"og:url\" content=\"https:\/\/bbacomex.com.br\/es\/producto\/envolvedora-automatica-orbital-201\/\" \/>\n<meta property=\"og:site_name\" content=\"BBA Comex\" \/>\n<meta property=\"article:publisher\" content=\"https:\/\/www.facebook.com\/bbacomexoficial\" \/>\n<meta property=\"article:modified_time\" content=\"2025-07-26T00:17:11+00:00\" \/>\n<meta property=\"og:image\" content=\"https:\/\/bbacomex.com.br\/wp-content\/uploads\/2024\/04\/envolvedora-automatica-orbital-201-01.jpg\" \/>\n\t<meta property=\"og:image:width\" content=\"800\" \/>\n\t<meta property=\"og:image:height\" content=\"600\" \/>\n\t<meta property=\"og:image:type\" content=\"image\/jpeg\" \/>\n<meta name=\"twitter:card\" content=\"summary_large_image\" \/>\n<meta name=\"twitter:label1\" content=\"Precio\" \/>\n\t<meta name=\"twitter:data1\" content=\"\" \/>\n\t<meta name=\"twitter:label2\" content=\"Disponibilidad\" \/>\n\t<meta name=\"twitter:data2\" content=\"Disponible\" \/>\n<script type=\"application\/ld+json\" class=\"yoast-schema-graph\">{\"@context\":\"https:\/\/schema.org\",\"@graph\":[{\"@type\":\"WebPage\",\"@id\":\"https:\/\/bbacomex.com.br\/produto\/envolvedora-automatica-orbital-201\/\",\"url\":\"https:\/\/bbacomex.com.br\/produto\/envolvedora-automatica-orbital-201\/\",\"name\":\"Envolvedora Autom\u00e1tica Orbital 201\",\"isPartOf\":{\"@id\":\"https:\/\/bbacomex.com.br\/#website\"},\"primaryImageOfPage\":{\"@id\":\"https:\/\/bbacomex.com.br\/produto\/envolvedora-automatica-orbital-201\/#primaryimage\"},\"image\":{\"@id\":\"https:\/\/bbacomex.com.br\/produto\/envolvedora-automatica-orbital-201\/#primaryimage\"},\"thumbnailUrl\":\"https:\/\/bbacomex.com.br\/wp-content\/uploads\/2024\/04\/envolvedora-automatica-orbital-201-01.jpg\",\"datePublished\":\"2024-06-03T20:19:08+00:00\",\"dateModified\":\"2025-07-26T00:17:11+00:00\",\"description\":\"A\u00a0Envolvedora Autom\u00e1tica Orbital 201 da BBA Comex\u00a0\u00e9 a solu\u00e7\u00e3o ideal para empresas que buscam\u00a0agilidade, padroniza\u00e7\u00e3o e seguran\u00e7a\u00a0no processo de\u00a0envolvimento de cargas com filme stretch. Desenvolvida com\u00a0tecnologia avan\u00e7ada e componentes de alto desempenho, a m\u00e1quina garante\u00a0produtividade, precis\u00e3o e confiabilidade\u00a0em opera\u00e7\u00f5es de m\u00e9dio e grande porte.\",\"breadcrumb\":{\"@id\":\"https:\/\/bbacomex.com.br\/produto\/envolvedora-automatica-orbital-201\/#breadcrumb\"},\"inLanguage\":\"es\",\"potentialAction\":[{\"@type\":\"ReadAction\",\"target\":[\"https:\/\/bbacomex.com.br\/produto\/envolvedora-automatica-orbital-201\/\"]}]},{\"@type\":\"ImageObject\",\"inLanguage\":\"es\",\"@id\":\"https:\/\/bbacomex.com.br\/produto\/envolvedora-automatica-orbital-201\/#primaryimage\",\"url\":\"https:\/\/bbacomex.com.br\/wp-content\/uploads\/2024\/04\/envolvedora-automatica-orbital-201-01.jpg\",\"contentUrl\":\"https:\/\/bbacomex.com.br\/wp-content\/uploads\/2024\/04\/envolvedora-automatica-orbital-201-01.jpg\",\"width\":800,\"height\":600},{\"@type\":\"BreadcrumbList\",\"@id\":\"https:\/\/bbacomex.com.br\/produto\/envolvedora-automatica-orbital-201\/#breadcrumb\",\"itemListElement\":[{\"@type\":\"ListItem\",\"position\":1,\"name\":\"In\u00edcio\",\"item\":\"https:\/\/bbacomex.com.br\/\"},{\"@type\":\"ListItem\",\"position\":2,\"name\":\"Produtos\",\"item\":\"https:\/\/bbacomex.com.br\/loja\/\"},{\"@type\":\"ListItem\",\"position\":3,\"name\":\"Envolvedora Autom\u00e1tica Orbital 201\"}]},{\"@type\":\"WebSite\",\"@id\":\"https:\/\/bbacomex.com.br\/#website\",\"url\":\"https:\/\/bbacomex.com.br\/\",\"name\":\"BBA Comex\",\"description\":\"\",\"publisher\":{\"@id\":\"https:\/\/bbacomex.com.br\/#organization\"},\"potentialAction\":[{\"@type\":\"SearchAction\",\"target\":{\"@type\":\"EntryPoint\",\"urlTemplate\":\"https:\/\/bbacomex.com.br\/?s={search_term_string}\"},\"query-input\":{\"@type\":\"PropertyValueSpecification\",\"valueRequired\":true,\"valueName\":\"search_term_string\"}}],\"inLanguage\":\"es\"},{\"@type\":\"Organization\",\"@id\":\"https:\/\/bbacomex.com.br\/#organization\",\"name\":\"BBA Comex\",\"url\":\"https:\/\/bbacomex.com.br\/\",\"logo\":{\"@type\":\"ImageObject\",\"inLanguage\":\"es\",\"@id\":\"https:\/\/bbacomex.com.br\/#\/schema\/logo\/image\/\",\"url\":\"https:\/\/bbacomex.com.br\/wp-content\/uploads\/2024\/03\/Logo_Rodape.png\",\"contentUrl\":\"https:\/\/bbacomex.com.br\/wp-content\/uploads\/2024\/03\/Logo_Rodape.png\",\"width\":350,\"height\":160,\"caption\":\"BBA Comex\"},\"image\":{\"@id\":\"https:\/\/bbacomex.com.br\/#\/schema\/logo\/image\/\"},\"sameAs\":[\"https:\/\/www.facebook.com\/bbacomexoficial\",\"https:\/\/www.instagram.com\/bbacomex\/\",\"https:\/\/www.linkedin.com\/company\/bba-comex\/\"]}]}<\/script>\n<meta property=\"product:price:currency\" content=\"BRL\" \/>\n<meta property=\"og:availability\" content=\"instock\" \/>\n<meta property=\"product:availability\" content=\"instock\" \/>\n<meta property=\"product:condition\" content=\"new\" \/>\n<!-- \/ Yoast SEO Premium plugin. -->","yoast_head_json":{"title":"Envolvedora Autom\u00e1tica Orbital 201","description":"A\u00a0Envolvedora Autom\u00e1tica Orbital 201 da BBA Comex\u00a0\u00e9 a solu\u00e7\u00e3o ideal para empresas que buscam\u00a0agilidade, padroniza\u00e7\u00e3o e seguran\u00e7a\u00a0no processo de\u00a0envolvimento de cargas com filme stretch. Desenvolvida com\u00a0tecnologia avan\u00e7ada e componentes de alto desempenho, a m\u00e1quina garante\u00a0produtividade, precis\u00e3o e confiabilidade\u00a0em opera\u00e7\u00f5es de m\u00e9dio e grande porte.","robots":{"index":"index","follow":"follow","max-snippet":"max-snippet:-1","max-image-preview":"max-image-preview:large","max-video-preview":"max-video-preview:-1"},"canonical":"https:\/\/bbacomex.com.br\/es\/producto\/envolvedora-automatica-orbital-201\/","og_locale":"es_ES","og_type":"article","og_title":"Envolvedora Autom\u00e1tica Orbital 201","og_description":"A\u00a0Envolvedora Autom\u00e1tica Orbital 201 da BBA Comex\u00a0\u00e9 a solu\u00e7\u00e3o ideal para empresas que buscam\u00a0agilidade, padroniza\u00e7\u00e3o e seguran\u00e7a\u00a0no processo de\u00a0envolvimento de cargas com filme stretch. Desenvolvida com\u00a0tecnologia avan\u00e7ada e componentes de alto desempenho, a m\u00e1quina garante\u00a0produtividade, precis\u00e3o e confiabilidade\u00a0em opera\u00e7\u00f5es de m\u00e9dio e grande porte.","og_url":"https:\/\/bbacomex.com.br\/es\/producto\/envolvedora-automatica-orbital-201\/","og_site_name":"BBA Comex","article_publisher":"https:\/\/www.facebook.com\/bbacomexoficial","article_modified_time":"2025-07-26T00:17:11+00:00","og_image":[{"width":800,"height":600,"url":"https:\/\/bbacomex.com.br\/wp-content\/uploads\/2024\/04\/envolvedora-automatica-orbital-201-01.jpg","type":"image\/jpeg"}],"twitter_card":"summary_large_image","twitter_misc":{"Precio":"","Disponibilidad":"Disponible"},"schema":{"@context":"https:\/\/schema.org","@graph":[{"@type":"WebPage","@id":"https:\/\/bbacomex.com.br\/produto\/envolvedora-automatica-orbital-201\/","url":"https:\/\/bbacomex.com.br\/produto\/envolvedora-automatica-orbital-201\/","name":"Envolvedora Autom\u00e1tica Orbital 201","isPartOf":{"@id":"https:\/\/bbacomex.com.br\/#website"},"primaryImageOfPage":{"@id":"https:\/\/bbacomex.com.br\/produto\/envolvedora-automatica-orbital-201\/#primaryimage"},"image":{"@id":"https:\/\/bbacomex.com.br\/produto\/envolvedora-automatica-orbital-201\/#primaryimage"},"thumbnailUrl":"https:\/\/bbacomex.com.br\/wp-content\/uploads\/2024\/04\/envolvedora-automatica-orbital-201-01.jpg","datePublished":"2024-06-03T20:19:08+00:00","dateModified":"2025-07-26T00:17:11+00:00","description":"A\u00a0Envolvedora Autom\u00e1tica Orbital 201 da BBA Comex\u00a0\u00e9 a solu\u00e7\u00e3o ideal para empresas que buscam\u00a0agilidade, padroniza\u00e7\u00e3o e seguran\u00e7a\u00a0no processo de\u00a0envolvimento de cargas com filme stretch. Desenvolvida com\u00a0tecnologia avan\u00e7ada e componentes de alto desempenho, a m\u00e1quina garante\u00a0produtividade, precis\u00e3o e confiabilidade\u00a0em opera\u00e7\u00f5es de m\u00e9dio e grande porte.","breadcrumb":{"@id":"https:\/\/bbacomex.com.br\/produto\/envolvedora-automatica-orbital-201\/#breadcrumb"},"inLanguage":"es","potentialAction":[{"@type":"ReadAction","target":["https:\/\/bbacomex.com.br\/produto\/envolvedora-automatica-orbital-201\/"]}]},{"@type":"ImageObject","inLanguage":"es","@id":"https:\/\/bbacomex.com.br\/produto\/envolvedora-automatica-orbital-201\/#primaryimage","url":"https:\/\/bbacomex.com.br\/wp-content\/uploads\/2024\/04\/envolvedora-automatica-orbital-201-01.jpg","contentUrl":"https:\/\/bbacomex.com.br\/wp-content\/uploads\/2024\/04\/envolvedora-automatica-orbital-201-01.jpg","width":800,"height":600},{"@type":"BreadcrumbList","@id":"https:\/\/bbacomex.com.br\/produto\/envolvedora-automatica-orbital-201\/#breadcrumb","itemListElement":[{"@type":"ListItem","position":1,"name":"In\u00edcio","item":"https:\/\/bbacomex.com.br\/"},{"@type":"ListItem","position":2,"name":"Produtos","item":"https:\/\/bbacomex.com.br\/loja\/"},{"@type":"ListItem","position":3,"name":"Envolvedora Autom\u00e1tica Orbital 201"}]},{"@type":"WebSite","@id":"https:\/\/bbacomex.com.br\/#website","url":"https:\/\/bbacomex.com.br\/","name":"BBA Comex","description":"","publisher":{"@id":"https:\/\/bbacomex.com.br\/#organization"},"potentialAction":[{"@type":"SearchAction","target":{"@type":"EntryPoint","urlTemplate":"https:\/\/bbacomex.com.br\/?s={search_term_string}"},"query-input":{"@type":"PropertyValueSpecification","valueRequired":true,"valueName":"search_term_string"}}],"inLanguage":"es"},{"@type":"Organization","@id":"https:\/\/bbacomex.com.br\/#organization","name":"BBA Comex","url":"https:\/\/bbacomex.com.br\/","logo":{"@type":"ImageObject","inLanguage":"es","@id":"https:\/\/bbacomex.com.br\/#\/schema\/logo\/image\/","url":"https:\/\/bbacomex.com.br\/wp-content\/uploads\/2024\/03\/Logo_Rodape.png","contentUrl":"https:\/\/bbacomex.com.br\/wp-content\/uploads\/2024\/03\/Logo_Rodape.png","width":350,"height":160,"caption":"BBA Comex"},"image":{"@id":"https:\/\/bbacomex.com.br\/#\/schema\/logo\/image\/"},"sameAs":["https:\/\/www.facebook.com\/bbacomexoficial","https:\/\/www.instagram.com\/bbacomex\/","https:\/\/www.linkedin.com\/company\/bba-comex\/"]}]},"product_price_currency":"BRL","og_availability":"instock","product_availability":"instock","product_condition":"new"},"_links":{"self":[{"href":"https:\/\/bbacomex.com.br\/es\/wp-json\/wp\/v2\/product\/2946","targetHints":{"allow":["GET"]}}],"collection":[{"href":"https:\/\/bbacomex.com.br\/es\/wp-json\/wp\/v2\/product"}],"about":[{"href":"https:\/\/bbacomex.com.br\/es\/wp-json\/wp\/v2\/types\/product"}],"wp:featuredmedia":[{"embeddable":true,"href":"https:\/\/bbacomex.com.br\/es\/wp-json\/wp\/v2\/media\/1821"}],"wp:attachment":[{"href":"https:\/\/bbacomex.com.br\/es\/wp-json\/wp\/v2\/media?parent=2946"}],"wp:term":[{"taxonomy":"product_brand","embeddable":true,"href":"https:\/\/bbacomex.com.br\/es\/wp-json\/wp\/v2\/product_brand?post=2946"},{"taxonomy":"product_cat","embeddable":true,"href":"https:\/\/bbacomex.com.br\/es\/wp-json\/wp\/v2\/product_cat?post=2946"},{"taxonomy":"product_tag","embeddable":true,"href":"https:\/\/bbacomex.com.br\/es\/wp-json\/wp\/v2\/product_tag?post=2946"}],"curies":[{"name":"wp","href":"https:\/\/api.w.org\/{rel}","templated":true}]}}