{"id":2971,"date":"2024-06-03T18:19:51","date_gmt":"2024-06-03T21:19:51","guid":{"rendered":"https:\/\/bbacomex.com.br\/?post_type=product&#038;p=2971"},"modified":"2025-02-24T15:34:43","modified_gmt":"2025-02-24T18:34:43","slug":"seladora-a-vacuo","status":"publish","type":"product","link":"https:\/\/bbacomex.com.br\/es\/producto\/seladora-a-vacuo\/","title":{"rendered":"Sellado al Vac\u00edo"},"content":{"rendered":"<div class=\"wpb_text_column wpb_content_element\">\n<div class=\"wpb_wrapper\">\n<div class=\"elementor-element elementor-element-294a5bb elementor-widget__width-initial elementor-widget elementor-widget-text-editor\" data-id=\"294a5bb\" data-element_type=\"widget\" data-widget_type=\"text-editor.default\">\n<div class=\"elementor-widget-container\">\n<div class=\"wpb_text_column wpb_content_element\">\n<div class=\"wpb_wrapper\">\n<div class=\"wpb_text_column wpb_content_element\">\n<div class=\"wpb_wrapper\">\n<div class=\"elementor-element elementor-element-a55d8b8 elementor-widget__width-initial elementor-widget elementor-widget-text-editor\" data-id=\"a55d8b8\" data-element_type=\"widget\" data-widget_type=\"text-editor.default\">\n<div class=\"elementor-widget-container\">\n<div class=\"wpb_text_column wpb_content_element\">\n<div class=\"wpb_wrapper\">\n<div class=\"wpb_text_column wpb_content_element\">\n<div class=\"wpb_wrapper\">\n<div class=\"vc_row wpb_row section vc_row-fluid grid_section\">\n<div class=\"section_inner clearfix\">\n<div class=\"section_inner_margin clearfix\">\n<div class=\"wpb_column vc_column_container vc_col-sm-6\">\n<div class=\"vc_column-inner\">\n<div class=\"wpb_wrapper\">\n<div class=\"wpb_text_column wpb_content_element\">\n<div class=\"wpb_wrapper\">\n<p><strong>SELLADORA AL VAC\u00cdO DOM\u00c9STICA<\/strong><\/p>\n<p>El Sellado al Vac\u00edo Dom\u00e9stica est\u00e1 presente en las m\u00e1s diversas cocinas de los restaurantes, tiendas y de la carne, mataderos, mercados cerealistas, las empresas de productos l\u00e1cteos, y mucho m\u00e1s.<\/p>\n<p>&nbsp;<\/p>\n<p>Con un abanico de posibilidades para su uso, se puede utilizar el Sellado al Vac\u00edo para aplicaciones en el hogar, en la comodidad de su hogar, principalmente en el ahorro de tiempo y dinero al hacer compras m\u00e1s grandes de las piezas de la comida y hacer porciones m\u00e1s peque\u00f1as, embalar las de vac\u00edo, todo ello de una forma sencilla y r\u00e1pida.<\/p>\n<p>&nbsp;<\/p>\n<p>Usted puede utilizar el Sellado al Vac\u00edo para que pueda comenzar su propio negocio, as\u00ed como para contribuir con el crecimiento de la de \u00e9l. Despu\u00e9s de todo, conserva y protege el producto contra la acci\u00f3n del tiempo, y debido a la proliferaci\u00f3n de las bacterias. Es producto de la alimentaci\u00f3n (por ejemplo, la carne, el pescado, las legumbres, las verduras, los granos, pastas, etc).<\/p>\n<\/div>\n<\/div>\n<\/div>\n<\/div>\n<\/div>\n<\/div>\n<\/div>\n<\/div>\n<\/div>\n<\/div>\n<\/div>\n<\/div>\n<\/div>\n<\/div>\n<div class=\"elementor-element elementor-element-fec9e69 elementor-widget__width-initial elementor-widget elementor-widget-text-editor\" data-id=\"fec9e69\" data-element_type=\"widget\" data-widget_type=\"text-editor.default\">\n<div class=\"elementor-widget-container\">\n<div class=\"wpb_text_column wpb_content_element\">\n<div class=\"wpb_wrapper\">\n<div class=\"wpb_text_column wpb_content_element\">\n<div class=\"wpb_wrapper\">\n<div class=\"vc_row wpb_row section vc_row-fluid grid_section\">\n<div class=\"section_inner clearfix\">\n<div class=\"section_inner_margin clearfix\">\n<div class=\"wpb_column vc_column_container vc_col-sm-6\">\n<div class=\"vc_column-inner\">\n<div class=\"wpb_wrapper\">\n<div class=\"wpb_text_column wpb_content_element\">\n<div class=\"wpb_wrapper\">\n<strong>LOS PRINCIPALES BENEFICIOS DE LA<\/strong><\/p>\n<ul>\n<li>Muy buena atencion de su personal;<\/li>\n<li>El Aumento de validez del producto es de 2 hasta 10 veces.<\/li>\n<li>Se mantiene el producto fresco,<\/li>\n<li>El producto no se deshidrata, lo que no se baje de peso, ni color.<\/li>\n<li>El envasado al vac\u00edo, que sirve como barrera para el olor;<\/li>\n<li>Comprime el producto para su transporte.<\/li>\n<li>Evita la p\u00e9rdida de l\u00edquidos<\/li>\n<li>La estructura compacta y f\u00e1cil de usar (se puede llevar a ella en cualquier momento y lugar;<\/li>\n<li>El control de la Temperatura.<\/li>\n<\/ul>\n<p><strong>APLICACI\u00d3N<\/strong><\/p>\n<p>La arqueadora de las cajas, es una m\u00e1quina en la que se sustituye a los m\u00e9todos anticuados de curvar las cajas con las pinzas, y puede ser ampliamente utilizado en muchas industrias, tales como la electricidad y la electr\u00f3nica, productos alimenticios, productos textiles, oficina de correos, impresi\u00f3n, entre otros. Arquear las cajas, las cajas de un supermercado, envases de papel, envases y de los tejidos, entre muchas otras aplicaciones.<\/p>\n<p>&nbsp;<\/p>\n<p>La M\u00e1quina de curvar con la cinta adhesiva de polipropileno virgen o reciclado. Utiliza el par\u00e9ntesis de 10 a 16 mm de di\u00e1metro. Su dise\u00f1o compacto y de peso ligero. Con esta m\u00e1quina se puede curvar (poner la cinta en cajas de peque\u00f1a y mediana empresa, y de forma autom\u00e1tica.<\/p>\n<p>&nbsp;<\/p>\n<p><strong>VENTAJAS<\/strong><\/p>\n<ul>\n<li>Un Alto nivel de Ingenier\u00eda y de dise\u00f1o sencillo,<\/li>\n<li>De F\u00e1cil Operaci\u00f3n y f\u00e1cil Mantenimiento;<\/li>\n<li>La tapa de Acero inoxidable<\/li>\n<li>El control Mec\u00e1nico de la Tensi\u00f3n de la Cinta;<\/li>\n<li>La econom\u00eda, el motor s\u00f3lo Funciona cuando se activa.<\/li>\n<\/ul>\n<p>Video:<br \/>\n<iframe width=\"560\" height=\"315\" src=\"https:\/\/www.youtube.com\/embed\/JwpuPTIcli4?si=wMsf-LYBdoCkYpkB\" title=\"YouTube video player\" frameborder=\"0\" allow=\"accelerometer; autoplay; clipboard-write; encrypted-media; gyroscope; picture-in-picture; web-share\" referrerpolicy=\"strict-origin-when-cross-origin\" allowfullscreen><\/iframe>\n<\/div>\n<\/div>\n<\/div>\n<\/div>\n<\/div>\n<\/div>\n<\/div>\n<\/div>\n<\/div>\n<\/div>\n<\/div>\n<\/div>\n<\/div>\n<\/div>\n<\/div>\n<\/div>\n<\/div>\n<\/div>\n<\/div>\n<\/div>\n<\/div>\n<\/div>","protected":false},"excerpt":{"rendered":"<p>SELADORA A V\u00c1CUO DOM\u00c9STICA A Seladora a V\u00e1cuo Dom\u00e9stica est\u00e1 presente nas mais diversas cozinhas, restaurantes, butiques de carnes, frigor\u00edficos, supermercados, cerealistas, empresas de latic\u00ednios e muito mais. &nbsp; Com diversas possibilidades de uso, voc\u00ea pode usar a Seladora a V\u00e1cuo para aplica\u00e7\u00f5es dom\u00e9sticas, no conforto da sua casa, economizando principalmente tempo e dinheiro, ao [&hellip;]<\/p>","protected":false},"featured_media":2444,"template":"","meta":{"_acf_changed":false},"product_brand":[],"product_cat":[107,96],"product_tag":[],"class_list":{"0":"post-2971","1":"product","2":"type-product","3":"status-publish","4":"has-post-thumbnail","6":"product_cat-outros","7":"product_cat-solucoes-em-maquinas","9":"first","10":"instock","11":"shipping-taxable","12":"product-type-simple"},"acf":[],"yoast_head":"<!-- This site is optimized with the Yoast SEO Premium plugin v24.5 (Yoast SEO v27.2) - https:\/\/yoast.com\/product\/yoast-seo-premium-wordpress\/ -->\n<title>Seladora a V\u00e1cuo<\/title>\n<meta name=\"robots\" content=\"index, follow, max-snippet:-1, max-image-preview:large, max-video-preview:-1\" \/>\n<link rel=\"canonical\" href=\"https:\/\/bbacomex.com.br\/es\/producto\/seladora-a-vacuo\/\" \/>\n<meta property=\"og:locale\" content=\"es_ES\" \/>\n<meta property=\"og:type\" content=\"article\" \/>\n<meta property=\"og:title\" content=\"Seladora a V\u00e1cuo\" \/>\n<meta property=\"og:description\" content=\"SELADORA A V\u00c1CUO DOM\u00c9STICA A Seladora a V\u00e1cuo Dom\u00e9stica est\u00e1 presente nas mais diversas cozinhas, restaurantes, butiques de carnes, frigor\u00edficos, supermercados, cerealistas, empresas de latic\u00ednios e muito mais. &nbsp; Com diversas possibilidades de uso, voc\u00ea pode usar a Seladora a V\u00e1cuo para aplica\u00e7\u00f5es dom\u00e9sticas, no conforto da sua casa, economizando principalmente tempo e dinheiro, ao [&hellip;]\" \/>\n<meta property=\"og:url\" content=\"https:\/\/bbacomex.com.br\/es\/producto\/seladora-a-vacuo\/\" \/>\n<meta property=\"og:site_name\" content=\"BBA Comex\" \/>\n<meta property=\"article:publisher\" content=\"https:\/\/www.facebook.com\/bbacomexoficial\" \/>\n<meta property=\"article:modified_time\" content=\"2025-02-24T18:34:43+00:00\" \/>\n<meta property=\"og:image\" content=\"https:\/\/bbacomex.com.br\/wp-content\/uploads\/2024\/05\/seladora-a-vacuo-01.jpg\" \/>\n\t<meta property=\"og:image:width\" content=\"800\" \/>\n\t<meta property=\"og:image:height\" content=\"600\" \/>\n\t<meta property=\"og:image:type\" content=\"image\/jpeg\" \/>\n<meta name=\"twitter:card\" content=\"summary_large_image\" \/>\n<meta name=\"twitter:label1\" content=\"Precio\" \/>\n\t<meta name=\"twitter:data1\" content=\"\" \/>\n\t<meta name=\"twitter:label2\" content=\"Disponibilidad\" \/>\n\t<meta name=\"twitter:data2\" content=\"Disponible\" \/>\n<script type=\"application\/ld+json\" class=\"yoast-schema-graph\">{\"@context\":\"https:\/\/schema.org\",\"@graph\":[{\"@type\":\"WebPage\",\"@id\":\"https:\/\/bbacomex.com.br\/produto\/seladora-a-vacuo\/\",\"url\":\"https:\/\/bbacomex.com.br\/produto\/seladora-a-vacuo\/\",\"name\":\"Seladora a V\u00e1cuo\",\"isPartOf\":{\"@id\":\"https:\/\/bbacomex.com.br\/#website\"},\"primaryImageOfPage\":{\"@id\":\"https:\/\/bbacomex.com.br\/produto\/seladora-a-vacuo\/#primaryimage\"},\"image\":{\"@id\":\"https:\/\/bbacomex.com.br\/produto\/seladora-a-vacuo\/#primaryimage\"},\"thumbnailUrl\":\"https:\/\/bbacomex.com.br\/wp-content\/uploads\/2024\/05\/seladora-a-vacuo-01.jpg\",\"datePublished\":\"2024-06-03T21:19:51+00:00\",\"dateModified\":\"2025-02-24T18:34:43+00:00\",\"breadcrumb\":{\"@id\":\"https:\/\/bbacomex.com.br\/produto\/seladora-a-vacuo\/#breadcrumb\"},\"inLanguage\":\"es\",\"potentialAction\":[{\"@type\":\"ReadAction\",\"target\":[\"https:\/\/bbacomex.com.br\/produto\/seladora-a-vacuo\/\"]}]},{\"@type\":\"ImageObject\",\"inLanguage\":\"es\",\"@id\":\"https:\/\/bbacomex.com.br\/produto\/seladora-a-vacuo\/#primaryimage\",\"url\":\"https:\/\/bbacomex.com.br\/wp-content\/uploads\/2024\/05\/seladora-a-vacuo-01.jpg\",\"contentUrl\":\"https:\/\/bbacomex.com.br\/wp-content\/uploads\/2024\/05\/seladora-a-vacuo-01.jpg\",\"width\":800,\"height\":600},{\"@type\":\"BreadcrumbList\",\"@id\":\"https:\/\/bbacomex.com.br\/produto\/seladora-a-vacuo\/#breadcrumb\",\"itemListElement\":[{\"@type\":\"ListItem\",\"position\":1,\"name\":\"In\u00edcio\",\"item\":\"https:\/\/bbacomex.com.br\/\"},{\"@type\":\"ListItem\",\"position\":2,\"name\":\"Produtos\",\"item\":\"https:\/\/bbacomex.com.br\/loja\/\"},{\"@type\":\"ListItem\",\"position\":3,\"name\":\"Seladora a V\u00e1cuo\"}]},{\"@type\":\"WebSite\",\"@id\":\"https:\/\/bbacomex.com.br\/#website\",\"url\":\"https:\/\/bbacomex.com.br\/\",\"name\":\"BBA Comex\",\"description\":\"\",\"publisher\":{\"@id\":\"https:\/\/bbacomex.com.br\/#organization\"},\"potentialAction\":[{\"@type\":\"SearchAction\",\"target\":{\"@type\":\"EntryPoint\",\"urlTemplate\":\"https:\/\/bbacomex.com.br\/?s={search_term_string}\"},\"query-input\":{\"@type\":\"PropertyValueSpecification\",\"valueRequired\":true,\"valueName\":\"search_term_string\"}}],\"inLanguage\":\"es\"},{\"@type\":\"Organization\",\"@id\":\"https:\/\/bbacomex.com.br\/#organization\",\"name\":\"BBA Comex\",\"url\":\"https:\/\/bbacomex.com.br\/\",\"logo\":{\"@type\":\"ImageObject\",\"inLanguage\":\"es\",\"@id\":\"https:\/\/bbacomex.com.br\/#\/schema\/logo\/image\/\",\"url\":\"https:\/\/bbacomex.com.br\/wp-content\/uploads\/2024\/03\/Logo_Rodape.png\",\"contentUrl\":\"https:\/\/bbacomex.com.br\/wp-content\/uploads\/2024\/03\/Logo_Rodape.png\",\"width\":350,\"height\":160,\"caption\":\"BBA Comex\"},\"image\":{\"@id\":\"https:\/\/bbacomex.com.br\/#\/schema\/logo\/image\/\"},\"sameAs\":[\"https:\/\/www.facebook.com\/bbacomexoficial\",\"https:\/\/www.instagram.com\/bbacomex\/\",\"https:\/\/www.linkedin.com\/company\/bba-comex\/\"]}]}<\/script>\n<meta property=\"product:price:currency\" content=\"BRL\" \/>\n<meta property=\"og:availability\" content=\"instock\" \/>\n<meta property=\"product:availability\" content=\"instock\" \/>\n<meta property=\"product:condition\" content=\"new\" \/>\n<!-- \/ Yoast SEO Premium plugin. -->","yoast_head_json":{"title":"Seladora a V\u00e1cuo","robots":{"index":"index","follow":"follow","max-snippet":"max-snippet:-1","max-image-preview":"max-image-preview:large","max-video-preview":"max-video-preview:-1"},"canonical":"https:\/\/bbacomex.com.br\/es\/producto\/seladora-a-vacuo\/","og_locale":"es_ES","og_type":"article","og_title":"Seladora a V\u00e1cuo","og_description":"SELADORA A V\u00c1CUO DOM\u00c9STICA A Seladora a V\u00e1cuo Dom\u00e9stica est\u00e1 presente nas mais diversas cozinhas, restaurantes, butiques de carnes, frigor\u00edficos, supermercados, cerealistas, empresas de latic\u00ednios e muito mais. &nbsp; Com diversas possibilidades de uso, voc\u00ea pode usar a Seladora a V\u00e1cuo para aplica\u00e7\u00f5es dom\u00e9sticas, no conforto da sua casa, economizando principalmente tempo e dinheiro, ao [&hellip;]","og_url":"https:\/\/bbacomex.com.br\/es\/producto\/seladora-a-vacuo\/","og_site_name":"BBA Comex","article_publisher":"https:\/\/www.facebook.com\/bbacomexoficial","article_modified_time":"2025-02-24T18:34:43+00:00","og_image":[{"width":800,"height":600,"url":"https:\/\/bbacomex.com.br\/wp-content\/uploads\/2024\/05\/seladora-a-vacuo-01.jpg","type":"image\/jpeg"}],"twitter_card":"summary_large_image","twitter_misc":{"Precio":"","Disponibilidad":"Disponible"},"schema":{"@context":"https:\/\/schema.org","@graph":[{"@type":"WebPage","@id":"https:\/\/bbacomex.com.br\/produto\/seladora-a-vacuo\/","url":"https:\/\/bbacomex.com.br\/produto\/seladora-a-vacuo\/","name":"Seladora a V\u00e1cuo","isPartOf":{"@id":"https:\/\/bbacomex.com.br\/#website"},"primaryImageOfPage":{"@id":"https:\/\/bbacomex.com.br\/produto\/seladora-a-vacuo\/#primaryimage"},"image":{"@id":"https:\/\/bbacomex.com.br\/produto\/seladora-a-vacuo\/#primaryimage"},"thumbnailUrl":"https:\/\/bbacomex.com.br\/wp-content\/uploads\/2024\/05\/seladora-a-vacuo-01.jpg","datePublished":"2024-06-03T21:19:51+00:00","dateModified":"2025-02-24T18:34:43+00:00","breadcrumb":{"@id":"https:\/\/bbacomex.com.br\/produto\/seladora-a-vacuo\/#breadcrumb"},"inLanguage":"es","potentialAction":[{"@type":"ReadAction","target":["https:\/\/bbacomex.com.br\/produto\/seladora-a-vacuo\/"]}]},{"@type":"ImageObject","inLanguage":"es","@id":"https:\/\/bbacomex.com.br\/produto\/seladora-a-vacuo\/#primaryimage","url":"https:\/\/bbacomex.com.br\/wp-content\/uploads\/2024\/05\/seladora-a-vacuo-01.jpg","contentUrl":"https:\/\/bbacomex.com.br\/wp-content\/uploads\/2024\/05\/seladora-a-vacuo-01.jpg","width":800,"height":600},{"@type":"BreadcrumbList","@id":"https:\/\/bbacomex.com.br\/produto\/seladora-a-vacuo\/#breadcrumb","itemListElement":[{"@type":"ListItem","position":1,"name":"In\u00edcio","item":"https:\/\/bbacomex.com.br\/"},{"@type":"ListItem","position":2,"name":"Produtos","item":"https:\/\/bbacomex.com.br\/loja\/"},{"@type":"ListItem","position":3,"name":"Seladora a V\u00e1cuo"}]},{"@type":"WebSite","@id":"https:\/\/bbacomex.com.br\/#website","url":"https:\/\/bbacomex.com.br\/","name":"BBA Comex","description":"","publisher":{"@id":"https:\/\/bbacomex.com.br\/#organization"},"potentialAction":[{"@type":"SearchAction","target":{"@type":"EntryPoint","urlTemplate":"https:\/\/bbacomex.com.br\/?s={search_term_string}"},"query-input":{"@type":"PropertyValueSpecification","valueRequired":true,"valueName":"search_term_string"}}],"inLanguage":"es"},{"@type":"Organization","@id":"https:\/\/bbacomex.com.br\/#organization","name":"BBA Comex","url":"https:\/\/bbacomex.com.br\/","logo":{"@type":"ImageObject","inLanguage":"es","@id":"https:\/\/bbacomex.com.br\/#\/schema\/logo\/image\/","url":"https:\/\/bbacomex.com.br\/wp-content\/uploads\/2024\/03\/Logo_Rodape.png","contentUrl":"https:\/\/bbacomex.com.br\/wp-content\/uploads\/2024\/03\/Logo_Rodape.png","width":350,"height":160,"caption":"BBA Comex"},"image":{"@id":"https:\/\/bbacomex.com.br\/#\/schema\/logo\/image\/"},"sameAs":["https:\/\/www.facebook.com\/bbacomexoficial","https:\/\/www.instagram.com\/bbacomex\/","https:\/\/www.linkedin.com\/company\/bba-comex\/"]}]},"product_price_currency":"BRL","og_availability":"instock","product_availability":"instock","product_condition":"new"},"_links":{"self":[{"href":"https:\/\/bbacomex.com.br\/es\/wp-json\/wp\/v2\/product\/2971","targetHints":{"allow":["GET"]}}],"collection":[{"href":"https:\/\/bbacomex.com.br\/es\/wp-json\/wp\/v2\/product"}],"about":[{"href":"https:\/\/bbacomex.com.br\/es\/wp-json\/wp\/v2\/types\/product"}],"wp:featuredmedia":[{"embeddable":true,"href":"https:\/\/bbacomex.com.br\/es\/wp-json\/wp\/v2\/media\/2444"}],"wp:attachment":[{"href":"https:\/\/bbacomex.com.br\/es\/wp-json\/wp\/v2\/media?parent=2971"}],"wp:term":[{"taxonomy":"product_brand","embeddable":true,"href":"https:\/\/bbacomex.com.br\/es\/wp-json\/wp\/v2\/product_brand?post=2971"},{"taxonomy":"product_cat","embeddable":true,"href":"https:\/\/bbacomex.com.br\/es\/wp-json\/wp\/v2\/product_cat?post=2971"},{"taxonomy":"product_tag","embeddable":true,"href":"https:\/\/bbacomex.com.br\/es\/wp-json\/wp\/v2\/product_tag?post=2971"}],"curies":[{"name":"wp","href":"https:\/\/api.w.org\/{rel}","templated":true}]}}