{"id":3609,"date":"2024-10-18T12:15:40","date_gmt":"2024-10-18T15:15:40","guid":{"rendered":"https:\/\/bbacomex.com.br\/?post_type=product&#038;p=3609"},"modified":"2025-08-21T11:34:33","modified_gmt":"2025-08-21T14:34:33","slug":"seladora-automatica-em-l-light","status":"publish","type":"product","link":"https:\/\/bbacomex.com.br\/es\/producto\/seladora-automatica-em-l-light\/","title":{"rendered":"Selladora Autom\u00e1tica en L \u2013 Light"},"content":{"rendered":"<div class=\"elementor-element elementor-element-3db3e01 elementor-widget__width-initial elementor-widget elementor-widget-text-editor\" data-id=\"3db3e01\" data-element_type=\"widget\" data-widget_type=\"text-editor.default\">\n<div class=\"elementor-widget-container\">\n<div class=\"elementor-element elementor-element-5bfbfe5 elementor-widget__width-initial elementor-widget elementor-widget-text-editor\" data-id=\"5bfbfe5\" data-element_type=\"widget\" data-widget_type=\"text-editor.default\">\n<div class=\"elementor-widget-container\">\n<div class=\"elementor-element elementor-element-f50db4f elementor-widget__width-initial elementor-widget elementor-widget-text-editor\" data-id=\"f50db4f\" data-element_type=\"widget\" data-widget_type=\"text-editor.default\">\n<div class=\"elementor-widget-container\">\n<div class=\"elementor-element elementor-element-3db3e01 elementor-widget__width-initial elementor-widget elementor-widget-text-editor\" data-id=\"3db3e01\" data-element_type=\"widget\" data-widget_type=\"text-editor.default\">\n<div class=\"elementor-widget-container\">\n<div class=\"elementor-element elementor-element-5bfbfe5 elementor-widget__width-initial elementor-widget elementor-widget-text-editor\" data-id=\"5bfbfe5\" data-element_type=\"widget\" data-widget_type=\"text-editor.default\">\n<div class=\"elementor-widget-container\">\n<div class=\"elementor-element elementor-element-f50db4f elementor-widget__width-initial elementor-widget elementor-widget-text-editor\" data-id=\"f50db4f\" data-element_type=\"widget\" data-widget_type=\"text-editor.default\">\n<div class=\"elementor-widget-container\">\n<div class=\"elementor-element elementor-element-7e3edc1 elementor-widget__width-initial elementor-widget elementor-widget-text-editor\" data-id=\"7e3edc1\" data-element_type=\"widget\" data-widget_type=\"text-editor.default\">\n<div class=\"elementor-widget-container\">\n<blockquote>\n<div class=\"x_flex x_max-w-full x_flex-col x_flex-grow\">\n<div class=\"x_min-h-8 x_text-message x_flex x_w-full x_flex-col x_items-end x_gap-2 x_whitespace-normal x_break-words x_[.text-message+&amp;]:mt-5\" dir=\"auto\" data-message-id=\"4a807e4f-1387-46d3-916d-bdc06c5dbb06\" data-message-author-role=\"assistant\">\n<div class=\"x_flex x_w-full x_flex-col x_gap-1 x_empty:hidden x_first:pt-[3px]\">\n<div class=\"x_markdown x_prose x_w-full x_break-words x_dark:prose-invert x_light\">\n<h4 data-olk-copy-source=\"MessageBody\">Descripci\u00f3n General De<\/h4>\n<p>La Junta de la temperatura Autom\u00e1tica, y la luz es una m\u00e1quina dise\u00f1ada para adaptarse a una amplia variedad de sectores industriales, que requieren de un embalaje termocontra\u00edbles. Con una estructura robusta de acero al carbono, este equipo combina la eficiencia y la comodidad de los hu\u00e9spedes, convirti\u00e9ndose en la soluci\u00f3n ideal para las empresas que buscan optimizar sus procesos de envasado y embalaje.<\/p>\n<p>&nbsp;<\/p>\n<p>Este modelo es muy vers\u00e1til, apto para el embalaje de los productos como los huevos, los elementos gr\u00e1ficos, la comida, las bebidas, los productos farmac\u00e9uticos, a los animales, accesorios, cosm\u00e9ticos, libros, juguetes, productos electr\u00f3nicos, e incluso kits promocionales. La Junta de la temperatura y la luz es ideal para aquellos que quieren asegurar un acabado profesional y, en su embalaje original, sin importar el tipo de producto.<\/p>\n<p>&nbsp;<\/p>\n<h4>Las Caracter\u00edsticas y el Funcionamiento de<\/h4>\n<p>&nbsp;<\/p>\n<ul>\n<li><strong>La Automatizaci\u00f3n Total<\/strong>: Que la Junta de opera de forma totalmente autom\u00e1tica, lo que permite un flujo continuo de trabajo. Con una producci\u00f3n de alrededor del 20 al 25 de envases por minuto, que es ideal para los entornos de producci\u00f3n y de la demanda.<\/li>\n<li><strong>El Sistema de Sellado Avanzado<\/strong>El equipo cuenta con un sistema de aislamiento de la temperatura constante, controlada por medio de un sistema PID, que es adecuado para las pel\u00edculas de POF, por la que se garantiza la calidad y la integridad de los envases.<\/li>\n<li><strong>Los Ajustes Pr\u00e1cticos<\/strong>: La anchura y la altura de los productos que se pueden ajustar f\u00e1cilmente a trav\u00e9s de un volante de inercia, lo que proporciona flexibilidad para los diferentes tama\u00f1os de los envases y embalajes.<\/li>\n<li><strong>La detecci\u00f3n de Errores<\/strong>Un programa de detecci\u00f3n de fallos y se asegura de que la m\u00e1quina se detenga autom\u00e1ticamente en funcionamiento, en el caso de los problemas, lo que aumenta la seguridad y la fiabilidad del proceso.<\/li>\n<li><strong>Interfaz F\u00e1cil De Usar<\/strong>De : la operaci\u00f3n es muy sencilla gracias a una interfaz hombre-m\u00e1quina (HMI), que permite la creaci\u00f3n de recetas espec\u00edficas para los distintos productos, lo que facilita la adaptaci\u00f3n del equipo a las necesidades de la producci\u00f3n.<\/li>\n<li><\/li>\n<\/ul>\n<h4>El T\u00fanel de Encogimiento<\/h4>\n<p>&nbsp;<\/p>\n<p>Como complemento a la Junta, en el t\u00fanel de la reducci\u00f3n y de alta velocidad que utiliza el aire caliente en movimiento a fin de garantizar una reducci\u00f3n de manera uniforme y eficiente. Con los rodillos transportadores autom\u00e1ticos revestidos de silicona, y el t\u00fanel se mantiene a una temperatura constante, y que cuenta con un sistema de control que se apaga de forma autom\u00e1tica, la preservaci\u00f3n de la vida \u00fatil de los equipos.<\/p>\n<p>&nbsp;<\/p>\n<h4>Las ventajas de la Junta en forma de L, Light<\/h4>\n<p>&nbsp;<\/p>\n<ul>\n<li><strong>La Amplia Aplicabilidad De<\/strong>Ideal para una amplia variedad de productos, garantizando as\u00ed la versatilidad de su l\u00ednea de producci\u00f3n.<\/li>\n<li><strong>El Modelo Econ\u00f3mico<\/strong>Es la mejor opci\u00f3n para cualquier persona que quiera iniciarse en el mercado de los envases y embalajes autom\u00e1tica sin que se ajustan a su presupuesto.<\/li>\n<li><strong>La seguridad y la Fiabilidad<\/strong>: Equipado con una puerta de protecci\u00f3n y los dispositivos de alarma, que proporciona seguridad para el operador.<\/li>\n<li><strong>La Alimentaci\u00f3n Autom\u00e1tica<\/strong>El largo de la corriente se ajusta de forma autom\u00e1tica, lo que permite una operaci\u00f3n m\u00e1s fluida y eficiente posible.<\/li>\n<li><strong>Control De Temperatura<\/strong>Para el manejo de la PID, que garantiza un control preciso de la temperatura de sellado, lo que aumenta la calidad de su trabajo.<\/li>\n<li><strong>La facilidad de Uso<\/strong>La m\u00e1quina dispone de hojas de juntas recubiertas de Tefl\u00f3n y una cinta transportadora con rodillos recubiertos de Tefl\u00f3n, permitiendo un manejo m\u00e1s suave y m\u00e1s seguro.<\/li>\n<\/ul>\n<p>&nbsp;<\/p>\n<p>La Junta de la temperatura Autom\u00e1tica, y la luz es una opci\u00f3n inteligente para las empresas que buscan una soluci\u00f3n pr\u00e1ctica y econ\u00f3mica para la automatizaci\u00f3n de la producci\u00f3n. Gracias a su tecnolog\u00eda de avanzada y facilidad de uso, el equipo no s\u00f3lo en la mejora de la eficiencia de los procesos de envasado y embalaje, sino que, adem\u00e1s, se garantiza una mano de obra de alta calidad para sus productos. Invertir en una Junta en forma de L, Light, ligero y de su producci\u00f3n a un nivel completamente nuevo!<\/p>\n<\/div>\n<\/div>\n<\/div>\n<\/div>\n<\/blockquote>\n<\/div>\n<\/div>\n<\/div>\n<\/div>\n<\/div>\n<\/div>\n<\/div>\n<\/div>\n<\/div>\n<\/div>\n<\/div>\n<\/div>\n<\/div>\n<\/div>","protected":false},"excerpt":{"rendered":"<p><!-- SELADORA LIGHT --><\/p>\n<div style=\"max-width: 600px; margin: 40px auto; font-family: Arial, sans-serif; border: 2px solid #0044cc; border-radius: 10px; overflow: hidden;\">\n<div style=\"background-color: #0044cc; color: white; padding: 10px 20px; font-size: 20px; font-weight: bold;\">Seladora Light<\/div>\n<div style=\"background-color: #eaf0ff; padding: 10px 20px; font-size: 14px; font-weight: bold;\">Los Datos T\u00e9cnicos De La<\/div>\n<table style=\"width: 100%; border-collapse: collapse; font-size: 14px;\">\n<tbody>\n<tr>\n<td style=\"padding: 10px; border-bottom: 1px solid #ddd;\">Dimens\u00f5es da M\u00e1quina (C x L x A)<\/td>\n<td style=\"padding: 10px; border-bottom: 1px solid #ddd;\">1790 x 830 x 1600 mm<\/td>\n<\/tr>\n<tr>\n<td style=\"padding: 10px; border-bottom: 1px solid #ddd;\">Tamanho M\u00e1x. da Embalagem (C x L x A)<\/td>\n<td style=\"padding: 10px; border-bottom: 1px solid #ddd;\">500 x 330 x 130 mm<\/td>\n<\/tr>\n<tr>\n<td style=\"padding: 10px; border-bottom: 1px solid #ddd;\">Tamanho M\u00edn. da Embalagem (C x L x A)<\/td>\n<td style=\"padding: 10px; border-bottom: 1px solid #ddd;\">350 x 250 x 130 mm<\/td>\n<\/tr>\n<tr>\n<td style=\"padding: 10px; border-bottom: 1px solid #ddd;\">Produ\u00e7\u00e3o<\/td>\n<td style=\"padding: 10px; border-bottom: 1px solid #ddd;\">15 a 20 pcs\/min<\/td>\n<\/tr>\n<tr>\n<td style=\"padding: 10px; border-bottom: 1px solid #ddd;\">La potencia<\/td>\n<td style=\"padding: 10px; border-bottom: 1px solid #ddd;\">1,4 kW<\/td>\n<\/tr>\n<tr>\n<td style=\"padding: 10px; border-bottom: 1px solid #ddd;\">Tamanho M\u00e1x. do Filme<\/td>\n<td style=\"padding: 10px; border-bottom: 1px solid #ddd;\">500 mm<\/td>\n<\/tr>\n<tr>\n<td style=\"padding: 10px; border-bottom: 1px solid #ddd;\">Tens\u00e3o<\/td>\n<td style=\"padding: 10px; border-bottom: 1px solid #ddd;\">220v<\/td>\n<\/tr>\n<tr>\n<td style=\"padding: 10px; border-bottom: 1px solid #ddd;\">Press\u00e3o de Ar<\/td>\n<td style=\"padding: 10px; border-bottom: 1px solid #ddd;\">0,6 ~ 0,8 kg\/cm\u00b3<\/td>\n<\/tr>\n<tr>\n<td style=\"padding: 10px;\">El Peso de<\/td>\n<td style=\"padding: 10px;\">260 kg<\/td>\n<\/tr>\n<\/tbody>\n<\/table>\n<\/div>\n<div style=\"max-width: 700px; margin: 40px auto; font-family: Arial, sans-serif; border: 2px solid #0044cc; border-radius: 10px; overflow: hidden;\">\n<div style=\"background-color: #0044cc; color: white; padding: 12px 20px; font-size: 18px; font-weight: bold;\">El T\u00fanel Light<\/div>\n<table style=\"width: 100%; border-collapse: collapse; font-size: 14px;\">\n<tbody>\n<tr style=\"background-color: #f0f4ff;\">\n<td style=\"padding: 10px; border-bottom: 1px solid #ccc;\">Dimens\u00f5es (C x L x A) (mm)<\/td>\n<td style=\"padding: 10px; border-bottom: 1px solid #ccc;\">1800 \u00d7 990 \u00d7 1300<\/td>\n<\/tr>\n<tr>\n<td style=\"padding: 10px; border-bottom: 1px solid #ccc;\">Tamanho M\u00e1x. da Embalagem (mm)<\/td>\n<td style=\"padding: 10px; border-bottom: 1px solid #ccc;\">400 \u00d7 250<\/td>\n<\/tr>\n<tr style=\"background-color: #f0f4ff;\">\n<td style=\"padding: 10px; border-bottom: 1px solid #ccc;\">La velocidad de envase y Embalaje<\/td>\n<td style=\"padding: 10px; border-bottom: 1px solid #ccc;\">0 ~ 20 pe\u00e7as\/min<\/td>\n<\/tr>\n<tr>\n<td style=\"padding: 10px; border-bottom: 1px solid #ccc;\">Peso (kg)<\/td>\n<td style=\"padding: 10px; border-bottom: 1px solid #ccc;\">170<\/td>\n<\/tr>\n<tr style=\"background-color: #f0f4ff;\">\n<td style=\"padding: 10px; border-bottom: 1px solid #ccc;\">La potencia<\/td>\n<td style=\"padding: 10px; border-bottom: 1px solid #ccc;\">16 kW<\/td>\n<\/tr>\n<tr>\n<td style=\"padding: 10px;\">Alimenta\u00e7\u00e3o<\/td>\n<td style=\"padding: 10px;\">Trif\u00e1sico 220\/380 V \/ 60 Hz<\/td>\n<\/tr>\n<\/tbody>\n<\/table>\n<\/div>\n<p>Video:<br \/>\n<iframe title=\"YouTube video player\" src=\"https:\/\/www.youtube.com\/embed\/9USW3h6OLBs?si=cXHmzISR0GJzZ-En\" width=\"560\" height=\"315\" frameborder=\"0\" allowfullscreen=\"allowfullscreen\" data-mce-fragment=\"1\"><\/iframe><\/p>","protected":false},"featured_media":3632,"template":"","meta":{"_acf_changed":false},"product_brand":[],"product_cat":[87,77],"product_tag":[],"class_list":{"0":"post-3609","1":"product","2":"type-product","3":"status-publish","4":"has-post-thumbnail","6":"product_cat-automaticas-em-l","7":"product_cat-sem-categoria","9":"first","10":"instock","11":"shipping-taxable","12":"product-type-simple"},"acf":[],"yoast_head":"<!-- This site is optimized with the Yoast SEO Premium plugin v24.5 (Yoast SEO v27.2) - https:\/\/yoast.com\/product\/yoast-seo-premium-wordpress\/ -->\n<title>Seladora Autom\u00e1tica em L \u2013 Light<\/title>\n<meta name=\"robots\" content=\"index, follow, max-snippet:-1, max-image-preview:large, max-video-preview:-1\" \/>\n<link rel=\"canonical\" href=\"https:\/\/bbacomex.com.br\/es\/producto\/seladora-automatica-em-l-light\/\" \/>\n<meta property=\"og:locale\" content=\"es_ES\" \/>\n<meta property=\"og:type\" content=\"article\" \/>\n<meta property=\"og:title\" content=\"Seladora Autom\u00e1tica em L \u2013 Light\" \/>\n<meta property=\"og:description\" content=\"Seladora Light Dados T\u00e9cnicos    Dimens\u00f5es da M\u00e1quina (C x L x A) 1790 x 830 x 1600 mm   Tamanho M\u00e1x. da Embalagem (C x L x A) 500 x 330 x 130 mm   Tamanho M\u00edn. da Embalagem (C x L x A) 350 x 250 x 130 mm   Produ\u00e7\u00e3o 15 a 20 pcs\/min   Pot\u00eancia 1,4 kW   Tamanho M\u00e1x. do Filme 500 mm   Tens\u00e3o 220v   Press\u00e3o de Ar 0,6 ~ 0,8 kg\/cm\u00b3   Peso 260 kg      T\u00fanel Light    Dimens\u00f5es (C x L x A) (mm) 1800 \u00d7 990 \u00d7 1300   Tamanho M\u00e1x. da Embalagem (mm) 400 \u00d7 250   Velocidade da Embalagem 0 ~ 20 pe\u00e7as\/min   Peso (kg) 170   Pot\u00eancia 16 kW   Alimenta\u00e7\u00e3o Trif\u00e1sico 220\/380 V \/ 60 Hz     Video:\" \/>\n<meta property=\"og:url\" content=\"https:\/\/bbacomex.com.br\/es\/producto\/seladora-automatica-em-l-light\/\" \/>\n<meta property=\"og:site_name\" content=\"BBA Comex\" \/>\n<meta property=\"article:publisher\" content=\"https:\/\/www.facebook.com\/bbacomexoficial\" \/>\n<meta property=\"article:modified_time\" content=\"2025-08-21T14:34:33+00:00\" \/>\n<meta property=\"og:image\" content=\"https:\/\/bbacomex.com.br\/wp-content\/uploads\/2024\/10\/Maquinario-Guarulhos-5-scaled.jpg\" \/>\n\t<meta property=\"og:image:width\" content=\"2560\" \/>\n\t<meta property=\"og:image:height\" content=\"1707\" \/>\n\t<meta property=\"og:image:type\" content=\"image\/jpeg\" \/>\n<meta name=\"twitter:card\" content=\"summary_large_image\" \/>\n<meta name=\"twitter:label1\" content=\"Precio\" \/>\n\t<meta name=\"twitter:data1\" content=\"\" \/>\n\t<meta name=\"twitter:label2\" content=\"Disponibilidad\" \/>\n\t<meta name=\"twitter:data2\" content=\"Disponible\" \/>\n<script type=\"application\/ld+json\" class=\"yoast-schema-graph\">{\"@context\":\"https:\/\/schema.org\",\"@graph\":[{\"@type\":\"WebPage\",\"@id\":\"https:\/\/bbacomex.com.br\/produto\/seladora-automatica-em-l-light\/\",\"url\":\"https:\/\/bbacomex.com.br\/produto\/seladora-automatica-em-l-light\/\",\"name\":\"Seladora Autom\u00e1tica em L \u2013 Light\",\"isPartOf\":{\"@id\":\"https:\/\/bbacomex.com.br\/#website\"},\"primaryImageOfPage\":{\"@id\":\"https:\/\/bbacomex.com.br\/produto\/seladora-automatica-em-l-light\/#primaryimage\"},\"image\":{\"@id\":\"https:\/\/bbacomex.com.br\/produto\/seladora-automatica-em-l-light\/#primaryimage\"},\"thumbnailUrl\":\"https:\/\/bbacomex.com.br\/wp-content\/uploads\/2024\/10\/Maquinario-Guarulhos-5-scaled.jpg\",\"datePublished\":\"2024-10-18T15:15:40+00:00\",\"dateModified\":\"2025-08-21T14:34:33+00:00\",\"breadcrumb\":{\"@id\":\"https:\/\/bbacomex.com.br\/produto\/seladora-automatica-em-l-light\/#breadcrumb\"},\"inLanguage\":\"es\",\"potentialAction\":[{\"@type\":\"ReadAction\",\"target\":[\"https:\/\/bbacomex.com.br\/produto\/seladora-automatica-em-l-light\/\"]}]},{\"@type\":\"ImageObject\",\"inLanguage\":\"es\",\"@id\":\"https:\/\/bbacomex.com.br\/produto\/seladora-automatica-em-l-light\/#primaryimage\",\"url\":\"https:\/\/bbacomex.com.br\/wp-content\/uploads\/2024\/10\/Maquinario-Guarulhos-5-scaled.jpg\",\"contentUrl\":\"https:\/\/bbacomex.com.br\/wp-content\/uploads\/2024\/10\/Maquinario-Guarulhos-5-scaled.jpg\",\"width\":2560,\"height\":1707},{\"@type\":\"BreadcrumbList\",\"@id\":\"https:\/\/bbacomex.com.br\/produto\/seladora-automatica-em-l-light\/#breadcrumb\",\"itemListElement\":[{\"@type\":\"ListItem\",\"position\":1,\"name\":\"In\u00edcio\",\"item\":\"https:\/\/bbacomex.com.br\/\"},{\"@type\":\"ListItem\",\"position\":2,\"name\":\"Produtos\",\"item\":\"https:\/\/bbacomex.com.br\/loja\/\"},{\"@type\":\"ListItem\",\"position\":3,\"name\":\"Seladora Autom\u00e1tica em L \u2013 Light\"}]},{\"@type\":\"WebSite\",\"@id\":\"https:\/\/bbacomex.com.br\/#website\",\"url\":\"https:\/\/bbacomex.com.br\/\",\"name\":\"BBA Comex\",\"description\":\"\",\"publisher\":{\"@id\":\"https:\/\/bbacomex.com.br\/#organization\"},\"potentialAction\":[{\"@type\":\"SearchAction\",\"target\":{\"@type\":\"EntryPoint\",\"urlTemplate\":\"https:\/\/bbacomex.com.br\/?s={search_term_string}\"},\"query-input\":{\"@type\":\"PropertyValueSpecification\",\"valueRequired\":true,\"valueName\":\"search_term_string\"}}],\"inLanguage\":\"es\"},{\"@type\":\"Organization\",\"@id\":\"https:\/\/bbacomex.com.br\/#organization\",\"name\":\"BBA Comex\",\"url\":\"https:\/\/bbacomex.com.br\/\",\"logo\":{\"@type\":\"ImageObject\",\"inLanguage\":\"es\",\"@id\":\"https:\/\/bbacomex.com.br\/#\/schema\/logo\/image\/\",\"url\":\"https:\/\/bbacomex.com.br\/wp-content\/uploads\/2024\/03\/Logo_Rodape.png\",\"contentUrl\":\"https:\/\/bbacomex.com.br\/wp-content\/uploads\/2024\/03\/Logo_Rodape.png\",\"width\":350,\"height\":160,\"caption\":\"BBA Comex\"},\"image\":{\"@id\":\"https:\/\/bbacomex.com.br\/#\/schema\/logo\/image\/\"},\"sameAs\":[\"https:\/\/www.facebook.com\/bbacomexoficial\",\"https:\/\/www.instagram.com\/bbacomex\/\",\"https:\/\/www.linkedin.com\/company\/bba-comex\/\"]}]}<\/script>\n<meta property=\"product:price:currency\" content=\"BRL\" \/>\n<meta property=\"og:availability\" content=\"instock\" \/>\n<meta property=\"product:availability\" content=\"instock\" \/>\n<meta property=\"product:condition\" content=\"new\" \/>\n<!-- \/ Yoast SEO Premium plugin. -->","yoast_head_json":{"title":"Seladora Autom\u00e1tica em L \u2013 Light","robots":{"index":"index","follow":"follow","max-snippet":"max-snippet:-1","max-image-preview":"max-image-preview:large","max-video-preview":"max-video-preview:-1"},"canonical":"https:\/\/bbacomex.com.br\/es\/producto\/seladora-automatica-em-l-light\/","og_locale":"es_ES","og_type":"article","og_title":"Seladora Autom\u00e1tica em L \u2013 Light","og_description":"Seladora Light Dados T\u00e9cnicos    Dimens\u00f5es da M\u00e1quina (C x L x A) 1790 x 830 x 1600 mm   Tamanho M\u00e1x. da Embalagem (C x L x A) 500 x 330 x 130 mm   Tamanho M\u00edn. da Embalagem (C x L x A) 350 x 250 x 130 mm   Produ\u00e7\u00e3o 15 a 20 pcs\/min   Pot\u00eancia 1,4 kW   Tamanho M\u00e1x. do Filme 500 mm   Tens\u00e3o 220v   Press\u00e3o de Ar 0,6 ~ 0,8 kg\/cm\u00b3   Peso 260 kg      T\u00fanel Light    Dimens\u00f5es (C x L x A) (mm) 1800 \u00d7 990 \u00d7 1300   Tamanho M\u00e1x. da Embalagem (mm) 400 \u00d7 250   Velocidade da Embalagem 0 ~ 20 pe\u00e7as\/min   Peso (kg) 170   Pot\u00eancia 16 kW   Alimenta\u00e7\u00e3o Trif\u00e1sico 220\/380 V \/ 60 Hz     Video:","og_url":"https:\/\/bbacomex.com.br\/es\/producto\/seladora-automatica-em-l-light\/","og_site_name":"BBA Comex","article_publisher":"https:\/\/www.facebook.com\/bbacomexoficial","article_modified_time":"2025-08-21T14:34:33+00:00","og_image":[{"width":2560,"height":1707,"url":"https:\/\/bbacomex.com.br\/wp-content\/uploads\/2024\/10\/Maquinario-Guarulhos-5-scaled.jpg","type":"image\/jpeg"}],"twitter_card":"summary_large_image","twitter_misc":{"Precio":"","Disponibilidad":"Disponible"},"schema":{"@context":"https:\/\/schema.org","@graph":[{"@type":"WebPage","@id":"https:\/\/bbacomex.com.br\/produto\/seladora-automatica-em-l-light\/","url":"https:\/\/bbacomex.com.br\/produto\/seladora-automatica-em-l-light\/","name":"Seladora Autom\u00e1tica em L \u2013 Light","isPartOf":{"@id":"https:\/\/bbacomex.com.br\/#website"},"primaryImageOfPage":{"@id":"https:\/\/bbacomex.com.br\/produto\/seladora-automatica-em-l-light\/#primaryimage"},"image":{"@id":"https:\/\/bbacomex.com.br\/produto\/seladora-automatica-em-l-light\/#primaryimage"},"thumbnailUrl":"https:\/\/bbacomex.com.br\/wp-content\/uploads\/2024\/10\/Maquinario-Guarulhos-5-scaled.jpg","datePublished":"2024-10-18T15:15:40+00:00","dateModified":"2025-08-21T14:34:33+00:00","breadcrumb":{"@id":"https:\/\/bbacomex.com.br\/produto\/seladora-automatica-em-l-light\/#breadcrumb"},"inLanguage":"es","potentialAction":[{"@type":"ReadAction","target":["https:\/\/bbacomex.com.br\/produto\/seladora-automatica-em-l-light\/"]}]},{"@type":"ImageObject","inLanguage":"es","@id":"https:\/\/bbacomex.com.br\/produto\/seladora-automatica-em-l-light\/#primaryimage","url":"https:\/\/bbacomex.com.br\/wp-content\/uploads\/2024\/10\/Maquinario-Guarulhos-5-scaled.jpg","contentUrl":"https:\/\/bbacomex.com.br\/wp-content\/uploads\/2024\/10\/Maquinario-Guarulhos-5-scaled.jpg","width":2560,"height":1707},{"@type":"BreadcrumbList","@id":"https:\/\/bbacomex.com.br\/produto\/seladora-automatica-em-l-light\/#breadcrumb","itemListElement":[{"@type":"ListItem","position":1,"name":"In\u00edcio","item":"https:\/\/bbacomex.com.br\/"},{"@type":"ListItem","position":2,"name":"Produtos","item":"https:\/\/bbacomex.com.br\/loja\/"},{"@type":"ListItem","position":3,"name":"Seladora Autom\u00e1tica em L \u2013 Light"}]},{"@type":"WebSite","@id":"https:\/\/bbacomex.com.br\/#website","url":"https:\/\/bbacomex.com.br\/","name":"BBA Comex","description":"","publisher":{"@id":"https:\/\/bbacomex.com.br\/#organization"},"potentialAction":[{"@type":"SearchAction","target":{"@type":"EntryPoint","urlTemplate":"https:\/\/bbacomex.com.br\/?s={search_term_string}"},"query-input":{"@type":"PropertyValueSpecification","valueRequired":true,"valueName":"search_term_string"}}],"inLanguage":"es"},{"@type":"Organization","@id":"https:\/\/bbacomex.com.br\/#organization","name":"BBA Comex","url":"https:\/\/bbacomex.com.br\/","logo":{"@type":"ImageObject","inLanguage":"es","@id":"https:\/\/bbacomex.com.br\/#\/schema\/logo\/image\/","url":"https:\/\/bbacomex.com.br\/wp-content\/uploads\/2024\/03\/Logo_Rodape.png","contentUrl":"https:\/\/bbacomex.com.br\/wp-content\/uploads\/2024\/03\/Logo_Rodape.png","width":350,"height":160,"caption":"BBA Comex"},"image":{"@id":"https:\/\/bbacomex.com.br\/#\/schema\/logo\/image\/"},"sameAs":["https:\/\/www.facebook.com\/bbacomexoficial","https:\/\/www.instagram.com\/bbacomex\/","https:\/\/www.linkedin.com\/company\/bba-comex\/"]}]},"product_price_currency":"BRL","og_availability":"instock","product_availability":"instock","product_condition":"new"},"_links":{"self":[{"href":"https:\/\/bbacomex.com.br\/es\/wp-json\/wp\/v2\/product\/3609","targetHints":{"allow":["GET"]}}],"collection":[{"href":"https:\/\/bbacomex.com.br\/es\/wp-json\/wp\/v2\/product"}],"about":[{"href":"https:\/\/bbacomex.com.br\/es\/wp-json\/wp\/v2\/types\/product"}],"wp:featuredmedia":[{"embeddable":true,"href":"https:\/\/bbacomex.com.br\/es\/wp-json\/wp\/v2\/media\/3632"}],"wp:attachment":[{"href":"https:\/\/bbacomex.com.br\/es\/wp-json\/wp\/v2\/media?parent=3609"}],"wp:term":[{"taxonomy":"product_brand","embeddable":true,"href":"https:\/\/bbacomex.com.br\/es\/wp-json\/wp\/v2\/product_brand?post=3609"},{"taxonomy":"product_cat","embeddable":true,"href":"https:\/\/bbacomex.com.br\/es\/wp-json\/wp\/v2\/product_cat?post=3609"},{"taxonomy":"product_tag","embeddable":true,"href":"https:\/\/bbacomex.com.br\/es\/wp-json\/wp\/v2\/product_tag?post=3609"}],"curies":[{"name":"wp","href":"https:\/\/api.w.org\/{rel}","templated":true}]}}