{"id":3610,"date":"2024-10-18T12:24:11","date_gmt":"2024-10-18T15:24:11","guid":{"rendered":"https:\/\/bbacomex.com.br\/?post_type=product&#038;p=3610"},"modified":"2025-07-25T21:02:35","modified_gmt":"2025-07-26T00:02:35","slug":"tunel-economico","status":"publish","type":"product","link":"https:\/\/bbacomex.com.br\/es\/producto\/tunel-economico\/","title":{"rendered":"T\u00fanel Econ\u00f4mico"},"content":{"rendered":"<div class=\"elementor-element elementor-element-3db3e01 elementor-widget__width-initial elementor-widget elementor-widget-text-editor\" data-id=\"3db3e01\" data-element_type=\"widget\" data-widget_type=\"text-editor.default\">\n<div class=\"elementor-widget-container\">\n<div class=\"elementor-element elementor-element-5bfbfe5 elementor-widget__width-initial elementor-widget elementor-widget-text-editor\" data-id=\"5bfbfe5\" data-element_type=\"widget\" data-widget_type=\"text-editor.default\">\n<div class=\"elementor-widget-container\">\n<div class=\"elementor-element elementor-element-f50db4f elementor-widget__width-initial elementor-widget elementor-widget-text-editor\" data-id=\"f50db4f\" data-element_type=\"widget\" data-widget_type=\"text-editor.default\">\n<div class=\"elementor-widget-container\">\n<div class=\"elementor-element elementor-element-3db3e01 elementor-widget__width-initial elementor-widget elementor-widget-text-editor\" data-id=\"3db3e01\" data-element_type=\"widget\" data-widget_type=\"text-editor.default\">\n<div class=\"elementor-widget-container\">\n<div class=\"elementor-element elementor-element-5bfbfe5 elementor-widget__width-initial elementor-widget elementor-widget-text-editor\" data-id=\"5bfbfe5\" data-element_type=\"widget\" data-widget_type=\"text-editor.default\">\n<div class=\"elementor-widget-container\">\n<div class=\"elementor-element elementor-element-f50db4f elementor-widget__width-initial elementor-widget elementor-widget-text-editor\" data-id=\"f50db4f\" data-element_type=\"widget\" data-widget_type=\"text-editor.default\">\n<div class=\"elementor-widget-container\">\n<div class=\"elementor-element elementor-element-7e3edc1 elementor-widget__width-initial elementor-widget elementor-widget-text-editor\" data-id=\"7e3edc1\" data-element_type=\"widget\" data-widget_type=\"text-editor.default\">\n<div class=\"elementor-widget-container\">\n<h3>Efici\u00eancia, Versatilidade e Baixo Custo para sua Linha de Produ\u00e7\u00e3o<\/h3>\n<p>\u00bf\u00a0<strong>T\u00fanel de Encolhimento Econ\u00f4mico<\/strong>\u00a0da\u00a0<strong>BBA Comex<\/strong>\u00a0\u00e9 a solu\u00e7\u00e3o ideal para quem busca\u00a0<strong>resultados profissionais com excelente custo-benef\u00edcio<\/strong>. Compat\u00edvel com a seladora econ\u00f4mica, ele proporciona\u00a0<strong>acabamento de alta qualidade<\/strong>, baixo consumo de energia e opera\u00e7\u00e3o est\u00e1vel, sendo ideal para diversas aplica\u00e7\u00f5es industriais.<\/p>\n<h3>Desempenho e Aplica\u00e7\u00e3o<\/h3>\n<p>Equipado com\u00a0<strong>sistema de ar quente de circula\u00e7\u00e3o interna<\/strong>, o T\u00fanel Econ\u00f4mico garante um\u00a0<strong>encolhimento uniforme <\/strong>em diversos tipos de filmes termoencolh\u00edveis como\u00a0<strong>PVC, POF e PP<\/strong>. Ele se adapta facilmente ao manuseio de\u00a0<strong>embalagens aliment\u00edcias, cosm\u00e9ticos, brinquedos, itens gr\u00e1ficos, produtos farmac\u00eauticos, livros e eletr\u00f4nicos<\/strong>, entre outros.<\/p>\n<p>A estrutura com\u00a0<strong>roletes revestidos em silicone<\/strong>\u00a0assegura um transporte suave dos produtos, evitando marcas ou danos durante o processo de encolhimento.<\/p>\n<h3>Tecnologia e Funcionamento<\/h3>\n<ul>\n<li><strong>Tubos de quartzo infravermelho<\/strong>: Aquecimento r\u00e1pido e eficaz.<\/li>\n<li><strong>Painel anal\u00f3gico de controle<\/strong>: F\u00e1cil regulagem de temperatura e velocidade.<\/li>\n<li><strong>Temperatura ajust\u00e1vel at\u00e9 200\u00b0C<\/strong>: Ideal para diferentes tipos de materiais.<\/li>\n<li><strong>Velocidade de esteira ajust\u00e1vel (at\u00e9 10 m\/min)<\/strong>: Flexibilidade de opera\u00e7\u00e3o.<\/li>\n<li><strong>Sistema de ventila\u00e7\u00e3o interna<\/strong>: Distribui\u00e7\u00e3o uniforme do calor por todo o t\u00fanel.<\/li>\n<\/ul>\n<h3>Diferenciais da BBA Comex<\/h3>\n<ul>\n<li>\u2705<strong>P\u00e9s com sistema Vibra Stop<\/strong>: Mais estabilidade e menor vibra\u00e7\u00e3o durante a opera\u00e7\u00e3o.<\/li>\n<li>\u2705<strong>Bot\u00e3o de parada de emerg\u00eancia<\/strong>: Garantia de seguran\u00e7a para o operador.<\/li>\n<li>\u2705<strong>Esteira de roletes em silicone<\/strong>: Maior ader\u00eancia e prote\u00e7\u00e3o dos produtos transportados.<\/li>\n<li>\u2705<strong>El bajo consumo de energ\u00eda<\/strong>: Economia com desempenho cont\u00ednuo.<\/li>\n<li>\u2705<strong>Manuten\u00e7\u00e3o simples e de baixo custo<\/strong>: Componentes acess\u00edveis e de f\u00e1cil reposi\u00e7\u00e3o.<\/li>\n<li>\u2705<strong>Una gran durabilidad<\/strong>: Estrutura robusta, desenvolvida para uso intensivo.<\/li>\n<li>\u2705<strong>Compat\u00edvel com a Seladora Econ\u00f4mica BBA Comex<\/strong>.<\/li>\n<\/ul>\n<h3>Garanta o M\u00e1ximo em Custo-Benef\u00edcio com a BBA Comex<\/h3>\n<p>Com o\u00a0<strong>T\u00fanel de Encolhimento Econ\u00f4mico<\/strong>, sua empresa conquista\u00a0<strong>efici\u00eancia produtiva<\/strong>,\u00a0<strong>seguran\u00e7a operacional<\/strong>\u00a0e\u00a0<strong>qualidade nas embalagens<\/strong>, sem comprometer o or\u00e7amento. Combine-o com as\u00a0<strong>seladoras da linha BBA Comex<\/strong>\u00a0e tenha um sistema completo para sua linha final de produ\u00e7\u00e3o.<\/p>\n<p><strong>Entre em contato com a BBA Comex e descubra como otimizar seu processo com mais economia, seguran\u00e7a e desempenho.<\/strong><\/p>\n<\/div>\n<\/div>\n<\/div>\n<\/div>\n<\/div>\n<\/div>\n<\/div>\n<\/div>\n<\/div>\n<\/div>\n<\/div>\n<\/div>\n<\/div>\n<\/div>","protected":false},"excerpt":{"rendered":"<p><!-- ECON\u00d4MICO 25 E ECON\u00d4MICO 35 --><\/p>\n<div style=\"max-width: 800px; margin: 40px auto; font-family: Arial, sans-serif; border: 2px solid #0044cc; border-radius: 10px; overflow: hidden;\">\n<div style=\"background-color: #0044cc; color: white; padding: 10px 20px; font-size: 20px; font-weight: bold;\">Econ\u00f4mico 25 e Econ\u00f4mico 35<\/div>\n<div style=\"background-color: #eaf0ff; padding: 10px 20px; font-size: 14px; font-weight: bold;\">Los Datos T\u00e9cnicos De La<\/div>\n<table style=\"width: 100%; border-collapse: collapse; font-size: 14px;\">\n<thead>\n<tr style=\"background-color: #f0f0f0;\">\n<th style=\"padding: 10px; border-bottom: 1px solid #ddd;\">Especifica\u00e7\u00f5es<\/th>\n<th style=\"padding: 10px; border-bottom: 1px solid #ddd;\">Econ\u00f4mico 25<\/th>\n<th style=\"padding: 10px; border-bottom: 1px solid #ddd;\">Econ\u00f4mico 35<\/th>\n<\/tr>\n<\/thead>\n<tbody>\n<tr>\n<td style=\"padding: 10px; border-bottom: 1px solid #ddd;\">Dimens\u00f5es da M\u00e1quina (C x L x A)<\/td>\n<td style=\"padding: 10px; border-bottom: 1px solid #ddd;\">1230 x 650 x 1250 mm<\/td>\n<td style=\"padding: 10px; border-bottom: 1px solid #ddd;\">1230 x 650 x 1300 mm<\/td>\n<\/tr>\n<tr>\n<td style=\"padding: 10px; border-bottom: 1px solid #ddd;\">Tamanho M\u00e1x. do Produto (L x A)<\/td>\n<td style=\"padding: 10px; border-bottom: 1px solid #ddd;\">420 x 220 mm<\/td>\n<td style=\"padding: 10px; border-bottom: 1px solid #ddd;\">420 x 320 mm<\/td>\n<\/tr>\n<tr>\n<td style=\"padding: 10px; border-bottom: 1px solid #ddd;\">Tens\u00e3o<\/td>\n<td style=\"padding: 10px; border-bottom: 1px solid #ddd;\">7.5 kW<\/td>\n<td style=\"padding: 10px; border-bottom: 1px solid #ddd;\">7.5 kW<\/td>\n<\/tr>\n<tr>\n<td style=\"padding: 10px; border-bottom: 1px solid #ddd;\">La potencia<\/td>\n<td style=\"padding: 10px; border-bottom: 1px solid #ddd;\">220v \/ 380v Trif\u00e1sico<\/td>\n<td style=\"padding: 10px; border-bottom: 1px solid #ddd;\">220v \/ 380v Trif\u00e1sico<\/td>\n<\/tr>\n<tr>\n<td style=\"padding: 10px; border-bottom: 1px solid #ddd;\">Peso M\u00e1x. do Produto<\/td>\n<td style=\"padding: 10px; border-bottom: 1px solid #ddd;\">10 kg<\/td>\n<td style=\"padding: 10px; border-bottom: 1px solid #ddd;\">10 kg<\/td>\n<\/tr>\n<tr>\n<td style=\"padding: 10px;\">Peso do T\u00fanel<\/td>\n<td style=\"padding: 10px;\">100 kg<\/td>\n<td style=\"padding: 10px;\">100 kg<\/td>\n<\/tr>\n<\/tbody>\n<\/table>\n<\/div>","protected":false},"featured_media":3744,"template":"","meta":{"_acf_changed":false},"product_brand":[],"product_cat":[86,77],"product_tag":[],"class_list":{"0":"post-3610","1":"product","2":"type-product","3":"status-publish","4":"has-post-thumbnail","6":"product_cat-seladoras-manuais-e-semi-auto","7":"product_cat-sem-categoria","9":"first","10":"instock","11":"shipping-taxable","12":"product-type-simple"},"acf":[],"yoast_head":"<!-- This site is optimized with the Yoast SEO Premium plugin v24.5 (Yoast SEO v27.2) - https:\/\/yoast.com\/product\/yoast-seo-premium-wordpress\/ -->\n<title>T\u00fanel Econ\u00f4mico<\/title>\n<meta name=\"robots\" content=\"index, follow, max-snippet:-1, max-image-preview:large, max-video-preview:-1\" \/>\n<link rel=\"canonical\" href=\"https:\/\/bbacomex.com.br\/es\/producto\/tunel-economico\/\" \/>\n<meta property=\"og:locale\" content=\"es_ES\" \/>\n<meta property=\"og:type\" content=\"article\" \/>\n<meta property=\"og:title\" content=\"T\u00fanel Econ\u00f4mico\" \/>\n<meta property=\"og:description\" content=\"Econ\u00f4mico 25 e Econ\u00f4mico 35 Dados T\u00e9cnicos    Especifica\u00e7\u00f5es Econ\u00f4mico 25 Econ\u00f4mico 35     Dimens\u00f5es da M\u00e1quina (C x L x A) 1230 x 650 x 1250 mm 1230 x 650 x 1300 mm   Tamanho M\u00e1x. do Produto (L x A) 420 x 220 mm 420 x 320 mm   Tens\u00e3o 7.5 kW 7.5 kW   Pot\u00eancia 220v \/ 380v Trif\u00e1sico 220v \/ 380v Trif\u00e1sico   Peso M\u00e1x. do Produto 10 kg 10 kg   Peso do T\u00fanel 100 kg 100 kg\" \/>\n<meta property=\"og:url\" content=\"https:\/\/bbacomex.com.br\/es\/producto\/tunel-economico\/\" \/>\n<meta property=\"og:site_name\" content=\"BBA Comex\" \/>\n<meta property=\"article:publisher\" content=\"https:\/\/www.facebook.com\/bbacomexoficial\" \/>\n<meta property=\"article:modified_time\" content=\"2025-07-26T00:02:35+00:00\" \/>\n<meta property=\"og:image\" content=\"https:\/\/bbacomex.com.br\/wp-content\/uploads\/2024\/10\/WhatsApp-Image-2024-10-30-at-15.00.30.jpeg\" \/>\n\t<meta property=\"og:image:width\" content=\"1080\" \/>\n\t<meta property=\"og:image:height\" content=\"1080\" \/>\n\t<meta property=\"og:image:type\" content=\"image\/jpeg\" \/>\n<meta name=\"twitter:card\" content=\"summary_large_image\" \/>\n<meta name=\"twitter:label1\" content=\"Precio\" \/>\n\t<meta name=\"twitter:data1\" content=\"\" \/>\n\t<meta name=\"twitter:label2\" content=\"Disponibilidad\" \/>\n\t<meta name=\"twitter:data2\" content=\"Disponible\" \/>\n<script type=\"application\/ld+json\" class=\"yoast-schema-graph\">{\"@context\":\"https:\/\/schema.org\",\"@graph\":[{\"@type\":\"WebPage\",\"@id\":\"https:\/\/bbacomex.com.br\/produto\/tunel-economico\/\",\"url\":\"https:\/\/bbacomex.com.br\/produto\/tunel-economico\/\",\"name\":\"T\u00fanel Econ\u00f4mico\",\"isPartOf\":{\"@id\":\"https:\/\/bbacomex.com.br\/#website\"},\"primaryImageOfPage\":{\"@id\":\"https:\/\/bbacomex.com.br\/produto\/tunel-economico\/#primaryimage\"},\"image\":{\"@id\":\"https:\/\/bbacomex.com.br\/produto\/tunel-economico\/#primaryimage\"},\"thumbnailUrl\":\"https:\/\/bbacomex.com.br\/wp-content\/uploads\/2024\/10\/WhatsApp-Image-2024-10-30-at-15.00.30.jpeg\",\"datePublished\":\"2024-10-18T15:24:11+00:00\",\"dateModified\":\"2025-07-26T00:02:35+00:00\",\"breadcrumb\":{\"@id\":\"https:\/\/bbacomex.com.br\/produto\/tunel-economico\/#breadcrumb\"},\"inLanguage\":\"es\",\"potentialAction\":[{\"@type\":\"ReadAction\",\"target\":[\"https:\/\/bbacomex.com.br\/produto\/tunel-economico\/\"]}]},{\"@type\":\"ImageObject\",\"inLanguage\":\"es\",\"@id\":\"https:\/\/bbacomex.com.br\/produto\/tunel-economico\/#primaryimage\",\"url\":\"https:\/\/bbacomex.com.br\/wp-content\/uploads\/2024\/10\/WhatsApp-Image-2024-10-30-at-15.00.30.jpeg\",\"contentUrl\":\"https:\/\/bbacomex.com.br\/wp-content\/uploads\/2024\/10\/WhatsApp-Image-2024-10-30-at-15.00.30.jpeg\",\"width\":1080,\"height\":1080},{\"@type\":\"BreadcrumbList\",\"@id\":\"https:\/\/bbacomex.com.br\/produto\/tunel-economico\/#breadcrumb\",\"itemListElement\":[{\"@type\":\"ListItem\",\"position\":1,\"name\":\"In\u00edcio\",\"item\":\"https:\/\/bbacomex.com.br\/\"},{\"@type\":\"ListItem\",\"position\":2,\"name\":\"Produtos\",\"item\":\"https:\/\/bbacomex.com.br\/loja\/\"},{\"@type\":\"ListItem\",\"position\":3,\"name\":\"T\u00fanel Econ\u00f4mico\"}]},{\"@type\":\"WebSite\",\"@id\":\"https:\/\/bbacomex.com.br\/#website\",\"url\":\"https:\/\/bbacomex.com.br\/\",\"name\":\"BBA Comex\",\"description\":\"\",\"publisher\":{\"@id\":\"https:\/\/bbacomex.com.br\/#organization\"},\"potentialAction\":[{\"@type\":\"SearchAction\",\"target\":{\"@type\":\"EntryPoint\",\"urlTemplate\":\"https:\/\/bbacomex.com.br\/?s={search_term_string}\"},\"query-input\":{\"@type\":\"PropertyValueSpecification\",\"valueRequired\":true,\"valueName\":\"search_term_string\"}}],\"inLanguage\":\"es\"},{\"@type\":\"Organization\",\"@id\":\"https:\/\/bbacomex.com.br\/#organization\",\"name\":\"BBA Comex\",\"url\":\"https:\/\/bbacomex.com.br\/\",\"logo\":{\"@type\":\"ImageObject\",\"inLanguage\":\"es\",\"@id\":\"https:\/\/bbacomex.com.br\/#\/schema\/logo\/image\/\",\"url\":\"https:\/\/bbacomex.com.br\/wp-content\/uploads\/2024\/03\/Logo_Rodape.png\",\"contentUrl\":\"https:\/\/bbacomex.com.br\/wp-content\/uploads\/2024\/03\/Logo_Rodape.png\",\"width\":350,\"height\":160,\"caption\":\"BBA Comex\"},\"image\":{\"@id\":\"https:\/\/bbacomex.com.br\/#\/schema\/logo\/image\/\"},\"sameAs\":[\"https:\/\/www.facebook.com\/bbacomexoficial\",\"https:\/\/www.instagram.com\/bbacomex\/\",\"https:\/\/www.linkedin.com\/company\/bba-comex\/\"]}]}<\/script>\n<meta property=\"product:price:currency\" content=\"BRL\" \/>\n<meta property=\"og:availability\" content=\"instock\" \/>\n<meta property=\"product:availability\" content=\"instock\" \/>\n<meta property=\"product:condition\" content=\"new\" \/>\n<!-- \/ Yoast SEO Premium plugin. -->","yoast_head_json":{"title":"T\u00fanel Econ\u00f4mico","robots":{"index":"index","follow":"follow","max-snippet":"max-snippet:-1","max-image-preview":"max-image-preview:large","max-video-preview":"max-video-preview:-1"},"canonical":"https:\/\/bbacomex.com.br\/es\/producto\/tunel-economico\/","og_locale":"es_ES","og_type":"article","og_title":"T\u00fanel Econ\u00f4mico","og_description":"Econ\u00f4mico 25 e Econ\u00f4mico 35 Dados T\u00e9cnicos    Especifica\u00e7\u00f5es Econ\u00f4mico 25 Econ\u00f4mico 35     Dimens\u00f5es da M\u00e1quina (C x L x A) 1230 x 650 x 1250 mm 1230 x 650 x 1300 mm   Tamanho M\u00e1x. do Produto (L x A) 420 x 220 mm 420 x 320 mm   Tens\u00e3o 7.5 kW 7.5 kW   Pot\u00eancia 220v \/ 380v Trif\u00e1sico 220v \/ 380v Trif\u00e1sico   Peso M\u00e1x. do Produto 10 kg 10 kg   Peso do T\u00fanel 100 kg 100 kg","og_url":"https:\/\/bbacomex.com.br\/es\/producto\/tunel-economico\/","og_site_name":"BBA Comex","article_publisher":"https:\/\/www.facebook.com\/bbacomexoficial","article_modified_time":"2025-07-26T00:02:35+00:00","og_image":[{"width":1080,"height":1080,"url":"https:\/\/bbacomex.com.br\/wp-content\/uploads\/2024\/10\/WhatsApp-Image-2024-10-30-at-15.00.30.jpeg","type":"image\/jpeg"}],"twitter_card":"summary_large_image","twitter_misc":{"Precio":"","Disponibilidad":"Disponible"},"schema":{"@context":"https:\/\/schema.org","@graph":[{"@type":"WebPage","@id":"https:\/\/bbacomex.com.br\/produto\/tunel-economico\/","url":"https:\/\/bbacomex.com.br\/produto\/tunel-economico\/","name":"T\u00fanel Econ\u00f4mico","isPartOf":{"@id":"https:\/\/bbacomex.com.br\/#website"},"primaryImageOfPage":{"@id":"https:\/\/bbacomex.com.br\/produto\/tunel-economico\/#primaryimage"},"image":{"@id":"https:\/\/bbacomex.com.br\/produto\/tunel-economico\/#primaryimage"},"thumbnailUrl":"https:\/\/bbacomex.com.br\/wp-content\/uploads\/2024\/10\/WhatsApp-Image-2024-10-30-at-15.00.30.jpeg","datePublished":"2024-10-18T15:24:11+00:00","dateModified":"2025-07-26T00:02:35+00:00","breadcrumb":{"@id":"https:\/\/bbacomex.com.br\/produto\/tunel-economico\/#breadcrumb"},"inLanguage":"es","potentialAction":[{"@type":"ReadAction","target":["https:\/\/bbacomex.com.br\/produto\/tunel-economico\/"]}]},{"@type":"ImageObject","inLanguage":"es","@id":"https:\/\/bbacomex.com.br\/produto\/tunel-economico\/#primaryimage","url":"https:\/\/bbacomex.com.br\/wp-content\/uploads\/2024\/10\/WhatsApp-Image-2024-10-30-at-15.00.30.jpeg","contentUrl":"https:\/\/bbacomex.com.br\/wp-content\/uploads\/2024\/10\/WhatsApp-Image-2024-10-30-at-15.00.30.jpeg","width":1080,"height":1080},{"@type":"BreadcrumbList","@id":"https:\/\/bbacomex.com.br\/produto\/tunel-economico\/#breadcrumb","itemListElement":[{"@type":"ListItem","position":1,"name":"In\u00edcio","item":"https:\/\/bbacomex.com.br\/"},{"@type":"ListItem","position":2,"name":"Produtos","item":"https:\/\/bbacomex.com.br\/loja\/"},{"@type":"ListItem","position":3,"name":"T\u00fanel Econ\u00f4mico"}]},{"@type":"WebSite","@id":"https:\/\/bbacomex.com.br\/#website","url":"https:\/\/bbacomex.com.br\/","name":"BBA Comex","description":"","publisher":{"@id":"https:\/\/bbacomex.com.br\/#organization"},"potentialAction":[{"@type":"SearchAction","target":{"@type":"EntryPoint","urlTemplate":"https:\/\/bbacomex.com.br\/?s={search_term_string}"},"query-input":{"@type":"PropertyValueSpecification","valueRequired":true,"valueName":"search_term_string"}}],"inLanguage":"es"},{"@type":"Organization","@id":"https:\/\/bbacomex.com.br\/#organization","name":"BBA Comex","url":"https:\/\/bbacomex.com.br\/","logo":{"@type":"ImageObject","inLanguage":"es","@id":"https:\/\/bbacomex.com.br\/#\/schema\/logo\/image\/","url":"https:\/\/bbacomex.com.br\/wp-content\/uploads\/2024\/03\/Logo_Rodape.png","contentUrl":"https:\/\/bbacomex.com.br\/wp-content\/uploads\/2024\/03\/Logo_Rodape.png","width":350,"height":160,"caption":"BBA Comex"},"image":{"@id":"https:\/\/bbacomex.com.br\/#\/schema\/logo\/image\/"},"sameAs":["https:\/\/www.facebook.com\/bbacomexoficial","https:\/\/www.instagram.com\/bbacomex\/","https:\/\/www.linkedin.com\/company\/bba-comex\/"]}]},"product_price_currency":"BRL","og_availability":"instock","product_availability":"instock","product_condition":"new"},"_links":{"self":[{"href":"https:\/\/bbacomex.com.br\/es\/wp-json\/wp\/v2\/product\/3610","targetHints":{"allow":["GET"]}}],"collection":[{"href":"https:\/\/bbacomex.com.br\/es\/wp-json\/wp\/v2\/product"}],"about":[{"href":"https:\/\/bbacomex.com.br\/es\/wp-json\/wp\/v2\/types\/product"}],"wp:featuredmedia":[{"embeddable":true,"href":"https:\/\/bbacomex.com.br\/es\/wp-json\/wp\/v2\/media\/3744"}],"wp:attachment":[{"href":"https:\/\/bbacomex.com.br\/es\/wp-json\/wp\/v2\/media?parent=3610"}],"wp:term":[{"taxonomy":"product_brand","embeddable":true,"href":"https:\/\/bbacomex.com.br\/es\/wp-json\/wp\/v2\/product_brand?post=3610"},{"taxonomy":"product_cat","embeddable":true,"href":"https:\/\/bbacomex.com.br\/es\/wp-json\/wp\/v2\/product_cat?post=3610"},{"taxonomy":"product_tag","embeddable":true,"href":"https:\/\/bbacomex.com.br\/es\/wp-json\/wp\/v2\/product_tag?post=3610"}],"curies":[{"name":"wp","href":"https:\/\/api.w.org\/{rel}","templated":true}]}}