{"id":3616,"date":"2024-10-18T12:31:24","date_gmt":"2024-10-18T15:31:24","guid":{"rendered":"https:\/\/bbacomex.com.br\/?post_type=product&#038;p=3616"},"modified":"2025-07-25T21:07:05","modified_gmt":"2025-07-26T00:07:05","slug":"tunel-de-encolhimento-premium","status":"publish","type":"product","link":"https:\/\/bbacomex.com.br\/es\/producto\/tunel-de-encolhimento-premium\/","title":{"rendered":"T\u00fanel de Encogimiento Premium"},"content":{"rendered":"<div class=\"elementor-element elementor-element-3db3e01 elementor-widget__width-initial elementor-widget elementor-widget-text-editor\" data-id=\"3db3e01\" data-element_type=\"widget\" data-widget_type=\"text-editor.default\">\n<div class=\"elementor-widget-container\">\n<div class=\"elementor-element elementor-element-5bfbfe5 elementor-widget__width-initial elementor-widget elementor-widget-text-editor\" data-id=\"5bfbfe5\" data-element_type=\"widget\" data-widget_type=\"text-editor.default\">\n<div class=\"elementor-widget-container\">\n<div class=\"elementor-element elementor-element-f50db4f elementor-widget__width-initial elementor-widget elementor-widget-text-editor\" data-id=\"f50db4f\" data-element_type=\"widget\" data-widget_type=\"text-editor.default\">\n<div class=\"elementor-widget-container\">\n<div class=\"elementor-element elementor-element-3db3e01 elementor-widget__width-initial elementor-widget elementor-widget-text-editor\" data-id=\"3db3e01\" data-element_type=\"widget\" data-widget_type=\"text-editor.default\">\n<div class=\"elementor-widget-container\">\n<div class=\"elementor-element elementor-element-5bfbfe5 elementor-widget__width-initial elementor-widget elementor-widget-text-editor\" data-id=\"5bfbfe5\" data-element_type=\"widget\" data-widget_type=\"text-editor.default\">\n<div class=\"elementor-widget-container\">\n<div class=\"elementor-element elementor-element-f50db4f elementor-widget__width-initial elementor-widget elementor-widget-text-editor\" data-id=\"f50db4f\" data-element_type=\"widget\" data-widget_type=\"text-editor.default\">\n<div class=\"elementor-widget-container\">\n<div class=\"elementor-element elementor-element-7e3edc1 elementor-widget__width-initial elementor-widget elementor-widget-text-editor\" data-id=\"7e3edc1\" data-element_type=\"widget\" data-widget_type=\"text-editor.default\">\n<div class=\"elementor-widget-container\">\n<h3>Desempenho superior, alta produtividade e acabamento profissional<\/h3>\n<p>\u00bf\u00a0<strong>T\u00fanel de Encogimiento Premium<\/strong>\u00a0da\u00a0<strong>BBA Comex<\/strong>\u00a0\u00e9 a solu\u00e7\u00e3o ideal para empresas que demandam\u00a0<strong>alto desempenho, controle preciso e acabamento perfeito nas embalagens<\/strong>. Projetado para integrar-se \u00e0s\u00a0<strong>seladoras autom\u00e1ticas e cont\u00ednuas da BBA Comex<\/strong>, esse equipamento proporciona\u00a0<strong>efici\u00eancia m\u00e1xima e agilidade<\/strong>\u00a0nas linhas de produ\u00e7\u00e3o.<\/p>\n<h3>Tecnologia de Alta Performance<\/h3>\n<p>O T\u00fanel Premium opera com um avan\u00e7ado sistema de\u00a0<strong>ar quente de circula\u00e7\u00e3o interna<\/strong>, garantindo um encolhimento uniforme das pel\u00edculas termoencolh\u00edveis. Seu sistema de\u00a0<strong>rolos transportadores autom\u00e1ticos revestidos com silicone<\/strong>assegura um manuseio suave dos produtos, mesmo em alta velocidade, preservando a integridade e o aspecto final da embalagem.<\/p>\n<p>Com\u00a0<strong>controle eletr\u00f4nico de temperatura<\/strong>, \u00e9 poss\u00edvel realizar ajustes precisos de acordo com o tipo de filme e a necessidade do processo. O\u00a0<strong>sistema de temporiza\u00e7\u00e3o autom\u00e1tico<\/strong>\u00a0desliga o equipamento quando n\u00e3o est\u00e1 em uso, otimizando sua durabilidade e reduzindo o consumo de energia.<\/p>\n<h3>Diferenciais do T\u00fanel Premium<\/h3>\n<ul>\n<li><strong>Alta Velocidade de Produ\u00e7\u00e3o<\/strong>: Capacidade de encolher de<strong>50 a 60 embalagens por minuto<\/strong>, ideal para empresas com alto volume de demanda.<\/li>\n<li><strong>Controle de Temperatura Est\u00e1vel<\/strong>: Garante acabamento uniforme em toda a superf\u00edcie do filme termoencolh\u00edvel.<\/li>\n<li><strong>Constru\u00e7\u00e3o Robusta e Dur\u00e1vel<\/strong>: Desenvolvido para suportar ambientes industriais de alta exig\u00eancia.<\/li>\n<li><strong>Baixa Manuten\u00e7\u00e3o<\/strong>: Sistema com desligamento autom\u00e1tico e componentes de f\u00e1cil acesso.<\/li>\n<li><strong>La Eficiencia Energ\u00e9tica<\/strong>: Otimiza\u00e7\u00e3o no consumo el\u00e9trico, com foco na sustentabilidade e economia operacional.<\/li>\n<li><strong>Versatilidade de Aplica\u00e7\u00f5es<\/strong>: Compat\u00edvel com filmes<strong>POF, PP e PVC<\/strong>, atende diferentes tipos de embalagens e formatos de produtos.<\/li>\n<li><strong>Esteira com Rolos de Silicone<\/strong>: Garante suavidade no transporte dos produtos, sem riscos de deforma\u00e7\u00e3o ou danos.<\/li>\n<li><strong>Compatibilidade Total<\/strong>: Funciona perfeitamente com as<strong>Seladoras Premium e Cont\u00ednuas da BBA Comex<\/strong>.<\/li>\n<\/ul>\n<h3>Eleve sua produ\u00e7\u00e3o com o T\u00fanel Premium<\/h3>\n<p>\u00bf\u00a0<strong>T\u00fanel de Encogimiento Premium<\/strong>\u00a0\u00e9 a escolha certa para ind\u00fastrias que buscam\u00a0<strong>produtividade, efici\u00eancia e padroniza\u00e7\u00e3o de qualidade<\/strong>\u00a0nas embalagens. Robusto, preciso e altamente confi\u00e1vel, esse equipamento \u00e9 um verdadeiro diferencial competitivo para o seu neg\u00f3cio.<\/p>\n<p><strong>Invista no T\u00fanel Premium da BBA Comex e eleve sua linha de embalagem a um novo n\u00edvel de excel\u00eancia e produtividade. Fale agora com nosso time comercial e descubra como transformar sua opera\u00e7\u00e3o com tecnologia de ponta.<\/strong><\/p>\n<\/div>\n<\/div>\n<\/div>\n<\/div>\n<\/div>\n<\/div>\n<\/div>\n<\/div>\n<\/div>\n<\/div>\n<\/div>\n<\/div>\n<\/div>\n<\/div>","protected":false},"excerpt":{"rendered":"<p><!-- T\u00daNEL PREMIUM --><\/p>\n<div style=\"max-width: 600px; margin: 40px auto; font-family: Arial, sans-serif; border: 2px solid #0044cc; border-radius: 10px; overflow: hidden;\">\n<div style=\"background-color: #0044cc; color: white; padding: 10px 20px; font-size: 20px; font-weight: bold;\">T\u00fanel Premium<\/div>\n<div style=\"background-color: #eaf0ff; padding: 10px 20px; font-size: 14px; font-weight: bold;\">Los Datos T\u00e9cnicos De La<\/div>\n<table style=\"width: 100%; border-collapse: collapse; font-size: 14px;\">\n<tbody>\n<tr>\n<td style=\"padding: 10px; border-bottom: 1px solid #ddd;\">Dimens\u00f5es da M\u00e1quina (C x L x A)<\/td>\n<td style=\"padding: 10px; border-bottom: 1px solid #ddd;\">1600 x 770 x 1505 mm<\/td>\n<\/tr>\n<tr>\n<td style=\"padding: 10px; border-bottom: 1px solid #ddd;\">Tamanho M\u00e1x. do Produto (L x A)<\/td>\n<td style=\"padding: 10px; border-bottom: 1px solid #ddd;\">450 x 250 mm<\/td>\n<\/tr>\n<tr>\n<td style=\"padding: 10px; border-bottom: 1px solid #ddd;\">Tens\u00e3o<\/td>\n<td style=\"padding: 10px; border-bottom: 1px solid #ddd;\">220v \/ 380v Trif\u00e1sico<\/td>\n<\/tr>\n<tr>\n<td style=\"padding: 10px; border-bottom: 1px solid #ddd;\">La potencia<\/td>\n<td style=\"padding: 10px; border-bottom: 1px solid #ddd;\">12 kW<\/td>\n<\/tr>\n<tr>\n<td style=\"padding: 10px; border-bottom: 1px solid #ddd;\">Peso M\u00e1x. do Produto<\/td>\n<td style=\"padding: 10px; border-bottom: 1px solid #ddd;\">10 kg<\/td>\n<\/tr>\n<tr>\n<td style=\"padding: 10px;\">Peso do T\u00fanel<\/td>\n<td style=\"padding: 10px;\">185 kg<\/td>\n<\/tr>\n<\/tbody>\n<\/table>\n<\/div>","protected":false},"featured_media":3619,"template":"","meta":{"_acf_changed":false},"product_brand":[],"product_cat":[86,77],"product_tag":[],"class_list":{"0":"post-3616","1":"product","2":"type-product","3":"status-publish","4":"has-post-thumbnail","6":"product_cat-seladoras-manuais-e-semi-auto","7":"product_cat-sem-categoria","9":"first","10":"instock","11":"shipping-taxable","12":"product-type-simple"},"acf":[],"yoast_head":"<!-- This site is optimized with the Yoast SEO Premium plugin v24.5 (Yoast SEO v27.2) - https:\/\/yoast.com\/product\/yoast-seo-premium-wordpress\/ -->\n<title>T\u00fanel de Encolhimento Premium<\/title>\n<meta name=\"description\" content=\"O T\u00fanel de Encolhimento Premium \u00e9 um equipamento avan\u00e7ado projetado para atender \u00e0s demandas de efici\u00eancia e qualidade no processo de embalagem.\" \/>\n<meta name=\"robots\" content=\"index, follow, max-snippet:-1, max-image-preview:large, max-video-preview:-1\" \/>\n<link rel=\"canonical\" href=\"https:\/\/bbacomex.com.br\/es\/producto\/tunel-de-encolhimento-premium\/\" \/>\n<meta property=\"og:locale\" content=\"es_ES\" \/>\n<meta property=\"og:type\" content=\"article\" \/>\n<meta property=\"og:title\" content=\"T\u00fanel de Encolhimento Premium\" \/>\n<meta property=\"og:description\" content=\"O T\u00fanel de Encolhimento Premium \u00e9 um equipamento avan\u00e7ado projetado para atender \u00e0s demandas de efici\u00eancia e qualidade no processo de embalagem.\" \/>\n<meta property=\"og:url\" content=\"https:\/\/bbacomex.com.br\/es\/producto\/tunel-de-encolhimento-premium\/\" \/>\n<meta property=\"og:site_name\" content=\"BBA Comex\" \/>\n<meta property=\"article:publisher\" content=\"https:\/\/www.facebook.com\/bbacomexoficial\" \/>\n<meta property=\"article:modified_time\" content=\"2025-07-26T00:07:05+00:00\" \/>\n<meta property=\"og:image\" content=\"https:\/\/bbacomex.com.br\/wp-content\/uploads\/2024\/10\/MAQUINARIO-RIO-DE-JANEIRO-7-scaled.jpg\" \/>\n\t<meta property=\"og:image:width\" content=\"2560\" \/>\n\t<meta property=\"og:image:height\" content=\"1707\" \/>\n\t<meta property=\"og:image:type\" content=\"image\/jpeg\" \/>\n<meta name=\"twitter:card\" content=\"summary_large_image\" \/>\n<meta name=\"twitter:label1\" content=\"Precio\" \/>\n\t<meta name=\"twitter:data1\" content=\"\" \/>\n\t<meta name=\"twitter:label2\" content=\"Disponibilidad\" \/>\n\t<meta name=\"twitter:data2\" content=\"Disponible\" \/>\n<script type=\"application\/ld+json\" class=\"yoast-schema-graph\">{\"@context\":\"https:\/\/schema.org\",\"@graph\":[{\"@type\":\"WebPage\",\"@id\":\"https:\/\/bbacomex.com.br\/produto\/tunel-de-encolhimento-premium\/\",\"url\":\"https:\/\/bbacomex.com.br\/produto\/tunel-de-encolhimento-premium\/\",\"name\":\"T\u00fanel de Encolhimento Premium\",\"isPartOf\":{\"@id\":\"https:\/\/bbacomex.com.br\/#website\"},\"primaryImageOfPage\":{\"@id\":\"https:\/\/bbacomex.com.br\/produto\/tunel-de-encolhimento-premium\/#primaryimage\"},\"image\":{\"@id\":\"https:\/\/bbacomex.com.br\/produto\/tunel-de-encolhimento-premium\/#primaryimage\"},\"thumbnailUrl\":\"https:\/\/bbacomex.com.br\/wp-content\/uploads\/2024\/10\/MAQUINARIO-RIO-DE-JANEIRO-7-scaled.jpg\",\"datePublished\":\"2024-10-18T15:31:24+00:00\",\"dateModified\":\"2025-07-26T00:07:05+00:00\",\"description\":\"O T\u00fanel de Encolhimento Premium \u00e9 um equipamento avan\u00e7ado projetado para atender \u00e0s demandas de efici\u00eancia e qualidade no processo de embalagem.\",\"breadcrumb\":{\"@id\":\"https:\/\/bbacomex.com.br\/produto\/tunel-de-encolhimento-premium\/#breadcrumb\"},\"inLanguage\":\"es\",\"potentialAction\":[{\"@type\":\"ReadAction\",\"target\":[\"https:\/\/bbacomex.com.br\/produto\/tunel-de-encolhimento-premium\/\"]}]},{\"@type\":\"ImageObject\",\"inLanguage\":\"es\",\"@id\":\"https:\/\/bbacomex.com.br\/produto\/tunel-de-encolhimento-premium\/#primaryimage\",\"url\":\"https:\/\/bbacomex.com.br\/wp-content\/uploads\/2024\/10\/MAQUINARIO-RIO-DE-JANEIRO-7-scaled.jpg\",\"contentUrl\":\"https:\/\/bbacomex.com.br\/wp-content\/uploads\/2024\/10\/MAQUINARIO-RIO-DE-JANEIRO-7-scaled.jpg\",\"width\":2560,\"height\":1707},{\"@type\":\"BreadcrumbList\",\"@id\":\"https:\/\/bbacomex.com.br\/produto\/tunel-de-encolhimento-premium\/#breadcrumb\",\"itemListElement\":[{\"@type\":\"ListItem\",\"position\":1,\"name\":\"In\u00edcio\",\"item\":\"https:\/\/bbacomex.com.br\/\"},{\"@type\":\"ListItem\",\"position\":2,\"name\":\"Produtos\",\"item\":\"https:\/\/bbacomex.com.br\/loja\/\"},{\"@type\":\"ListItem\",\"position\":3,\"name\":\"T\u00fanel de Encolhimento Premium\"}]},{\"@type\":\"WebSite\",\"@id\":\"https:\/\/bbacomex.com.br\/#website\",\"url\":\"https:\/\/bbacomex.com.br\/\",\"name\":\"BBA Comex\",\"description\":\"\",\"publisher\":{\"@id\":\"https:\/\/bbacomex.com.br\/#organization\"},\"potentialAction\":[{\"@type\":\"SearchAction\",\"target\":{\"@type\":\"EntryPoint\",\"urlTemplate\":\"https:\/\/bbacomex.com.br\/?s={search_term_string}\"},\"query-input\":{\"@type\":\"PropertyValueSpecification\",\"valueRequired\":true,\"valueName\":\"search_term_string\"}}],\"inLanguage\":\"es\"},{\"@type\":\"Organization\",\"@id\":\"https:\/\/bbacomex.com.br\/#organization\",\"name\":\"BBA Comex\",\"url\":\"https:\/\/bbacomex.com.br\/\",\"logo\":{\"@type\":\"ImageObject\",\"inLanguage\":\"es\",\"@id\":\"https:\/\/bbacomex.com.br\/#\/schema\/logo\/image\/\",\"url\":\"https:\/\/bbacomex.com.br\/wp-content\/uploads\/2024\/03\/Logo_Rodape.png\",\"contentUrl\":\"https:\/\/bbacomex.com.br\/wp-content\/uploads\/2024\/03\/Logo_Rodape.png\",\"width\":350,\"height\":160,\"caption\":\"BBA Comex\"},\"image\":{\"@id\":\"https:\/\/bbacomex.com.br\/#\/schema\/logo\/image\/\"},\"sameAs\":[\"https:\/\/www.facebook.com\/bbacomexoficial\",\"https:\/\/www.instagram.com\/bbacomex\/\",\"https:\/\/www.linkedin.com\/company\/bba-comex\/\"]}]}<\/script>\n<meta property=\"product:price:currency\" content=\"BRL\" \/>\n<meta property=\"og:availability\" content=\"instock\" \/>\n<meta property=\"product:availability\" content=\"instock\" \/>\n<meta property=\"product:condition\" content=\"new\" \/>\n<!-- \/ Yoast SEO Premium plugin. -->","yoast_head_json":{"title":"T\u00fanel de Encolhimento Premium","description":"O T\u00fanel de Encolhimento Premium \u00e9 um equipamento avan\u00e7ado projetado para atender \u00e0s demandas de efici\u00eancia e qualidade no processo de embalagem.","robots":{"index":"index","follow":"follow","max-snippet":"max-snippet:-1","max-image-preview":"max-image-preview:large","max-video-preview":"max-video-preview:-1"},"canonical":"https:\/\/bbacomex.com.br\/es\/producto\/tunel-de-encolhimento-premium\/","og_locale":"es_ES","og_type":"article","og_title":"T\u00fanel de Encolhimento Premium","og_description":"O T\u00fanel de Encolhimento Premium \u00e9 um equipamento avan\u00e7ado projetado para atender \u00e0s demandas de efici\u00eancia e qualidade no processo de embalagem.","og_url":"https:\/\/bbacomex.com.br\/es\/producto\/tunel-de-encolhimento-premium\/","og_site_name":"BBA Comex","article_publisher":"https:\/\/www.facebook.com\/bbacomexoficial","article_modified_time":"2025-07-26T00:07:05+00:00","og_image":[{"width":2560,"height":1707,"url":"https:\/\/bbacomex.com.br\/wp-content\/uploads\/2024\/10\/MAQUINARIO-RIO-DE-JANEIRO-7-scaled.jpg","type":"image\/jpeg"}],"twitter_card":"summary_large_image","twitter_misc":{"Precio":"","Disponibilidad":"Disponible"},"schema":{"@context":"https:\/\/schema.org","@graph":[{"@type":"WebPage","@id":"https:\/\/bbacomex.com.br\/produto\/tunel-de-encolhimento-premium\/","url":"https:\/\/bbacomex.com.br\/produto\/tunel-de-encolhimento-premium\/","name":"T\u00fanel de Encolhimento Premium","isPartOf":{"@id":"https:\/\/bbacomex.com.br\/#website"},"primaryImageOfPage":{"@id":"https:\/\/bbacomex.com.br\/produto\/tunel-de-encolhimento-premium\/#primaryimage"},"image":{"@id":"https:\/\/bbacomex.com.br\/produto\/tunel-de-encolhimento-premium\/#primaryimage"},"thumbnailUrl":"https:\/\/bbacomex.com.br\/wp-content\/uploads\/2024\/10\/MAQUINARIO-RIO-DE-JANEIRO-7-scaled.jpg","datePublished":"2024-10-18T15:31:24+00:00","dateModified":"2025-07-26T00:07:05+00:00","description":"O T\u00fanel de Encolhimento Premium \u00e9 um equipamento avan\u00e7ado projetado para atender \u00e0s demandas de efici\u00eancia e qualidade no processo de embalagem.","breadcrumb":{"@id":"https:\/\/bbacomex.com.br\/produto\/tunel-de-encolhimento-premium\/#breadcrumb"},"inLanguage":"es","potentialAction":[{"@type":"ReadAction","target":["https:\/\/bbacomex.com.br\/produto\/tunel-de-encolhimento-premium\/"]}]},{"@type":"ImageObject","inLanguage":"es","@id":"https:\/\/bbacomex.com.br\/produto\/tunel-de-encolhimento-premium\/#primaryimage","url":"https:\/\/bbacomex.com.br\/wp-content\/uploads\/2024\/10\/MAQUINARIO-RIO-DE-JANEIRO-7-scaled.jpg","contentUrl":"https:\/\/bbacomex.com.br\/wp-content\/uploads\/2024\/10\/MAQUINARIO-RIO-DE-JANEIRO-7-scaled.jpg","width":2560,"height":1707},{"@type":"BreadcrumbList","@id":"https:\/\/bbacomex.com.br\/produto\/tunel-de-encolhimento-premium\/#breadcrumb","itemListElement":[{"@type":"ListItem","position":1,"name":"In\u00edcio","item":"https:\/\/bbacomex.com.br\/"},{"@type":"ListItem","position":2,"name":"Produtos","item":"https:\/\/bbacomex.com.br\/loja\/"},{"@type":"ListItem","position":3,"name":"T\u00fanel de Encolhimento Premium"}]},{"@type":"WebSite","@id":"https:\/\/bbacomex.com.br\/#website","url":"https:\/\/bbacomex.com.br\/","name":"BBA Comex","description":"","publisher":{"@id":"https:\/\/bbacomex.com.br\/#organization"},"potentialAction":[{"@type":"SearchAction","target":{"@type":"EntryPoint","urlTemplate":"https:\/\/bbacomex.com.br\/?s={search_term_string}"},"query-input":{"@type":"PropertyValueSpecification","valueRequired":true,"valueName":"search_term_string"}}],"inLanguage":"es"},{"@type":"Organization","@id":"https:\/\/bbacomex.com.br\/#organization","name":"BBA Comex","url":"https:\/\/bbacomex.com.br\/","logo":{"@type":"ImageObject","inLanguage":"es","@id":"https:\/\/bbacomex.com.br\/#\/schema\/logo\/image\/","url":"https:\/\/bbacomex.com.br\/wp-content\/uploads\/2024\/03\/Logo_Rodape.png","contentUrl":"https:\/\/bbacomex.com.br\/wp-content\/uploads\/2024\/03\/Logo_Rodape.png","width":350,"height":160,"caption":"BBA Comex"},"image":{"@id":"https:\/\/bbacomex.com.br\/#\/schema\/logo\/image\/"},"sameAs":["https:\/\/www.facebook.com\/bbacomexoficial","https:\/\/www.instagram.com\/bbacomex\/","https:\/\/www.linkedin.com\/company\/bba-comex\/"]}]},"product_price_currency":"BRL","og_availability":"instock","product_availability":"instock","product_condition":"new"},"_links":{"self":[{"href":"https:\/\/bbacomex.com.br\/es\/wp-json\/wp\/v2\/product\/3616","targetHints":{"allow":["GET"]}}],"collection":[{"href":"https:\/\/bbacomex.com.br\/es\/wp-json\/wp\/v2\/product"}],"about":[{"href":"https:\/\/bbacomex.com.br\/es\/wp-json\/wp\/v2\/types\/product"}],"wp:featuredmedia":[{"embeddable":true,"href":"https:\/\/bbacomex.com.br\/es\/wp-json\/wp\/v2\/media\/3619"}],"wp:attachment":[{"href":"https:\/\/bbacomex.com.br\/es\/wp-json\/wp\/v2\/media?parent=3616"}],"wp:term":[{"taxonomy":"product_brand","embeddable":true,"href":"https:\/\/bbacomex.com.br\/es\/wp-json\/wp\/v2\/product_brand?post=3616"},{"taxonomy":"product_cat","embeddable":true,"href":"https:\/\/bbacomex.com.br\/es\/wp-json\/wp\/v2\/product_cat?post=3616"},{"taxonomy":"product_tag","embeddable":true,"href":"https:\/\/bbacomex.com.br\/es\/wp-json\/wp\/v2\/product_tag?post=3616"}],"curies":[{"name":"wp","href":"https:\/\/api.w.org\/{rel}","templated":true}]}}